{"id":6204,"date":"2025-09-19T09:07:08","date_gmt":"2025-09-19T09:07:08","guid":{"rendered":"https:\/\/wp-test-1.sweethome3d.eu\/darowizny\/"},"modified":"2025-11-11T14:40:08","modified_gmt":"2025-11-11T14:40:08","slug":"darowizny","status":"publish","type":"page","link":"https:\/\/wp-test-1.sweethome3d.eu\/pl\/darowizny\/","title":{"rendered":"Darowizny"},"content":{"rendered":"\n<p class=\"has-text-align-center\"><a href=\"\/\" data-action=\"wce_test\">Sweet Home 3D<\/a> pom\u00f3g\u0142 Ci w realizacji Twojego projektu?<br\/>Podoba Ci si\u0119 wsparcie oferowane przez t\u0119 stron\u0119?<br\/>Doceniasz brak reklam na tej stronie?<\/p>\n\n<p class=\"has-text-align-center\">W takim razie&#8230; nie wahaj si\u0119 d\u0142u\u017cej! Pom\u00f3\u017c <a href=\"https:\/\/wp-test-1.sweethome3d.eu\/pl\/pobierz\/\" data-type=\"page\" data-id=\"396\" data-action=\"wce_test\">Sweet Home 3D<\/a> i przeka\u017c darowizn\u0119 na ten projekt.<br\/>B\u0119dziemy bardzo wdzi\u0119czni. <\/p>\n\n<p class=\"has-text-align-center\">Wystarczy, \u017ce wpiszesz kwot\u0119 darowizny poni\u017cej<br\/>i klikniesz przycisk <em>Przeka\u017c darowizn\u0119<\/em> PayPal.<\/p>\n\n\n\t<div id=\"donate-button-container\" style=\"text-align:center; margin:2rem 0;\">\n\t\t<div id=\"donate-button\"><\/div>\n\t\t<script src=\"https:\/\/www.paypalobjects.com\/donate\/sdk\/donate-sdk.js\" charset=\"UTF-8\"><\/script>\n\t\t<script>\n\t\t\tPayPal.Donation.Button({\n\t\t\t\tenv: 'production',\n\t\t\t\thosted_button_id: 'Q2F4V9B6WMY7N',\n\t\t\t\timage: {\n\t\t\t\t\tsrc: 'https:\/\/wp-test-1.sweethome3d.eu\/wp-content\/themes\/sh3d\/assets\/img\/paypal\/btn_donateCC_LG_en_US.gif',\n\t\t\t\t\talt: 'Donate with PayPal button',\n\t\t\t\t\ttitle: 'PayPal - The safer, easier way to pay online!'\n\t\t\t\t}\n\t\t\t}).render('#donate-button');\n\t\t<\/script>\n\t<\/div>\n\n\t\n","protected":false},"excerpt":{"rendered":"<p>Sweet Home 3D pom\u00f3g\u0142 Ci w realizacji Twojego projektu?Podoba Ci si\u0119 wsparcie oferowane przez t\u0119 stron\u0119?Doceniasz brak reklam na tej stronie? W takim razie&#8230; nie wahaj si\u0119 d\u0142u\u017cej! Pom\u00f3\u017c Sweet Home 3D i przeka\u017c darowizn\u0119 na ten projekt.B\u0119dziemy bardzo wdzi\u0119czni. Wystarczy, \u017ce wpiszesz kwot\u0119 darowizny poni\u017ceji klikniesz przycisk Przeka\u017c darowizn\u0119 PayPal.<\/p>\n","protected":false},"author":2,"featured_media":0,"parent":0,"menu_order":0,"comment_status":"closed","ping_status":"closed","template":"","meta":{"inline_featured_image":false,"footnotes":""},"class_list":["post-6204","page","type-page","status-publish","hentry"],"_links":{"self":[{"href":"https:\/\/wp-test-1.sweethome3d.eu\/pl\/wp-json\/wp\/v2\/pages\/6204","targetHints":{"allow":["GET"]}}],"collection":[{"href":"https:\/\/wp-test-1.sweethome3d.eu\/pl\/wp-json\/wp\/v2\/pages"}],"about":[{"href":"https:\/\/wp-test-1.sweethome3d.eu\/pl\/wp-json\/wp\/v2\/types\/page"}],"author":[{"embeddable":true,"href":"https:\/\/wp-test-1.sweethome3d.eu\/pl\/wp-json\/wp\/v2\/users\/2"}],"replies":[{"embeddable":true,"href":"https:\/\/wp-test-1.sweethome3d.eu\/pl\/wp-json\/wp\/v2\/comments?post=6204"}],"version-history":[{"count":2,"href":"https:\/\/wp-test-1.sweethome3d.eu\/pl\/wp-json\/wp\/v2\/pages\/6204\/revisions"}],"predecessor-version":[{"id":6334,"href":"https:\/\/wp-test-1.sweethome3d.eu\/pl\/wp-json\/wp\/v2\/pages\/6204\/revisions\/6334"}],"wp:attachment":[{"href":"https:\/\/wp-test-1.sweethome3d.eu\/pl\/wp-json\/wp\/v2\/media?parent=6204"}],"curies":[{"name":"wp","href":"https:\/\/api.w.org\/{rel}","templated":true}]}}