{"id":6463,"date":"2025-09-18T11:00:31","date_gmt":"2025-09-18T11:00:31","guid":{"rendered":"https:\/\/wp-test-1.sweethome3d.eu\/sweet-home-3d-online-manager\/"},"modified":"2025-11-07T13:09:16","modified_gmt":"2025-11-07T13:09:16","slug":"sweet-home-3d-online-manager","status":"publish","type":"page","link":"https:\/\/wp-test-1.sweethome3d.eu\/pl\/sweet-home-3d-online-manager\/","title":{"rendered":"Sweet Home 3D Online Manager"},"content":{"rendered":"<h2 class=\"wp-block-heading has-text-align-center\" id=\"zaprojektuj-swoj-dom-bezposrednio-w-przegladarce\">Zaprojektuj sw\u00f3j dom bezpo\u015brednio w przegl\u0105darce<\/h2><h3 class=\"wp-block-heading has-text-align-center\" id=\"wyprobuj-sweet-home-3d-js-online-jako-wersje-demo\">Wypr\u00f3buj Sweet Home 3D JS Online jako wersj\u0119 demo<\/h3><div class=\"wp-block-image\">\n<figure class=\"aligncenter size-full\"><img loading=\"lazy\" decoding=\"async\" width=\"128\" height=\"74\" src=\"https:\/\/wp-test-1.sweethome3d.eu\/wp-content\/uploads\/2025\/09\/smartphoneTabletComputer.png\" alt=\"\" class=\"wp-image-496\"\/><\/figure>\n<\/div>\n<p class=\"has-text-align-center\"><strong>Sweet Home 3D Online Manager<\/strong> to pot\u0119\u017cna <strong>us\u0142uga do projektowania wn\u0119trz<\/strong>, kt\u00f3ra pozwala projektowa\u0107 <strong>plan domu<\/strong> online bezpo\u015brednio z przegl\u0105darki, bez konieczno\u015bci instalacji. Wersja online daje mo\u017cliwo\u015b\u0107 przetestowania Sweet Home 3D przed pobraniem. <\/p>\n\n<p class=\"has-text-align-center\"><a href=\"https:\/\/www.sweethome3d.com\/SweetHome3DJSOnline.jsp\" data-type=\"link\" data-id=\"https:\/\/www.sweethome3d.com\/SweetHome3DJSOnline.jsp\" data-action=\"wce_online_testonline_hyperlink\" target=\"_blank\" rel=\"noopener\">Przetestuj Sweet Home 3D JS Online w wersji demonstracyjnej<\/a><\/p>\n\n<p class=\"has-text-align-center\">Je\u015bli korzystasz z wersji Sweet Home 3D dost\u0119pnej do <a href=\"https:\/\/wp-test-1.sweethome3d.eu\/pl\/pobierz\/\" data-type=\"page\" data-id=\"396\">pobrania<\/a>, mo\u017cesz r\u00f3wnie\u017c <a href=\"https:\/\/wp-test-1.sweethome3d.eu\/pl\/przewodnik-uzytkownika-sweet-home-3d\/#importing-home-blueprint\" data-type=\"link\" data-id=\"https:\/\/wp-test-1.sweethome3d.eu\/users-guide\/#importing-home-blueprint\">zaimportowa\u0107<\/a> zaprojektowany plik domu, <a href=\"https:\/\/wp-test-1.sweethome3d.eu\/pl\/przewodnik-uzytkownika-sweet-home-3d\/#editing-3d-view\" data-type=\"link\" data-id=\"https:\/\/wp-test-1.sweethome3d.eu\/users-guide\/#editing-3d-view\">wy\u015bwietli\u0107 go w 2D \/ 3D<\/a>, zmodyfikowa\u0107 i <a href=\"https:\/\/wp-test-1.sweethome3d.eu\/pl\/przewodnik-uzytkownika-sweet-home-3d\/#export-to-obj-format\" data-type=\"link\" data-id=\"https:\/\/wp-test-1.sweethome3d.eu\/users-guide\/#export-to-obj-format\">wyeksportowa\u0107<\/a> za pomoc\u0105 tego narz\u0119dzia \u2014 czyni\u0105c go wygodnym <strong>generatorem plan\u00f3w pi\u0119ter<\/strong> i <strong>oprogramowaniem do rysowania wn\u0119trz<\/strong>.<\/p>\n\n<p class=\"has-text-align-center\"><a href=\"#download\" data-type=\"internal\" data-id=\"#download\">Pobierz pe\u0142n\u0105 wersj\u0119<\/a>, aby uzyska\u0107 dost\u0119p do ponad 10 000 <a href=\"https:\/\/wp-test-1.sweethome3d.eu\/pl\/importowanie-modeli-w-sweet-home-3d-dodawanie-niestandardowych-mebli-i-obiektow-3d\/\" data-type=\"page\" data-id=\"432\">modeli 3D<\/a>, 400 <a href=\"https:\/\/wp-test-1.sweethome3d.eu\/pl\/importowanie-tekstur\/\" data-type=\"page\" data-id=\"4928\">tekstur<\/a> i mo\u017cliwo\u015b\u0107 dodawania unikalnych funkcji dla prawdziwie spersonalizowanego <a href=\"https:\/\/wp-test-1.sweethome3d.eu\/pl\/przewodnik-uzytkownika-sweet-home-3d\/#starting-a-new-home\" data-type=\"link\" data-id=\"https:\/\/wp-test-1.sweethome3d.eu\/users-guide\/#starting-a-new-home\">do\u015bwiadczenia projektowego.<\/a><\/p>\n\n<div class=\"wp-block-buttons is-content-justification-center is-layout-flex wp-container-core-buttons-is-layout-16018d1d wp-block-buttons-is-layout-flex\">\n<div class=\"wp-block-button\" data-page=\"online\" data-append-os=\"true\"><a class=\"wp-block-button__link wp-element-button\" href=\"#download\"><img loading=\"lazy\" decoding=\"async\" width=\"21\" height=\"21\" class=\"wp-image-390\" style=\"width: 21px;\" src=\"http:\/\/wp-test-1.sweethome3d.eu\/wp-content\/uploads\/2025\/09\/download-bottom.svg\" alt=\"\"\/> Pobierz Sweet Home 3D<\/a><\/div>\n<\/div>\n<h3 class=\"wp-block-heading has-text-align-center\" id=\"jak-korzystac-z-sweet-home-3d-js-online\">Jak korzysta\u0107 z Sweet Home 3D JS Online<\/h3>\n<p class=\"has-text-align-center\"><strong>Sweet Home 3D Online Manager<\/strong> to us\u0142uga, kt\u00f3ra pozwala projektowa\u0107 <strong>uk\u0142ady dom\u00f3w<\/strong> online w dowolnej przegl\u0105darce kompatybilnej z <a href=\"https:\/\/caniuse.com\/webgl\" target=\"_blank\" rel=\"noopener\">WebGL<\/a>.<\/p>\n\n<p class=\"has-text-align-center\">Mo\u017cesz przetestowa\u0107 t\u0119 us\u0142ug\u0119, klikaj\u0105c poni\u017cszy link, ale je\u015bli chcesz mie\u0107 mo\u017cliwo\u015b\u0107 <strong>zapisania<\/strong> swojego projektu, najpierw <a href=\"https:\/\/www.sweethome3d.com\/support\/forum\/registermember\" target=\"_blank\" rel=\"noopener\">zarejestruj si\u0119<\/a> za darmo, a nast\u0119pnie <a href=\"https:\/\/www.sweethome3d.com\/support\/forum\/login?url=https%3A%2F%2Fwww.sweethome3d.com%2FSweetHome3DOnlineManager.jsp&amp;forumLogin=false&amp;lang=en\" target=\"_blank\" rel=\"noopener\">zaloguj si\u0119<\/a>.<\/p>\n<div class=\"wp-block-image\">\n<figure class=\"aligncenter size-large is-resized\" data-action=\"wce_online_picture\"><img loading=\"lazy\" decoding=\"async\" width=\"1024\" height=\"768\" src=\"https:\/\/wp-test-1.sweethome3d.eu\/wp-content\/uploads\/2025\/09\/SweetHome3DJSOnlineWindows-1024x768.jpg\" alt=\"Mened&#x17C;er Sweet Home 3D Online\" class=\"wp-image-498\" style=\"width:600px\" srcset=\"https:\/\/wp-test-1.sweethome3d.eu\/wp-content\/uploads\/2025\/09\/SweetHome3DJSOnlineWindows-1024x768.jpg 1024w, https:\/\/wp-test-1.sweethome3d.eu\/wp-content\/uploads\/2025\/09\/SweetHome3DJSOnlineWindows-173x130.jpg 173w, https:\/\/wp-test-1.sweethome3d.eu\/wp-content\/uploads\/2025\/09\/SweetHome3DJSOnlineWindows-360x270.jpg 360w, https:\/\/wp-test-1.sweethome3d.eu\/wp-content\/uploads\/2025\/09\/SweetHome3DJSOnlineWindows-768x576.jpg 768w, https:\/\/wp-test-1.sweethome3d.eu\/wp-content\/uploads\/2025\/09\/SweetHome3DJSOnlineWindows-400x300.jpg 400w, https:\/\/wp-test-1.sweethome3d.eu\/wp-content\/uploads\/2025\/09\/SweetHome3DJSOnlineWindows-120x90.jpg 120w, https:\/\/wp-test-1.sweethome3d.eu\/wp-content\/uploads\/2025\/09\/SweetHome3DJSOnlineWindows.jpg 1200w\" sizes=\"auto, (max-width: 1024px) 100vw, 1024px\" \/><\/figure>\n<\/div>","protected":false},"excerpt":{"rendered":"<p>Zaprojektuj sw\u00f3j dom bezpo\u015brednio w przegl\u0105darce Wypr\u00f3buj Sweet Home 3D JS Online jako wersj\u0119 demo Sweet Home 3D Online Manager to pot\u0119\u017cna us\u0142uga do projektowania wn\u0119trz, kt\u00f3ra pozwala projektowa\u0107 plan domu online bezpo\u015brednio z przegl\u0105darki, bez konieczno\u015bci instalacji. Wersja online daje mo\u017cliwo\u015b\u0107 przetestowania Sweet Home 3D przed pobraniem. Przetestuj Sweet Home 3D JS Online w [&hellip;]<\/p>\n","protected":false},"author":2,"featured_media":6462,"parent":0,"menu_order":0,"comment_status":"closed","ping_status":"closed","template":"","meta":{"inline_featured_image":false,"footnotes":""},"class_list":["post-6463","page","type-page","status-publish","has-post-thumbnail","hentry"],"_links":{"self":[{"href":"https:\/\/wp-test-1.sweethome3d.eu\/pl\/wp-json\/wp\/v2\/pages\/6463","targetHints":{"allow":["GET"]}}],"collection":[{"href":"https:\/\/wp-test-1.sweethome3d.eu\/pl\/wp-json\/wp\/v2\/pages"}],"about":[{"href":"https:\/\/wp-test-1.sweethome3d.eu\/pl\/wp-json\/wp\/v2\/types\/page"}],"author":[{"embeddable":true,"href":"https:\/\/wp-test-1.sweethome3d.eu\/pl\/wp-json\/wp\/v2\/users\/2"}],"replies":[{"embeddable":true,"href":"https:\/\/wp-test-1.sweethome3d.eu\/pl\/wp-json\/wp\/v2\/comments?post=6463"}],"version-history":[{"count":7,"href":"https:\/\/wp-test-1.sweethome3d.eu\/pl\/wp-json\/wp\/v2\/pages\/6463\/revisions"}],"predecessor-version":[{"id":12661,"href":"https:\/\/wp-test-1.sweethome3d.eu\/pl\/wp-json\/wp\/v2\/pages\/6463\/revisions\/12661"}],"wp:featuredmedia":[{"embeddable":true,"href":"https:\/\/wp-test-1.sweethome3d.eu\/pl\/wp-json\/wp\/v2\/media\/6462"}],"wp:attachment":[{"href":"https:\/\/wp-test-1.sweethome3d.eu\/pl\/wp-json\/wp\/v2\/media?parent=6463"}],"curies":[{"name":"wp","href":"https:\/\/api.w.org\/{rel}","templated":true}]}}