{"id":8760,"date":"2025-09-18T11:52:42","date_gmt":"2025-09-18T11:52:42","guid":{"rendered":"https:\/\/wp-test-1.sweethome3d.eu\/funkcje-sweet-home-3d\/"},"modified":"2025-11-03T17:12:15","modified_gmt":"2025-11-03T17:12:15","slug":"funkcje-sweet-home-3d","status":"publish","type":"page","link":"https:\/\/wp-test-1.sweethome3d.eu\/pl\/funkcje-sweet-home-3d\/","title":{"rendered":"Funkcje Sweet Home 3D"},"content":{"rendered":"<h2 class=\"wp-block-heading has-text-align-center\" id=\"poznaj-glowne-funkcje-oferowane-przez-sweet-home-3d\">Poznaj g\u0142\u00f3wne funkcje oferowane przez Sweet Home 3D<\/h2>\n<p class=\"has-text-align-center\">Poznaj g\u0142\u00f3wne funkcje oferowane przez <strong><a href=\"https:\/\/wp-test-1.sweethome3d.eu\/pl\/pobierz\/\" data-type=\"page\" data-id=\"396\">Sweet Home 3D<\/a><\/strong>,<br \/>darmow\u0105 aplikacj\u0119 do projektowania wn\u0119trz dost\u0119pn\u0105 na <a href=\"https:\/\/www.sweethome3d.com\/\" target=\"_blank\" rel=\"noopener\">https:\/\/www.sweethome3d.com<\/a>.<\/p>\n\n<p class=\"has-text-align-center\">Sweet Home 3D to pot\u0119\u017cne i przyjazne dla u\u017cytkownika oprogramowanie do projektowania wn\u0119trz, kt\u00f3re pomaga w \u0142atwy spos\u00f3b tworzy\u0107 szczeg\u00f3\u0142owe plany mieszka\u0144 i stylowe aran\u017cacje wn\u0119trz. Niezale\u017cnie od tego, czy jeste\u015b profesjonalnym projektantem wn\u0119trz, czy po prostu chcesz wypr\u00f3bowa\u0107 r\u00f3\u017cne pomys\u0142y na urz\u0105dzenie pomieszcze\u0144, to narz\u0119dzie ma wszystkie funkcje potrzebne do efektywnego projektowania uk\u0142ad\u00f3w mieszka\u0144. <\/p>\n<div class=\"wp-block-image\">\n<figure class=\"aligncenter size-full\"><img loading=\"lazy\" decoding=\"async\" width=\"393\" height=\"266\" src=\"https:\/\/wp-test-1.sweethome3d.eu\/wp-content\/uploads\/2025\/09\/SweetHome3DSmall.jpg\" alt=\"Funkcje Sweet Home 3D\" class=\"wp-image-501\" srcset=\"https:\/\/wp-test-1.sweethome3d.eu\/wp-content\/uploads\/2025\/09\/SweetHome3DSmall.jpg 393w, https:\/\/wp-test-1.sweethome3d.eu\/wp-content\/uploads\/2025\/09\/SweetHome3DSmall-192x130.jpg 192w, https:\/\/wp-test-1.sweethome3d.eu\/wp-content\/uploads\/2025\/09\/SweetHome3DSmall-360x244.jpg 360w, https:\/\/wp-test-1.sweethome3d.eu\/wp-content\/uploads\/2025\/09\/SweetHome3DSmall-133x90.jpg 133w\" sizes=\"auto, (max-width: 393px) 100vw, 393px\" \/><\/figure>\n<\/div>\n<div style=\"height:50px\" aria-hidden=\"true\" class=\"wp-block-spacer\"><\/div>\n<h3 class=\"wp-block-heading has-text-align-center\" id=\"rysuj-sciany-i-tworz-dokladne-plany-pomieszczen\">Rysuj \u015bciany i tw\u00f3rz dok\u0142adne plany pomieszcze\u0144<\/h3>\n<hr class=\"wp-block-separator has-alpha-channel-opacity is-style-default\" \/>\n\n<div class=\"wp-block-group is-nowrap is-layout-flex wp-container-core-group-is-layout-ad2f72ca wp-block-group-is-layout-flex\">\n<div class=\"wp-block-group is-nowrap is-layout-flex wp-container-core-group-is-layout-ad2f72ca wp-block-group-is-layout-flex\">\n<p><strong>Rysuj <\/strong>proste, zaokr\u0105glone lub pochy\u0142e <strong><a href=\"https:\/\/wp-test-1.sweethome3d.eu\/pl\/przewodnik-uzytkownika-sweet-home-3d\/#drawing-walls\" data-type=\"link\" data-id=\"https:\/\/wp-test-1.sweethome3d.eu\/users-guide\/#drawing-walls\">\u015bciany<\/a><\/strong> z precyzyjnymi wymiarami za pomoc\u0105 myszy lub klawiatury.<\/p>\n<\/div>\n\n\n\n<figure class=\"wp-block-image size-full is-resized\"><img loading=\"lazy\" decoding=\"async\" width=\"275\" height=\"100\" src=\"https:\/\/wp-test-1.sweethome3d.eu\/wp-content\/uploads\/2025\/09\/drawWalls.png\" alt=\"\" class=\"wp-image-504\" style=\"width:275px\" srcset=\"https:\/\/wp-test-1.sweethome3d.eu\/wp-content\/uploads\/2025\/09\/drawWalls.png 275w, https:\/\/wp-test-1.sweethome3d.eu\/wp-content\/uploads\/2025\/09\/drawWalls-248x90.png 248w\" sizes=\"auto, (max-width: 275px) 100vw, 275px\" \/><\/figure>\n<\/div>\n\n<hr class=\"wp-block-separator has-alpha-channel-opacity\" \/>\n\n<div class=\"wp-block-group is-nowrap is-layout-flex wp-container-core-group-is-layout-ad2f72ca wp-block-group-is-layout-flex\">\n<figure class=\"wp-block-image size-full is-resized\"><img loading=\"lazy\" decoding=\"async\" width=\"275\" height=\"100\" src=\"https:\/\/wp-test-1.sweethome3d.eu\/wp-content\/uploads\/2025\/09\/annotate.png\" alt=\"\" class=\"wp-image-505\" style=\"width:275px\" srcset=\"https:\/\/wp-test-1.sweethome3d.eu\/wp-content\/uploads\/2025\/09\/annotate.png 275w, https:\/\/wp-test-1.sweethome3d.eu\/wp-content\/uploads\/2025\/09\/annotate-248x90.png 248w\" sizes=\"auto, (max-width: 275px) 100vw, 275px\" \/><\/figure>\n\n\n\n<p><strong>Oznaczaj na planie <\/strong><a href=\"https:\/\/wp-test-1.sweethome3d.eu\/pl\/przewodnik-uzytkownika-sweet-home-3d\/#drawing-rooms\" data-type=\"link\" data-id=\"https:\/\/wp-test-1.sweethome3d.eu\/users-guide\/#drawing-rooms\">powierzchnie pomieszcze\u0144<\/a>, <a href=\"https:\/\/wp-test-1.sweethome3d.eu\/pl\/przewodnik-uzytkownika-sweet-home-3d\/#drawing-dimensions\">linie wymiarowe<\/a>, <a href=\"https:\/\/wp-test-1.sweethome3d.eu\/pl\/przewodnik-uzytkownika-sweet-home-3d\/#adding-texts\" data-type=\"link\" data-id=\"https:\/\/wp-test-1.sweethome3d.eu\/users-guide\/#adding-texts\">teksty<\/a>, strza\u0142ki i pokazuj kierunek p\u00f3\u0142nocny za pomoc\u0105 r\u00f3\u017cy wiatr\u00f3w.<\/p>\n<\/div>\n<h3 class=\"wp-block-heading has-text-align-center\" id=\"wstawiaj-drzwi-okna-meble-i-dostosowuj-kazde-pomieszczenie\">Wstawiaj drzwi, okna, meble i dostosowuj ka\u017cde pomieszczenie<\/h3>\n<hr class=\"wp-block-separator has-alpha-channel-opacity\" \/>\n\n<div class=\"wp-block-group is-nowrap is-layout-flex wp-container-core-group-is-layout-ad2f72ca wp-block-group-is-layout-flex\">\n<p><strong>Wstawiaj <a href=\"https:\/\/wp-test-1.sweethome3d.eu\/pl\/przewodnik-uzytkownika-sweet-home-3d\/#adding-doors-windows-and-furniture\">drzwi i okna<\/a><\/strong> w \u015bciany przeci\u0105gaj\u0105c je na plan, a <a href=\"https:\/\/wp-test-1.sweethome3d.eu\/pl\/pobierz\/\" data-type=\"page\" data-id=\"396\">Sweet Home 3D<\/a> automatycznie obliczy otwory w \u015bcianach<\/p>\n\n\n\n<figure class=\"wp-block-image size-full is-resized\"><img loading=\"lazy\" decoding=\"async\" width=\"275\" height=\"100\" src=\"https:\/\/wp-test-1.sweethome3d.eu\/wp-content\/uploads\/2025\/09\/insertDoors.png\" alt=\"\" class=\"wp-image-506\" style=\"width:275px\" srcset=\"https:\/\/wp-test-1.sweethome3d.eu\/wp-content\/uploads\/2025\/09\/insertDoors.png 275w, https:\/\/wp-test-1.sweethome3d.eu\/wp-content\/uploads\/2025\/09\/insertDoors-248x90.png 248w\" sizes=\"auto, (max-width: 275px) 100vw, 275px\" \/><\/figure>\n<\/div>\n\n<hr class=\"wp-block-separator has-alpha-channel-opacity\" \/>\n\n<div class=\"wp-block-group is-nowrap is-layout-flex wp-container-core-group-is-layout-ad2f72ca wp-block-group-is-layout-flex\">\n<figure class=\"wp-block-image size-full is-resized\"><img loading=\"lazy\" decoding=\"async\" width=\"275\" height=\"100\" src=\"https:\/\/wp-test-1.sweethome3d.eu\/wp-content\/uploads\/2025\/09\/addFurniture.png\" alt=\"\" class=\"wp-image-507\" style=\"width:275px\" srcset=\"https:\/\/wp-test-1.sweethome3d.eu\/wp-content\/uploads\/2025\/09\/addFurniture.png 275w, https:\/\/wp-test-1.sweethome3d.eu\/wp-content\/uploads\/2025\/09\/addFurniture-248x90.png 248w\" sizes=\"auto, (max-width: 275px) 100vw, 275px\" \/><\/figure>\n\n\n\n<p><strong><a href=\"https:\/\/wp-test-1.sweethome3d.eu\/pl\/przewodnik-uzytkownika-sweet-home-3d\/#adding-doors-windows-and-furniture\">Dodawaj meble<\/a><\/strong> do planu z przeszukiwalnego i rozszerzalnego katalogu podzielonego na kategorie takie jak kuchnia, salon, sypialnia, \u0142azienka&#8230;<\/p>\n<\/div>\n\n<hr class=\"wp-block-separator has-alpha-channel-opacity\" \/>\n\n<div class=\"wp-block-group is-nowrap is-layout-flex wp-container-core-group-is-layout-ad2f72ca wp-block-group-is-layout-flex\">\n<p><strong><a href=\"https:\/\/wp-test-1.sweethome3d.eu\/pl\/przewodnik-uzytkownika-sweet-home-3d\/#adding-doors-windows-and-furniture\">Zmieniaj kolor<\/a>, tekstur\u0119<\/strong>, rozmiar, grubo\u015b\u0107, po\u0142o\u017cenie i orientacj\u0119 mebli, \u015bcian, pod\u0142\u00f3g i sufit\u00f3w.<\/p>\n\n\n\n<figure class=\"wp-block-image size-full is-resized\"><img loading=\"lazy\" decoding=\"async\" width=\"275\" height=\"100\" src=\"https:\/\/wp-test-1.sweethome3d.eu\/wp-content\/uploads\/2025\/09\/changeTexture.png\" alt=\"\" class=\"wp-image-508\" style=\"width:275px\" srcset=\"https:\/\/wp-test-1.sweethome3d.eu\/wp-content\/uploads\/2025\/09\/changeTexture.png 275w, https:\/\/wp-test-1.sweethome3d.eu\/wp-content\/uploads\/2025\/09\/changeTexture-248x90.png 248w\" sizes=\"auto, (max-width: 275px) 100vw, 275px\" \/><\/figure>\n<\/div>\n<h3 class=\"wp-block-heading has-text-align-center\" id=\"ogladaj-projekty-w-2d-i-3d\">Ogl\u0105daj projekty w 2D i 3D<\/h3>\n<hr class=\"wp-block-separator has-alpha-channel-opacity\" \/>\n\n<div class=\"wp-block-group is-nowrap is-layout-flex wp-container-core-group-is-layout-ad2f72ca wp-block-group-is-layout-flex\">\n<figure class=\"wp-block-image size-full is-resized\"><img loading=\"lazy\" decoding=\"async\" width=\"275\" height=\"100\" src=\"https:\/\/wp-test-1.sweethome3d.eu\/wp-content\/uploads\/2025\/09\/view3D.png\" alt=\"\" class=\"wp-image-509\" style=\"width:275px\" srcset=\"https:\/\/wp-test-1.sweethome3d.eu\/wp-content\/uploads\/2025\/09\/view3D.png 275w, https:\/\/wp-test-1.sweethome3d.eu\/wp-content\/uploads\/2025\/09\/view3D-248x90.png 248w\" sizes=\"auto, (max-width: 275px) 100vw, 275px\" \/><\/figure>\n\n\n\n<p>Podczas projektowania domu w 2D, <strong>jednocze\u015bnie<\/strong> <strong><a href=\"https:\/\/wp-test-1.sweethome3d.eu\/pl\/przewodnik-uzytkownika-sweet-home-3d\/#editing-3d-view\">ogl\u0105daj go w 3D<\/a><\/strong> z lotu ptaka lub nawiguj po nim z perspektywy wirtualnego zwiedzaj\u0105cego.<\/p>\n<\/div>\n\n<hr class=\"wp-block-separator has-alpha-channel-opacity\" \/>\n\n<div class=\"wp-block-group is-nowrap is-layout-flex wp-container-core-group-is-layout-ad2f72ca wp-block-group-is-layout-flex\">\n<p><strong>Tw\u00f3rz fotorealistyczne <a href=\"https:\/\/wp-test-1.sweethome3d.eu\/pl\/przewodnik-uzytkownika-sweet-home-3d\/#creating-photos-of-the-3d-view\">obrazy<\/a><\/strong> <strong>i <a href=\"https:\/\/wp-test-1.sweethome3d.eu\/pl\/przewodnik-uzytkownika-sweet-home-3d\/#creating-3d-videos\">filmy<\/a><\/strong> z mo\u017cliwo\u015bci\u0105 dostosowania o\u015bwietlenia i kontroli efektu \u015bwiat\u0142a s\u0142onecznego w zale\u017cno\u015bci od pory dnia i po\u0142o\u017cenia geograficznego.<\/p>\n\n\n\n<figure class=\"wp-block-image size-full is-resized\"><img loading=\"lazy\" decoding=\"async\" width=\"275\" height=\"100\" src=\"https:\/\/wp-test-1.sweethome3d.eu\/wp-content\/uploads\/2025\/09\/createPhoto.jpg\" alt=\"\" class=\"wp-image-510\" style=\"width:275px\" srcset=\"https:\/\/wp-test-1.sweethome3d.eu\/wp-content\/uploads\/2025\/09\/createPhoto.jpg 275w, https:\/\/wp-test-1.sweethome3d.eu\/wp-content\/uploads\/2025\/09\/createPhoto-248x90.jpg 248w\" sizes=\"auto, (max-width: 275px) 100vw, 275px\" \/><\/figure>\n<\/div>\n<h3 class=\"wp-block-heading has-text-align-center\" id=\"import-i-eksport\">Import i eksport<\/h3>\n<hr class=\"wp-block-separator has-alpha-channel-opacity\" \/>\n\n<div class=\"wp-block-group is-nowrap is-layout-flex wp-container-core-group-is-layout-ad2f72ca wp-block-group-is-layout-flex\">\n<figure class=\"wp-block-image size-full is-resized\"><img loading=\"lazy\" decoding=\"async\" width=\"275\" height=\"100\" src=\"https:\/\/wp-test-1.sweethome3d.eu\/wp-content\/uploads\/2025\/09\/importFurniture.png\" alt=\"\" class=\"wp-image-511\" style=\"width:275px\" srcset=\"https:\/\/wp-test-1.sweethome3d.eu\/wp-content\/uploads\/2025\/09\/importFurniture.png 275w, https:\/\/wp-test-1.sweethome3d.eu\/wp-content\/uploads\/2025\/09\/importFurniture-248x90.png 248w\" sizes=\"auto, (max-width: 275px) 100vw, 275px\" \/><\/figure>\n\n\n\n<p><a href=\"https:\/\/wp-test-1.sweethome3d.eu\/pl\/przewodnik-uzytkownika-sweet-home-3d\/#importing-home-blueprint\"><strong>Importuj<\/strong> plan domu<\/a>, aby <a href=\"https:\/\/wp-test-1.sweethome3d.eu\/pl\/przewodnik-uzytkownika-sweet-home-3d\/#drawing-walls\" data-type=\"link\" data-id=\"https:\/\/wp-test-1.sweethome3d.eu\/users-guide\/#drawing-walls\">rysowa\u0107 \u015bciany<\/a> na jego podstawie, <a href=\"https:\/\/wp-test-1.sweethome3d.eu\/pl\/importowanie-modeli-w-sweet-home-3d-dodawanie-niestandardowych-mebli-i-obiektow-3d\/\" data-type=\"page\" data-id=\"432\">modele 3D<\/a> aby uzupe\u0142ni\u0107 domy\u015blny katalog i <a href=\"https:\/\/wp-test-1.sweethome3d.eu\/pl\/importowanie-tekstur\/\" data-type=\"page\" data-id=\"4928\">tekstury<\/a> do dostosowania powierzchni.<\/p>\n<\/div>\n\n<hr class=\"wp-block-separator has-alpha-channel-opacity\" \/>\n\n<div class=\"wp-block-group is-nowrap is-layout-flex wp-container-core-group-is-layout-ad2f72ca wp-block-group-is-layout-flex\">\n<p><strong>Drukuj i eksportuj<\/strong> pliki PDF, obrazy rastrowe lub wektorowe, filmy i pliki 3D w standardowych formatach.<\/p>\n\n\n\n<figure class=\"wp-block-image size-full is-resized\"><img loading=\"lazy\" decoding=\"async\" width=\"275\" height=\"71\" src=\"https:\/\/wp-test-1.sweethome3d.eu\/wp-content\/uploads\/2025\/09\/export.png\" alt=\"\" class=\"wp-image-512\" style=\"width:275px\" \/><\/figure>\n<\/div>\n<h3 class=\"wp-block-heading has-text-align-center\" id=\"inne-informacje\">Inne informacje<\/h3>\n<hr class=\"wp-block-separator has-alpha-channel-opacity\" \/>\n\n<div class=\"wp-block-group is-nowrap is-layout-flex wp-container-core-group-is-layout-ad2f72ca wp-block-group-is-layout-flex\">\n<figure class=\"wp-block-image size-full is-resized\"><img loading=\"lazy\" decoding=\"async\" width=\"275\" height=\"100\" src=\"https:\/\/wp-test-1.sweethome3d.eu\/wp-content\/uploads\/2025\/09\/extend.png\" alt=\"\" class=\"wp-image-513\" style=\"width:275px\" srcset=\"https:\/\/wp-test-1.sweethome3d.eu\/wp-content\/uploads\/2025\/09\/extend.png 275w, https:\/\/wp-test-1.sweethome3d.eu\/wp-content\/uploads\/2025\/09\/extend-248x90.png 248w\" sizes=\"auto, (max-width: 275px) 100vw, 275px\" \/><\/figure>\n\n\n\n<p><strong>Rozszerzaj funkcje<\/strong> Sweet Home 3D za pomoc\u0105 <a href=\"https:\/\/wp-test-1.sweethome3d.eu\/pl\/przewodnik-dla-tworcow-wtyczek\/\" data-type=\"page\" data-id=\"4964\">wtyczek<\/a> programowanych w Javie lub poprzez <a href=\"https:\/\/wp-test-1.sweethome3d.eu\/pl\/dokumentacja\/#developers-guides\" data-type=\"link\" data-id=\"https:\/\/wp-test-1.sweethome3d.eu\/documentation\/#developers-guides\">tworzenie<\/a> w\u0142asnej wersji opartej na architekturze Model View Controller.<\/p>\n<\/div>\n\n<hr class=\"wp-block-separator has-alpha-channel-opacity\" \/>\n\n<div class=\"wp-block-group is-nowrap is-layout-flex wp-container-core-group-is-layout-ad2f72ca wp-block-group-is-layout-flex\">\n<p><strong>Wybieraj j\u0119zyk<\/strong> wy\u015bwietlany w interfejsie u\u017cytkownika Sweet Home 3D i jego obszernej pomocy spo\u015br\u00f3d <a href=\"https:\/\/wp-test-1.sweethome3d.eu\/pl\/tlumaczenia\/\" type=\"page\" id=\"439\" class=\"broken_link\">29 j\u0119zyk\u00f3w<\/a>.<\/p>\n\n\n\n<figure class=\"wp-block-image size-full is-resized\"><img loading=\"lazy\" decoding=\"async\" width=\"275\" height=\"38\" src=\"https:\/\/wp-test-1.sweethome3d.eu\/wp-content\/uploads\/2025\/09\/chooseLanguage.png\" alt=\"\" class=\"wp-image-514\" style=\"width:275px\" \/><\/figure>\n<\/div>\n\n<hr class=\"wp-block-separator has-alpha-channel-opacity\" \/>\n\n<div class=\"wp-block-group is-nowrap is-layout-flex wp-container-core-group-is-layout-ad2f72ca wp-block-group-is-layout-flex\">\n<figure class=\"wp-block-image size-full is-resized\"><img loading=\"lazy\" decoding=\"async\" width=\"275\" height=\"100\" src=\"https:\/\/wp-test-1.sweethome3d.eu\/wp-content\/uploads\/2025\/09\/run.png\" alt=\"\" class=\"wp-image-515\" style=\"width:275px\" srcset=\"https:\/\/wp-test-1.sweethome3d.eu\/wp-content\/uploads\/2025\/09\/run.png 275w, https:\/\/wp-test-1.sweethome3d.eu\/wp-content\/uploads\/2025\/09\/run-248x90.png 248w\" sizes=\"auto, (max-width: 275px) 100vw, 275px\" \/><\/figure>\n\n\n\n<p><strong><a href=\"https:\/\/wp-test-1.sweethome3d.eu\/pl\/pobierz\/\" data-type=\"page\" data-id=\"396\">Pobierz<\/a><\/strong> Sweet Home 3D, aby<strong> uruchomi\u0107<\/strong> go offline w systemach Windows, macOS, Linux, iOS i Android, lub korzystaj z wersji <strong><a href=\"https:\/\/wp-test-1.sweethome3d.eu\/pl\/sweet-home-3d-online-manager\/\" data-type=\"page\" data-id=\"398\">Online<\/a><\/strong> w dowolnej przegl\u0105darce obs\u0142uguj\u0105cej WebGL.<\/p>\n<\/div>\n\n<hr class=\"wp-block-separator has-alpha-channel-opacity\" \/>\n\n<div class=\"wp-block-group is-nowrap is-layout-flex wp-container-core-group-is-layout-ad2f72ca wp-block-group-is-layout-flex\">\n<p><strong>Projektuj <\/strong>plany dom\u00f3w <strong>za darmo<\/strong> z Sweet Home 3D rozpowszechnianym na licencji <a href=\"https:\/\/www.gnu.org\/licenses\/gpl-2.0.txt\" data-type=\"link\" data-id=\"https:\/\/www.gnu.org\/licenses\/gpl-2.0.txt\" target=\"_blank\" rel=\"noopener\">GNU General Public License<\/a>, nawet do cel\u00f3w komercyjnych.<\/p>\n\n\n\n<figure class=\"wp-block-image size-full\"><img loading=\"lazy\" decoding=\"async\" width=\"134\" height=\"55\" src=\"https:\/\/wp-test-1.sweethome3d.eu\/wp-content\/uploads\/2025\/09\/gpl.png\" alt=\"\" class=\"wp-image-516\" style=\"object-fit:cover\" \/><\/figure>\n<\/div>\n","protected":false},"excerpt":{"rendered":"<p>Poznaj g\u0142\u00f3wne funkcje oferowane przez Sweet Home 3D Poznaj g\u0142\u00f3wne funkcje oferowane przez Sweet Home 3D,darmow\u0105 aplikacj\u0119 do projektowania wn\u0119trz dost\u0119pn\u0105 na https:\/\/www.sweethome3d.com. Sweet Home 3D to pot\u0119\u017cne i przyjazne dla u\u017cytkownika oprogramowanie do projektowania wn\u0119trz, kt\u00f3re pomaga w \u0142atwy spos\u00f3b tworzy\u0107 szczeg\u00f3\u0142owe plany mieszka\u0144 i stylowe aran\u017cacje wn\u0119trz. Niezale\u017cnie od tego, czy jeste\u015b profesjonalnym [&hellip;]<\/p>\n","protected":false},"author":2,"featured_media":8746,"parent":0,"menu_order":0,"comment_status":"closed","ping_status":"closed","template":"","meta":{"inline_featured_image":false,"footnotes":""},"class_list":["post-8760","page","type-page","status-publish","has-post-thumbnail","hentry"],"_links":{"self":[{"href":"https:\/\/wp-test-1.sweethome3d.eu\/pl\/wp-json\/wp\/v2\/pages\/8760","targetHints":{"allow":["GET"]}}],"collection":[{"href":"https:\/\/wp-test-1.sweethome3d.eu\/pl\/wp-json\/wp\/v2\/pages"}],"about":[{"href":"https:\/\/wp-test-1.sweethome3d.eu\/pl\/wp-json\/wp\/v2\/types\/page"}],"author":[{"embeddable":true,"href":"https:\/\/wp-test-1.sweethome3d.eu\/pl\/wp-json\/wp\/v2\/users\/2"}],"replies":[{"embeddable":true,"href":"https:\/\/wp-test-1.sweethome3d.eu\/pl\/wp-json\/wp\/v2\/comments?post=8760"}],"version-history":[{"count":6,"href":"https:\/\/wp-test-1.sweethome3d.eu\/pl\/wp-json\/wp\/v2\/pages\/8760\/revisions"}],"predecessor-version":[{"id":11664,"href":"https:\/\/wp-test-1.sweethome3d.eu\/pl\/wp-json\/wp\/v2\/pages\/8760\/revisions\/11664"}],"wp:featuredmedia":[{"embeddable":true,"href":"https:\/\/wp-test-1.sweethome3d.eu\/pl\/wp-json\/wp\/v2\/media\/8746"}],"wp:attachment":[{"href":"https:\/\/wp-test-1.sweethome3d.eu\/pl\/wp-json\/wp\/v2\/media?parent=8760"}],"curies":[{"name":"wp","href":"https:\/\/api.w.org\/{rel}","templated":true}]}}