{"id":9829,"date":"2025-10-01T15:08:20","date_gmt":"2025-10-01T15:08:20","guid":{"rendered":"https:\/\/wp-test-1.sweethome3d.eu\/menedzer-wyeksportowanych-domow\/"},"modified":"2025-10-30T17:44:02","modified_gmt":"2025-10-30T17:44:02","slug":"menedzer-wyeksportowanych-domow","status":"publish","type":"page","link":"https:\/\/wp-test-1.sweethome3d.eu\/pl\/menedzer-wyeksportowanych-domow\/","title":{"rendered":"Mened\u017cer wyeksportowanych dom\u00f3w"},"content":{"rendered":"\n<p class=\"has-text-align-center\">W oparciu o <a href=\"https:\/\/www.sweethome3d.com\/support\/forum\/viewthread_thread,6708\" target=\"_blank\" rel=\"noopener\">wtyczk\u0119 Export to HTML5<\/a>, ta us\u0142uga pozwala zarejestrowanym u\u017cytkownikom przesy\u0142a\u0107 swoje pliki Sweet Home 3D na ten serwer internetowy, aby przegl\u0105da\u0107 je w 3D w dowolnej przegl\u0105darce obs\u0142uguj\u0105cej WebGL, jak w <a href=\"https:\/\/www.sweethome3d.com\/viewHome.jsp?id=1\" target=\"_blank\" rel=\"noopener\">tym przyk\u0142adzie<\/a> pokazanym na zrzucie ekranu poni\u017cej, kt\u00f3ry wy\u015bwietla plik <em>SweetHome3DExample3.sh3d<\/em> dost\u0119pny w <a href=\"https:\/\/wp-test-1.sweethome3d.eu\/pl\/galeria\/\" data-type=\"page\" data-id=\"400\">galerii<\/a>.<br\/>Je\u015bli chcesz korzysta\u0107 z mened\u017cera wyeksportowanych dom\u00f3w, najpierw <a href=\"https:\/\/www.sweethome3d.com\/support\/forum\/registermember\" target=\"_blank\" rel=\"noopener\"><strong>zarejestruj si\u0119<\/strong><\/a> bezp\u0142atnie w us\u0142ugach Sweet Home 3D i <a href=\"https:\/\/www.sweethome3d.com\/support\/forum\/login?url=https%3A%2F%2Fwww.sweethome3d.com%2FexportHomes.jsp&amp;forumLogin=false&amp;lang=en\" target=\"_blank\" rel=\"noopener\"><strong>zaloguj si\u0119<\/strong><\/a>.<br\/><\/p>\n<div class=\"wp-block-image\">\n<figure class=\"aligncenter size-full\"><img loading=\"lazy\" decoding=\"async\" width=\"600\" height=\"406\" src=\"https:\/\/wp-test-1.sweethome3d.eu\/wp-content\/uploads\/2025\/10\/viewSweetHome3DExample3.jpg\" alt=\"Mened&#x17C;er wyeksportowanych dom&#xF3;w\" class=\"wp-image-4978\" srcset=\"https:\/\/wp-test-1.sweethome3d.eu\/wp-content\/uploads\/2025\/10\/viewSweetHome3DExample3.jpg 600w, https:\/\/wp-test-1.sweethome3d.eu\/wp-content\/uploads\/2025\/10\/viewSweetHome3DExample3-360x244.jpg 360w, https:\/\/wp-test-1.sweethome3d.eu\/wp-content\/uploads\/2025\/10\/viewSweetHome3DExample3-192x130.jpg 192w, https:\/\/wp-test-1.sweethome3d.eu\/wp-content\/uploads\/2025\/10\/viewSweetHome3DExample3-400x271.jpg 400w\" sizes=\"auto, (max-width: 600px) 100vw, 600px\" \/><\/figure>\n<\/div>","protected":false},"excerpt":{"rendered":"<p>W oparciu o wtyczk\u0119 Export to HTML5, ta us\u0142uga pozwala zarejestrowanym u\u017cytkownikom przesy\u0142a\u0107 swoje pliki Sweet Home 3D na ten serwer internetowy, aby przegl\u0105da\u0107 je w 3D w dowolnej przegl\u0105darce obs\u0142uguj\u0105cej WebGL, jak w tym przyk\u0142adzie pokazanym na zrzucie ekranu poni\u017cej, kt\u00f3ry wy\u015bwietla plik SweetHome3DExample3.sh3d dost\u0119pny w galerii.Je\u015bli chcesz korzysta\u0107 z mened\u017cera wyeksportowanych dom\u00f3w, najpierw [&hellip;]<\/p>\n","protected":false},"author":3,"featured_media":9828,"parent":0,"menu_order":0,"comment_status":"closed","ping_status":"closed","template":"","meta":{"inline_featured_image":false,"footnotes":""},"class_list":["post-9829","page","type-page","status-publish","has-post-thumbnail","hentry"],"_links":{"self":[{"href":"https:\/\/wp-test-1.sweethome3d.eu\/pl\/wp-json\/wp\/v2\/pages\/9829","targetHints":{"allow":["GET"]}}],"collection":[{"href":"https:\/\/wp-test-1.sweethome3d.eu\/pl\/wp-json\/wp\/v2\/pages"}],"about":[{"href":"https:\/\/wp-test-1.sweethome3d.eu\/pl\/wp-json\/wp\/v2\/types\/page"}],"author":[{"embeddable":true,"href":"https:\/\/wp-test-1.sweethome3d.eu\/pl\/wp-json\/wp\/v2\/users\/3"}],"replies":[{"embeddable":true,"href":"https:\/\/wp-test-1.sweethome3d.eu\/pl\/wp-json\/wp\/v2\/comments?post=9829"}],"version-history":[{"count":1,"href":"https:\/\/wp-test-1.sweethome3d.eu\/pl\/wp-json\/wp\/v2\/pages\/9829\/revisions"}],"predecessor-version":[{"id":9830,"href":"https:\/\/wp-test-1.sweethome3d.eu\/pl\/wp-json\/wp\/v2\/pages\/9829\/revisions\/9830"}],"wp:featuredmedia":[{"embeddable":true,"href":"https:\/\/wp-test-1.sweethome3d.eu\/pl\/wp-json\/wp\/v2\/media\/9828"}],"wp:attachment":[{"href":"https:\/\/wp-test-1.sweethome3d.eu\/pl\/wp-json\/wp\/v2\/media?parent=9829"}],"curies":[{"name":"wp","href":"https:\/\/api.w.org\/{rel}","templated":true}]}}