{"id":10764,"date":"2025-09-18T11:56:35","date_gmt":"2025-09-18T11:56:35","guid":{"rendered":"https:\/\/wp-test-1.sweethome3d.eu\/plugins-e-ferramentas\/"},"modified":"2025-11-11T16:36:30","modified_gmt":"2025-11-11T16:36:30","slug":"plugins-e-ferramentas","status":"publish","type":"page","link":"https:\/\/wp-test-1.sweethome3d.eu\/pt\/plugins-e-ferramentas\/","title":{"rendered":"Plugins e ferramentas"},"content":{"rendered":"<ul class=\"simpletoc-list\">\n<li><a href=\"#plugins\">Plug-ins<\/a>\n\n<\/li>\n<li><a href=\"#ferramentas\">Ferramentas<\/a>\n<\/li><\/ul>\n<p class=\"has-text-align-center\">Esta p\u00e1gina descreve os principais plug-ins e outras ferramentas dispon\u00edveis para o <a href=\"\/\">Sweet Home 3D<\/a>.<\/p>\n<h2 class=\"wp-block-heading\" id=\"plugins\"><img loading=\"lazy\" decoding=\"async\" width=\"16\" height=\"12\" src=\"https:\/\/www.sweethome3d.com\/images\/bullet.gif\">Plug-ins<\/h2>\n<p>A seguinte tabela lista os plug-ins mais interessantes fornecidos pela Space Mushrooms ou pelos desenvolvedores que os propuseram no Sistema de Rastreamento de <a href=\"https:\/\/sourceforge.net\/p\/sweethome3d\/plug-ins\" target=\"_blank\" rel=\"noopener\">Contribui\u00e7\u00f5es de Plug-ins<\/a>. Um plug-in prop\u00f5e funcionalidades adicionais no <a href=\"https:\/\/wp-test-1.sweethome3d.eu\/pt\/baixar\/\" data-type=\"page\" data-id=\"396\">Sweet Home 3D<\/a> e pode ser instalado clicando duas vezes no seu arquivo SH3P. No Linux, se n\u00e3o funcionar, instala-o com o comando do <em>Terminal<\/em> <code><em>path<\/em>\/<em>to<\/em>\/<strong>SweetHome3D<\/strong> <em>path<\/em>\/<em>to<\/em>\/<em>plugin.sh3p<\/em><\/code> ou copia o arquivo SH3P na subpasta <code>.eteks\/sweethome3d\/plugins<\/code> da tua pasta de utilizador.  <\/p>\n\n<figure class=\"wp-block-flexible-table-block-table is-content-justification-center\"><table class=\"has-fixed-layout\"><thead><tr><th style=\"text-align:center\">Plug-in<\/th><th style=\"text-align:center\">Fornecedor<\/th><th style=\"text-align:center\">Suporte Desfazer\/Refazer<\/th><th style=\"text-align:center\">Suportado no Java Web Start<\/th><th style=\"text-align:center;width:500px\">Descri\u00e7\u00e3o<\/th><\/tr><\/thead><tbody><tr><td style=\"text-align:left\"><a href=\"\/storage\/plugins\/CopyAsNewFurniturePlugin-1.3.1.sh3p\">CopyAsNewFurniturePlugin-1.3.1.sh3p<\/a><br>(29 kB &#8211; c\u00f3digo fonte inclu\u00eddo)<\/td><td style=\"text-align:center\">Space mushrooms<\/td><td style=\"text-align:center\">N\/A<\/td><td style=\"text-align:center\">N\u00e3o<\/td><td style=\"width:500px\">Adiciona o item de menu <em>Ferramentas &gt; Copiar como novo m\u00f3vel<\/em> que copia os objetos selecionados na planta como uma nova pe\u00e7a de mobili\u00e1rio para a \u00e1rea de transfer\u00eancia (<a href=\"https:\/\/www.sweethome3d.com\/support\/forum\/viewthread_thread,1331_offset,11\" target=\"_blank\" rel=\"noopener\">ler mais<\/a>)<\/td><\/tr><tr><td><a href=\"\/storage\/plugins\/ShapeGenerator-1.2.1.sh3p\">ShapeGenerator-1.2.1.sh3p<\/a><br>(53 kB &#8211; c\u00f3digo fonte inclu\u00eddo)<\/td><td style=\"text-align:center\">Space mushrooms<\/td><td style=\"text-align:center\">Sim<\/td><td style=\"text-align:center\">N\u00e3o<\/td><td style=\"width:500px\">Adiciona o item de menu <em>Ferramentas &gt; Gerar forma 3D<\/em> que cria uma forma 3D a partir das coordenadas de 8 v\u00e9rtices inseridas pelo utilizador (<a href=\"https:\/\/www.sweethome3d.com\/support\/forum\/viewthread_thread,6600\" target=\"_blank\" rel=\"noopener\">ler mais<\/a>)<\/td><\/tr><tr><td><a href=\"\/storage\/plugins\/StaircaseGenerator-1.0.1.sh3p\">StaircaseGenerator-1.0.1.sh3p<\/a><br>(150 kB &#8211; c\u00f3digo fonte inclu\u00eddo)<\/td><td style=\"text-align:center\">Space mushrooms<br><br><\/td><td style=\"text-align:center\">Sim<\/td><td style=\"text-align:center\">N\u00e3o<\/td><td style=\"width:500px\">Adiciona o item de menu <em>Ferramentas &gt; Gerar escada<\/em> que cria a forma 3D de uma escada a partir do seu n\u00famero de degraus e do seu tamanho (<a href=\"https:\/\/www.sweethome3d.com\/support\/forum\/viewthread_thread,12160\" target=\"_blank\" rel=\"noopener\">ler mais<\/a>)<\/td><\/tr><tr><td><a href=\"\/storage\/plugins\/TerrainGenerator-1.2.2.sh3p\">TerrainGenerator-1.2.2.sh3p<\/a><br>(111 kB &#8211; c\u00f3digo fonte inclu\u00eddo)<\/td><td style=\"text-align:center\">Space mushrooms<\/td><td style=\"text-align:center\">Sim<\/td><td style=\"text-align:center\">N\u00e3o<\/td><td style=\"width:500px\">Adiciona o item de menu <em>Ferramentas &gt; Gerar terreno 3D a partir de divis\u00f5es<\/em> que cria uma forma 3D a partir da superf\u00edcie das divis\u00f5es selecionadas deformada pelo utilizador (<a href=\"https:\/\/www.sweethome3d.com\/support\/forum\/viewthread_thread,10995\" target=\"_blank\" rel=\"noopener\">ler mais<\/a>)<\/td><\/tr><tr><td><a href=\"\/storage\/plugins\/SideView-1.1.1.sh3p\">SideView-1.1.1.sh3p<\/a><br>(44 kB &#8211; c\u00f3digo fonte inclu\u00eddo)<\/td><td style=\"text-align:center\">Space mushrooms<\/td><td style=\"text-align:center\">N\/A<\/td><td style=\"text-align:center\">N\u00e3o<\/td><td style=\"width:500px\">Adiciona o item de menu <em>Ferramentas &gt; Mostrar vista lateral<\/em> que mostra uma vista lateral da casa editada com a capacidade de a guardar (<a href=\"https:\/\/www.sweethome3d.com\/support\/forum\/viewthread_thread,11011\" target=\"_blank\" rel=\"noopener\">ler mais<\/a>)<\/td><\/tr><tr><td><a href=\"\/storage\/plugins\/ExportPlanImage-1.0.3.sh3p\">ExportPlanImage-1.0.3.sh3p<\/a><br>(29 kB &#8211; c\u00f3digo fonte inclu\u00eddo)<\/td><td style=\"text-align:center\">Space mushrooms<\/td><td style=\"text-align:center\">N\/A<\/td><td style=\"text-align:center\">N\u00e3o<\/td><td style=\"width:500px\">Adiciona o item de menu <em>Mobili\u00e1rio &gt; Exportar planta para imagem<\/em> que exporta uma imagem da planta para formato PNG ou JPEG no tamanho da tua escolha<\/td><\/tr><tr><td><a href=\"\/storage\/plugins\/ExportToSH3F-1.1.1.sh3p\">ExportToSH3F-1.1.1.sh3p<\/a><br>(32 kB &#8211; c\u00f3digo fonte inclu\u00eddo)<\/td><td style=\"text-align:center\">Space mushrooms<\/td><td style=\"text-align:center\">N\/A<\/td><td style=\"text-align:center\">N\u00e3o<\/td><td style=\"width:500px\">Adiciona o item de menu <em>Mobili\u00e1rio &gt; Exportar mobili\u00e1rio importado para SH3F<\/em> que exporta todo o mobili\u00e1rio importado no cat\u00e1logo do Sweet Home 3D para um arquivo SH3F (<a href=\"https:\/\/www.sweethome3d.com\/support\/forum\/viewthread_thread,966_offset,5\" target=\"_blank\" rel=\"noopener\">ler mais<\/a>)<\/td><\/tr><tr><td><a href=\"\/storage\/plugins\/ExportToSH3T-1.1.1.sh3p\">ExportToSH3T-1.1.1.sh3p<\/a><br>(30 kB &#8211; c\u00f3digo fonte inclu\u00eddo)<\/td><td style=\"text-align:center\">Space mushrooms<\/td><td style=\"text-align:center\">N\/A<\/td><td style=\"text-align:center\">N\u00e3o<\/td><td style=\"width:500px\">Adiciona o item de menu <em>Mobili\u00e1rio &gt; Exportar texturas importadas para SH3T<\/em> que exporta todas as texturas importadas no cat\u00e1logo do Sweet Home 3D para um arquivo SH3T (<a href=\"https:\/\/www.sweethome3d.com\/support\/forum\/viewthread_thread,12391\" target=\"_blank\" rel=\"noopener\">ler mais<\/a>)<\/td><\/tr><tr><td><a href=\"\/storage\/plugins\/ExportToHTML5-1.9.1.sh3p\">ExportToHTML5-1.9.1.sh3p<\/a><br>(391 kB &#8211; c\u00f3digo fonte inclu\u00eddo)<\/td><td style=\"text-align:center\">Space mushrooms<\/td><td style=\"text-align:center\">N\/A<\/td><td style=\"text-align:center\">N\u00e3o<\/td><td style=\"width:500px\">Adiciona o&nbsp;item de menu <em>Ferramentas &gt; Exportar para HTML5<\/em> que exporta a vista 3D da casa editada para uma p\u00e1gina HTML5 visualiz\u00e1vel em qualquer navegador WebGL (<a href=\"https:\/\/www.sweethome3d.com\/support\/forum\/viewthread_thread,6708\" target=\"_blank\" rel=\"noopener\">ler mais<\/a>). Esta ferramenta tamb\u00e9m est\u00e1 dispon\u00edvel atrav\u00e9s do &nbsp;<a href=\"https:\/\/www.sweethome3d.com\/exportHomes.jsp\" target=\"_blank\" rel=\"noopener\">Gestor de casas exportadas<\/a> que te permite exportar e alojar arquivos SH3D no servidor web sweethome3d.com.<\/td><\/tr><tr><td><a href=\"\/storage\/plugins\/UpdateRoadLinesPlugin-1.0.1.sh3p\">UpdateRoadLinesPlugin-1.0.1.sh3p<\/a><br>(70 kB &#8211; c\u00f3digo fonte inclu\u00eddo)<\/td><td style=\"text-align:center\">Space mushrooms<\/td><td style=\"text-align:center\">Sim<\/td><td style=\"text-align:center\">Sim<\/td><td style=\"width:500px\">Adiciona o item de menu <em>Ferramentas &gt; Modificar estilo de linha de estrada<\/em> que permite ao utilizador escolher um <a href=\"https:\/\/fr.wikipedia.org\/wiki\/Signalisation_routi%C3%A8re_horizontale_en_France\" target=\"_blank\" rel=\"noopener\">estilo de linha de estrada francesa<\/a> para as polilinhas selecionadas e a sua cor (<a href=\"https:\/\/www.sweethome3d.com\/blog\/2018\/12\/10\/customization_for_the_forensic_police.html\" target=\"_blank\" rel=\"noopener\">ler mais<\/a>)<\/td><\/tr><tr><td><a href=\"\/storage\/plugins\/EvidenceMarkerGenerator-1.1.1.sh3p\">EvidenceMarkerGenerator-1.1.1.sh3p<\/a><br>(38 kB &#8211; c\u00f3digo fonte inclu\u00eddo)<\/td><td style=\"text-align:center\">Space mushrooms<\/td><td style=\"text-align:center\">Sim<\/td><td style=\"text-align:center\">N\u00e3o<\/td><td style=\"width:500px\">Adiciona o item de menu <em>Ferramentas &gt; Adicionar marcador de evid\u00eancia<\/em> capaz de gerar um marcador de evid\u00eancia numerado no item selecionado na planta (<a href=\"https:\/\/www.sweethome3d.com\/blog\/2018\/12\/10\/customization_for_the_forensic_police.html\" target=\"_blank\" rel=\"noopener\">ler mais<\/a>)<\/td><\/tr><tr><td><a href=\"https:\/\/sourceforge.net\/p\/sweethome3d\/plug-ins\/_discuss\/thread\/5e6557c2\/fef8\/attachment\/AdvancedEditing.sh3p\" target=\"_blank\" rel=\"noopener\">AdvancedEditing.sh3p<\/a><br>(135 kB &#8211; <a href=\"https:\/\/sourceforge.net\/p\/sweethome3d\/plug-ins\/_discuss\/thread\/5e6557c2\/fef8\/attachment\/AdvancedEditingPlugin-src.zip\" target=\"_blank\" rel=\"noopener\">c\u00f3digo fonte<\/a>)<\/td><td style=\"text-align:center\">Tobias Liefke<\/td><td style=\"text-align:center\">Sim<\/td><td style=\"text-align:center\">Sim<\/td><td style=\"width:500px\">Adiciona os itens de menu&nbsp;<em>Editar &gt; rodar<\/em>,&nbsp;<em>Editar &gt; mover<\/em>,&nbsp;<em>Editar &gt; inverter<\/em>,&nbsp;<em>Editar &gt; redimensionar, mobili\u00e1rio &gt; elevar<\/em>,&nbsp;<em>Planta &gt; Editar pontos da divis\u00e3o<\/em>,&nbsp;<em>Planta &gt; Conectar paredes<\/em> que permitem modificar os objetos selecionados na planta (<a href=\"https:\/\/www.sweethome3d.com\/support\/forum\/viewthread_thread,1757\" target=\"_blank\" rel=\"noopener\">ler mais<\/a>)<\/td><\/tr><tr><td><a href=\"https:\/\/sourceforge.net\/p\/sweethome3d\/plug-ins\/_discuss\/thread\/34cdde5620\/4c8d\/attachment\/Multiplier-2.2.sh3p\" target=\"_blank\" rel=\"noopener\">Multiplier-2.2.sh3p<\/a><br>(176 kB &#8211; c\u00f3digo fonte inclu\u00eddo)<\/td><td style=\"text-align:center\">Dorin vatavu<\/td><td style=\"text-align:center\">Sim<\/td><td style=\"text-align:center\">Sim<\/td><td style=\"width:500px\">Adiciona o item de menu <em>Ferramentas &gt; Multiplicar<\/em> que permite multiplicar e deslocar os objetos selecionados na planta (<a href=\"https:\/\/www.sweethome3d.com\/support\/forum\/viewthread_thread,10554\" target=\"_blank\" rel=\"noopener\">ler mais<\/a>)<\/td><\/tr><tr><td><a href=\"https:\/\/sourceforge.net\/p\/sweethome3d\/plug-ins\/_discuss\/thread\/015d788700\/98fc\/attachment\/AutoDimensioning.sh3p\" target=\"_blank\" rel=\"noopener\">AutoDimensioning.sh3p<\/a><br>(44 kB &#8211; c\u00f3digo fonte inclu\u00eddo)<\/td><td style=\"text-align:center\">Dorin vatavu<\/td><td style=\"text-align:center\">Sim<\/td><td style=\"text-align:center\">Sim<\/td><td style=\"width:500px\">Adiciona o item de menu <em>Ferramentas &gt; Dimensionamento autom\u00e1tico<\/em> que permite gerar linhas de dimens\u00e3o para toda a planta (<a href=\"https:\/\/www.sweethome3d.com\/support\/forum\/viewthread_thread,10955\" target=\"_blank\" rel=\"noopener\">ler mais<\/a>)<\/td><\/tr><tr><td><a href=\"https:\/\/sourceforge.net\/p\/sweethome3d\/plug-ins\/_discuss\/thread\/914cc4be82\/b551\/attachment\/GenerateRoof-4.5.sh3p\" target=\"_blank\" rel=\"noopener\">GenerateRoof-4.5.sh3p<\/a><br>(690 kB &#8211; c\u00f3digo fonte inclu\u00eddo)<\/td><td style=\"text-align:center\">Dorin vatavu<br><br><\/td><td style=\"text-align:center\">N\/A<\/td><td style=\"text-align:center\">N\u00e3o<\/td><td style=\"width:500px\">Adiciona o item de menu <em>Ferramentas &gt; Gerar telhado<\/em> que permite gerar um telhado com v\u00e1rios \u00e2ngulos de inclina\u00e7\u00e3o a partir da forma da divis\u00e3o selecionada (<a href=\"https:\/\/www.sweethome3d.com\/support\/forum\/viewthread_thread%2C11330\" target=\"_blank\" rel=\"noopener\">ler mais<\/a>)<\/td><\/tr><tr><td><a href=\"https:\/\/sourceforge.net\/p\/sweethome3d\/plug-ins\/_discuss\/thread\/182d97c5\/ad56\/attachment\/AdvancedSettingsPhotoRendering-1.4.1.sh3p\" target=\"_blank\" rel=\"noopener\">AdvancedSettings<br>PhotoRendering-1.4.1.sh3p<\/a><br>(52 kB &#8211; c\u00f3digo fonte inclu\u00eddo)<\/td><td style=\"text-align:center\">Enko nyito<\/td><td style=\"text-align:center\">N\/A<\/td><td style=\"text-align:center\">N\u00e3o<\/td><td style=\"width:500px\">Adiciona o item de menu <em>Ferramentas &gt; Configura\u00e7\u00f5es avan\u00e7adas de renderiza\u00e7\u00e3o de foto<\/em> que permite modificar algumas <a href=\"https:\/\/sourceforge.net\/p\/sweethome3d\/code\/HEAD\/tree\/trunk\/SweetHome3D\/src\/com\/eteks\/sweethome3d\/j3d\/PhotoRenderer.properties\" target=\"_blank\" rel=\"noopener\">propriedades avan\u00e7adas<\/a> usadas pelos renderizadores de foto nos dois n\u00edveis de melhor qualidade (<a href=\"https:\/\/www.sweethome3d.com\/support\/forum\/viewthread_thread,6122_offset,20\" target=\"_blank\" rel=\"noopener\">ler mais<\/a>)<\/td><\/tr><tr><td><a href=\"https:\/\/sourceforge.net\/p\/sweethome3d\/plug-ins\/_discuss\/thread\/40b57f75\/5282\/attachment\/PhotoVideoRendering-2.8.zip\" target=\"_blank\" rel=\"noopener\">PhotoVideoRendering-2.8.zip<\/a><br>(15 MB &#8211; arquivo SH3P + c\u00f3digo fonte inclu\u00eddo)<\/td><td style=\"text-align:center\">Enko Nyito<\/td><td style=\"text-align:center\">N\/A<\/td><td style=\"text-align:center\">N\u00e3o<\/td><td style=\"width:500px\">Adiciona o menu <em>Renderiza\u00e7\u00e3o foto-v\u00eddeo<\/em>, com itens de menu para renderizar fotos e v\u00eddeos com configura\u00e7\u00f5es extras (<a href=\"https:\/\/sourceforge.net\/p\/sweethome3d\/plug-ins\/18\/\" target=\"_blank\" rel=\"noopener\">ler mais<\/a>)<\/td><\/tr><\/tbody><\/table><\/figure>\n\n<p>Para desinstalar um plug-in, remove o seu arquivo SH3P da pasta de plug-ins do <a href=\"https:\/\/wp-test-1.sweethome3d.eu\/pt\/baixar\/\" data-type=\"page\" data-id=\"396\">Sweet Home 3D<\/a> e reinicia a aplica\u00e7\u00e3o. Esta pasta \u00e9 mostrada quando clicas em qualquer arquivo SH3P listado na sec\u00e7\u00e3o <em>Plug-ins<\/em> do painel <em>Bibliotecas em uso<\/em>. Este \u00faltimo painel \u00e9 exibido clicando no bot\u00e3o <em>Bibliotecas&#8230;<\/em> mostrado na parte inferior da caixa de di\u00e1logo <em>Sobre<\/em> do Sweet Home 3D. Se quiseres programar alguns plug-ins tu mesmo, l\u00ea o <a href=\"https:\/\/wp-test-1.sweethome3d.eu\/pt\/guia-do-desenvolvedor-de-plug-ins\/\" data-type=\"page\" data-id=\"4964\">Guia do desenvolvedor de plug-ins<\/a>.   <\/p>\n\n<figure class=\"wp-block-image size-large\"><img loading=\"lazy\" decoding=\"async\" width=\"1024\" height=\"540\" src=\"https:\/\/wp-test-1.sweethome3d.eu\/wp-content\/uploads\/2025\/06\/PlugInScratchHomeDemo3-1024x540.jpg\" alt=\"plugins\" class=\"wp-image-3616\" srcset=\"https:\/\/wp-test-1.sweethome3d.eu\/wp-content\/uploads\/2025\/06\/PlugInScratchHomeDemo3-1024x540.jpg 1024w, https:\/\/wp-test-1.sweethome3d.eu\/wp-content\/uploads\/2025\/06\/PlugInScratchHomeDemo3-360x190.jpg 360w, https:\/\/wp-test-1.sweethome3d.eu\/wp-content\/uploads\/2025\/06\/PlugInScratchHomeDemo3-247x130.jpg 247w, https:\/\/wp-test-1.sweethome3d.eu\/wp-content\/uploads\/2025\/06\/PlugInScratchHomeDemo3-768x405.jpg 768w, https:\/\/wp-test-1.sweethome3d.eu\/wp-content\/uploads\/2025\/06\/PlugInScratchHomeDemo3-400x211.jpg 400w, https:\/\/wp-test-1.sweethome3d.eu\/wp-content\/uploads\/2025\/06\/PlugInScratchHomeDemo3.jpg 1366w\" sizes=\"auto, (max-width: 1024px) 100vw, 1024px\" \/><\/figure>\n<h2 class=\"wp-block-heading\" id=\"ferramentas\"><img loading=\"lazy\" decoding=\"async\" width=\"16\" height=\"12\" src=\"https:\/\/www.sweethome3d.com\/images\/bullet.gif\"><strong>Ferramentas<\/strong><\/h2>\n<p>A seguinte tabela lista algumas ferramentas adicionais fornecidas pela Space Mushrooms \u00fateis para o <a href=\"https:\/\/wp-test-1.sweethome3d.eu\/pt\/baixar\/\" data-type=\"page\" data-id=\"396\">Sweet Home 3D<\/a>. Estas ferramentas est\u00e3o dispon\u00edveis como arquivos execut\u00e1veis Jar que podem ser lan\u00e7ados clicando duas vezes neles uma vez que o <a href=\"https:\/\/www.java.com\/\" target=\"_blank\" rel=\"noopener\">Java<\/a> esteja instalado no teu sistema. No macOS, o primeiro lan\u00e7amento de um arquivo execut\u00e1vel Jar descarregado da Internet deve ser feito clicando no arquivo Jar enquanto mant\u00e9ns a tecla <em>ctrl<\/em> pressionada, depois escolhendo <em>Abrir<\/em> no menu contextual que aparecer\u00e1.  <\/p>\n\n<figure class=\"wp-block-flexible-table-block-table is-content-justification-center\"><table class=\"has-fixed-layout\"><thead><tr><th style=\"text-align:center\">Ferramenta<\/th><th style=\"text-align:center;width:500px\">descri\u00e7\u00e3o<\/th><\/tr><\/thead><tbody><tr><td style=\"text-align:left\"><a href=\"https:\/\/sourceforge.net\/projects\/sweethome3d\/files\/FurnitureLibraryEditor\/FurnitureLibraryEditor-2.2.jar\/download\" target=\"_blank\" rel=\"noopener\">FurnitureLibraryEditor-2.2.jar<\/a><br>(14,4 MB &#8211; <a href=\"https:\/\/sourceforge.net\/projects\/sweethome3d\/files\/FurnitureLibraryEditor-source\/FurnitureLibraryEditor-2.2-src.zip\" target=\"_blank\" rel=\"noopener\">c\u00f3digo fonte<\/a>)<\/td><td style=\"width:500px\">Esta aplica\u00e7\u00e3o permite-te criar um arquivo de biblioteca de mobili\u00e1rio SH3F e editar as propriedades dos modelos 3D que cont\u00e9m (<a href=\"https:\/\/www.sweethome3d.com\/support\/forum\/viewthread_thread,1550\" target=\"_blank\" rel=\"noopener\">ler mais<\/a>)<\/td><\/tr><tr><td><a href=\"https:\/\/sourceforge.net\/projects\/sweethome3d\/files\/TexturesLibraryEditor\/TexturesLibraryEditor-2.1.jar\/download\" target=\"_blank\" rel=\"noopener\">TexturesLibraryEditor-2.1.jar<\/a><br>(1,2 MB &#8211; <a href=\"https:\/\/sourceforge.net\/projects\/sweethome3d\/files\/TexturesLibraryEditor-source\/TexturesLibraryEditor-2.1-src.zip\" target=\"_blank\" rel=\"noopener\">c\u00f3digo fonte<\/a>)<\/td><td style=\"width:500px\">Esta aplica\u00e7\u00e3o permite-te criar um arquivo de biblioteca de texturas SH3T e editar as propriedades das imagens de textura que cont\u00e9m (<a href=\"https:\/\/www.sweethome3d.com\/support\/forum\/viewthread_thread,3502\" target=\"_blank\" rel=\"noopener\">ler mais<\/a>)<\/td><\/tr><tr><td><a href=\"\/storage\/downloads\/HugeFileCleaner-1.0.jar\">HugeFileCleaner-1.0.jar<\/a><br>(7 kB &#8211; c\u00f3digo fonte inclu\u00eddo)<\/td><td style=\"width:500px\">Esta aplica\u00e7\u00e3o remove entradas in\u00fateis que podem ter aparecido em arquivos SH3D enormes (geralmente maiores que 500 MB) criados com vers\u00f5es do Sweet Home 3D anteriores \u00e0 5.2, quando usaste a lista recente de texturas mostrada na caixa de di\u00e1logo de texturas para copiar texturas dos modelos 3D encontrados no cat\u00e1logo de mobili\u00e1rio (<a href=\"https:\/\/www.sweethome3d.com\/support\/forum\/viewthread_thread,6331_offset,21\" target=\"_blank\" rel=\"noopener\">ler mais<\/a>)<\/td><\/tr><tr><td><a href=\"https:\/\/apps.apple.com\/us\/app\/tape-measure\/id1437807477\" target=\"_blank\" rel=\"noopener\">Fita M\u00e9trica<\/a><\/td><td style=\"width:500px\">Esta aplica\u00e7\u00e3o permite-te fazer medi\u00e7\u00f5es e criar uma planta precisa da tua casa, digitalizando o espa\u00e7o \u00e0 tua volta e marcando os cantos das divis\u00f5es. Podes depois importar a planta diretamente no Sweet Home 3d para come\u00e7ar a desenhar sobre ela. Nota que a aplica\u00e7\u00e3o est\u00e1 por agora dispon\u00edvel apenas no iOS.<\/td><\/tr><\/tbody><\/table><\/figure>\n","protected":false},"excerpt":{"rendered":"<p>Esta p\u00e1gina descreve os principais plug-ins e outras ferramentas dispon\u00edveis para o Sweet Home 3D. Plug-ins A seguinte tabela lista os plug-ins mais interessantes fornecidos pela Space Mushrooms ou pelos desenvolvedores que os propuseram no Sistema de Rastreamento de Contribui\u00e7\u00f5es de Plug-ins. Um plug-in prop\u00f5e funcionalidades adicionais no Sweet Home 3D e pode ser instalado [&hellip;]<\/p>\n","protected":false},"author":2,"featured_media":10759,"parent":0,"menu_order":0,"comment_status":"closed","ping_status":"closed","template":"","meta":{"inline_featured_image":false,"footnotes":""},"class_list":["post-10764","page","type-page","status-publish","has-post-thumbnail","hentry"],"_links":{"self":[{"href":"https:\/\/wp-test-1.sweethome3d.eu\/pt\/wp-json\/wp\/v2\/pages\/10764","targetHints":{"allow":["GET"]}}],"collection":[{"href":"https:\/\/wp-test-1.sweethome3d.eu\/pt\/wp-json\/wp\/v2\/pages"}],"about":[{"href":"https:\/\/wp-test-1.sweethome3d.eu\/pt\/wp-json\/wp\/v2\/types\/page"}],"author":[{"embeddable":true,"href":"https:\/\/wp-test-1.sweethome3d.eu\/pt\/wp-json\/wp\/v2\/users\/2"}],"replies":[{"embeddable":true,"href":"https:\/\/wp-test-1.sweethome3d.eu\/pt\/wp-json\/wp\/v2\/comments?post=10764"}],"version-history":[{"count":1,"href":"https:\/\/wp-test-1.sweethome3d.eu\/pt\/wp-json\/wp\/v2\/pages\/10764\/revisions"}],"predecessor-version":[{"id":10765,"href":"https:\/\/wp-test-1.sweethome3d.eu\/pt\/wp-json\/wp\/v2\/pages\/10764\/revisions\/10765"}],"wp:featuredmedia":[{"embeddable":true,"href":"https:\/\/wp-test-1.sweethome3d.eu\/pt\/wp-json\/wp\/v2\/media\/10759"}],"wp:attachment":[{"href":"https:\/\/wp-test-1.sweethome3d.eu\/pt\/wp-json\/wp\/v2\/media?parent=10764"}],"curies":[{"name":"wp","href":"https:\/\/api.w.org\/{rel}","templated":true}]}}