{"id":11668,"date":"2025-10-01T14:26:57","date_gmt":"2025-10-01T14:26:57","guid":{"rendered":"https:\/\/wp-test-1.sweethome3d.eu\/importar-texturas\/"},"modified":"2025-11-03T17:13:29","modified_gmt":"2025-11-03T17:13:29","slug":"importar-texturas","status":"publish","type":"page","link":"https:\/\/wp-test-1.sweethome3d.eu\/pt\/importar-texturas\/","title":{"rendered":"Importar texturas"},"content":{"rendered":"\n<p class=\"has-text-align-center\">Esta p\u00e1gina lista algumas fontes de imagens de texturas gratuitas que voc\u00ea pode importar no <a href=\"\/\">Sweet Home 3D<\/a>.<\/p>\n<h2 class=\"wp-block-heading\" id=\"fontes-disponiveis-de-texturas\">Fontes dispon\u00edveis de texturas<\/h2><h3 class=\"wp-block-heading\" id=\"bibliotecas-de-texturas\"><img loading=\"lazy\" decoding=\"async\" width=\"16\" height=\"12\" src=\"https:\/\/www.sweethome3d.com\/images\/bullet.gif\">Bibliotecas de texturas<\/h3>\n<p>O <a href=\"https:\/\/www.sweethome3d.com\/download.jsp\" target=\"_blank\" rel=\"noopener\">Sweet Home 3D<\/a> permite importar imagens de texturas uma por uma, ou por grupo de texturas armazenadas em arquivos SH3T. Um arquivo SH3T \u00e9 uma biblioteca de texturas com sua descri\u00e7\u00e3o, e pode ser facilmente instalado com um duplo clique ou escolhendo o item de menu <em>Mobili\u00e1rio &gt; Importar biblioteca de texturas<\/em> no <a href=\"https:\/\/wp-test-1.sweethome3d.eu\/pt\/baixar\/\" data-type=\"page\" data-id=\"396\">Sweet Home 3D<\/a>.<br \/>Os seguintes arquivos ZIP cont\u00eam um arquivo SH3T que voc\u00ea pode importar no <a href=\"https:\/\/wp-test-1.sweethome3d.eu\/pt\/baixar\/\" data-type=\"page\" data-id=\"396\">Sweet Home 3D<\/a>. <\/p>\n\n<ul class=\"wp-block-list\">\n<li><a href=\"https:\/\/sourceforge.net\/projects\/sweethome3d\/files\/SweetHome3D-textures\/Textures-1.3.1\/Textures-Contributions-1.3.1.zip\/download\" target=\"_blank\" rel=\"noopener\">Textures-Contributions-1.3.1.zip<\/a> (1,1 MB &#8211; 57 texturas &#8211; Licen\u00e7a CC-BY)<\/li>\n\n\n\n<li><a href=\"https:\/\/sourceforge.net\/projects\/sweethome3d\/files\/SweetHome3D-textures\/Textures-1.3.1\/Textures-eTeksScopia-1.3.1.zip\/download\" target=\"_blank\" rel=\"noopener\">Textures-eTeksScopia-1.3.1.zip<\/a> (18,8 MB &#8211; 340 texturas &#8211; Licen\u00e7a CC-BY)<\/li>\n<\/ul>\n\n<p>Voc\u00ea tamb\u00e9m pode <a href=\"#download\">baixar a vers\u00e3o completa<\/a> com mais de 10.000 <a href=\"https:\/\/wp-test-1.sweethome3d.eu\/pt\/importar-modelos-no-sweet-home-3d-adicionar-moveis-e-objetos-3d-personalizados\/\" data-type=\"page\" data-id=\"432\">modelos 3D<\/a>, 400 texturas j\u00e1 inclu\u00eddas<a href=\"https:\/\/apps.apple.com\/app\/sweet-home-3d\/id669289700\" target=\"_blank\" rel=\"noopener\"><\/a><\/p>\n\n<hr class=\"wp-block-separator has-text-color has-white-color has-alpha-channel-opacity has-white-background-color has-background is-style-wide\" \/>\n\n<div class=\"wp-block-buttons is-layout-flex wp-block-buttons-is-layout-flex\">\n<div class=\"wp-block-button btn-download btn-small\" data-wce-label=\"wce_textures_download_direct\"><a class=\"wp-block-button__link wp-element-button\" href=\"#download\" style=\"text-decoration:underline\"><img loading=\"lazy\" decoding=\"async\" width=\"43\" height=\"42\" class=\"wp-image-390\" style=\"width: 20px\" src=\"http:\/\/wp-test-1.sweethome3d.eu\/wp-content\/uploads\/2025\/09\/download-bottom.svg\" alt=\"\" \/> Baixar Sweet Home 3D<\/a><\/div>\n<\/div>\n\n<hr class=\"wp-block-separator has-text-color has-white-color has-alpha-channel-opacity has-white-background-color has-background is-style-wide\" \/>\n<div class=\"wp-block-image\">\n<figure class=\"aligncenter size-full\"><img loading=\"lazy\" decoding=\"async\" width=\"600\" height=\"140\" src=\"https:\/\/wp-test-1.sweethome3d.eu\/wp-content\/uploads\/2025\/10\/texturesLibraries.jpg\" alt=\"\" class=\"wp-image-4930\" srcset=\"https:\/\/wp-test-1.sweethome3d.eu\/wp-content\/uploads\/2025\/10\/texturesLibraries.jpg 600w, https:\/\/wp-test-1.sweethome3d.eu\/wp-content\/uploads\/2025\/10\/texturesLibraries-360x84.jpg 360w, https:\/\/wp-test-1.sweethome3d.eu\/wp-content\/uploads\/2025\/10\/texturesLibraries-557x130.jpg 557w, https:\/\/wp-test-1.sweethome3d.eu\/wp-content\/uploads\/2025\/10\/texturesLibraries-400x93.jpg 400w\" sizes=\"auto, (max-width: 600px) 100vw, 600px\" \/><\/figure>\n<\/div>\n<p>Observe que um arquivo SH3T \u00e9 apenas um tipo de arquivo ZIP, do qual voc\u00ea pode extrair imagens de texturas individuais com qualquer ferramenta ZIP. Se necess\u00e1rio, voc\u00ea tamb\u00e9m pode criar seus pr\u00f3prios arquivos SH3T com o <a href=\"https:\/\/sourceforge.net\/projects\/sweethome3d\/files\/TexturesLibraryEditor\/TexturesLibraryEditor-2.1.jar\/download\" target=\"_blank\" rel=\"noopener\">Editor de Biblioteca de Texturas<\/a> dispon\u00edvel para download. <\/p>\n<h3 class=\"wp-block-heading\" id=\"sites-com-texturas\"><img loading=\"lazy\" decoding=\"async\" width=\"16\" height=\"12\" src=\"https:\/\/www.sweethome3d.com\/images\/bullet.gif\">Sites com texturas<br><a href=\"https:\/\/apps.apple.com\/app\/sweet-home-3d\/id669289700\" data-wce-label=\"wce_textures_download_hyperlink\" target=\"_blank\" rel=\"noopener\"><\/a><\/h3>\n<p>Os seguintes sites oferecem algumas imagens de texturas gratuitas suportadas pelo assistente de importa\u00e7\u00e3o de texturas do <a href=\"\/\">Sweet Home 3D<\/a>:<\/p>\n\n<figure class=\"wp-block-flexible-table-block-table is-content-justification-left td-border-0 stars-table\"><table class=\"has-fixed-layout\" style=\"border-width:0\"><tbody><tr><td><img loading=\"lazy\" decoding=\"async\" width=\"12\" height=\"12\" src=\"https:\/\/www.sweethome3d.com\/images\/star.gif\" alt=\"Estrela\"><img loading=\"lazy\" decoding=\"async\" width=\"12\" height=\"12\" src=\"https:\/\/www.sweethome3d.com\/images\/star.gif\" alt=\"Estrela\"><img loading=\"lazy\" decoding=\"async\" width=\"12\" height=\"12\" src=\"https:\/\/www.sweethome3d.com\/images\/star.gif\" alt=\"Estrela\"><\/td><td><a href=\"https:\/\/ambientcg.com\/\" target=\"_blank\" rel=\"noopener\">ambientCG<\/a> (muitas texturas cont\u00ednuas publicadas em dom\u00ednio p\u00fablico, tamb\u00e9m dispon\u00edveis como bibliotecas SH3T <a href=\"https:\/\/github.com\/fabien-michel\/sweethome3d-textures-ambientcg\" target=\"_blank\" rel=\"noopener\">aqui<\/a>)<\/td><\/tr><tr><td><img loading=\"lazy\" decoding=\"async\" width=\"12\" height=\"12\" src=\"https:\/\/www.sweethome3d.com\/images\/star.gif\" alt=\"Estrela\"><img loading=\"lazy\" decoding=\"async\" width=\"12\" height=\"12\" src=\"https:\/\/www.sweethome3d.com\/images\/star.gif\" alt=\"Estrela\"><\/td><td><a href=\"https:\/\/archivetextures.net\/\" class=\"broken_link\" target=\"_blank\" rel=\"noopener\">Archive textures<\/a> (grande variedade)<\/td><\/tr><tr><td><img loading=\"lazy\" decoding=\"async\" width=\"12\" height=\"12\" src=\"https:\/\/www.sweethome3d.com\/images\/star.gif\" alt=\"Estrela\"><img loading=\"lazy\" decoding=\"async\" width=\"12\" height=\"12\" src=\"https:\/\/www.sweethome3d.com\/images\/star.gif\" alt=\"Estrela\"><\/td><td><a href=\"https:\/\/www.sharetextures.com\/\" target=\"_blank\" rel=\"noopener\">Sharetextures<\/a> (belas texturas cont\u00ednuas publicadas em dom\u00ednio p\u00fablico)<\/td><\/tr><tr><td><img loading=\"lazy\" decoding=\"async\" width=\"12\" height=\"12\" src=\"https:\/\/www.sweethome3d.com\/images\/star.gif\" alt=\"Estrela\"><img loading=\"lazy\" decoding=\"async\" width=\"12\" height=\"12\" src=\"https:\/\/www.sweethome3d.com\/images\/star.gif\" alt=\"Estrela\"><\/td><td><a href=\"https:\/\/3dtextures.me\/\" target=\"_blank\" rel=\"noopener\">3D textures<\/a> (outro site com texturas cont\u00ednuas publicadas em dom\u00ednio p\u00fablico)<\/td><\/tr><tr><td><img loading=\"lazy\" decoding=\"async\" width=\"12\" height=\"12\" src=\"https:\/\/www.sweethome3d.com\/images\/star.gif\" alt=\"Estrela\"><img loading=\"lazy\" decoding=\"async\" width=\"12\" height=\"12\" src=\"https:\/\/www.sweethome3d.com\/images\/star.gif\" alt=\"Estrela\"><\/td><td><a href=\"https:\/\/tiled-bg.blogspot.com\/p\/about.html\" target=\"_blank\" rel=\"noopener\">Free Web Gallery of Tile-able Website Backgrounds<\/a> (texturas cont\u00ednuas personaliz\u00e1veis dispon\u00edveis sob licen\u00e7a CC-BY)<\/td><\/tr><tr><td><img loading=\"lazy\" decoding=\"async\" width=\"12\" height=\"12\" src=\"https:\/\/www.sweethome3d.com\/images\/star.gif\" alt=\"Estrela\"><img loading=\"lazy\" decoding=\"async\" width=\"12\" height=\"12\" src=\"https:\/\/www.sweethome3d.com\/images\/star.gif\" alt=\"Estrela\"><\/td><td><a href=\"https:\/\/www.plaintextures.com\/\" target=\"_blank\" rel=\"noopener\">Plain textures<\/a> (uma grande variedade de texturas, mas nem todas s\u00e3o cont\u00ednuas)<\/td><\/tr><tr><td><img loading=\"lazy\" decoding=\"async\" width=\"12\" height=\"12\" src=\"https:\/\/www.sweethome3d.com\/images\/star.gif\" alt=\"Estrela\"><img loading=\"lazy\" decoding=\"async\" width=\"12\" height=\"12\" src=\"https:\/\/www.sweethome3d.com\/images\/star.gif\" alt=\"Estrela\"><\/td><td><a href=\"https:\/\/www.cgtextures.com\/\" target=\"_blank\" rel=\"noopener\">CG Textures<\/a> (uma grande variedade de texturas, mas nem todas s\u00e3o cont\u00ednuas)<\/td><\/tr><tr><td><img loading=\"lazy\" decoding=\"async\" width=\"12\" height=\"12\" src=\"https:\/\/www.sweethome3d.com\/images\/star.gif\" alt=\"Estrela\"><img loading=\"lazy\" decoding=\"async\" width=\"12\" height=\"12\" src=\"https:\/\/www.sweethome3d.com\/images\/star.gif\" alt=\"Estrela\"><\/td><td><a href=\"https:\/\/blender-archi.tuxfamily.org\/Textures\" target=\"_blank\" rel=\"noopener\">Blender for Architecture<\/a> (interessante para <a href=\"https:\/\/blender-archi.tuxfamily.org\/Textures#Horizontal_maps\" target=\"_blank\" rel=\"noopener\">texturas de c\u00e9u<\/a>)<\/td><\/tr><tr><td><img loading=\"lazy\" decoding=\"async\" width=\"12\" height=\"12\" src=\"https:\/\/www.sweethome3d.com\/images\/star.gif\" alt=\"Estrela\"><img loading=\"lazy\" decoding=\"async\" width=\"12\" height=\"12\" src=\"https:\/\/www.sweethome3d.com\/images\/star.gif\" alt=\"Estrela\"><\/td><td><a href=\"https:\/\/telias.gr\/textures_menu.html\" target=\"_blank\" rel=\"noopener\">Free the models<\/a> (belas texturas feitas por colaborador do Sweet Home 3D)<\/td><\/tr><tr><td><img loading=\"lazy\" decoding=\"async\" width=\"12\" height=\"12\" src=\"https:\/\/www.sweethome3d.com\/images\/star.gif\" alt=\"Estrela\"><img loading=\"lazy\" decoding=\"async\" width=\"12\" height=\"12\" src=\"https:\/\/www.sweethome3d.com\/images\/star.gif\" alt=\"Estrela\"><\/td><td><a href=\"https:\/\/www.museumtextures.com\/\" target=\"_blank\" rel=\"noopener\">Museum Textures<\/a> (boa variedade de texturas com algumas cont\u00ednuas)<\/td><\/tr><tr><td><img loading=\"lazy\" decoding=\"async\" width=\"12\" height=\"12\" src=\"https:\/\/www.sweethome3d.com\/images\/star.gif\" alt=\"Estrela\"><\/td><td><a href=\"https:\/\/www.alterlinks.com\/textures\/\" class=\"broken_link\" target=\"_blank\" rel=\"noopener\">Alterlinks<\/a> (algumas texturas simples)<\/td><\/tr><tr><td><img loading=\"lazy\" decoding=\"async\" width=\"12\" height=\"12\" src=\"https:\/\/www.sweethome3d.com\/images\/star.gif\" alt=\"Estrela\"><\/td><td><a href=\"https:\/\/www.hongkiat.com\/blog\/28-high-resolution-wood-textures-for-designers\/\" target=\"_blank\" rel=\"noopener\">Hongkiat.com<\/a> (texturas de madeira, a maioria n\u00e3o \u00e9 cont\u00ednua)<\/td><\/tr><tr><td><img loading=\"lazy\" decoding=\"async\" width=\"12\" height=\"12\" src=\"https:\/\/www.sweethome3d.com\/images\/star.gif\" alt=\"Estrela\"><\/td><td><a href=\"https:\/\/webdesignledger.com\/freebies\/40-beautiful-patterns-and-textures-for-ornate-backgrounds\" target=\"_blank\" rel=\"noopener\">WDL<\/a> (texturas de padr\u00f5es de parede)<\/td><\/tr><\/tbody><\/table><\/figure>\n\n<p>Para cobrir uma superf\u00edcie com uma textura que se repete como um padr\u00e3o de parede, prefira escolher uma textura cont\u00ednua.<\/p>\n\n<p>Para evitar reduzir o desempenho do Sweet Home 3D, n\u00e3o importe imagens com alta resolu\u00e7\u00e3o (geralmente, imagens de 256&#215;256 pixels j\u00e1 d\u00e3o bons resultados). Se voc\u00ea precisar reduzir a resolu\u00e7\u00e3o de uma imagem, deve preferir uma melhor qualidade JPEG a uma resolu\u00e7\u00e3o maior. <\/p>\n\n<p>Por favor, respeite a licen\u00e7a das texturas que voc\u00ea baixar destes sites.<\/p>\n\n<figure class=\"wp-block-image size-large\"><img loading=\"lazy\" decoding=\"async\" width=\"1024\" height=\"276\" src=\"https:\/\/wp-test-1.sweethome3d.eu\/wp-content\/uploads\/2025\/06\/Textures-1024x276.jpg\" alt=\"Importar texturas\" class=\"wp-image-4507\" srcset=\"https:\/\/wp-test-1.sweethome3d.eu\/wp-content\/uploads\/2025\/06\/Textures-1024x276.jpg 1024w, https:\/\/wp-test-1.sweethome3d.eu\/wp-content\/uploads\/2025\/06\/Textures-360x97.jpg 360w, https:\/\/wp-test-1.sweethome3d.eu\/wp-content\/uploads\/2025\/06\/Textures-481x130.jpg 481w, https:\/\/wp-test-1.sweethome3d.eu\/wp-content\/uploads\/2025\/06\/Textures-768x207.jpg 768w, https:\/\/wp-test-1.sweethome3d.eu\/wp-content\/uploads\/2025\/06\/Textures-400x108.jpg 400w, https:\/\/wp-test-1.sweethome3d.eu\/wp-content\/uploads\/2025\/06\/Textures.jpg 1200w\" sizes=\"auto, (max-width: 1024px) 100vw, 1024px\" \/><\/figure>\n\n<hr class=\"wp-block-separator has-text-color has-white-color has-alpha-channel-opacity has-white-background-color has-background\" \/>\n\n<hr class=\"wp-block-separator has-text-color has-white-color has-alpha-channel-opacity has-white-background-color has-background\" \/>\n\n<p class=\"has-text-align-center\">Agradecimentos a Hans Dirkse por sua ajuda<\/p>\n\n<p class=\"has-text-align-center\"><a href=\"mailto:info@sweethome3d.com\">Propor outros sites ou reportar um link morto<\/a><\/p>\n\n<p class=\"has-text-align-center\"><em><em>\u00daltima atualiza\u00e7\u00e3o: 23\/01\/2023<\/em><\/em><\/p>\n","protected":false},"excerpt":{"rendered":"<p>Esta p\u00e1gina lista algumas fontes de imagens de texturas gratuitas que voc\u00ea pode importar no Sweet Home 3D. Fontes dispon\u00edveis de texturas Bibliotecas de texturas O Sweet Home 3D permite importar imagens de texturas uma por uma, ou por grupo de texturas armazenadas em arquivos SH3T. Um arquivo SH3T \u00e9 uma biblioteca de texturas com [&hellip;]<\/p>\n","protected":false},"author":3,"featured_media":11660,"parent":0,"menu_order":0,"comment_status":"closed","ping_status":"closed","template":"","meta":{"inline_featured_image":false,"footnotes":""},"class_list":["post-11668","page","type-page","status-publish","has-post-thumbnail","hentry"],"_links":{"self":[{"href":"https:\/\/wp-test-1.sweethome3d.eu\/pt\/wp-json\/wp\/v2\/pages\/11668","targetHints":{"allow":["GET"]}}],"collection":[{"href":"https:\/\/wp-test-1.sweethome3d.eu\/pt\/wp-json\/wp\/v2\/pages"}],"about":[{"href":"https:\/\/wp-test-1.sweethome3d.eu\/pt\/wp-json\/wp\/v2\/types\/page"}],"author":[{"embeddable":true,"href":"https:\/\/wp-test-1.sweethome3d.eu\/pt\/wp-json\/wp\/v2\/users\/3"}],"replies":[{"embeddable":true,"href":"https:\/\/wp-test-1.sweethome3d.eu\/pt\/wp-json\/wp\/v2\/comments?post=11668"}],"version-history":[{"count":2,"href":"https:\/\/wp-test-1.sweethome3d.eu\/pt\/wp-json\/wp\/v2\/pages\/11668\/revisions"}],"predecessor-version":[{"id":11672,"href":"https:\/\/wp-test-1.sweethome3d.eu\/pt\/wp-json\/wp\/v2\/pages\/11668\/revisions\/11672"}],"wp:featuredmedia":[{"embeddable":true,"href":"https:\/\/wp-test-1.sweethome3d.eu\/pt\/wp-json\/wp\/v2\/media\/11660"}],"wp:attachment":[{"href":"https:\/\/wp-test-1.sweethome3d.eu\/pt\/wp-json\/wp\/v2\/media?parent=11668"}],"curies":[{"name":"wp","href":"https:\/\/api.w.org\/{rel}","templated":true}]}}