{"id":11765,"date":"2025-09-19T09:07:08","date_gmt":"2025-09-19T09:07:08","guid":{"rendered":"https:\/\/wp-test-1.sweethome3d.eu\/aviso-legal\/"},"modified":"2025-11-03T17:34:01","modified_gmt":"2025-11-03T17:34:01","slug":"aviso-legal","status":"publish","type":"page","link":"https:\/\/wp-test-1.sweethome3d.eu\/pt\/aviso-legal\/","title":{"rendered":"Aviso legal"},"content":{"rendered":"\n<p>O software Sweet Home 3D e o site <a href=\"\/\">https:\/\/www.sweethome3d.com<\/a> s\u00e3o publicados por:<br\/><\/p>\n\n<p><a href=\"https:\/\/www.spacemushrooms.it\/\" target=\"_blank\" rel=\"noopener\">Space Mushrooms srl<\/a><br\/>Via Melzi d&#8217;Eril 29<br\/>20154, Mil\u00e3o<br\/>It\u00e1lia<br\/>E-mail: <a href=\"mailto:info@sweethome3d.com\">info@sweethome3d.com<\/a><\/p>\n\n<p><br\/>A <a href=\"https:\/\/www.spacemushrooms.it\/\" target=\"_blank\" rel=\"noopener\">Space Mushrooms srl<\/a> \u00e9 uma empresa independente fundada em 2021.<\/p>\n\n<p><br\/>Sweet Home 3D<sup>\u00ae<\/sup> \u00e9 uma marca registrada.<br\/>Os outros nomes comerciais mencionados neste site s\u00e3o marcas comerciais ou marcas registradas, propriedade de seus respectivos donos.<\/p>\n\n<p><br\/><a href=\"https:\/\/www.sweethome3d.com\/\" target=\"_blank\" rel=\"noopener\">sweethome3d.com<\/a>, <a href=\"https:\/\/www.sweethome3d.eu\/\">sweethome3d.eu<\/a>, <a href=\"https:\/\/www.sweethome3d.online\/\" target=\"_blank\" rel=\"noopener\">sweethome3d.online<\/a> e <a href=\"https:\/\/www.sweethome2d.com\/\" target=\"_blank\" rel=\"noopener\">sweethome2d.com<\/a> s\u00e3o hospedados por:<\/p>\n\n<p>OVH<br\/>140, quai du Sartel<br\/>59100 Roubaix<br\/>Fran\u00e7a<br\/>Tel: +33 8 203 203 63<\/p>\n","protected":false},"excerpt":{"rendered":"<p>O software Sweet Home 3D e o site https:\/\/www.sweethome3d.com s\u00e3o publicados por: Space Mushrooms srlVia Melzi d&#8217;Eril 2920154, Mil\u00e3oIt\u00e1liaE-mail: info@sweethome3d.com A Space Mushrooms srl \u00e9 uma empresa independente fundada em 2021. Sweet Home 3D\u00ae \u00e9 uma marca registrada.Os outros nomes comerciais mencionados neste site s\u00e3o marcas comerciais ou marcas registradas, propriedade de seus respectivos donos. [&hellip;]<\/p>\n","protected":false},"author":2,"featured_media":0,"parent":0,"menu_order":0,"comment_status":"closed","ping_status":"closed","template":"","meta":{"inline_featured_image":false,"footnotes":""},"class_list":["post-11765","page","type-page","status-publish","hentry"],"_links":{"self":[{"href":"https:\/\/wp-test-1.sweethome3d.eu\/pt\/wp-json\/wp\/v2\/pages\/11765","targetHints":{"allow":["GET"]}}],"collection":[{"href":"https:\/\/wp-test-1.sweethome3d.eu\/pt\/wp-json\/wp\/v2\/pages"}],"about":[{"href":"https:\/\/wp-test-1.sweethome3d.eu\/pt\/wp-json\/wp\/v2\/types\/page"}],"author":[{"embeddable":true,"href":"https:\/\/wp-test-1.sweethome3d.eu\/pt\/wp-json\/wp\/v2\/users\/2"}],"replies":[{"embeddable":true,"href":"https:\/\/wp-test-1.sweethome3d.eu\/pt\/wp-json\/wp\/v2\/comments?post=11765"}],"version-history":[{"count":1,"href":"https:\/\/wp-test-1.sweethome3d.eu\/pt\/wp-json\/wp\/v2\/pages\/11765\/revisions"}],"predecessor-version":[{"id":11766,"href":"https:\/\/wp-test-1.sweethome3d.eu\/pt\/wp-json\/wp\/v2\/pages\/11765\/revisions\/11766"}],"wp:attachment":[{"href":"https:\/\/wp-test-1.sweethome3d.eu\/pt\/wp-json\/wp\/v2\/media?parent=11765"}],"curies":[{"name":"wp","href":"https:\/\/api.w.org\/{rel}","templated":true}]}}