{"id":11840,"date":"2025-09-18T11:59:08","date_gmt":"2025-09-18T11:59:08","guid":{"rendered":"https:\/\/wp-test-1.sweethome3d.eu\/licenca\/"},"modified":"2025-11-03T18:55:19","modified_gmt":"2025-11-03T18:55:19","slug":"licenca","status":"publish","type":"page","link":"https:\/\/wp-test-1.sweethome3d.eu\/pt\/licenca\/","title":{"rendered":"Licen\u00e7a"},"content":{"rendered":"\n<p>Sweet Home 3D, Copyright (c) 2024 Space Mushrooms &lt;<a href=\"mailto:info@sweethome3d.com\">info@sweethome3d.com<\/a>&gt;<\/p>\n\n<p>A vers\u00e3o gratuita da aplica\u00e7\u00e3o <a href=\"\/\">Sweet Home 3D<\/a>, as aplica\u00e7\u00f5es <a href=\"https:\/\/www.sweethome3d.com\/support\/forum\/viewthread_thread,1550\" target=\"_blank\" rel=\"noopener\">Furniture Library Editor<\/a> e <a href=\"https:\/\/www.sweethome3d.com\/support\/forum\/viewthread_thread,3502\" target=\"_blank\" rel=\"noopener\">Textures Library Editor<\/a>, bem como o <a href=\"https:\/\/sourceforge.net\/p\/sweethome3d\/code\/HEAD\/tree\/trunk\/SweetHome3DJS\/\" target=\"_blank\" rel=\"noopener\">Sweet Home 3D JS<\/a> s\u00e3o distribu\u00eddos sob a <a href=\"https:\/\/www.gnu.org\/licenses\/gpl-2.0.txt\" target=\"_blank\" rel=\"noopener\">GNU General Public License<\/a>; podes us\u00e1-los, copi\u00e1-los, redistribu\u00ed-los e\/ou modific\u00e1-los sob os termos dessa licen\u00e7a conforme publicada pela Free Software Foundation; seja a vers\u00e3o 2 da Licen\u00e7a, ou (\u00e0 tua escolha) qualquer vers\u00e3o posterior. Para mais detalhes, l\u00ea os termos da <a href=\"https:\/\/www.gnu.org\/licenses\/gpl-2.0.txt\" target=\"_blank\" rel=\"noopener\">GNU General Public License<\/a> e as suas <a href=\"https:\/\/www.gnu.org\/licenses\/gpl-faq.html\" target=\"_blank\" rel=\"noopener\">FAQ<\/a>. <\/p>\n\n<p>Estes programas s\u00e3o distribu\u00eddos na esperan\u00e7a de que sejam \u00fateis, mas SEM QUALQUER GARANTIA; sem sequer a garantia impl\u00edcita de COMERCIALIZA\u00c7\u00c3O ou ADEQUA\u00c7\u00c3O A UM PROP\u00d3SITO PARTICULAR.<\/p>\n\n<p>A GNU General Public License e outras licen\u00e7as sob as quais as aplica\u00e7\u00f5es Sweet Home 3D, Sweet Home 3D Mobile, Furniture Library Editor, Textures Library Editor e Sweet Home 3D JS est\u00e3o dispon\u00edveis, permitem-te publicar os documentos criados com estas aplica\u00e7\u00f5es, seja para uso pessoal ou comercial, dentro dos limites dos direitos concedidos pelas licen\u00e7as dos modelos 3D e texturas que importaste nos documentos gerados com estas aplica\u00e7\u00f5es.<br\/>Podes usar e redistribuir os modelos 3D e as texturas dispon\u00edveis nos cat\u00e1logos padr\u00e3o de todas as vers\u00f5es do Sweet Home 3D para uso pessoal ou comercial, bem como os <g id=\"gid_0\">modelos 3D gratuitos<\/g> hospedados em <g id=\"gid_1\">sweethome3d.com<\/g>, e as <g id=\"gid_2\">bibliotecas de m\u00f3veis<\/g> ou <g id=\"gid_3\">bibliotecas de texturas<\/g> dispon\u00edveis entre os <g id=\"gid_4\">ficheiros do Sweet Home 3D no SourceForge.net<\/g>. Se inclu\u00edres alguns destes modelos 3D e texturas nos teus documentos, deves atribuir o autor daqueles que s\u00e3o distribu\u00eddos sob <a href=\"https:\/\/artlibre.org\/licence\/lal\/en\/\" target=\"_blank\" rel=\"noopener\">Free Art License<\/a> ou <a href=\"https:\/\/creativecommons.org\/licenses\/by\/3.0\/\" target=\"_blank\" rel=\"noopener\">CC-BY License<\/a>, possivelmente usando um aviso semelhante ao seguinte (incluindo os links para permitir que os utilizadores encontrem os autores das pe\u00e7as de arte que usaste):  <\/p>\n\n<div class=\"wp-block-group is-nowrap is-layout-flex wp-container-core-group-is-layout-ad2f72ca wp-block-group-is-layout-flex\">\n<div style=\"height:10px;width:0px\" aria-hidden=\"true\" class=\"wp-block-spacer wp-container-content-728072c3\"><\/div>\n\n\n\n<p><em>Projeto criado com <a href=\"\/\">Sweet Home 3D<\/a>. Inclui <a href=\"https:\/\/wp-test-1.sweethome3d.eu\/pt\/modelos-3d-gratuitos\/\" data-type=\"page\" data-id=\"4869\">modelos 3D<\/a> e <a href=\"https:\/\/wp-test-1.sweethome3d.eu\/pt\/importar-texturas\/\" data-type=\"page\" data-id=\"4928\">texturas<\/a> distribu\u00eddos sob uma licen\u00e7a livre. <\/em><\/p>\n<\/div>\n\n<p>Usar e redistribuir modelos 3D ou texturas encontrados em <strong>outros s\u00edtios web<\/strong> pode ser restringido pela licen\u00e7a sob a qual s\u00e3o distribu\u00eddos, e cabe-te verificar a sua licen\u00e7a. Por exemplo, os modelos 3D dispon\u00edveis no <a href=\"https:\/\/www.2d3dmodels.com\/3dmodels.htm\" target=\"_blank\" rel=\"noopener\">Archibit<\/a> s\u00e3o distribu\u00eddos sob a licen\u00e7a <a href=\"https:\/\/creativecommons.org\/licenses\/by-nc-sa\/2.5\/it\/\" target=\"_blank\" rel=\"noopener\">Creative Commons BY-NC-SA<\/a> que pro\u00edbe usar uma obra para fins comerciais, enquanto as sec\u00e7\u00f5es 1.B e 2.vi da <a href=\"https:\/\/3dwarehouse.sketchup.com\/tos#license\" target=\"_blank\" rel=\"noopener\">General Model License<\/a> para os modelos dispon\u00edveis no <a href=\"https:\/\/3dwarehouse.sketchup.com\/\" target=\"_blank\" rel=\"noopener\">Trimble 3D Warehouse<\/a> permite-te us\u00e1-los para <em>fins comerciais (incluindo para prop\u00f3sitos comerciais)<\/em>, mas pro\u00edbe <em>agregar qualquer conte\u00fado obtido do Site para redistribui\u00e7\u00e3o<\/em>, uma condi\u00e7\u00e3o que impede redistribuir bibliotecas de m\u00f3veis contendo modelos do 3D Warehouse. <\/p>\n\n<p>A GNU General Public License permite-te tamb\u00e9m redistribuir livremente sob a mesma licen\u00e7a a vers\u00e3o gratuita da aplica\u00e7\u00e3o Sweet Home 3D, as aplica\u00e7\u00f5es Furniture Library Editor e Textures Library Editor, bem como o Sweet Home 3D JS, se forneceres os termos da <a href=\"https:\/\/www.gnu.org\/licenses\/gpl-2.0.txt\" target=\"_blank\" rel=\"noopener\">GNU General Public License<\/a> com eles e adicionares o seguinte aviso de copyright no local apropriado (com um link para o s\u00edtio web <a href=\"\/\">https:\/\/www.sweethome3d.com<\/a> quando poss\u00edvel):<\/p>\n\n<div class=\"wp-block-group is-nowrap is-layout-flex wp-container-core-group-is-layout-ad2f72ca wp-block-group-is-layout-flex\">\n<div style=\"height:10px;width:0px\" aria-hidden=\"true\" class=\"wp-block-spacer wp-container-content-728072c3\"><\/div>\n\n\n\n<p><em><em>Sweet Home 3D, Copyright (c) 2024 Space Mushrooms &lt;info@sweehome3d.com&gt;<\/em><\/em><\/p>\n<\/div>\n\n<p>Esta regra aplica-se tamb\u00e9m ao uso do <a href=\"https:\/\/sourceforge.net\/projects\/sweethome3d\/files\/SweetHome3D-viewer\/SweetHome3DJSViewer-7.5.2.zip\/download\" target=\"_blank\" rel=\"noopener\">Sweet Home 3D JS Viewer<\/a> ou da <a href=\"https:\/\/wp-test-1.sweethome3d.eu\/pt\/sweet-home-3d-online-manager\/\" data-type=\"page\" data-id=\"398\">vers\u00e3o online<\/a> no teu s\u00edtio web, que \u00e9 uma esp\u00e9cie de redistribui\u00e7\u00e3o.<\/p>\n\n<p><em>Nota que a GNU General Public License pro\u00edbe programadores que n\u00e3o possuem os direitos de autor do Sweet Home 3D de criar programas propriet\u00e1rios derivados deste software ou incorpor\u00e1-lo em programas propriet\u00e1rios.<\/em><\/p>\n\n<p><em>Se est\u00e1s interessado no Sweet Home 3D para tal uso, escreve para <a href=\"mailto:info@sweethome3d.com\">info@sweethome3d.com<\/a> para obteres informa\u00e7\u00f5es sobre as outras licen\u00e7as dispon\u00edveis que poderiam atender \u00e0s tuas necessidades.<\/em><\/p>\n\n<p>O Sweet Home 3D inclui tamb\u00e9m as seguintes bibliotecas distribu\u00eddas sob licen\u00e7as menos restritivas que a GNU GPL:<\/p>\n\n<ul class=\"wp-block-list\">\n<li>Biblioteca Java 3D distribu\u00edda sob <a href=\"https:\/\/www.opensource.org\/licenses\/bsd-license.php\" target=\"_blank\" rel=\"noopener\">licen\u00e7a BSD<\/a> e <a href=\"https:\/\/openjdk.java.net\/legal\/gplv2+ce.html\" target=\"_blank\" rel=\"noopener\">GNU General Public License com a Exce\u00e7\u00e3o Classpath<\/a>,<\/li>\n\n\n\n<li>Biblioteca <a href=\"https:\/\/java.sun.com\/javase\/technologies\/desktop\/media\/jmf\/\" target=\"_blank\" rel=\"noopener\">Java Media Framework<\/a> distribu\u00edda sob <a href=\"https:\/\/java.sun.com\/javase\/technologies\/desktop\/media\/jmf\/2.1.1\/license.html\" target=\"_blank\" rel=\"noopener\">JMF 2.1.1 Binary Code License<\/a>,<\/li>\n\n\n\n<li>Biblioteca de impress\u00e3o PDF <a href=\"https:\/\/www.lowagie.com\/iText\/\" target=\"_blank\" rel=\"noopener\">iText<\/a> vers\u00e3o 2.1.7 distribu\u00edda sob <a href=\"https:\/\/www.gnu.org\/licenses\/old-licenses\/lgpl-2.1.txt\" target=\"_blank\" rel=\"noopener\">GNU Lesser General Public License<\/a>,<\/li>\n\n\n\n<li>Biblioteca de exporta\u00e7\u00e3o SVG <a href=\"https:\/\/java.freehep.org\/\" target=\"_blank\" rel=\"noopener\">FreeHep<\/a> distribu\u00edda sob <a href=\"https:\/\/www.gnu.org\/licenses\/old-licenses\/lgpl-2.1.txt\" target=\"_blank\" rel=\"noopener\">GNU Lesser General Public License<\/a>,<\/li>\n\n\n\n<li>Biblioteca de compila\u00e7\u00e3o de caminhos SVG <a href=\"https:\/\/xmlgraphics.apache.org\/batik\/\" target=\"_blank\" rel=\"noopener\">Batik<\/a> <a href=\"https:\/\/xmlgraphics.apache.org\/batik\/\" target=\"_blank\" rel=\"noopener\"><\/a>distribu\u00edda sob <a href=\"https:\/\/xmlgraphics.apache.org\/batik\/license.html\" target=\"_blank\" rel=\"noopener\">Apache License<\/a>,<\/li>\n\n\n\n<li>Biblioteca <a href=\"https:\/\/www.eteks.com\/jeks\/\" target=\"_blank\" rel=\"noopener\">Jeks Parser calculator<\/a> para suporte de express\u00f5es matem\u00e1ticas distribu\u00edda sob <a href=\"https:\/\/www.gnu.org\/licenses\/old-licenses\/lgpl-2.1.txt\" target=\"_blank\" rel=\"noopener\">GNU Lesser General Public License<\/a>,<\/li>\n\n\n\n<li>Biblioteca de renderiza\u00e7\u00e3o de ilumina\u00e7\u00e3o global <a href=\"https:\/\/sunflow.sourceforge.net\/\" target=\"_blank\" rel=\"noopener\">SunFlow<\/a> distribu\u00edda sob <a href=\"https:\/\/www.opensource.org\/licenses\/mit-license.php\" target=\"_blank\" rel=\"noopener\">licen\u00e7a MIT<\/a>,<\/li>\n\n\n\n<li>Biblioteca de renderiza\u00e7\u00e3o <a href=\"https:\/\/github.com\/YafaRay\" target=\"_blank\" rel=\"noopener\">YafaRay<\/a> distribu\u00edda sob <a href=\"https:\/\/www.gnu.org\/licenses\/old-licenses\/lgpl-2.1.txt\" target=\"_blank\" rel=\"noopener\">GNU Lesser General Public License<\/a><a href=\"https:\/\/www.opensource.org\/licenses\/mit-license.php\" target=\"_blank\" rel=\"noopener\"><\/a>,<\/li>\n\n\n\n<li><a href=\"https:\/\/wp-test-1.sweethome3d.eu\/pt\/modelos-3d-gratuitos\/\" data-type=\"page\" data-id=\"4869\">Modelos 3D<\/a> e texturas dispon\u00edveis nos cat\u00e1logos da vers\u00e3o gratuita s\u00e3o distribu\u00eddos sob GNU GPL ou <a>CC-BY License<\/a>,<\/li>\n\n\n\n<li>os <a href=\"https:\/\/wp-test-1.sweethome3d.eu\/pt\/modelos-3d-gratuitos\/\" data-type=\"page\" data-id=\"4869\">modelos 3D<\/a> e <a href=\"https:\/\/wp-test-1.sweethome3d.eu\/pt\/importar-texturas\/\" data-type=\"page\" data-id=\"4928\">texturas<\/a> adicionais dispon\u00edveis nos cat\u00e1logos das vers\u00f5es da <a href=\"https:\/\/apps.apple.com\/app\/sweet-home-3d\/id669289700\" target=\"_blank\" rel=\"noopener\">Mac App Store<\/a>, <a href=\"https:\/\/apps.microsoft.com\/detail\/9nblggh2smtq\" target=\"_blank\" rel=\"noopener\">Microsoft Store<\/a> e <a href=\"https:\/\/www.amazon.com\/gp\/product\/B00NLVKPDM\" target=\"_blank\" rel=\"noopener\">Amazon Store<\/a> s\u00e3o distribu\u00eddos sob <a href=\"https:\/\/artlibre.org\/licence\/lal\/en\" target=\"_blank\" rel=\"noopener\">Free Art Licence<\/a>, <a href=\"https:\/\/creativecommons.org\/licenses\/by\/3.0\/\" target=\"_blank\" rel=\"noopener\">CC-BY License<\/a> ou est\u00e3o dispon\u00edveis em dom\u00ednio p\u00fablico dependendo dos modelos.<\/li>\n<\/ul>\n\n<p>O Sweet Home 3D JS depende tamb\u00e9m das seguintes bibliotecas:<\/p>\n\n<ul class=\"wp-block-list\">\n<li>Biblioteca <a href=\"https:\/\/stuk.github.io\/jszip\/\" target=\"_blank\" rel=\"noopener\">JSZip<\/a> distribu\u00edda sob <a href=\"https:\/\/github.com\/Stuk\/jszip\/blob\/master\/LICENSE.markdown\" target=\"_blank\" rel=\"noopener\">licen\u00e7a MIT<\/a>,<\/li>\n\n\n\n<li>Biblioteca <a href=\"https:\/\/glmatrix.net\/\" target=\"_blank\" rel=\"noopener\">glMatrix<\/a> distribu\u00edda sob <a href=\"https:\/\/github.com\/toji\/gl-matrix\/blob\/master\/LICENSE.md\" target=\"_blank\" rel=\"noopener\">licen\u00e7a MIT<\/a>,<\/li>\n\n\n\n<li>Biblioteca <a href=\"https:\/\/github.com\/MikeMcl\/big.js\/\" target=\"_blank\" rel=\"noopener\">big.js<\/a> distribu\u00edda sob <a href=\"https:\/\/github.com\/MikeMcl\/big.js\/blob\/main\/LICENCE.md\" target=\"_blank\" rel=\"noopener\">licen\u00e7a MIT<\/a>,<\/li>\n\n\n\n<li>Biblioteca <a href=\"https:\/\/github.com\/ndebeiss\/jsXmlSaxParser\" target=\"_blank\" rel=\"noopener\">jsXmlSaxParser<\/a> distribu\u00edda sob <a href=\"https:\/\/raw.githubusercontent.com\/ndebeiss\/jsXmlSaxParser\/master\/LICENSE\" target=\"_blank\" rel=\"noopener\">licen\u00e7a Apache<\/a>,<\/li>\n\n\n\n<li>Tradu\u00e7\u00e3o JavaScript da classe <code>Triangulator<\/code> na biblioteca <a href=\"https:\/\/github.com\/hharrison\/java3d-utils\" target=\"_blank\" rel=\"noopener\">Java 3D utils<\/a> distribu\u00edda sob <a href=\"https:\/\/github.com\/hharrison\/java3d-utils\/blob\/master\/LICENSE.txt\" target=\"_blank\" rel=\"noopener\">licen\u00e7a BSD<\/a>,<\/li>\n\n\n\n<li>Tradu\u00e7\u00e3o JavaScript da biblioteca de compila\u00e7\u00e3o de caminhos SVG <a href=\"https:\/\/xmlgraphics.apache.org\/batik\/\" target=\"_blank\" rel=\"noopener\">Batik<\/a> distribu\u00edda sob <a href=\"https:\/\/xmlgraphics.apache.org\/batik\/license.html\" target=\"_blank\" rel=\"noopener\">Apache License<\/a>,<\/li>\n\n\n\n<li>Biblioteca <a href=\"https:\/\/github.com\/stleary\/JSON-java\" target=\"_blank\" rel=\"noopener\">JSON.org<\/a> distribu\u00edda sob <a href=\"https:\/\/github.com\/stleary\/JSON-java\/blob\/master\/LICENSE\" target=\"_blank\" rel=\"noopener\">licen\u00e7a livre JSON<\/a>,<\/li>\n\n\n\n<li>Tradu\u00e7\u00e3o JavaScript dos pacotes <code>java.awt.geom<\/code> e <code>javax.swing.undo<\/code> na biblioteca <a href=\"https:\/\/openjdk.java.net\/\" target=\"_blank\" rel=\"noopener\">OpenJDK<\/a> distribu\u00edda sob <a href=\"https:\/\/openjdk.java.net\/legal\/gplv2+ce.html\" target=\"_blank\" rel=\"noopener\">GNU General Public License com a Exce\u00e7\u00e3o Classpath<\/a>.<\/li>\n<\/ul>\n","protected":false},"excerpt":{"rendered":"<p>Sweet Home 3D, Copyright (c) 2024 Space Mushrooms &lt;info@sweethome3d.com&gt; A vers\u00e3o gratuita da aplica\u00e7\u00e3o Sweet Home 3D, as aplica\u00e7\u00f5es Furniture Library Editor e Textures Library Editor, bem como o Sweet Home 3D JS s\u00e3o distribu\u00eddos sob a GNU General Public License; podes us\u00e1-los, copi\u00e1-los, redistribu\u00ed-los e\/ou modific\u00e1-los sob os termos dessa licen\u00e7a conforme publicada pela [&hellip;]<\/p>\n","protected":false},"author":2,"featured_media":0,"parent":0,"menu_order":0,"comment_status":"closed","ping_status":"closed","template":"","meta":{"inline_featured_image":false,"footnotes":""},"class_list":["post-11840","page","type-page","status-publish","hentry"],"_links":{"self":[{"href":"https:\/\/wp-test-1.sweethome3d.eu\/pt\/wp-json\/wp\/v2\/pages\/11840","targetHints":{"allow":["GET"]}}],"collection":[{"href":"https:\/\/wp-test-1.sweethome3d.eu\/pt\/wp-json\/wp\/v2\/pages"}],"about":[{"href":"https:\/\/wp-test-1.sweethome3d.eu\/pt\/wp-json\/wp\/v2\/types\/page"}],"author":[{"embeddable":true,"href":"https:\/\/wp-test-1.sweethome3d.eu\/pt\/wp-json\/wp\/v2\/users\/2"}],"replies":[{"embeddable":true,"href":"https:\/\/wp-test-1.sweethome3d.eu\/pt\/wp-json\/wp\/v2\/comments?post=11840"}],"version-history":[{"count":1,"href":"https:\/\/wp-test-1.sweethome3d.eu\/pt\/wp-json\/wp\/v2\/pages\/11840\/revisions"}],"predecessor-version":[{"id":11841,"href":"https:\/\/wp-test-1.sweethome3d.eu\/pt\/wp-json\/wp\/v2\/pages\/11840\/revisions\/11841"}],"wp:attachment":[{"href":"https:\/\/wp-test-1.sweethome3d.eu\/pt\/wp-json\/wp\/v2\/media?parent=11840"}],"curies":[{"name":"wp","href":"https:\/\/api.w.org\/{rel}","templated":true}]}}