{"id":11876,"date":"2025-09-11T08:47:20","date_gmt":"2025-09-11T08:47:20","guid":{"rendered":"https:\/\/wp-test-1.sweethome3d.eu\/politica-de-privacidade\/"},"modified":"2025-11-04T11:15:01","modified_gmt":"2025-11-04T11:15:01","slug":"politica-de-privacidade","status":"publish","type":"page","link":"https:\/\/wp-test-1.sweethome3d.eu\/pt\/politica-de-privacidade\/","title":{"rendered":"Pol\u00edtica de Privacidade"},"content":{"rendered":"\n<p>A Space Mushrooms, propriet\u00e1ria do software Sweet Home 3D e dos direitos autorais, bem como do site <code>sweethome3d.com<\/code>, n\u00e3o coleta dados privados no site <code>sweethome3d.com<\/code>, exceto para usu\u00e1rios <a href=\"https:\/\/www.sweethome3d.com\/support\/forum\/registermember\" target=\"_blank\" rel=\"noopener\">registrados<\/a> no <a href=\"https:\/\/www.sweethome3d.com\/support\/forum\/?lang=en\" target=\"_blank\" rel=\"noopener\">f\u00f3rum<\/a>. Os registros de tr\u00e1fego armazenados no servidor n\u00e3o s\u00e3o p\u00fablicos e <x id=\"gid_4\"><\/x> n\u00e3o exibe nenhuma publicidade.<br\/>No entanto, a maioria das p\u00e1ginas publicadas no site <x id=\"gid_5\"><\/x> exibe o logotipo do Sourceforge, algumas p\u00e1ginas mostram v\u00eddeos hospedados em outros lugares, e o f\u00f3rum permite que os usu\u00e1rios compartilhem imagens hospedadas em outros sites. Essas imagens e v\u00eddeos v\u00eam de <code>sourceforge.net<\/code>, <code>youtube.com<\/code>, <code>dailymotion.com<\/code> e outros servidores web, possivelmente permitindo que os propriet\u00e1rios desses sites rastreiem as visitas dos usu\u00e1rios no site <code>sweethome3d.com<\/code> conforme sua vontade.  <\/p>\n\n<p>Para usu\u00e1rios registrados, os dados armazenados em <code>sweethome3d.com<\/code> consistem em:<\/p>\n\n<ul class=\"wp-block-list\">\n<li>as informa\u00e7\u00f5es fornecidas no momento do registro (pelo menos um login, uma senha criptografada e um e-mail)<\/li>\n\n\n\n<li>suas mensagens postadas no <a href=\"https:\/\/www.sweethome3d.com\/support\/forum\/?lang=en\" target=\"_blank\" rel=\"noopener\">f\u00f3rum<\/a><\/li>\n\n\n\n<li>as casas online que eles criaram no <a href=\"https:\/\/wp-test-1.sweethome3d.eu\/pt\/sweet-home-3d-online-manager\/\" data-type=\"page\" data-id=\"398\">Sweet Home 3D Online<\/a> ou exportaram no <a href=\"https:\/\/wp-test-1.sweethome3d.eu\/pt\/gerenciador-de-casas-exportadas\/\" data-type=\"page\" data-id=\"4976\">Gerenciador de casas exportadas<\/a>.<\/li>\n<\/ul>\n\n<p>Os dados das casas s\u00e3o privados, a menos que o usu\u00e1rio concorde explicitamente em compartilh\u00e1-los publicamente. Cada usu\u00e1rio pode recuperar seus pr\u00f3prios dados por conta pr\u00f3pria ou solicitar sua remo\u00e7\u00e3o, se necess\u00e1rio, escrevendo para <g id=\"gid_0\">info@sweethome3d.com<\/g>. A Space Mushrooms garante que todas as medidas necess\u00e1rias s\u00e3o tomadas para assegurar que os dados das casas dos usu\u00e1rios gerenciados sob a propriedade anterior do site eTeks nunca ser\u00e3o usados para qualquer finalidade sem informar os usu\u00e1rios.  <\/p>\n\n<p><strong>Aplicativos Distribu\u00eddos Atrav\u00e9s de Lojas de Terceiros<\/strong><br\/>As informa\u00e7\u00f5es sobre os usu\u00e1rios que baixam e instalam o Sweet Home 3D ou o Sweet Home 3D Mobile da Mac App Store, App Store, Microsoft Store, Google Play ou Amazon s\u00e3o principalmente gerenciadas por essas empresas. A Space Mushrooms n\u00e3o recebe dados pessoalmente identific\u00e1veis sobre os usu\u00e1rios dessas plataformas. <\/p>\n\n<p><strong>An\u00e1lises e Rastreamento em Aplicativos<\/strong><br\/>Nossas vers\u00f5es iOS e macOS do Sweet Home 3D incluem o Firebase Analytics para fins de melhoria do aplicativo. O Firebase Analytics coleta dados como estat\u00edsticas an\u00f4nimas de uso do aplicativo e relat\u00f3rios de falhas. Esses dados n\u00e3o est\u00e3o vinculados \u00e0 sua identidade e s\u00e3o usados exclusivamente para melhorar a funcionalidade e a experi\u00eancia do usu\u00e1rio do aplicativo. Nenhum dado pessoal, como nomes ou e-mails, \u00e9 coletado por n\u00f3s atrav\u00e9s do Firebase.   <\/p>\n\n<p>Veja tamb\u00e9m o <a href=\"https:\/\/wp-test-1.sweethome3d.eu\/pt\/politica-de-privacidade\/\" data-type=\"page\" data-id=\"3\">aviso legal<\/a> para mais informa\u00e7\u00f5es sobre a Space Mushrooms e o Sweet Home 3D.<\/p>\n","protected":false},"excerpt":{"rendered":"<p>A Space Mushrooms, propriet\u00e1ria do software Sweet Home 3D e dos direitos autorais, bem como do site sweethome3d.com, n\u00e3o coleta dados privados no site sweethome3d.com, exceto para usu\u00e1rios registrados no f\u00f3rum. Os registros de tr\u00e1fego armazenados no servidor n\u00e3o s\u00e3o p\u00fablicos e n\u00e3o exibe nenhuma publicidade.No entanto, a maioria das p\u00e1ginas publicadas no site exibe [&hellip;]<\/p>\n","protected":false},"author":1,"featured_media":0,"parent":0,"menu_order":0,"comment_status":"closed","ping_status":"open","template":"","meta":{"inline_featured_image":false,"footnotes":""},"class_list":["post-11876","page","type-page","status-publish","hentry"],"_links":{"self":[{"href":"https:\/\/wp-test-1.sweethome3d.eu\/pt\/wp-json\/wp\/v2\/pages\/11876","targetHints":{"allow":["GET"]}}],"collection":[{"href":"https:\/\/wp-test-1.sweethome3d.eu\/pt\/wp-json\/wp\/v2\/pages"}],"about":[{"href":"https:\/\/wp-test-1.sweethome3d.eu\/pt\/wp-json\/wp\/v2\/types\/page"}],"author":[{"embeddable":true,"href":"https:\/\/wp-test-1.sweethome3d.eu\/pt\/wp-json\/wp\/v2\/users\/1"}],"replies":[{"embeddable":true,"href":"https:\/\/wp-test-1.sweethome3d.eu\/pt\/wp-json\/wp\/v2\/comments?post=11876"}],"version-history":[{"count":1,"href":"https:\/\/wp-test-1.sweethome3d.eu\/pt\/wp-json\/wp\/v2\/pages\/11876\/revisions"}],"predecessor-version":[{"id":11877,"href":"https:\/\/wp-test-1.sweethome3d.eu\/pt\/wp-json\/wp\/v2\/pages\/11876\/revisions\/11877"}],"wp:attachment":[{"href":"https:\/\/wp-test-1.sweethome3d.eu\/pt\/wp-json\/wp\/v2\/media?parent=11876"}],"curies":[{"name":"wp","href":"https:\/\/api.w.org\/{rel}","templated":true}]}}