{"id":5802,"date":"2025-09-18T11:52:32","date_gmt":"2025-09-18T11:52:32","guid":{"rendered":"https:\/\/wp-test-1.sweethome3d.eu\/documentacao\/"},"modified":"2025-11-03T15:22:31","modified_gmt":"2025-11-03T15:22:31","slug":"documentacao","status":"publish","type":"page","link":"https:\/\/wp-test-1.sweethome3d.eu\/pt\/documentacao\/","title":{"rendered":"Documenta\u00e7\u00e3o"},"content":{"rendered":"<ul class=\"simpletoc-list\">\n<li><a href=\"#guias-do-usuario\">Guias do usu\u00e1rio<\/a>\n\n<\/li>\n<li><a href=\"#tutoriais-em-video\">Tutoriais em v\u00eddeo<\/a>\n\n\n<\/li>\n\n<\/li>\n\n<\/li>\n\n<\/li>\n\n<li><a href=\"#guias-do-desenvolvedor\">Guias do desenvolvedor<\/a>\n\n<\/li>\n<li><a href=\"#avaliacoes-e-premios\">Avalia\u00e7\u00f5es e pr\u00eamios<\/a>\n<\/li><\/ul>\n<p class=\"has-text-align-center\">Esta p\u00e1gina descreve as documenta\u00e7\u00f5es atualmente dispon\u00edveis para o <a href=\"\/\">Sweet Home 3D<\/a>.<\/p>\n<h2 class=\"wp-block-heading\" id=\"guias-do-usuario\"><img loading=\"lazy\" decoding=\"async\" width=\"16\" height=\"12\" src=\"https:\/\/www.sweethome3d.com\/images\/bullet.gif\">Guias do usu\u00e1rio<\/h2>\n<p>O guia do usu\u00e1rio do <a href=\"https:\/\/wp-test-1.sweethome3d.eu\/pt\/baixar\/\" data-type=\"page\" data-id=\"396\">Sweet Home 3D<\/a> est\u00e1 dispon\u00edvel <a href=\"https:\/\/wp-test-1.sweethome3d.eu\/pt\/guia-do-usuario-do-sweet-home-3d\/\" data-type=\"page\" data-id=\"424\">nesta p\u00e1gina<\/a>, e a lista de seus atalhos <a href=\"\/storage\/SweetHome3DShortcuts.pdf\">neste documento<\/a> (PDF).<\/p>\n\n<p>O <a href=\"https:\/\/wp-test-1.sweethome3d.eu\/pt\/baixar\/\" data-type=\"page\" data-id=\"396\">Sweet Home 3D<\/a> tamb\u00e9m fornece uma <a href=\"https:\/\/wp-test-1.sweethome3d.eu\/pt\/perguntas-frequentes\/\" data-type=\"page\" data-id=\"422\">FAQ<\/a> regularmente atualizada e uma ajuda completa acess\u00edvel a partir do item de menu <em>Ajuda &gt; Ajuda do Sweet Home 3D<\/em>.<\/p>\n\n<div class=\"wp-block-group is-nowrap is-layout-flex wp-container-core-group-is-layout-ad2f72ca wp-block-group-is-layout-flex\">\n<figure class=\"wp-block-image size-full\"><img loading=\"lazy\" decoding=\"async\" width=\"381\" height=\"284\" src=\"https:\/\/wp-test-1.sweethome3d.eu\/wp-content\/uploads\/2025\/10\/SweetHome3DHelp.png\" alt=\"Ajuda da documenta&#xE7;&#xE3;o do Sweet Home 3D \" class=\"wp-image-4791\" srcset=\"https:\/\/wp-test-1.sweethome3d.eu\/wp-content\/uploads\/2025\/10\/SweetHome3DHelp.png 381w, https:\/\/wp-test-1.sweethome3d.eu\/wp-content\/uploads\/2025\/10\/SweetHome3DHelp-360x268.png 360w, https:\/\/wp-test-1.sweethome3d.eu\/wp-content\/uploads\/2025\/10\/SweetHome3DHelp-174x130.png 174w\" sizes=\"auto, (max-width: 381px) 100vw, 381px\" \/><\/figure>\n<\/div>\n\n<p>Voc\u00ea tamb\u00e9m pode ler os seguintes guias escritos por colaboradores:<\/p>\n\n<ul class=\"wp-block-list\">\n<li><a href=\"https:\/\/wp-test-1.sweethome3d.eu\/wp-content\/uploads\/2025\/10\/personalizedTexturesGuide.pdf\" data-type=\"attachment\" data-id=\"4801\">Como criar texturas personalizadas para o Sweet Home 3D<\/a> (PDF) por Ouais, traduzido por Hans Dirkse<\/li>\n\n\n\n<li><a href=\"https:\/\/wp-test-1.sweethome3d.eu\/wp-content\/uploads\/2025\/10\/multiLevelHouseGuide.pdf\" data-type=\"attachment\" data-id=\"4800\">Como criar uma casa de v\u00e1rios n\u00edveis com o Sweet Home 3D 3.3 ou vers\u00f5es anteriores<\/a> (PDF) por Hans Dirkse<\/li>\n\n\n\n<li><a href=\"https:\/\/wp-test-1.sweethome3d.eu\/wp-content\/uploads\/2025\/10\/pluginsUserGuide.pdf\" data-type=\"attachment\" data-id=\"4799\">Tutorial para Plug-ins e Extens\u00f5es<\/a> (PDF) por Hans Dirkse<\/li>\n\n\n\n<li><a href=\"https:\/\/wp-test-1.sweethome3d.eu\/wp-content\/uploads\/2025\/10\/slopingCeilingGuide.pdf\" data-type=\"attachment\" data-id=\"4798\">Tutorial para tetos inclinados, telhados, mansardas e mais<\/a> (PDF) por Hans Dirkse<\/li>\n\n\n\n<li><a href=\"https:\/\/wp-test-1.sweethome3d.eu\/wp-content\/uploads\/2025\/10\/SVGPathMiniManualForSweetHome3D.pdf\" data-type=\"attachment\" data-id=\"4797\">Guia para recortes de caminho SVG e outras propriedades de m\u00f3veis<\/a> (PDF) por OKH<\/li>\n\n\n\n<li><a href=\"https:\/\/wp-test-1.sweethome3d.eu\/pt\/dicas-e-truques\/\" data-type=\"page\" data-id=\"426\">Algumas dicas no blog do Sweet Home 3D<\/a><\/li>\n<\/ul>\n<h2 class=\"wp-block-heading\" id=\"tutoriais-em-video\"><img loading=\"lazy\" decoding=\"async\" width=\"16\" height=\"12\" src=\"https:\/\/www.sweethome3d.com\/images\/bullet.gif\">Tutoriais em v\u00eddeo<\/h2>\n<p>Assista aos seguintes tutoriais em v\u00eddeo para aprender como usar os recursos b\u00e1sicos do Sweet Home 3D no computador e no celular.<\/p>\n<h3 class=\"wp-block-heading\" id=\"desenhar-plantas-e-niveis\">Desenhar plantas e n\u00edveis<\/h3>\n<div class=\"wp-block-group is-layout-grid wp-container-core-group-is-layout-da7a6a80 wp-block-group-is-layout-grid\">\n<figure class=\"wp-block-embed is-type-video is-provider-youtube wp-block-embed-youtube wp-embed-aspect-16-9 wp-has-aspect-ratio embed-responsive\"><div class=\"wp-block-embed__wrapper\">\n<iframe loading=\"lazy\" title=\"Sweet Home 3D Tutorial: Layer Control Walkthrough\" width=\"500\" height=\"281\" src=\"https:\/\/www.youtube.com\/embed\/7c5OMgbHFUs?feature=oembed\" frameborder=\"0\" allow=\"accelerometer; autoplay; clipboard-write; encrypted-media; gyroscope; picture-in-picture; web-share\" referrerpolicy=\"strict-origin-when-cross-origin\" allowfullscreen><\/iframe>\n<\/div><\/figure>\n\n\n\n<figure class=\"wp-block-embed is-type-video is-provider-youtube wp-block-embed-youtube wp-embed-aspect-16-9 wp-has-aspect-ratio embed-responsive\"><div class=\"wp-block-embed__wrapper\">\n<iframe loading=\"lazy\" title=\"Sweet Home 3D Tutorial - 1 Minute to create a balcony\" width=\"500\" height=\"281\" src=\"https:\/\/www.youtube.com\/embed\/dByMK7ezL7U?feature=oembed\" frameborder=\"0\" allow=\"accelerometer; autoplay; clipboard-write; encrypted-media; gyroscope; picture-in-picture; web-share\" referrerpolicy=\"strict-origin-when-cross-origin\" allowfullscreen><\/iframe>\n<\/div><\/figure>\n<\/div>\n<h3 class=\"wp-block-heading\" id=\"inserir-e-personalizar-moveis\">Inserir e personalizar m\u00f3veis<\/h3>\n<div class=\"wp-block-group is-layout-grid wp-container-core-group-is-layout-da7a6a80 wp-block-group-is-layout-grid\">\n<figure class=\"wp-block-embed is-type-video is-provider-youtube wp-block-embed-youtube embed-responsive wp-embed-aspect-16-9 wp-has-aspect-ratio\"><div class=\"wp-block-embed__wrapper\">\n<iframe loading=\"lazy\" title=\"Sweet Home 3D Tutorial - How to customize furniture\" width=\"500\" height=\"281\" src=\"https:\/\/www.youtube.com\/embed\/5Ni5zE4q5kk?feature=oembed\" frameborder=\"0\" allow=\"accelerometer; autoplay; clipboard-write; encrypted-media; gyroscope; picture-in-picture; web-share\" referrerpolicy=\"strict-origin-when-cross-origin\" allowfullscreen><\/iframe>\n<\/div><\/figure>\n\n\n\n<figure class=\"wp-block-embed is-type-video is-provider-youtube wp-block-embed-youtube embed-responsive wp-embed-aspect-16-9 wp-has-aspect-ratio\"><div class=\"wp-block-embed__wrapper\">\n<iframe loading=\"lazy\" title=\"Sweet Home 3D Tutorial - How to create new furniture\" width=\"500\" height=\"281\" src=\"https:\/\/www.youtube.com\/embed\/4zEG8dqNy6w?feature=oembed\" frameborder=\"0\" allow=\"accelerometer; autoplay; clipboard-write; encrypted-media; gyroscope; picture-in-picture; web-share\" referrerpolicy=\"strict-origin-when-cross-origin\" allowfullscreen><\/iframe>\n<\/div><\/figure>\n\n\n\n<figure class=\"wp-block-embed is-type-video is-provider-youtube wp-block-embed-youtube embed-responsive wp-embed-aspect-16-9 wp-has-aspect-ratio\"><div class=\"wp-block-embed__wrapper\">\n<iframe loading=\"lazy\" title=\"Sweet Home 3D Tutorial - How to combine models together\" width=\"500\" height=\"281\" src=\"https:\/\/www.youtube.com\/embed\/sljp8C4WwGA?feature=oembed\" frameborder=\"0\" allow=\"accelerometer; autoplay; clipboard-write; encrypted-media; gyroscope; picture-in-picture; web-share\" referrerpolicy=\"strict-origin-when-cross-origin\" allowfullscreen><\/iframe>\n<\/div><\/figure>\n\n\n\n<figure class=\"wp-block-embed is-type-video is-provider-youtube wp-block-embed-youtube embed-responsive wp-embed-aspect-16-9 wp-has-aspect-ratio\"><div class=\"wp-block-embed__wrapper\">\n<iframe loading=\"lazy\" title=\"Sweet Home 3D Tutorial - 1 Minute to create a mirror effect\" width=\"500\" height=\"281\" src=\"https:\/\/www.youtube.com\/embed\/_Lilr9r9JvU?feature=oembed\" frameborder=\"0\" allow=\"accelerometer; autoplay; clipboard-write; encrypted-media; gyroscope; picture-in-picture; web-share\" referrerpolicy=\"strict-origin-when-cross-origin\" allowfullscreen><\/iframe>\n<\/div><\/figure>\n<\/div>\n<h3 class=\"wp-block-heading\" id=\"renderizacao-de-fotos-e-videos\">Renderiza\u00e7\u00e3o de fotos e v\u00eddeos<\/h3>\n<div class=\"wp-block-group is-layout-grid wp-container-core-group-is-layout-da7a6a80 wp-block-group-is-layout-grid\">\n<figure class=\"wp-block-embed is-type-video is-provider-youtube wp-block-embed-youtube embed-responsive wp-embed-aspect-16-9 wp-has-aspect-ratio\"><div class=\"wp-block-embed__wrapper\">\n<iframe loading=\"lazy\" title=\"Sweet Home 3D Tutorial - How to create a video rendering\" width=\"500\" height=\"281\" src=\"https:\/\/www.youtube.com\/embed\/W_ExaiIvSHU?feature=oembed\" frameborder=\"0\" allow=\"accelerometer; autoplay; clipboard-write; encrypted-media; gyroscope; picture-in-picture; web-share\" referrerpolicy=\"strict-origin-when-cross-origin\" allowfullscreen><\/iframe>\n<\/div><\/figure>\n\n\n\n<figure class=\"wp-block-embed is-type-video is-provider-youtube wp-block-embed-youtube embed-responsive wp-embed-aspect-16-9 wp-has-aspect-ratio\"><div class=\"wp-block-embed__wrapper\">\n<iframe loading=\"lazy\" title=\"Sweet Home 3D - House with terrace video tour\" width=\"500\" height=\"281\" src=\"https:\/\/www.youtube.com\/embed\/wTnmSzyTvIs?feature=oembed\" frameborder=\"0\" allow=\"accelerometer; autoplay; clipboard-write; encrypted-media; gyroscope; picture-in-picture; web-share\" referrerpolicy=\"strict-origin-when-cross-origin\" allowfullscreen><\/iframe>\n<\/div><\/figure>\n<\/div>\n<h3 class=\"wp-block-heading\" id=\"visualizacao-3d\">Visualiza\u00e7\u00e3o 3D<\/h3>\n<div class=\"wp-block-group is-layout-grid wp-container-core-group-is-layout-da7a6a80 wp-block-group-is-layout-grid\">\n<figure class=\"wp-block-embed is-type-video is-provider-youtube wp-block-embed-youtube embed-responsive wp-embed-aspect-16-9 wp-has-aspect-ratio\"><div class=\"wp-block-embed__wrapper\">\n<iframe loading=\"lazy\" title=\"Sweet Home 3D Tutorial - 1 Minute to create a side view with dimensions\" width=\"500\" height=\"281\" src=\"https:\/\/www.youtube.com\/embed\/72Lz6qGNtr0?feature=oembed\" frameborder=\"0\" allow=\"accelerometer; autoplay; clipboard-write; encrypted-media; gyroscope; picture-in-picture; web-share\" referrerpolicy=\"strict-origin-when-cross-origin\" allowfullscreen><\/iframe>\n<\/div><\/figure>\n<\/div>\n<h3 class=\"wp-block-heading\" id=\"sweet-home-3d-mobile\">Sweet Home 3D Mobile<\/h3>\n<div class=\"wp-block-group is-layout-grid wp-container-core-group-is-layout-da7a6a80 wp-block-group-is-layout-grid\">\n<figure class=\"wp-block-embed is-type-video is-provider-youtube wp-block-embed-youtube embed-responsive wp-embed-aspect-16-9 wp-has-aspect-ratio\"><div class=\"wp-block-embed__wrapper\">\n<iframe loading=\"lazy\" title=\"Sweet Home 3D Tutorial for mobile version\" width=\"500\" height=\"281\" src=\"https:\/\/www.youtube.com\/embed\/kXd1S2xpaQk?feature=oembed\" frameborder=\"0\" allow=\"accelerometer; autoplay; clipboard-write; encrypted-media; gyroscope; picture-in-picture; web-share\" referrerpolicy=\"strict-origin-when-cross-origin\" allowfullscreen><\/iframe>\n<\/div><\/figure>\n<\/div>\n\n<p>Visite tamb\u00e9m o <a href=\"https:\/\/www.youtube.com\/SweetHome3D\" target=\"_blank\" rel=\"noopener\">canal do YouTube do Sweet Home 3D<\/a> para mais tutoriais e leia o artigo no blog sobre os <a href=\"\/blog\/2016\/11\/29\/best_video_tutorials_about_sweet_home_3d.html\">melhores tutoriais em v\u00eddeo<\/a>.<\/p>\n<h2 class=\"wp-block-heading\" id=\"guias-do-desenvolvedor\">Guias do desenvolvedor<\/h2>\n<p>Se voc\u00ea quer programar um <a href=\"https:\/\/wp-test-1.sweethome3d.eu\/pt\/plugins-e-ferramentas\/\" data-type=\"page\" data-id=\"437\">plug-in<\/a> para o <a href=\"https:\/\/wp-test-1.sweethome3d.eu\/pt\/baixar\/\" data-type=\"page\" data-id=\"396\">Sweet Home 3D<\/a>, leia primeiro o <a href=\"https:\/\/wp-test-1.sweethome3d.eu\/pt\/guia-do-desenvolvedor-de-plug-ins\/\" data-type=\"page\" data-id=\"4964\">guia do desenvolvedor de plug-ins<\/a>.<\/p>\n\n<p>Se voc\u00ea procura informa\u00e7\u00f5es sobre a arquitetura do <a href=\"https:\/\/wp-test-1.sweethome3d.eu\/pt\/baixar\/\" data-type=\"page\" data-id=\"396\">Sweet Home 3D<\/a>, voc\u00ea pode ler:<\/p>\n\n<ul class=\"wp-block-list\">\n<li>sua API gerada com javadoc, dispon\u00edvel <a href=\"\/javadoc\/index.html\">online<\/a> ou <a href=\"https:\/\/sourceforge.net\/projects\/sweethome3d\/files\/SweetHome3D-source\/SweetHome3D-7.5-src\/SweetHome3D-7.5-javadoc.zip\/download\" target=\"_blank\" rel=\"noopener\">para download<\/a>,<\/li>\n\n\n\n<li>a <a href=\"https:\/\/wp-test-1.sweethome3d.eu\/pt\/guia-do-desenvolvedor-de-plug-ins\/\" data-type=\"page\" data-id=\"4964\">\u00faltima parte do guia do desenvolvedor de plug-ins<\/a> que fornece alguns detalhes sobre as classes do <a href=\"\/javadoc\/com\/eteks\/sweethome3d\/model\/package-summary.html\">modelo<\/a> do Sweet Home 3D,<\/li>\n\n\n\n<li>o livro em franc\u00eas <a href=\"https:\/\/www.eteks.com\/services\/cahierswing.html\" target=\"_blank\" rel=\"noopener\">Les cahiers du programmeur Swing<\/a>, escrito por Emmanuel Puybaret e publicado pela Editions Eyrolles em dezembro de 2006, do qual a <a href=\"\/v0.10\/SweetHome3D.jnlp\">vers\u00e3o 0.10 do Sweet Home 3D<\/a> \u00e9 o estudo de caso.<\/li>\n<\/ul>\n\n<p>Se voc\u00ea quer traduzir o <a href=\"https:\/\/wp-test-1.sweethome3d.eu\/pt\/baixar\/\" data-type=\"page\" data-id=\"396\">Sweet Home 3D<\/a> para o seu idioma, leia o <a href=\"https:\/\/wp-test-1.sweethome3d.eu\/pt\/guia-de-traducao\/\" data-type=\"page\" data-id=\"5142\">guia de tradu\u00e7\u00e3o<\/a>.<\/p>\n<h2 class=\"wp-block-heading\" id=\"avaliacoes-e-premios\">Avalia\u00e7\u00f5es e pr\u00eamios<\/h2>\n<p>Algumas avalia\u00e7\u00f5es na web:<\/p>\n\n<ul class=\"wp-block-list\">\n<li><a href=\"https:\/\/www.softpedia.com\/reviews\/windows\/Sweet-Home-3D--Review-77686.shtml\" class=\"broken_link\" target=\"_blank\" rel=\"noopener\">Voc\u00ea pode facilmente se tornar um designer de interiores!<\/a> e <a href=\"https:\/\/mac.softpedia.com\/get\/Graphics\/Sweet-Home-3D.shtml\" class=\"broken_link\" target=\"_blank\" rel=\"noopener\">Avalia\u00e7\u00e3o do Sweet Home 3D para Mac<\/a> no <a href=\"https:\/\/www.softpedia.com\/\" target=\"_blank\" rel=\"noopener\">Softpedia<\/a><\/li>\n\n\n\n<li><a href=\"https:\/\/www.linux.com\/news\/sweet-home-3d-simple-interior-design\/\" target=\"_blank\" rel=\"noopener\">Sweet Home 3D: design de interiores simples<\/a> no <a href=\"https:\/\/www.linux.com\/\" target=\"_blank\" rel=\"noopener\">linux.com<\/a><\/li>\n\n\n\n<li><a href=\"https:\/\/www.brighthub.com\/computing\/mac-platform\/reviews\/33256.aspx\" target=\"_blank\" rel=\"noopener\">Avalia\u00e7\u00e3o do Sweet Home 3D<\/a> no <a href=\"https:\/\/www.brighthub.com\/\" target=\"_blank\" rel=\"noopener\">Bright hub<\/a><\/li>\n\n\n\n<li><a href=\"https:\/\/linuxlock.blogspot.com\/2011\/01\/of-software-and-soffits.html\" target=\"_blank\" rel=\"noopener\">Sobre software e sancas<\/a> no <a href=\"https:\/\/linuxlock.blogspot.com\/\" target=\"_blank\" rel=\"noopener\">blog do helios<\/a><\/li>\n\n\n\n<li><a href=\"https:\/\/www.becoming-home.com\/2008\/04\/03\/its-better-than-moving-furniture\/\" target=\"_blank\" rel=\"noopener\">\u00c9 melhor do que mover m\u00f3veis<\/a> no <a href=\"https:\/\/www.becoming-home.com\/\" target=\"_blank\" rel=\"noopener\">becoming home<\/a><\/li>\n\n\n\n<li><a href=\"https:\/\/www.g2.com\/\" class=\"broken_link\" target=\"_blank\" rel=\"noopener\">A ascens\u00e3o de um arquiteto amador<\/a> no <a href=\"https:\/\/ragnvald.medium.com\/\" class=\"broken_link\" target=\"_blank\" rel=\"noopener\">blog de Ragnvald Larsen<\/a><\/li>\n\n\n\n<li><a href=\"https:\/\/svedic.org\/personal\/free-interior-design-with-sweet-home-3d-and-sketchup\" target=\"_blank\" rel=\"noopener\">Design de interiores gratuito com Sweet Home 3D e SketchUp<\/a> no <a href=\"https:\/\/svedic.org\/\" target=\"_blank\" rel=\"noopener\">blog Svedic<\/a><\/li>\n\n\n\n<li><a href=\"https:\/\/3djunkfair.blogspot.co.at\/\" target=\"_blank\" rel=\"noopener\">My 3D Junk Fair<\/a> um blog onde Leonhard Grugl compartilha suas descobertas sobre o Sweet Home 3D<\/li>\n\n\n\n<li><a href=\"https:\/\/listoffreeware.com\/best-free-3d-floor-plan-software-windows\/\" target=\"_blank\" rel=\"noopener\">5 melhores softwares gratuitos de planta baixa 3D para Windows<\/a> no <a href=\"https:\/\/listoffreeware.com\/\" target=\"_blank\" rel=\"noopener\">List of freeware<\/a><\/li>\n\n\n\n<li><a href=\"https:\/\/sourceforge.net\/projects\/sweethome3d\/reviews\/\" target=\"_blank\" rel=\"noopener\">Avalia\u00e7\u00f5es dos usu\u00e1rios<\/a> no <a href=\"https:\/\/sourceforge.net\/\" class=\"broken_link\" target=\"_blank\" rel=\"noopener\">SourceForge.net<\/a><\/li>\n<\/ul>\n\n<p>Avalia\u00e7\u00f5es na imprensa:<\/p>\n\n<ul class=\"wp-block-list\">\n<li><a href=\"https:\/\/www.linuxpromagazine.com\/issues\/2008\/95\/projects_on_the_move\" target=\"_blank\" rel=\"noopener\">Projetos em movimento<\/a>, na edi\u00e7\u00e3o <a href=\"https:\/\/www.linuxpromagazine.com\/issues\/2008\/95\" target=\"_blank\" rel=\"noopener\">#95 da Linux Pro Magazine<\/a> (outubro de 2008)<\/li>\n<\/ul>\n\n<p>Veja tamb\u00e9m avalia\u00e7\u00f5es em <a href=\"https:\/\/wp-test-1.sweethome3d.eu\/pt\/documentacao\/\" data-type=\"page\" data-id=\"418\">franc\u00eas<\/a>, <a href=\"https:\/\/wp-test-1.sweethome3d.eu\/pt\/documentacao\/\" data-type=\"page\" data-id=\"418\">alem\u00e3o<\/a>, <a href=\"https:\/\/wp-test-1.sweethome3d.eu\/pt\/documentacao\/\" data-type=\"page\" data-id=\"418\">espanhol<\/a> e <a href=\"https:\/\/wp-test-1.sweethome3d.eu\/pt\/documentacao\/\" data-type=\"page\" data-id=\"418\">russo<\/a>.<\/p>\n\n<hr class=\"wp-block-separator has-text-color has-white-color has-alpha-channel-opacity has-white-background-color has-background is-style-default\" \/>\n\n<div class=\"wp-block-group is-content-justification-center is-nowrap is-layout-flex wp-container-core-group-is-layout-94bc23d7 wp-block-group-is-layout-flex\">\n<figure class=\"wp-block-image size-full\"><a href=\"https:\/\/www.softpedia.com\/reviews\/mac\/Sweet-Home-3D--Review-77686.shtml\" class=\"broken_link\" target=\"_blank\" rel=\"noopener\"><img loading=\"lazy\" decoding=\"async\" width=\"157\" height=\"100\" src=\"https:\/\/wp-test-1.sweethome3d.eu\/wp-content\/uploads\/2025\/10\/softpediaAward.png\" alt=\"\" class=\"wp-image-4814\" \/><\/a><\/figure>\n\n\n\n<figure class=\"wp-block-image size-full\"><a href=\"https:\/\/sweet-home-3d.en.softonic.com\/\" target=\"_blank\" rel=\"noopener\"><img loading=\"lazy\" decoding=\"async\" width=\"167\" height=\"99\" src=\"https:\/\/wp-test-1.sweethome3d.eu\/wp-content\/uploads\/2025\/10\/softonicEditorChoice.png\" alt=\"\" class=\"wp-image-4815\" \/><\/a><\/figure>\n\n\n\n<figure class=\"wp-block-image size-full\"><a href=\"https:\/\/sweet-home-3d.software.informer.com\/\" target=\"_blank\" rel=\"noopener\"><img loading=\"lazy\" decoding=\"async\" width=\"170\" height=\"170\" src=\"https:\/\/wp-test-1.sweethome3d.eu\/wp-content\/uploads\/2025\/10\/si-award-epick5.png\" alt=\"\" class=\"wp-image-4816\" srcset=\"https:\/\/wp-test-1.sweethome3d.eu\/wp-content\/uploads\/2025\/10\/si-award-epick5.png 170w, https:\/\/wp-test-1.sweethome3d.eu\/wp-content\/uploads\/2025\/10\/si-award-epick5-130x130.png 130w\" sizes=\"auto, (max-width: 170px) 100vw, 170px\" \/><\/a><\/figure>\n\n\n\n<figure class=\"wp-block-image size-full\"><a href=\"https:\/\/maddownload.com\/education-hobby\/sweet-home-3d\/\" target=\"_blank\" rel=\"noopener\"><img loading=\"lazy\" decoding=\"async\" width=\"150\" height=\"150\" src=\"https:\/\/wp-test-1.sweethome3d.eu\/wp-content\/uploads\/2025\/10\/maddownload_editors_choice_transparent-150x150-1-150x150-1.png\" alt=\"\" class=\"wp-image-4817\" srcset=\"https:\/\/wp-test-1.sweethome3d.eu\/wp-content\/uploads\/2025\/10\/maddownload_editors_choice_transparent-150x150-1-150x150-1.png 150w, https:\/\/wp-test-1.sweethome3d.eu\/wp-content\/uploads\/2025\/10\/maddownload_editors_choice_transparent-150x150-1-150x150-1-130x130.png 130w\" sizes=\"auto, (max-width: 150px) 100vw, 150px\" \/><\/a><\/figure>\n\n\n\n<figure class=\"wp-block-image size-full\"><a href=\"https:\/\/sweet-home-3d.findmysoft.com\/\" class=\"broken_link\" target=\"_blank\" rel=\"noopener\"><img loading=\"lazy\" decoding=\"async\" width=\"158\" height=\"57\" src=\"https:\/\/wp-test-1.sweethome3d.eu\/wp-content\/uploads\/2025\/10\/review2_5_Sweet-Home-3D_award.png\" alt=\"\" class=\"wp-image-4818\" \/><\/a><\/figure>\n<\/div>\n","protected":false},"excerpt":{"rendered":"<p>Esta p\u00e1gina descreve as documenta\u00e7\u00f5es atualmente dispon\u00edveis para o Sweet Home 3D. Guias do usu\u00e1rio O guia do usu\u00e1rio do Sweet Home 3D est\u00e1 dispon\u00edvel nesta p\u00e1gina, e a lista de seus atalhos neste documento (PDF). O Sweet Home 3D tamb\u00e9m fornece uma FAQ regularmente atualizada e uma ajuda completa acess\u00edvel a partir do item [&hellip;]<\/p>\n","protected":false},"author":2,"featured_media":6155,"parent":0,"menu_order":0,"comment_status":"closed","ping_status":"closed","template":"","meta":{"inline_featured_image":false,"footnotes":""},"class_list":["post-5802","page","type-page","status-publish","has-post-thumbnail","hentry"],"_links":{"self":[{"href":"https:\/\/wp-test-1.sweethome3d.eu\/pt\/wp-json\/wp\/v2\/pages\/5802","targetHints":{"allow":["GET"]}}],"collection":[{"href":"https:\/\/wp-test-1.sweethome3d.eu\/pt\/wp-json\/wp\/v2\/pages"}],"about":[{"href":"https:\/\/wp-test-1.sweethome3d.eu\/pt\/wp-json\/wp\/v2\/types\/page"}],"author":[{"embeddable":true,"href":"https:\/\/wp-test-1.sweethome3d.eu\/pt\/wp-json\/wp\/v2\/users\/2"}],"replies":[{"embeddable":true,"href":"https:\/\/wp-test-1.sweethome3d.eu\/pt\/wp-json\/wp\/v2\/comments?post=5802"}],"version-history":[{"count":8,"href":"https:\/\/wp-test-1.sweethome3d.eu\/pt\/wp-json\/wp\/v2\/pages\/5802\/revisions"}],"predecessor-version":[{"id":11516,"href":"https:\/\/wp-test-1.sweethome3d.eu\/pt\/wp-json\/wp\/v2\/pages\/5802\/revisions\/11516"}],"wp:featuredmedia":[{"embeddable":true,"href":"https:\/\/wp-test-1.sweethome3d.eu\/pt\/wp-json\/wp\/v2\/media\/6155"}],"wp:attachment":[{"href":"https:\/\/wp-test-1.sweethome3d.eu\/pt\/wp-json\/wp\/v2\/media?parent=5802"}],"curies":[{"name":"wp","href":"https:\/\/api.w.org\/{rel}","templated":true}]}}