{"id":6206,"date":"2025-09-19T09:07:08","date_gmt":"2025-09-19T09:07:08","guid":{"rendered":"https:\/\/wp-test-1.sweethome3d.eu\/doacoes\/"},"modified":"2025-11-11T14:40:08","modified_gmt":"2025-11-11T14:40:08","slug":"doacoes","status":"publish","type":"page","link":"https:\/\/wp-test-1.sweethome3d.eu\/pt\/doacoes\/","title":{"rendered":"Doa\u00e7\u00f5es"},"content":{"rendered":"\n<p class=\"has-text-align-center\">O <a href=\"\/\" data-action=\"wce_test\">Sweet Home 3D<\/a> te ajudou com sucesso no seu projeto?<br\/>Voc\u00ea gosta do suporte oferecido por este site?<br\/>Voc\u00ea aprecia a aus\u00eancia de an\u00fancios neste site?<\/p>\n\n<p class=\"has-text-align-center\">Ent\u00e3o&#8230; n\u00e3o hesite mais! Ajude o <a href=\"https:\/\/wp-test-1.sweethome3d.eu\/pt\/baixar\/\" data-type=\"page\" data-id=\"396\" data-action=\"wce_test\">Sweet Home 3D<\/a> e fa\u00e7a uma doa\u00e7\u00e3o para este projeto.<br\/>Ser\u00e1 profundamente apreciado.<\/p>\n\n<p class=\"has-text-align-center\">Voc\u00ea s\u00f3 precisa inserir o valor da sua doa\u00e7\u00e3o abaixo<br\/>e clicar no bot\u00e3o <em>Doar<\/em> do Paypal.<\/p>\n\n\n\t<div id=\"donate-button-container\" style=\"text-align:center; margin:2rem 0;\">\n\t\t<div id=\"donate-button\"><\/div>\n\t\t<script src=\"https:\/\/www.paypalobjects.com\/donate\/sdk\/donate-sdk.js\" charset=\"UTF-8\"><\/script>\n\t\t<script>\n\t\t\tPayPal.Donation.Button({\n\t\t\t\tenv: 'production',\n\t\t\t\thosted_button_id: 'Q2F4V9B6WMY7N',\n\t\t\t\timage: {\n\t\t\t\t\tsrc: 'https:\/\/wp-test-1.sweethome3d.eu\/wp-content\/themes\/sh3d\/assets\/img\/paypal\/btn_donateCC_LG_en_US.gif',\n\t\t\t\t\talt: 'Donate with PayPal button',\n\t\t\t\t\ttitle: 'PayPal - The safer, easier way to pay online!'\n\t\t\t\t}\n\t\t\t}).render('#donate-button');\n\t\t<\/script>\n\t<\/div>\n\n\t\n","protected":false},"excerpt":{"rendered":"<p>O Sweet Home 3D te ajudou com sucesso no seu projeto?Voc\u00ea gosta do suporte oferecido por este site?Voc\u00ea aprecia a aus\u00eancia de an\u00fancios neste site? Ent\u00e3o&#8230; n\u00e3o hesite mais! Ajude o Sweet Home 3D e fa\u00e7a uma doa\u00e7\u00e3o para este projeto.Ser\u00e1 profundamente apreciado. Voc\u00ea s\u00f3 precisa inserir o valor da sua doa\u00e7\u00e3o abaixoe clicar no [&hellip;]<\/p>\n","protected":false},"author":2,"featured_media":0,"parent":0,"menu_order":0,"comment_status":"closed","ping_status":"closed","template":"","meta":{"inline_featured_image":false,"footnotes":""},"class_list":["post-6206","page","type-page","status-publish","hentry"],"_links":{"self":[{"href":"https:\/\/wp-test-1.sweethome3d.eu\/pt\/wp-json\/wp\/v2\/pages\/6206","targetHints":{"allow":["GET"]}}],"collection":[{"href":"https:\/\/wp-test-1.sweethome3d.eu\/pt\/wp-json\/wp\/v2\/pages"}],"about":[{"href":"https:\/\/wp-test-1.sweethome3d.eu\/pt\/wp-json\/wp\/v2\/types\/page"}],"author":[{"embeddable":true,"href":"https:\/\/wp-test-1.sweethome3d.eu\/pt\/wp-json\/wp\/v2\/users\/2"}],"replies":[{"embeddable":true,"href":"https:\/\/wp-test-1.sweethome3d.eu\/pt\/wp-json\/wp\/v2\/comments?post=6206"}],"version-history":[{"count":1,"href":"https:\/\/wp-test-1.sweethome3d.eu\/pt\/wp-json\/wp\/v2\/pages\/6206\/revisions"}],"predecessor-version":[{"id":6207,"href":"https:\/\/wp-test-1.sweethome3d.eu\/pt\/wp-json\/wp\/v2\/pages\/6206\/revisions\/6207"}],"wp:attachment":[{"href":"https:\/\/wp-test-1.sweethome3d.eu\/pt\/wp-json\/wp\/v2\/media?parent=6206"}],"curies":[{"name":"wp","href":"https:\/\/api.w.org\/{rel}","templated":true}]}}