{"id":6421,"date":"2025-09-18T11:00:31","date_gmt":"2025-09-18T11:00:31","guid":{"rendered":"https:\/\/wp-test-1.sweethome3d.eu\/sweet-home-3d-online-manager\/"},"modified":"2025-11-07T13:09:16","modified_gmt":"2025-11-07T13:09:16","slug":"sweet-home-3d-online-manager","status":"publish","type":"page","link":"https:\/\/wp-test-1.sweethome3d.eu\/pt\/sweet-home-3d-online-manager\/","title":{"rendered":"Sweet Home 3D Online Manager"},"content":{"rendered":"<h2 class=\"wp-block-heading has-text-align-center\" id=\"projete-sua-casa-diretamente-no-navegador\">Projete sua casa diretamente no navegador<\/h2><h3 class=\"wp-block-heading has-text-align-center\" id=\"experimente-o-sweet-home-3d-js-online-como-versao-demo\">Experimente o Sweet Home 3D JS Online como vers\u00e3o demo<\/h3><div class=\"wp-block-image\">\n<figure class=\"aligncenter size-full\"><img loading=\"lazy\" decoding=\"async\" width=\"128\" height=\"74\" src=\"https:\/\/wp-test-1.sweethome3d.eu\/wp-content\/uploads\/2025\/09\/smartphoneTabletComputer.png\" alt=\"\" class=\"wp-image-496\"\/><\/figure>\n<\/div>\n<p class=\"has-text-align-center\">O <strong>Sweet Home 3D Online Manager<\/strong> \u00e9 um poderoso servi\u00e7o de design de interiores que permite criar a <strong>p<\/strong><strong>lanta da sua casa<\/strong> diretamente no navegador, sem necessidade de instala\u00e7\u00e3o. A vers\u00e3o online permite que voc\u00ea teste o Sweet Home 3D antes de baix\u00e1-lo. <\/p>\n\n<p class=\"has-text-align-center\"><a href=\"https:\/\/www.sweethome3d.com\/SweetHome3DJSOnline.jsp\" data-type=\"link\" data-id=\"https:\/\/www.sweethome3d.com\/SweetHome3DJSOnline.jsp\" data-action=\"wce_online_testonline_hyperlink\" target=\"_blank\" rel=\"noopener\">Experimente o Sweet Home 3D JS Online como vers\u00e3o demo<\/a><\/p>\n\n<p class=\"has-text-align-center\">Se voc\u00ea estiver usando a vers\u00e3o do Sweet Home 3D dispon\u00edvel para <a href=\"https:\/\/wp-test-1.sweethome3d.eu\/pt\/baixar\/\" data-type=\"page\" data-id=\"396\">descarga<\/a>, tamb\u00e9m podes <a href=\"https:\/\/wp-test-1.sweethome3d.eu\/pt\/guia-do-usuario-do-sweet-home-3d\/#importing-home-blueprint\" data-type=\"link\" data-id=\"https:\/\/wp-test-1.sweethome3d.eu\/users-guide\/#importing-home-blueprint\">importar<\/a> o arquivo do seu projeto, <a href=\"https:\/\/wp-test-1.sweethome3d.eu\/pt\/guia-do-usuario-do-sweet-home-3d\/#editing-3d-view\" data-type=\"link\" data-id=\"https:\/\/wp-test-1.sweethome3d.eu\/users-guide\/#editing-3d-view\">visualiz\u00e1-lo em 2D \/ 3D<\/a>, edit\u00e1-lo e <a href=\"https:\/\/wp-test-1.sweethome3d.eu\/pt\/guia-do-usuario-do-sweet-home-3d\/#export-to-obj-format\" data-type=\"link\" data-id=\"https:\/\/wp-test-1.sweethome3d.eu\/users-guide\/#export-to-obj-format\">export\u00e1-lo<\/a> com esta ferramenta \u2014 tornando-a um pr\u00e1tico <strong>gerador de plantas baixas<\/strong> e um software de design de interiores.<\/p>\n\n<p class=\"has-text-align-center\"><a href=\"#download\" data-type=\"internal\" data-id=\"#download\">Baixe a vers\u00e3o completa<\/a> para acessar a mais de 10.000 <a href=\"https:\/\/wp-test-1.sweethome3d.eu\/pt\/importar-modelos-no-sweet-home-3d-adicionar-moveis-e-objetos-3d-personalizados\/\" data-type=\"page\" data-id=\"432\">modelos 3D<\/a>, 400 <a href=\"https:\/\/wp-test-1.sweethome3d.eu\/pt\/importar-texturas\/\" data-type=\"page\" data-id=\"4928\">texturas<\/a>, e a possibilidade de adicionar funcionalidades \u00fanicas para uma <a href=\"https:\/\/wp-test-1.sweethome3d.eu\/pt\/guia-do-usuario-do-sweet-home-3d\/#starting-a-new-home\" data-type=\"link\" data-id=\"https:\/\/wp-test-1.sweethome3d.eu\/users-guide\/#starting-a-new-home\">experi\u00eancia de design<\/a> verdadeiramente personalizada.<\/p>\n\n<div class=\"wp-block-buttons is-content-justification-center is-layout-flex wp-container-core-buttons-is-layout-16018d1d wp-block-buttons-is-layout-flex\">\n<div class=\"wp-block-button\" data-page=\"online\" data-append-os=\"true\"><a class=\"wp-block-button__link wp-element-button\" href=\"#download\"><img loading=\"lazy\" decoding=\"async\" width=\"21\" height=\"21\" class=\"wp-image-390\" style=\"width: 21px;\" src=\"http:\/\/wp-test-1.sweethome3d.eu\/wp-content\/uploads\/2025\/09\/download-bottom.svg\" alt=\"\"\/> Baixar Sweet Home 3D<\/a><\/div>\n<\/div>\n<h3 class=\"wp-block-heading has-text-align-center\" id=\"como-usar-o-sweet-home-3d-js-online\">Como usar o Sweet Home 3D JS online<\/h3>\n<p class=\"has-text-align-center\">O <strong>Sweet Home 3D Online Manager<\/strong> \u00e9 um servi\u00e7o que te permite criar <strong>plantas online<\/strong> usando qualquer navegador compat\u00edvel com <a href=\"https:\/\/caniuse.com\/webgl\" target=\"_blank\" rel=\"noopener\">WebGL<\/a>.<\/p>\n\n<p class=\"has-text-align-center\">Voce pode testar este servi\u00e7o clicando no link abaixo. Se quiser <strong>salvar seu projeto<\/strong>, <a href=\"https:\/\/www.sweethome3d.com\/support\/forum\/registermember\" target=\"_blank\" rel=\"noopener\">registre-se<\/a> gratuitamente e depois <a href=\"https:\/\/www.sweethome3d.com\/support\/forum\/login?url=https%3A%2F%2Fwww.sweethome3d.com%2FSweetHome3DOnlineManager.jsp&amp;forumLogin=false&amp;lang=en\" target=\"_blank\" rel=\"noopener\">fa\u00e7a o login<\/a>.<\/p>\n<div class=\"wp-block-image\">\n<figure class=\"aligncenter size-large is-resized\" data-action=\"wce_online_picture\"><img loading=\"lazy\" decoding=\"async\" width=\"1024\" height=\"768\" src=\"https:\/\/wp-test-1.sweethome3d.eu\/wp-content\/uploads\/2025\/09\/SweetHome3DJSOnlineWindows-1024x768.jpg\" alt=\"Sweet Home 3D Online Manager\" class=\"wp-image-498\" style=\"width:600px\" srcset=\"https:\/\/wp-test-1.sweethome3d.eu\/wp-content\/uploads\/2025\/09\/SweetHome3DJSOnlineWindows-1024x768.jpg 1024w, https:\/\/wp-test-1.sweethome3d.eu\/wp-content\/uploads\/2025\/09\/SweetHome3DJSOnlineWindows-173x130.jpg 173w, https:\/\/wp-test-1.sweethome3d.eu\/wp-content\/uploads\/2025\/09\/SweetHome3DJSOnlineWindows-360x270.jpg 360w, https:\/\/wp-test-1.sweethome3d.eu\/wp-content\/uploads\/2025\/09\/SweetHome3DJSOnlineWindows-768x576.jpg 768w, https:\/\/wp-test-1.sweethome3d.eu\/wp-content\/uploads\/2025\/09\/SweetHome3DJSOnlineWindows-400x300.jpg 400w, https:\/\/wp-test-1.sweethome3d.eu\/wp-content\/uploads\/2025\/09\/SweetHome3DJSOnlineWindows-120x90.jpg 120w, https:\/\/wp-test-1.sweethome3d.eu\/wp-content\/uploads\/2025\/09\/SweetHome3DJSOnlineWindows.jpg 1200w\" sizes=\"auto, (max-width: 1024px) 100vw, 1024px\" \/><\/figure>\n<\/div>","protected":false},"excerpt":{"rendered":"<p>Projete sua casa diretamente no navegador Experimente o Sweet Home 3D JS Online como vers\u00e3o demo O Sweet Home 3D Online Manager \u00e9 um poderoso servi\u00e7o de design de interiores que permite criar a planta da sua casa diretamente no navegador, sem necessidade de instala\u00e7\u00e3o. A vers\u00e3o online permite que voc\u00ea teste o Sweet Home [&hellip;]<\/p>\n","protected":false},"author":2,"featured_media":6420,"parent":0,"menu_order":0,"comment_status":"closed","ping_status":"closed","template":"","meta":{"inline_featured_image":false,"footnotes":""},"class_list":["post-6421","page","type-page","status-publish","has-post-thumbnail","hentry"],"_links":{"self":[{"href":"https:\/\/wp-test-1.sweethome3d.eu\/pt\/wp-json\/wp\/v2\/pages\/6421","targetHints":{"allow":["GET"]}}],"collection":[{"href":"https:\/\/wp-test-1.sweethome3d.eu\/pt\/wp-json\/wp\/v2\/pages"}],"about":[{"href":"https:\/\/wp-test-1.sweethome3d.eu\/pt\/wp-json\/wp\/v2\/types\/page"}],"author":[{"embeddable":true,"href":"https:\/\/wp-test-1.sweethome3d.eu\/pt\/wp-json\/wp\/v2\/users\/2"}],"replies":[{"embeddable":true,"href":"https:\/\/wp-test-1.sweethome3d.eu\/pt\/wp-json\/wp\/v2\/comments?post=6421"}],"version-history":[{"count":7,"href":"https:\/\/wp-test-1.sweethome3d.eu\/pt\/wp-json\/wp\/v2\/pages\/6421\/revisions"}],"predecessor-version":[{"id":12662,"href":"https:\/\/wp-test-1.sweethome3d.eu\/pt\/wp-json\/wp\/v2\/pages\/6421\/revisions\/12662"}],"wp:featuredmedia":[{"embeddable":true,"href":"https:\/\/wp-test-1.sweethome3d.eu\/pt\/wp-json\/wp\/v2\/media\/6420"}],"wp:attachment":[{"href":"https:\/\/wp-test-1.sweethome3d.eu\/pt\/wp-json\/wp\/v2\/media?parent=6421"}],"curies":[{"name":"wp","href":"https:\/\/api.w.org\/{rel}","templated":true}]}}