{"id":9832,"date":"2025-10-01T15:08:20","date_gmt":"2025-10-01T15:08:20","guid":{"rendered":"https:\/\/wp-test-1.sweethome3d.eu\/gerenciador-de-casas-exportadas\/"},"modified":"2025-10-30T17:44:45","modified_gmt":"2025-10-30T17:44:45","slug":"gerenciador-de-casas-exportadas","status":"publish","type":"page","link":"https:\/\/wp-test-1.sweethome3d.eu\/pt\/gerenciador-de-casas-exportadas\/","title":{"rendered":"Gerenciador de casas exportadas"},"content":{"rendered":"\n<p class=\"has-text-align-center\">Baseado no <a href=\"https:\/\/www.sweethome3d.com\/support\/forum\/viewthread_thread,6708\" target=\"_blank\" rel=\"noopener\">plug-in Exportar para HTML5<\/a>, este servi\u00e7o permite que usu\u00e1rios registrados enviem seus arquivos do Sweet Home 3D para este servidor web, para visualiz\u00e1-los em 3D com qualquer navegador compat\u00edvel com WebGL, como neste <a href=\"https:\/\/www.sweethome3d.com\/viewHome.jsp?id=1\" target=\"_blank\" rel=\"noopener\">exemplo<\/a> mostrado na captura de tela abaixo que exibe o arquivo <em>SweetHome3DExample3.sh3d<\/em> dispon\u00edvel na <a href=\"https:\/\/wp-test-1.sweethome3d.eu\/pt\/gallery\/\" data-type=\"page\" data-id=\"400\">galeria<\/a>.<br\/>Se voc\u00ea deseja usar o gerenciador de casas exportadas, primeiro <a href=\"https:\/\/www.sweethome3d.com\/support\/forum\/registermember\" target=\"_blank\" rel=\"noopener\"><strong>registre-se<\/strong><\/a> gratuitamente nos servi\u00e7os do Sweet Home 3D e fa\u00e7a <a href=\"https:\/\/www.sweethome3d.com\/support\/forum\/login?url=https%3A%2F%2Fwww.sweethome3d.com%2FexportHomes.jsp&amp;forumLogin=false&amp;lang=en\" target=\"_blank\" rel=\"noopener\"><strong>login<\/strong><\/a>.<br\/><\/p>\n<div class=\"wp-block-image\">\n<figure class=\"aligncenter size-full\"><img loading=\"lazy\" decoding=\"async\" width=\"600\" height=\"406\" src=\"https:\/\/wp-test-1.sweethome3d.eu\/wp-content\/uploads\/2025\/10\/viewSweetHome3DExample3.jpg\" alt=\"Gerenciador de casas exportadas\" class=\"wp-image-4978\" srcset=\"https:\/\/wp-test-1.sweethome3d.eu\/wp-content\/uploads\/2025\/10\/viewSweetHome3DExample3.jpg 600w, https:\/\/wp-test-1.sweethome3d.eu\/wp-content\/uploads\/2025\/10\/viewSweetHome3DExample3-360x244.jpg 360w, https:\/\/wp-test-1.sweethome3d.eu\/wp-content\/uploads\/2025\/10\/viewSweetHome3DExample3-192x130.jpg 192w, https:\/\/wp-test-1.sweethome3d.eu\/wp-content\/uploads\/2025\/10\/viewSweetHome3DExample3-400x271.jpg 400w\" sizes=\"auto, (max-width: 600px) 100vw, 600px\" \/><\/figure>\n<\/div>","protected":false},"excerpt":{"rendered":"<p>Baseado no plug-in Exportar para HTML5, este servi\u00e7o permite que usu\u00e1rios registrados enviem seus arquivos do Sweet Home 3D para este servidor web, para visualiz\u00e1-los em 3D com qualquer navegador compat\u00edvel com WebGL, como neste exemplo mostrado na captura de tela abaixo que exibe o arquivo SweetHome3DExample3.sh3d dispon\u00edvel na galeria.Se voc\u00ea deseja usar o gerenciador [&hellip;]<\/p>\n","protected":false},"author":3,"featured_media":9831,"parent":0,"menu_order":0,"comment_status":"closed","ping_status":"closed","template":"","meta":{"inline_featured_image":false,"footnotes":""},"class_list":["post-9832","page","type-page","status-publish","has-post-thumbnail","hentry"],"_links":{"self":[{"href":"https:\/\/wp-test-1.sweethome3d.eu\/pt\/wp-json\/wp\/v2\/pages\/9832","targetHints":{"allow":["GET"]}}],"collection":[{"href":"https:\/\/wp-test-1.sweethome3d.eu\/pt\/wp-json\/wp\/v2\/pages"}],"about":[{"href":"https:\/\/wp-test-1.sweethome3d.eu\/pt\/wp-json\/wp\/v2\/types\/page"}],"author":[{"embeddable":true,"href":"https:\/\/wp-test-1.sweethome3d.eu\/pt\/wp-json\/wp\/v2\/users\/3"}],"replies":[{"embeddable":true,"href":"https:\/\/wp-test-1.sweethome3d.eu\/pt\/wp-json\/wp\/v2\/comments?post=9832"}],"version-history":[{"count":1,"href":"https:\/\/wp-test-1.sweethome3d.eu\/pt\/wp-json\/wp\/v2\/pages\/9832\/revisions"}],"predecessor-version":[{"id":9833,"href":"https:\/\/wp-test-1.sweethome3d.eu\/pt\/wp-json\/wp\/v2\/pages\/9832\/revisions\/9833"}],"wp:featuredmedia":[{"embeddable":true,"href":"https:\/\/wp-test-1.sweethome3d.eu\/pt\/wp-json\/wp\/v2\/media\/9831"}],"wp:attachment":[{"href":"https:\/\/wp-test-1.sweethome3d.eu\/pt\/wp-json\/wp\/v2\/media?parent=9832"}],"curies":[{"name":"wp","href":"https:\/\/api.w.org\/{rel}","templated":true}]}}