{"id":10367,"date":"2025-09-18T11:53:26","date_gmt":"2025-09-18T11:53:26","guid":{"rendered":"https:\/\/wp-test-1.sweethome3d.eu\/nasveti-in-triki\/"},"modified":"2025-10-31T10:21:38","modified_gmt":"2025-10-31T10:21:38","slug":"nasveti-in-triki","status":"publish","type":"page","link":"https:\/\/wp-test-1.sweethome3d.eu\/sl\/nasveti-in-triki\/","title":{"rendered":"Nasveti in triki"},"content":{"rendered":"\n<p class=\"has-text-align-center\">Ta stran navaja nasvete za <a href=\"\/\">Sweet Home 3D<\/a>, objavljene v <a href=\"https:\/\/wp-test-1.sweethome3d.eu\/blog\/\" data-type=\"page\" data-id=\"280\">blogu<\/a> in na <a href=\"https:\/\/www.youtube.com\/SweetHome3D\" target=\"_blank\" rel=\"noopener\">Sweet Home 3D YouTube kanalu<\/a>.<\/p>\n\n\n\n<figure class=\"wp-block-flexible-table-block-table is-content-justification-center\"><table class=\"has-fixed-layout\" style=\"margin-top:30px\"><thead><tr><td style=\"text-align:center\">Nasveti na YouTube<\/td><\/tr><\/thead><tbody><tr><td style=\"text-align:center\"><p style=\"margin-top:5px; margin-bottom:5px\"><a href=\"https:\/\/www.youtube.com\/watch?v=C7Vk5Ho0CeU\" target=\"_blank\" rel=\"noopener\">Kako narediti in urejati lepe videoposnetke<\/a><\/p>\n\t\t    <iframe loading=\"lazy\" src=\"https:\/\/www.youtube.com\/embed\/C7Vk5Ho0CeU\" width=\"640\" height=\"360\" frameborder=\"0\" allow=\"encrypted-media\" class=\"_iub_cs_activate _iub_cs_activate-activated\" data-iub-purposes=\"3\" data-cmp-info=\"8\" async=\"false\" data-cmp-ab=\"2\"><\/iframe><\/td><\/tr><tr><td style=\"text-align:center\"><p style=\"margin-top:5px; margin-bottom:5px\"><a href=\"https:\/\/www.youtube.com\/watch?v=n2_yg-v9Xfo\" target=\"_blank\" rel=\"noopener\">Kako prilagoditi pohi\u0161tvo<\/a><\/p>\n\t\t    <iframe loading=\"lazy\" src=\"https:\/\/www.youtube.com\/embed\/n2_yg-v9Xfo\" width=\"640\" height=\"360\" frameborder=\"0\" allow=\"encrypted-media\" class=\"_iub_cs_activate _iub_cs_activate-activated\" data-iub-purposes=\"3\" data-cmp-info=\"8\" async=\"false\" data-cmp-ab=\"2\"><\/iframe><\/td><\/tr><tr><td style=\"text-align:center\"><p style=\"margin-top:5px; margin-bottom:5px\"><a href=\"https:\/\/www.youtube.com\/watch?v=5VrmOeQC934\" target=\"_blank\" rel=\"noopener\">Kako uporabiti nivoje kot plasti<\/a><\/p>\n\t\t    <iframe loading=\"lazy\" src=\"https:\/\/www.youtube.com\/embed\/5VrmOeQC934\" width=\"640\" height=\"360\" frameborder=\"0\" allow=\"encrypted-media\" class=\"_iub_cs_activate _iub_cs_activate-activated\" data-iub-purposes=\"3\" data-cmp-info=\"8\" async=\"false\" data-cmp-ab=\"2\"><\/iframe><\/td><\/tr><tr><td style=\"text-align:center\"><p style=\"margin-top:5px; margin-bottom:5px\"><a href=\"https:\/\/www.youtube.com\/watch?v=Xe06RG_sn2Q\" target=\"_blank\" rel=\"noopener\">Kako prilagoditi manekene<\/a><\/p>\n\t\t    <iframe loading=\"lazy\" src=\"https:\/\/www.youtube.com\/embed\/Xe06RG_sn2Q\" width=\"640\" height=\"360\" frameborder=\"0\" allow=\"encrypted-media\" class=\"_iub_cs_activate _iub_cs_activate-activated\" data-iub-purposes=\"3\" data-cmp-info=\"8\" async=\"false\" data-cmp-ab=\"2\"><\/iframe><\/td><\/tr><tr><td style=\"text-align:center\"><p style=\"margin-top:5px; margin-bottom:5px\"><a href=\"https:\/\/www.youtube.com\/watch?v=07GjTQK8ZN0\" target=\"_blank\" rel=\"noopener\">Kako hitro oblikovati okolico doma<\/a><\/p>\n\t\t    <iframe loading=\"lazy\" src=\"https:\/\/www.youtube.com\/embed\/07GjTQK8ZN0\" width=\"640\" height=\"360\" frameborder=\"0\" allow=\"encrypted-media\" class=\"_iub_cs_activate _iub_cs_activate-activated\" data-iub-purposes=\"3\" data-cmp-info=\"8\" async=\"false\" data-cmp-ab=\"2\"><\/iframe><\/td><\/tr><tr><td style=\"text-align:center\"><p style=\"margin-top:5px; margin-bottom:5px\"><a href=\"https:\/\/www.youtube.com\/watch?v=D5xEznLTGFQ\" target=\"_blank\" rel=\"noopener\">Kako nadzorovati magnetizem<\/a><\/p>\n\t\t    <iframe loading=\"lazy\" src=\"https:\/\/www.youtube.com\/embed\/D5xEznLTGFQ\" width=\"640\" height=\"360\" frameborder=\"0\" allow=\"encrypted-media\" class=\"_iub_cs_activate _iub_cs_activate-activated\" data-iub-purposes=\"3\" data-cmp-info=\"8\" async=\"false\" data-cmp-ab=\"2\"><\/iframe><\/td><\/tr><tr><td style=\"text-align:center\"><p style=\"margin-top:5px; margin-bottom:5px\"><a href=\"https:\/\/www.youtube.com\/watch?v=GaG9Krjb_6Q\" target=\"_blank\" rel=\"noopener\">Kako ustvariti lepe foto upodobitve<\/a><\/p>\n\t\t    <iframe loading=\"lazy\" src=\"https:\/\/www.youtube.com\/embed\/GaG9Krjb_6Q\" width=\"640\" height=\"360\" frameborder=\"0\" allow=\"encrypted-media\" class=\"_iub_cs_activate _iub_cs_activate-activated\" data-iub-purposes=\"3\" data-cmp-info=\"8\" async=\"false\" data-cmp-ab=\"2\"><\/iframe><\/td><\/tr><tr><td style=\"text-align:center\"><p style=\"margin-top:5px; margin-bottom:5px\"><a href=\"https:\/\/www.youtube.com\/watch?v=b7tpTT5EMG0\" target=\"_blank\" rel=\"noopener\">Kako oblikovati sobe iz njihovih notranjih dimenzij<\/a><\/p>\n\t\t    <iframe loading=\"lazy\" src=\"https:\/\/www.youtube.com\/embed\/b7tpTT5EMG0\" width=\"640\" height=\"360\" frameborder=\"0\" allow=\"encrypted-media\" class=\"_iub_cs_activate _iub_cs_activate-activated\" data-iub-purposes=\"3\" data-cmp-info=\"8\" async=\"false\" data-cmp-ab=\"2\"><\/iframe><\/td><\/tr><tr><td style=\"text-align:center\"><p style=\"margin-top:5px; margin-bottom:5px\"><a href=\"https:\/\/www.youtube.com\/watch?v=-Jlk_4luBJs\" target=\"_blank\" rel=\"noopener\">Kako oblikovati ve\u010dnadstropno hi\u0161o na pobo\u010dju<\/a><\/p>\n\t\t    <iframe loading=\"lazy\" src=\"https:\/\/www.youtube.com\/embed\/-Jlk_4luBJs\" width=\"640\" height=\"360\" frameborder=\"0\" allow=\"encrypted-media\" class=\"_iub_cs_activate _iub_cs_activate-activated\" data-iub-purposes=\"3\" data-cmp-info=\"8\" async=\"false\" data-cmp-ab=\"2\"><\/iframe><\/td><\/tr><tr><td style=\"text-align:center\"><p style=\"margin-top:5px; margin-bottom:5px\"><a href=\"https:\/\/www.youtube.com\/watch?v=-tDaB3D5E94\" target=\"_blank\" rel=\"noopener\">Kako prikazati in prilagoditi teksture<\/a><\/p>\n\t\t    <iframe loading=\"lazy\" src=\"https:\/\/www.youtube.com\/embed\/-tDaB3D5E94\" width=\"640\" height=\"360\" frameborder=\"0\" allow=\"encrypted-media\" class=\"_iub_cs_activate _iub_cs_activate-activated\" data-iub-purposes=\"3\" data-cmp-info=\"8\" async=\"false\" data-cmp-ab=\"2\"><\/iframe><\/td><\/tr><tr><td style=\"text-align:center\"><p style=\"margin-top:5px; margin-bottom:5px\"><a href=\"https:\/\/www.youtube.com\/watch?v=BP1m3XkIF2E\" target=\"_blank\" rel=\"noopener\">Kako zamenjati sliko okvirja<\/a><\/p>\n\t\t    <iframe loading=\"lazy\" src=\"https:\/\/www.youtube.com\/embed\/BP1m3XkIF2E\" width=\"640\" height=\"360\" frameborder=\"0\" allow=\"encrypted-media\" class=\"_iub_cs_activate _iub_cs_activate-activated\" data-iub-purposes=\"3\" data-cmp-info=\"8\" async=\"false\" data-cmp-ab=\"2\"><\/iframe><\/td><\/tr><\/tbody><\/table><\/figure>\n\n<p><\/p>\n","protected":false},"excerpt":{"rendered":"<p>Ta stran navaja nasvete za Sweet Home 3D, objavljene v blogu in na Sweet Home 3D YouTube kanalu.<\/p>\n","protected":false},"author":2,"featured_media":0,"parent":0,"menu_order":0,"comment_status":"closed","ping_status":"closed","template":"","meta":{"inline_featured_image":false,"footnotes":""},"class_list":["post-10367","page","type-page","status-publish","hentry"],"_links":{"self":[{"href":"https:\/\/wp-test-1.sweethome3d.eu\/sl\/wp-json\/wp\/v2\/pages\/10367","targetHints":{"allow":["GET"]}}],"collection":[{"href":"https:\/\/wp-test-1.sweethome3d.eu\/sl\/wp-json\/wp\/v2\/pages"}],"about":[{"href":"https:\/\/wp-test-1.sweethome3d.eu\/sl\/wp-json\/wp\/v2\/types\/page"}],"author":[{"embeddable":true,"href":"https:\/\/wp-test-1.sweethome3d.eu\/sl\/wp-json\/wp\/v2\/users\/2"}],"replies":[{"embeddable":true,"href":"https:\/\/wp-test-1.sweethome3d.eu\/sl\/wp-json\/wp\/v2\/comments?post=10367"}],"version-history":[{"count":1,"href":"https:\/\/wp-test-1.sweethome3d.eu\/sl\/wp-json\/wp\/v2\/pages\/10367\/revisions"}],"predecessor-version":[{"id":10368,"href":"https:\/\/wp-test-1.sweethome3d.eu\/sl\/wp-json\/wp\/v2\/pages\/10367\/revisions\/10368"}],"wp:attachment":[{"href":"https:\/\/wp-test-1.sweethome3d.eu\/sl\/wp-json\/wp\/v2\/media?parent=10367"}],"curies":[{"name":"wp","href":"https:\/\/api.w.org\/{rel}","templated":true}]}}