{"id":11780,"date":"2025-09-18T11:56:35","date_gmt":"2025-09-18T11:56:35","guid":{"rendered":"https:\/\/wp-test-1.sweethome3d.eu\/vticniki-in-orodja\/"},"modified":"2025-11-11T16:36:31","modified_gmt":"2025-11-11T16:36:31","slug":"vticniki-in-orodja","status":"publish","type":"page","link":"https:\/\/wp-test-1.sweethome3d.eu\/sl\/vticniki-in-orodja\/","title":{"rendered":"Vti\u010dniki in orodja"},"content":{"rendered":"<ul class=\"simpletoc-list\">\n<li><a href=\"#vticniki\">Vti\u010dniki<\/a>\n\n<\/li>\n<li><a href=\"#orodja\">Orodja<\/a>\n<\/li><\/ul>\n<p class=\"has-text-align-center\">Ta stran opisuje glavne vti\u010dnike in druga orodja, ki so na voljo za <a href=\"\/\">Sweet Home 3D<\/a>.<\/p>\n<h2 class=\"wp-block-heading\" id=\"vticniki\"><img loading=\"lazy\" decoding=\"async\" width=\"16\" height=\"12\" src=\"https:\/\/www.sweethome3d.com\/images\/bullet.gif\">Vti\u010dniki<\/h2>\n<p>Naslednja tabela navaja najzanimivej\u0161e vti\u010dnike, ki jih zagotavljajo Space Mushrooms ali razvijalci, ki so jih predlagali v sistemu <a href=\"https:\/\/sourceforge.net\/p\/sweethome3d\/plug-ins\" target=\"_blank\" rel=\"noopener\">Plug-ins Contributions<\/a> Tracking System. Vti\u010dnik predlaga dodatne funkcije v <g id=\"gid_1\">Sweet Home 3D<\/g> in ga lahko namesti\u0161 z dvojnim klikom na njegovo SH3P datoteko. V Linuxu, \u010de to ne deluje, ga namesti z ukazom <em>Terminal<\/em> <code><em>path<\/em>\/<em>to<\/em>\/<strong>SweetHome3D<\/strong> <em>path<\/em>\/<em>to<\/em>\/<em>plugin.sh3p<\/em><\/code> ali skopiraj SH3P datoteko v podmapo <code>.eteks\/sweethome3d\/plugins<\/code> svoje uporabni\u0161ke mape.  <\/p>\n\n<figure class=\"wp-block-flexible-table-block-table is-content-justification-center\"><table class=\"has-fixed-layout\"><thead><tr><th style=\"text-align:center\">Vti\u010dnik<\/th><th style=\"text-align:center\">Ponudnik<\/th><th style=\"text-align:center\">Podpora za razveljavitev\/ponovitev<\/th><th style=\"text-align:center\">Podprt v Java Web Start<\/th><th style=\"text-align:center;width:500px\">Opis<\/th><\/tr><\/thead><tbody><tr><td style=\"text-align:left\"><a href=\"\/storage\/plugins\/CopyAsNewFurniturePlugin-1.3.1.sh3p\">CopyAsNewFurniturePlugin-1.3.1.sh3p<\/a><br>(29 kB &#8211; vklju\u010dena izvorna koda)<\/td><td style=\"text-align:center\">Space mushrooms<\/td><td style=\"text-align:center\">N\/A<\/td><td style=\"text-align:center\">Ne<\/td><td style=\"width:500px\">Doda element menija <em>Orodja &gt; Kopiraj kot novo pohi\u0161tvo<\/em>, ki kopira izbrane objekte v na\u010drtu kot nov kos pohi\u0161tva v odlo\u017ei\u0161\u010de (<a href=\"https:\/\/www.sweethome3d.com\/support\/forum\/viewthread_thread,1331_offset,11\" target=\"_blank\" rel=\"noopener\">preberi ve\u010d<\/a>)<\/td><\/tr><tr><td><a href=\"\/storage\/plugins\/ShapeGenerator-1.2.1.sh3p\">ShapeGenerator-1.2.1.sh3p<\/a><br>(53 kB &#8211; vklju\u010dena izvorna koda)<\/td><td style=\"text-align:center\">Space mushrooms<\/td><td style=\"text-align:center\">Da<\/td><td style=\"text-align:center\">Ne<\/td><td style=\"width:500px\">Doda element menija <em>Orodja &gt; Generiraj 3D obliko<\/em>, ki ustvari 3D obliko iz koordinat 8 ogli\u0161\u010d, ki jih vnese uporabnik (<a href=\"https:\/\/www.sweethome3d.com\/support\/forum\/viewthread_thread,6600\" target=\"_blank\" rel=\"noopener\">preberi ve\u010d<\/a>)<\/td><\/tr><tr><td><a href=\"\/storage\/plugins\/StaircaseGenerator-1.0.1.sh3p\">StaircaseGenerator-1.0.1.sh3p<\/a><br>(150 kB &#8211; vklju\u010dena izvorna koda)<\/td><td style=\"text-align:center\">Space mushrooms<br><br><\/td><td style=\"text-align:center\">Da<\/td><td style=\"text-align:center\">Ne<\/td><td style=\"width:500px\">Doda element menija <em>Orodja &gt; Generiraj stopni\u0161\u010de<\/em>, ki ustvari 3D obliko stopni\u0161\u010da iz \u0161tevila stopnic in njihove velikosti (<a href=\"https:\/\/www.sweethome3d.com\/support\/forum\/viewthread_thread,12160\" target=\"_blank\" rel=\"noopener\">preberi ve\u010d<\/a>)<\/td><\/tr><tr><td><a href=\"\/storage\/plugins\/TerrainGenerator-1.2.2.sh3p\">TerrainGenerator-1.2.2.sh3p<\/a><br>(111 kB &#8211; vklju\u010dena izvorna koda)<\/td><td style=\"text-align:center\">Space mushrooms<\/td><td style=\"text-align:center\">Da<\/td><td style=\"text-align:center\">Ne<\/td><td style=\"width:500px\">Doda element menija <em>Orodja &gt; Generiraj 3D teren iz sob<\/em>, ki ustvari 3D obliko iz povr\u0161ine izbranih sob, deformirane s strani uporabnika (<a href=\"https:\/\/www.sweethome3d.com\/support\/forum\/viewthread_thread,10995\" target=\"_blank\" rel=\"noopener\">preberi ve\u010d<\/a>)<\/td><\/tr><tr><td><a href=\"\/storage\/plugins\/SideView-1.1.1.sh3p\">SideView-1.1.1.sh3p<\/a><br>(44 kB &#8211; vklju\u010dena izvorna koda)<\/td><td style=\"text-align:center\">Space mushrooms<\/td><td style=\"text-align:center\">N\/A<\/td><td style=\"text-align:center\">Ne<\/td><td style=\"width:500px\">Doda element menija <em>Orodja &gt; Prika\u017ei stranski pogled<\/em>, ki prika\u017ee stranski pogled urejenega doma z mo\u017enostjo shranjevanja (<a href=\"https:\/\/www.sweethome3d.com\/support\/forum\/viewthread_thread,11011\" target=\"_blank\" rel=\"noopener\">preberi ve\u010d<\/a>)<\/td><\/tr><tr><td><a href=\"\/storage\/plugins\/ExportPlanImage-1.0.3.sh3p\">ExportPlanImage-1.0.3.sh3p<\/a><br>(29 kB &#8211; vklju\u010dena izvorna koda)<\/td><td style=\"text-align:center\">Space mushrooms<\/td><td style=\"text-align:center\">N\/A<\/td><td style=\"text-align:center\">Ne<\/td><td style=\"width:500px\">Doda element menija <em>Pohi\u0161tvo &gt; Izvozi na\u010drt v sliko<\/em>, ki izvozi sliko na\u010drta v PNG ali JPEG format v velikosti po tvoji izbiri<\/td><\/tr><tr><td><a href=\"\/storage\/plugins\/ExportToSH3F-1.1.1.sh3p\">ExportToSH3F-1.1.1.sh3p<\/a><br>(32 kB &#8211; vklju\u010dena izvorna koda)<\/td><td style=\"text-align:center\">Space mushrooms<\/td><td style=\"text-align:center\">N\/A<\/td><td style=\"text-align:center\">Ne<\/td><td style=\"width:500px\">Doda element menija <em>Pohi\u0161tvo &gt; Izvozi uvo\u017eeno pohi\u0161tvo v SH3F<\/em>, ki izvozi vse pohi\u0161tvo, uvo\u017eeno v katalog Sweet Home 3D, v SH3F datoteko (<a href=\"https:\/\/www.sweethome3d.com\/support\/forum\/viewthread_thread,966_offset,5\" target=\"_blank\" rel=\"noopener\">preberi ve\u010d<\/a>)<\/td><\/tr><tr><td><a href=\"\/storage\/plugins\/ExportToSH3T-1.1.1.sh3p\">ExportToSH3T-1.1.1.sh3p<\/a><br>(30 kB &#8211; vklju\u010dena izvorna koda)<\/td><td style=\"text-align:center\">Space mushrooms<\/td><td style=\"text-align:center\">N\/A<\/td><td style=\"text-align:center\">Ne<\/td><td style=\"width:500px\">Doda element menija <em>Pohi\u0161tvo &gt; Izvozi uvo\u017eene teksture v SH3T<\/em>, ki izvozi vse teksture, uvo\u017eene v katalog Sweet Home 3D, v SH3T datoteko (<a href=\"https:\/\/www.sweethome3d.com\/support\/forum\/viewthread_thread,12391\" target=\"_blank\" rel=\"noopener\">preberi ve\u010d<\/a>)<\/td><\/tr><tr><td><a href=\"\/storage\/plugins\/ExportToHTML5-1.9.1.sh3p\">ExportToHTML5-1.9.1.sh3p<\/a><br>(391 kB &#8211; vklju\u010dena izvorna koda)<\/td><td style=\"text-align:center\">Space mushrooms<\/td><td style=\"text-align:center\">N\/A<\/td><td style=\"text-align:center\">Ne<\/td><td style=\"width:500px\">Doda&nbsp;<em>Orodja &gt; Izvozi v HTML5<\/em> element menija, ki izvozi 3D pogled urejenega doma v HTML5 stran, ki si jo lahko ogleda\u0161 v katerem koli WebGL brskalniku (<a href=\"https:\/\/www.sweethome3d.com\/support\/forum\/viewthread_thread,6708\" target=\"_blank\" rel=\"noopener\">preberi ve\u010d<\/a>). To orodje je na voljo tudi preko &nbsp;<a href=\"https:\/\/www.sweethome3d.com\/exportHomes.jsp\" target=\"_blank\" rel=\"noopener\">Upravljalca izvo\u017eenih domov<\/a>, ki ti omogo\u010da izvoz in gostovanje SH3D datotek na spletnem stre\u017eniku sweethome3d.com.<\/td><\/tr><tr><td><a href=\"\/storage\/plugins\/UpdateRoadLinesPlugin-1.0.1.sh3p\">UpdateRoadLinesPlugin-1.0.1.sh3p<\/a><br>(70 kB &#8211; vklju\u010dena izvorna koda)<\/td><td style=\"text-align:center\">Space mushrooms<\/td><td style=\"text-align:center\">Da<\/td><td style=\"text-align:center\">Da<\/td><td style=\"width:500px\">Doda element menija <em>Orodja &gt; Spremeni slog cestnih \u010drt<\/em>, ki uporabniku omogo\u010da izbiro <a href=\"https:\/\/fr.wikipedia.org\/wiki\/Signalisation_routi%C3%A8re_horizontale_en_France\" target=\"_blank\" rel=\"noopener\">francoskega sloga cestnih \u010drt<\/a> za izbrane polilinijske \u010drte in njihovo barvo (<a href=\"https:\/\/www.sweethome3d.com\/blog\/2018\/12\/10\/customization_for_the_forensic_police.html\" target=\"_blank\" rel=\"noopener\">preberi ve\u010d<\/a>)<\/td><\/tr><tr><td><a href=\"\/storage\/plugins\/EvidenceMarkerGenerator-1.1.1.sh3p\">EvidenceMarkerGenerator-1.1.1.sh3p<\/a><br>(38 kB &#8211; vklju\u010dena izvorna koda)<\/td><td style=\"text-align:center\">Space mushrooms<\/td><td style=\"text-align:center\">Da<\/td><td style=\"text-align:center\">Ne<\/td><td style=\"width:500px\">Doda element menija <em>Orodja &gt; Dodaj ozna\u010devalec dokazov<\/em>, ki lahko generira o\u0161tevil\u010den ozna\u010devalec dokazov na elementu, izbranem v na\u010drtu (<a href=\"https:\/\/www.sweethome3d.com\/blog\/2018\/12\/10\/customization_for_the_forensic_police.html\" target=\"_blank\" rel=\"noopener\">preberi ve\u010d<\/a>)<\/td><\/tr><tr><td><a href=\"https:\/\/sourceforge.net\/p\/sweethome3d\/plug-ins\/_discuss\/thread\/5e6557c2\/fef8\/attachment\/AdvancedEditing.sh3p\" target=\"_blank\" rel=\"noopener\">AdvancedEditing.sh3p<\/a><br>(135 kB &#8211; <a href=\"https:\/\/sourceforge.net\/p\/sweethome3d\/plug-ins\/_discuss\/thread\/5e6557c2\/fef8\/attachment\/AdvancedEditingPlugin-src.zip\" target=\"_blank\" rel=\"noopener\">izvorna koda<\/a>)<\/td><td style=\"text-align:center\">Tobias Liefke<\/td><td style=\"text-align:center\">Da<\/td><td style=\"text-align:center\">Da<\/td><td style=\"width:500px\">Doda elemente menija&nbsp;<em>Uredi &gt; rotiraj<\/em>,&nbsp;<em>Uredi &gt; premakni<\/em>,&nbsp;<em>Uredi &gt; obrni<\/em>,&nbsp;<em>Uredi &gt; spremeni velikost, pohi\u0161tvo &gt; dvigni<\/em>,&nbsp;<em>Na\u010drt &gt; Uredi to\u010dke sobe<\/em>,&nbsp;<em>Na\u010drt &gt; Pove\u017ei stene<\/em>, ki omogo\u010dajo spreminjanje izbranih objektov v na\u010drtu (<a href=\"https:\/\/www.sweethome3d.com\/support\/forum\/viewthread_thread,1757\" target=\"_blank\" rel=\"noopener\">preberi ve\u010d<\/a>)<\/td><\/tr><tr><td><a href=\"https:\/\/sourceforge.net\/p\/sweethome3d\/plug-ins\/_discuss\/thread\/34cdde5620\/4c8d\/attachment\/Multiplier-2.2.sh3p\" target=\"_blank\" rel=\"noopener\">Multiplier-2.2.sh3p<\/a><br>(176 kB &#8211; vklju\u010dena izvorna koda)<\/td><td style=\"text-align:center\">Dorin vatavu<\/td><td style=\"text-align:center\">Da<\/td><td style=\"text-align:center\">Da<\/td><td style=\"width:500px\">Doda element menija <em>Orodja &gt; Pomno\u017ei<\/em>, ki omogo\u010da pomno\u017eevanje in premikanje izbranih objektov v na\u010drtu (<a href=\"https:\/\/www.sweethome3d.com\/support\/forum\/viewthread_thread,10554\" target=\"_blank\" rel=\"noopener\">preberi ve\u010d<\/a>)<\/td><\/tr><tr><td><a href=\"https:\/\/sourceforge.net\/p\/sweethome3d\/plug-ins\/_discuss\/thread\/015d788700\/98fc\/attachment\/AutoDimensioning.sh3p\" target=\"_blank\" rel=\"noopener\">AutoDimensioning.sh3p<\/a><br>(44 kB &#8211; vklju\u010dena izvorna koda)<\/td><td style=\"text-align:center\">Dorin vatavu<\/td><td style=\"text-align:center\">Da<\/td><td style=\"text-align:center\">Da<\/td><td style=\"width:500px\">Doda element menija <em>Orodja &gt; Samodejno kotiranje<\/em>, ki omogo\u010da generiranje kotirnih \u010drt za celoten na\u010drt (<a href=\"https:\/\/www.sweethome3d.com\/support\/forum\/viewthread_thread,10955\" target=\"_blank\" rel=\"noopener\">preberi ve\u010d<\/a>)<\/td><\/tr><tr><td><a href=\"https:\/\/sourceforge.net\/p\/sweethome3d\/plug-ins\/_discuss\/thread\/914cc4be82\/b551\/attachment\/GenerateRoof-4.5.sh3p\" target=\"_blank\" rel=\"noopener\">GenerateRoof-4.5.sh3p<\/a><br>(690 kB &#8211; vklju\u010dena izvorna koda)<\/td><td style=\"text-align:center\">Dorin vatavu<br><br><\/td><td style=\"text-align:center\">N\/A<\/td><td style=\"text-align:center\">Ne<\/td><td style=\"width:500px\">Doda element menija <em>Orodja &gt; Generiraj streho<\/em>, ki omogo\u010da generiranje strehe z razli\u010dnimi naklonskimi koti iz oblike izbrane sobe (<a href=\"https:\/\/www.sweethome3d.com\/support\/forum\/viewthread_thread%2C11330\" target=\"_blank\" rel=\"noopener\">preberi ve\u010d<\/a>)<\/td><\/tr><tr><td><a href=\"https:\/\/sourceforge.net\/p\/sweethome3d\/plug-ins\/_discuss\/thread\/182d97c5\/ad56\/attachment\/AdvancedSettingsPhotoRendering-1.4.1.sh3p\" target=\"_blank\" rel=\"noopener\">AdvancedSettings<br>PhotoRendering-1.4.1.sh3p<\/a><br>(52 kB &#8211; vklju\u010dena izvorna koda)<\/td><td style=\"text-align:center\">Enko nyito<\/td><td style=\"text-align:center\">N\/A<\/td><td style=\"text-align:center\">Ne<\/td><td style=\"width:500px\">Doda element menija <em>Orodja &gt; Napredne nastavitve foto upodabljanja<\/em>, ki omogo\u010da spreminjanje nekaterih <a href=\"https:\/\/sourceforge.net\/p\/sweethome3d\/code\/HEAD\/tree\/trunk\/SweetHome3D\/src\/com\/eteks\/sweethome3d\/j3d\/PhotoRenderer.properties\" target=\"_blank\" rel=\"noopener\">naprednih lastnosti<\/a>, ki jih uporabljajo foto upodabljalniki na dveh najbolj\u0161ih kakovostnih ravneh (<a href=\"https:\/\/www.sweethome3d.com\/support\/forum\/viewthread_thread,6122_offset,20\" target=\"_blank\" rel=\"noopener\">preberi ve\u010d<\/a>)<\/td><\/tr><tr><td><a href=\"https:\/\/sourceforge.net\/p\/sweethome3d\/plug-ins\/_discuss\/thread\/40b57f75\/5282\/attachment\/PhotoVideoRendering-2.8.zip\" target=\"_blank\" rel=\"noopener\">PhotoVideoRendering-2.8.zip<\/a><br>(15 MB &#8211; vklju\u010dena SH3P datoteka + izvorna koda)<\/td><td style=\"text-align:center\">Enko Nyito<\/td><td style=\"text-align:center\">N\/A<\/td><td style=\"text-align:center\">Ne<\/td><td style=\"width:500px\">Doda meni <em>Foto-video upodabljanje<\/em> z elementi menija za upodabljanje fotografij in videoposnetkov z dodatnimi nastavitvami (<a href=\"https:\/\/sourceforge.net\/p\/sweethome3d\/plug-ins\/18\/\" target=\"_blank\" rel=\"noopener\">preberi ve\u010d<\/a>)<\/td><\/tr><\/tbody><\/table><\/figure>\n\n<p>Za odstranitev vti\u010dnika odstrani njegovo SH3P datoteko iz mape vti\u010dnikov <a href=\"https:\/\/wp-test-1.sweethome3d.eu\/sl\/download\/\" data-type=\"page\" data-id=\"396\">Sweet Home 3D<\/a> in znova za\u017eeni aplikacijo. Ta mapa se prika\u017ee, ko klikne\u0161 na katero koli SH3P datoteko, navedeno v razdelku <em>Vti\u010dniki<\/em> podokna <em>Knji\u017enice v uporabi<\/em>. Slednje podokno se prika\u017ee s klikom na gumb <g id=\"gid_3\">Knji\u017enice&#8230;<\/g>, prikazan na dnu pogovornega okna Sweet Home 3D <g id=\"gid_4\">O programu<\/g>. \u010ce \u017eeli\u0161 sam programirati vti\u010dnike, preberi <a href=\"https:\/\/wp-test-1.sweethome3d.eu\/sl\/vodnik-za-razvijalce-vticnikov\/\" data-type=\"page\" data-id=\"4964\">Vodnik za razvijalce vti\u010dnikov<\/a>.   <\/p>\n\n<figure class=\"wp-block-image size-large\"><img loading=\"lazy\" decoding=\"async\" width=\"1024\" height=\"540\" src=\"https:\/\/wp-test-1.sweethome3d.eu\/wp-content\/uploads\/2025\/06\/PlugInScratchHomeDemo3-1024x540.jpg\" alt=\"vti&#x10D;niki\" class=\"wp-image-3616\" srcset=\"https:\/\/wp-test-1.sweethome3d.eu\/wp-content\/uploads\/2025\/06\/PlugInScratchHomeDemo3-1024x540.jpg 1024w, https:\/\/wp-test-1.sweethome3d.eu\/wp-content\/uploads\/2025\/06\/PlugInScratchHomeDemo3-360x190.jpg 360w, https:\/\/wp-test-1.sweethome3d.eu\/wp-content\/uploads\/2025\/06\/PlugInScratchHomeDemo3-247x130.jpg 247w, https:\/\/wp-test-1.sweethome3d.eu\/wp-content\/uploads\/2025\/06\/PlugInScratchHomeDemo3-768x405.jpg 768w, https:\/\/wp-test-1.sweethome3d.eu\/wp-content\/uploads\/2025\/06\/PlugInScratchHomeDemo3-400x211.jpg 400w, https:\/\/wp-test-1.sweethome3d.eu\/wp-content\/uploads\/2025\/06\/PlugInScratchHomeDemo3.jpg 1366w\" sizes=\"auto, (max-width: 1024px) 100vw, 1024px\" \/><\/figure>\n<h2 class=\"wp-block-heading\" id=\"orodja\"><img loading=\"lazy\" decoding=\"async\" width=\"16\" height=\"12\" src=\"https:\/\/www.sweethome3d.com\/images\/bullet.gif\"><strong>Orodja<\/strong><\/h2>\n<p>Naslednja tabela navaja nekatera dodatna orodja, ki jih zagotavljajo Space Mushrooms in so uporabna za <a href=\"https:\/\/wp-test-1.sweethome3d.eu\/sl\/download\/\" data-type=\"page\" data-id=\"396\">Sweet Home 3D<\/a>. Ta orodja so na voljo kot Jar izvr\u0161ljive datoteke, ki jih lahko za\u017eene\u0161 z dvojnim klikom nanje, ko je <a href=\"https:\/\/www.java.com\/\" target=\"_blank\" rel=\"noopener\">Java<\/a> name\u0161\u010dena v tvojem sistemu. V macOS mora biti prvi zagon Jar izvr\u0161ljive datoteke, prenesene z interneta, izveden s klikom na Jar datoteko ob dr\u017eanju tipke <em>ctrl<\/em>, nato pa z izbiro <em>Odpri<\/em> v kontekstnem meniju, ki se bo prikazal.  <\/p>\n\n<figure class=\"wp-block-flexible-table-block-table is-content-justification-center\"><table class=\"has-fixed-layout\"><thead><tr><th style=\"text-align:center\">Orodje<\/th><th style=\"text-align:center;width:500px\">opis<\/th><\/tr><\/thead><tbody><tr><td style=\"text-align:left\"><a href=\"https:\/\/sourceforge.net\/projects\/sweethome3d\/files\/FurnitureLibraryEditor\/FurnitureLibraryEditor-2.2.jar\/download\" target=\"_blank\" rel=\"noopener\">FurnitureLibraryEditor-2.2.jar<\/a><br>(14,4 MB &#8211; <a href=\"https:\/\/sourceforge.net\/projects\/sweethome3d\/files\/FurnitureLibraryEditor-source\/FurnitureLibraryEditor-2.2-src.zip\" target=\"_blank\" rel=\"noopener\">izvorna koda<\/a>)<\/td><td style=\"width:500px\">Ta aplikacija ti omogo\u010da ustvarjanje SH3F datoteke knji\u017enice pohi\u0161tva in urejanje lastnosti 3D modelov, ki jih vsebuje (<a href=\"https:\/\/www.sweethome3d.com\/support\/forum\/viewthread_thread,1550\" target=\"_blank\" rel=\"noopener\">preberi ve\u010d<\/a>)<\/td><\/tr><tr><td><a href=\"https:\/\/sourceforge.net\/projects\/sweethome3d\/files\/TexturesLibraryEditor\/TexturesLibraryEditor-2.1.jar\/download\" target=\"_blank\" rel=\"noopener\">TexturesLibraryEditor-2.1.jar<\/a><br>(1,2 MB &#8211; <a href=\"https:\/\/sourceforge.net\/projects\/sweethome3d\/files\/TexturesLibraryEditor-source\/TexturesLibraryEditor-2.1-src.zip\" target=\"_blank\" rel=\"noopener\">izvorna koda<\/a>)<\/td><td style=\"width:500px\">Ta aplikacija ti omogo\u010da ustvarjanje SH3T datoteke knji\u017enice tekstur in urejanje lastnosti slik tekstur, ki jih vsebuje (<a href=\"https:\/\/www.sweethome3d.com\/support\/forum\/viewthread_thread,3502\" target=\"_blank\" rel=\"noopener\">preberi ve\u010d<\/a>)<\/td><\/tr><tr><td><a href=\"\/storage\/downloads\/HugeFileCleaner-1.0.jar\">HugeFileCleaner-1.0.jar<\/a><br>(7 kB &#8211; vklju\u010dena izvorna koda)<\/td><td style=\"width:500px\">Ta aplikacija odstrani nepotrebne vnose, ki so se morda pojavili v velikih SH3D datotekah (obi\u010dajno ve\u010djih od 500 MB), ustvarjenih z razli\u010dicami Sweet Home 3D, starej\u0161imi od 5.2, ko si uporabil nedavni seznam tekstur, prikazan v pogovornem oknu tekstur za kopiranje tekstur 3D modelov, najdenih v katalogu pohi\u0161tva (<a href=\"https:\/\/www.sweethome3d.com\/support\/forum\/viewthread_thread,6331_offset,21\" target=\"_blank\" rel=\"noopener\">preberi ve\u010d<\/a>)<\/td><\/tr><tr><td><a href=\"https:\/\/apps.apple.com\/us\/app\/tape-measure\/id1437807477\" target=\"_blank\" rel=\"noopener\">Tape Measure<\/a><\/td><td style=\"width:500px\">Ta aplikacija ti omogo\u010da merjenje in ustvarjanje natan\u010dnega na\u010drta tvoje hi\u0161e z opti\u010dnim branjem prostora okoli tebe in ozna\u010devanjem kotov sob. Nato lahko tloris neposredno uvozi\u0161 v Sweet Home 3d in za\u010dne\u0161 oblikovati na njem. Upo\u0161tevaj, da je aplikacija za zdaj na voljo samo za iOS.<\/td><\/tr><\/tbody><\/table><\/figure>\n","protected":false},"excerpt":{"rendered":"<p>Ta stran opisuje glavne vti\u010dnike in druga orodja, ki so na voljo za Sweet Home 3D. Vti\u010dniki Naslednja tabela navaja najzanimivej\u0161e vti\u010dnike, ki jih zagotavljajo Space Mushrooms ali razvijalci, ki so jih predlagali v sistemu Plug-ins Contributions Tracking System. Vti\u010dnik predlaga dodatne funkcije v Sweet Home 3D in ga lahko namesti\u0161 z dvojnim klikom na [&hellip;]<\/p>\n","protected":false},"author":2,"featured_media":11779,"parent":0,"menu_order":0,"comment_status":"closed","ping_status":"closed","template":"","meta":{"inline_featured_image":false,"footnotes":""},"class_list":["post-11780","page","type-page","status-publish","has-post-thumbnail","hentry"],"_links":{"self":[{"href":"https:\/\/wp-test-1.sweethome3d.eu\/sl\/wp-json\/wp\/v2\/pages\/11780","targetHints":{"allow":["GET"]}}],"collection":[{"href":"https:\/\/wp-test-1.sweethome3d.eu\/sl\/wp-json\/wp\/v2\/pages"}],"about":[{"href":"https:\/\/wp-test-1.sweethome3d.eu\/sl\/wp-json\/wp\/v2\/types\/page"}],"author":[{"embeddable":true,"href":"https:\/\/wp-test-1.sweethome3d.eu\/sl\/wp-json\/wp\/v2\/users\/2"}],"replies":[{"embeddable":true,"href":"https:\/\/wp-test-1.sweethome3d.eu\/sl\/wp-json\/wp\/v2\/comments?post=11780"}],"version-history":[{"count":3,"href":"https:\/\/wp-test-1.sweethome3d.eu\/sl\/wp-json\/wp\/v2\/pages\/11780\/revisions"}],"predecessor-version":[{"id":12812,"href":"https:\/\/wp-test-1.sweethome3d.eu\/sl\/wp-json\/wp\/v2\/pages\/11780\/revisions\/12812"}],"wp:featuredmedia":[{"embeddable":true,"href":"https:\/\/wp-test-1.sweethome3d.eu\/sl\/wp-json\/wp\/v2\/media\/11779"}],"wp:attachment":[{"href":"https:\/\/wp-test-1.sweethome3d.eu\/sl\/wp-json\/wp\/v2\/media?parent=11780"}],"curies":[{"name":"wp","href":"https:\/\/api.w.org\/{rel}","templated":true}]}}