{"id":11842,"date":"2025-09-18T11:59:08","date_gmt":"2025-09-18T11:59:08","guid":{"rendered":"https:\/\/wp-test-1.sweethome3d.eu\/licenca\/"},"modified":"2025-11-04T08:19:26","modified_gmt":"2025-11-04T08:19:26","slug":"licenca","status":"publish","type":"page","link":"https:\/\/wp-test-1.sweethome3d.eu\/sl\/licenca\/","title":{"rendered":"Licenca"},"content":{"rendered":"\n<p>Sweet Home 3D, Copyright (c) 2024 Space Mushrooms &lt;<a href=\"mailto:info@sweethome3d.com\">info@sweethome3d.com<\/a>&gt;<\/p>\n\n<p>Brezpla\u010dna razli\u010dica aplikacije <a href=\"\/\">Sweet Home 3D<\/a>, aplikaciji <a href=\"https:\/\/www.sweethome3d.com\/support\/forum\/viewthread_thread,1550\" target=\"_blank\" rel=\"noopener\">Furniture Library Editor<\/a> in <a href=\"https:\/\/www.sweethome3d.com\/support\/forum\/viewthread_thread,3502\" target=\"_blank\" rel=\"noopener\">Textures Library Editor<\/a> ter <a href=\"https:\/\/sourceforge.net\/p\/sweethome3d\/code\/HEAD\/tree\/trunk\/SweetHome3DJS\/\" target=\"_blank\" rel=\"noopener\">Sweet Home 3D JS<\/a> so distribuirani pod <a href=\"https:\/\/www.gnu.org\/licenses\/gpl-2.0.txt\" target=\"_blank\" rel=\"noopener\">GNU General Public License<\/a>; lahko jih uporablja\u0161, kopira\u0161, redistribuira\u0161 in\/ali modificira\u0161 pod pogoji te licence, kot jo je objavila Free Software Foundation; bodisi razli\u010dica 2 licence ali (po tvoji izbiri) katerakoli kasnej\u0161a razli\u010dica. Za ve\u010d podrobnosti preberi pogoje <a href=\"https:\/\/www.gnu.org\/licenses\/gpl-2.0.txt\" target=\"_blank\" rel=\"noopener\">GNU General Public License<\/a> in njen <a href=\"https:\/\/www.gnu.org\/licenses\/gpl-faq.html\" target=\"_blank\" rel=\"noopener\">FAQ<\/a>. <\/p>\n\n<p>Ti programi so distribuirani v upanju, da bodo koristni, vendar BREZ KAKR\u0160NEGAKOLI JAMSTVA; niti brez implicitnega jamstva TR\u017dNOSTI ali PRIMERNOSTI ZA DOLO\u010cEN NAMEN.<\/p>\n\n<p>GNU General Public License in druge licence, pod katerimi so na voljo aplikacije Sweet Home 3D, Sweet Home 3D Mobile, Furniture Library Editor, Textures Library Editor in Sweet Home 3D JS, ti omogo\u010dajo objavo dokumentov, ustvarjenih s temi aplikacijami, bodisi za osebno ali komercialno uporabo, v okviru pravic, ki jih odobrijo licence 3D modelov in tekstur, ki si jih uvozil v dokumente, generirane s temi aplikacijami.<br\/>Lahko uporablja\u0161 in redistribuira\u0161 3D modele in teksture, ki so na voljo v privzetih katalogih vseh razli\u010dic Sweet Home 3D za osebno ali komercialno uporabo, kot tudi <a href=\"https:\/\/wp-test-1.sweethome3d.eu\/sl\/brezplacni-3d-modeli\/\" data-type=\"page\" data-id=\"4869\">brezpla\u010dne 3D modele<\/a>, gostovane na <strong>sweethome3d.com<\/strong>, in <a href=\"https:\/\/sourceforge.net\/projects\/sweethome3d\/files\/SweetHome3D-models\/\" target=\"_blank\" rel=\"noopener\">knji\u017enice pohi\u0161tva<\/a> ali <a href=\"https:\/\/sourceforge.net\/projects\/sweethome3d\/files\/SweetHome3D-textures\/\" target=\"_blank\" rel=\"noopener\">knji\u017enice tekstur<\/a>, ki so na voljo med <a href=\"https:\/\/sourceforge.net\/projects\/sweethome3d\/files\/\" target=\"_blank\" rel=\"noopener\">datotekami Sweet Home 3D na SourceForge.net<\/a>. \u010ce vklju\u010di\u0161 nekatere od teh 3D modelov in tekstur v svoje dokumente, mora\u0161 navesti avtorja tistih, ki so distribuirani pod <a href=\"https:\/\/artlibre.org\/licence\/lal\/en\/\" target=\"_blank\" rel=\"noopener\">Free Art License<\/a> ali <a href=\"https:\/\/creativecommons.org\/licenses\/by\/3.0\/\" target=\"_blank\" rel=\"noopener\">CC-BY License<\/a>, morda z uporabo obvestila, podobnega naslednjemu (vklju\u010dno s povezavami, ki uporabnikom omogo\u010dajo iskanje avtorjev umetni\u0161kih del, ki si jih uporabil):  <\/p>\n\n<div class=\"wp-block-group is-nowrap is-layout-flex wp-container-core-group-is-layout-ad2f72ca wp-block-group-is-layout-flex\">\n<div style=\"height:10px;width:0px\" aria-hidden=\"true\" class=\"wp-block-spacer wp-container-content-728072c3\"><\/div>\n\n\n\n<p><em>Projekt zasnovan s <a href=\"\/\">Sweet Home 3D<\/a>. Vklju\u010duje <a href=\"https:\/\/wp-test-1.sweethome3d.eu\/sl\/brezplacni-3d-modeli\/\" data-type=\"page\" data-id=\"4869\">3D modele<\/a> in <a href=\"https:\/\/wp-test-1.sweethome3d.eu\/sl\/uvozi-teksture\/\" data-type=\"page\" data-id=\"4928\">teksture<\/a>, distribuirane pod brezpla\u010dno licenco. <\/em><\/p>\n<\/div>\n\n<p>Uporaba in redistribucija 3D modelov ali tekstur, najdenih na <strong>drugih spletnih straneh<\/strong>, je lahko omejena z licenco, pod katero so distribuirani, in na tebi je, da preveri\u0161 njihovo licenco. Na primer, 3D modeli, ki so na voljo na <a href=\"https:\/\/www.2d3dmodels.com\/3dmodels.htm\" target=\"_blank\" rel=\"noopener\">Archibit<\/a>, so distribuirani pod licenco <a href=\"https:\/\/creativecommons.org\/licenses\/by-nc-sa\/2.5\/it\/\" target=\"_blank\" rel=\"noopener\">Creative Commons BY-NC-SA<\/a>, ki prepoveduje uporabo dela v komercialne namene, medtem ko razdelka 1.B in 2.vi <a href=\"https:\/\/3dwarehouse.sketchup.com\/tos#license\" target=\"_blank\" rel=\"noopener\">General Model License<\/a> za modele, ki so na voljo na <a href=\"https:\/\/3dwarehouse.sketchup.com\/\" target=\"_blank\" rel=\"noopener\">Trimble 3D Warehouse<\/a>, omogo\u010data njihovo uporabo za <em>poslovne namene (vklju\u010dno s komercialnimi nameni)<\/em>, vendar prepovedujeta <em>zdru\u017eevanje kakr\u0161nekoli vsebine, pridobljene s strani, za redistribucijo<\/em>, kar je pogoj, ki prepre\u010duje redistribucijo knji\u017enic pohi\u0161tva, ki vsebujejo modele 3D Warehouse. <\/p>\n\n<p>GNU General Public License ti omogo\u010da tudi prosto redistribucijo pod isto licenco brezpla\u010dne razli\u010dice aplikacije Sweet Home 3D, aplikacij Furniture Library Editor in Textures Library Editor ter Sweet Home 3D JS, \u010de z njimi zagotovi\u0161 pogoje <a href=\"https:\/\/www.gnu.org\/licenses\/gpl-2.0.txt\" target=\"_blank\" rel=\"noopener\">GNU General Public License<\/a> in doda\u0161 naslednje obvestilo o avtorskih pravicah na ustrezno mesto (s povezavo na spletno stran <a href=\"\/\">https:\/\/www.sweethome3d.com<\/a>, kadar je to mogo\u010de):<\/p>\n\n<div class=\"wp-block-group is-nowrap is-layout-flex wp-container-core-group-is-layout-ad2f72ca wp-block-group-is-layout-flex\">\n<div style=\"height:10px;width:0px\" aria-hidden=\"true\" class=\"wp-block-spacer wp-container-content-728072c3\"><\/div>\n\n\n\n<p><em><em>Sweet Home 3D, Copyright (c) 2024 Space Mushrooms &lt;info@sweehome3d.com&gt;<\/em><\/em><\/p>\n<\/div>\n\n<p>To pravilo velja tudi za uporabo <a href=\"https:\/\/sourceforge.net\/projects\/sweethome3d\/files\/SweetHome3D-viewer\/SweetHome3DJSViewer-7.5.2.zip\/download\" target=\"_blank\" rel=\"noopener\">Sweet Home 3D JS Viewer<\/a> ali <a href=\"https:\/\/wp-test-1.sweethome3d.eu\/sl\/spletni-upravljalnik-sweet-home-3d\/\" data-type=\"page\" data-id=\"398\">spletne razli\u010dice<\/a> na tvoji spletni strani, kar je nekak\u0161na redistribucija.<\/p>\n\n<p><em>Upo\u0161tevaj, da GNU General Public License prepoveduje razvijalcem, ki niso lastniki avtorskih pravic Sweet Home 3D, ustvarjanje lastni\u0161kih programov, izpeljanih iz te programske opreme ali njeno vklju\u010devanje v lastni\u0161ke programe.<\/em><\/p>\n\n<p><em>\u010ce te zanima Sweet Home 3D za tak\u0161no uporabo, pi\u0161i na <a href=\"mailto:info@sweethome3d.com\">info@sweethome3d.com<\/a> za informacije o drugih razpolo\u017eljivih licencah, ki bi lahko zadostile tvojim potrebam.<\/em><\/p>\n\n<p>Sweet Home 3D vklju\u010duje tudi naslednje knji\u017enice, distribuirane pod licencami, ki so manj restriktivne od GNU GPL:<\/p>\n\n<ul class=\"wp-block-list\">\n<li>Knji\u017enica Java 3D, distribuirana pod <a href=\"https:\/\/www.opensource.org\/licenses\/bsd-license.php\" target=\"_blank\" rel=\"noopener\">BSD licenco<\/a> in <a href=\"https:\/\/openjdk.java.net\/legal\/gplv2+ce.html\" target=\"_blank\" rel=\"noopener\">GNU General Public License s Classpath Exception<\/a>,<\/li>\n\n\n\n<li>Knji\u017enica <a href=\"https:\/\/java.sun.com\/javase\/technologies\/desktop\/media\/jmf\/\" target=\"_blank\" rel=\"noopener\">Java Media Framework<\/a>, distribuirana pod <a href=\"https:\/\/java.sun.com\/javase\/technologies\/desktop\/media\/jmf\/2.1.1\/license.html\" target=\"_blank\" rel=\"noopener\">JMF 2.1.1 Binary Code License<\/a>,<\/li>\n\n\n\n<li>Knji\u017enica za tiskanje PDF <a href=\"https:\/\/www.lowagie.com\/iText\/\" target=\"_blank\" rel=\"noopener\">iText<\/a> razli\u010dica 2.1.7, distribuirana pod <a href=\"https:\/\/www.gnu.org\/licenses\/old-licenses\/lgpl-2.1.txt\" target=\"_blank\" rel=\"noopener\">GNU Lesser General Public License<\/a>,<\/li>\n\n\n\n<li>Knji\u017enica za izvoz SVG <a href=\"https:\/\/java.freehep.org\/\" target=\"_blank\" rel=\"noopener\">FreeHep<\/a>, distribuirana pod <a href=\"https:\/\/www.gnu.org\/licenses\/old-licenses\/lgpl-2.1.txt\" target=\"_blank\" rel=\"noopener\">GNU Lesser General Public License<\/a>,<\/li>\n\n\n\n<li>Knji\u017enica za kompajliranje SVG poti <a href=\"https:\/\/xmlgraphics.apache.org\/batik\/\" target=\"_blank\" rel=\"noopener\">Batik<\/a><a href=\"https:\/\/xmlgraphics.apache.org\/batik\/\" target=\"_blank\" rel=\"noopener\"><\/a>, distribuirana pod <a href=\"https:\/\/xmlgraphics.apache.org\/batik\/license.html\" target=\"_blank\" rel=\"noopener\">Apache License<\/a>,<\/li>\n\n\n\n<li>Knji\u017enica <a href=\"https:\/\/www.eteks.com\/jeks\/\" target=\"_blank\" rel=\"noopener\">Jeks Parser calculator<\/a> za podporo matemati\u010dnih izrazov, distribuirana pod <a href=\"https:\/\/www.gnu.org\/licenses\/old-licenses\/lgpl-2.1.txt\" target=\"_blank\" rel=\"noopener\">GNU Lesser General Public License<\/a>,<\/li>\n\n\n\n<li>Knji\u017enica za globalno osvetlitev <a href=\"https:\/\/sunflow.sourceforge.net\/\" target=\"_blank\" rel=\"noopener\">SunFlow<\/a>, distribuirana pod <a href=\"https:\/\/www.opensource.org\/licenses\/mit-license.php\" target=\"_blank\" rel=\"noopener\">MIT licenco<\/a>,<\/li>\n\n\n\n<li>Knji\u017enica za upodabljanje <a href=\"https:\/\/github.com\/YafaRay\" target=\"_blank\" rel=\"noopener\">YafaRay<\/a>, distribuirana pod <a href=\"https:\/\/www.gnu.org\/licenses\/old-licenses\/lgpl-2.1.txt\" target=\"_blank\" rel=\"noopener\">GNU Lesser General Public License<\/a><a href=\"https:\/\/www.opensource.org\/licenses\/mit-license.php\" target=\"_blank\" rel=\"noopener\"><\/a>,<\/li>\n\n\n\n<li><a href=\"https:\/\/wp-test-1.sweethome3d.eu\/sl\/brezplacni-3d-modeli\/\" data-type=\"page\" data-id=\"4869\">3D modeli<\/a> in teksture, ki so na voljo v katalogih brezpla\u010dne razli\u010dice, so distribuirani pod GNU GPL ali <a>CC-BY License<\/a>,<\/li>\n\n\n\n<li>dodatni <a href=\"https:\/\/wp-test-1.sweethome3d.eu\/sl\/brezplacni-3d-modeli\/\" data-type=\"page\" data-id=\"4869\">3D modeli<\/a> in <a href=\"https:\/\/wp-test-1.sweethome3d.eu\/sl\/uvozi-teksture\/\" data-type=\"page\" data-id=\"4928\">teksture<\/a>, ki so na voljo v katalogih razli\u010dic <a href=\"https:\/\/apps.apple.com\/app\/sweet-home-3d\/id669289700\" target=\"_blank\" rel=\"noopener\">Mac App Store<\/a>, <a href=\"https:\/\/apps.microsoft.com\/detail\/9nblggh2smtq\" target=\"_blank\" rel=\"noopener\">Microsoft Store<\/a> in <a href=\"https:\/\/www.amazon.com\/gp\/product\/B00NLVKPDM\" target=\"_blank\" rel=\"noopener\">Amazon Store<\/a>, so distribuirani pod <a href=\"https:\/\/artlibre.org\/licence\/lal\/en\" target=\"_blank\" rel=\"noopener\">Free Art Licence<\/a>, <a href=\"https:\/\/creativecommons.org\/licenses\/by\/3.0\/\" target=\"_blank\" rel=\"noopener\">CC-BY License<\/a> ali so na voljo v javni domeni, odvisno od modelov.<\/li>\n<\/ul>\n\n<p>Sweet Home 3D JS je odvisen tudi od naslednjih knji\u017enic:<\/p>\n\n<ul class=\"wp-block-list\">\n<li>Knji\u017enica <a href=\"https:\/\/stuk.github.io\/jszip\/\" target=\"_blank\" rel=\"noopener\">JSZip<\/a>, distribuirana pod <a href=\"https:\/\/github.com\/Stuk\/jszip\/blob\/master\/LICENSE.markdown\" target=\"_blank\" rel=\"noopener\">MIT licenco<\/a>,<\/li>\n\n\n\n<li>Knji\u017enica <a href=\"https:\/\/glmatrix.net\/\" target=\"_blank\" rel=\"noopener\">glMatrix<\/a>, distribuirana pod <a href=\"https:\/\/github.com\/toji\/gl-matrix\/blob\/master\/LICENSE.md\" target=\"_blank\" rel=\"noopener\">MIT licenco<\/a>,<\/li>\n\n\n\n<li>Knji\u017enica <a href=\"https:\/\/github.com\/MikeMcl\/big.js\/\" target=\"_blank\" rel=\"noopener\">big.js<\/a>, distribuirana pod <a href=\"https:\/\/github.com\/MikeMcl\/big.js\/blob\/main\/LICENCE.md\" target=\"_blank\" rel=\"noopener\">MIT licenco<\/a>,<\/li>\n\n\n\n<li>Knji\u017enica <a href=\"https:\/\/github.com\/ndebeiss\/jsXmlSaxParser\" target=\"_blank\" rel=\"noopener\">jsXmlSaxParser<\/a>, distribuirana pod <a href=\"https:\/\/raw.githubusercontent.com\/ndebeiss\/jsXmlSaxParser\/master\/LICENSE\" target=\"_blank\" rel=\"noopener\">Apache licenco<\/a>,<\/li>\n\n\n\n<li>JavaScript prevod razreda <code>Triangulator<\/code> v knji\u017enici <a href=\"https:\/\/github.com\/hharrison\/java3d-utils\" target=\"_blank\" rel=\"noopener\">Java 3D utils<\/a>, distribuiran pod <a href=\"https:\/\/github.com\/hharrison\/java3d-utils\/blob\/master\/LICENSE.txt\" target=\"_blank\" rel=\"noopener\">BSD licenco<\/a>,<\/li>\n\n\n\n<li>JavaScript prevod knji\u017enice za kompajliranje SVG poti <a href=\"https:\/\/xmlgraphics.apache.org\/batik\/\" target=\"_blank\" rel=\"noopener\">Batik<\/a>, distribuiran pod <a href=\"https:\/\/xmlgraphics.apache.org\/batik\/license.html\" target=\"_blank\" rel=\"noopener\">Apache License<\/a>,<\/li>\n\n\n\n<li>Knji\u017enica <a href=\"https:\/\/github.com\/stleary\/JSON-java\" target=\"_blank\" rel=\"noopener\">JSON.org<\/a>, distribuirana pod <a href=\"https:\/\/github.com\/stleary\/JSON-java\/blob\/master\/LICENSE\" target=\"_blank\" rel=\"noopener\">JSON free license<\/a>,<\/li>\n\n\n\n<li>JavaScript prevod paketov <code>java.awt.geom<\/code> in <code>javax.swing.undo<\/code> v knji\u017enici <a href=\"https:\/\/openjdk.java.net\/\" target=\"_blank\" rel=\"noopener\">OpenJDK<\/a>, distribuiran pod <a href=\"https:\/\/openjdk.java.net\/legal\/gplv2+ce.html\" target=\"_blank\" rel=\"noopener\">GNU General Public License s Classpath Exception<\/a>.<\/li>\n<\/ul>\n","protected":false},"excerpt":{"rendered":"<p>Sweet Home 3D, Copyright (c) 2024 Space Mushrooms &lt;info@sweethome3d.com&gt; Brezpla\u010dna razli\u010dica aplikacije Sweet Home 3D, aplikaciji Furniture Library Editor in Textures Library Editor ter Sweet Home 3D JS so distribuirani pod GNU General Public License; lahko jih uporablja\u0161, kopira\u0161, redistribuira\u0161 in\/ali modificira\u0161 pod pogoji te licence, kot jo je objavila Free Software Foundation; bodisi razli\u010dica [&hellip;]<\/p>\n","protected":false},"author":2,"featured_media":0,"parent":0,"menu_order":0,"comment_status":"closed","ping_status":"closed","template":"","meta":{"inline_featured_image":false,"footnotes":""},"class_list":["post-11842","page","type-page","status-publish","hentry"],"_links":{"self":[{"href":"https:\/\/wp-test-1.sweethome3d.eu\/sl\/wp-json\/wp\/v2\/pages\/11842","targetHints":{"allow":["GET"]}}],"collection":[{"href":"https:\/\/wp-test-1.sweethome3d.eu\/sl\/wp-json\/wp\/v2\/pages"}],"about":[{"href":"https:\/\/wp-test-1.sweethome3d.eu\/sl\/wp-json\/wp\/v2\/types\/page"}],"author":[{"embeddable":true,"href":"https:\/\/wp-test-1.sweethome3d.eu\/sl\/wp-json\/wp\/v2\/users\/2"}],"replies":[{"embeddable":true,"href":"https:\/\/wp-test-1.sweethome3d.eu\/sl\/wp-json\/wp\/v2\/comments?post=11842"}],"version-history":[{"count":1,"href":"https:\/\/wp-test-1.sweethome3d.eu\/sl\/wp-json\/wp\/v2\/pages\/11842\/revisions"}],"predecessor-version":[{"id":11843,"href":"https:\/\/wp-test-1.sweethome3d.eu\/sl\/wp-json\/wp\/v2\/pages\/11842\/revisions\/11843"}],"wp:attachment":[{"href":"https:\/\/wp-test-1.sweethome3d.eu\/sl\/wp-json\/wp\/v2\/media?parent=11842"}],"curies":[{"name":"wp","href":"https:\/\/api.w.org\/{rel}","templated":true}]}}