{"id":11880,"date":"2025-09-11T08:47:20","date_gmt":"2025-09-11T08:47:20","guid":{"rendered":"https:\/\/wp-test-1.sweethome3d.eu\/politika-zasebnosti\/"},"modified":"2025-11-04T11:17:08","modified_gmt":"2025-11-04T11:17:08","slug":"politika-zasebnosti","status":"publish","type":"page","link":"https:\/\/wp-test-1.sweethome3d.eu\/sl\/politika-zasebnosti\/","title":{"rendered":"Politika zasebnosti"},"content":{"rendered":"\n<p>Space Mushrooms, lastnik programske opreme in avtorskih pravic Sweet Home 3D ter <code>sweethome3d.com<\/code> spletnega mesta, ne zbira zasebnih podatkov na <code>sweethome3d.com<\/code> spletnem mestu, razen za uporabnike, <a href=\"https:\/\/www.sweethome3d.com\/support\/forum\/registermember\" target=\"_blank\" rel=\"noopener\">registrirane<\/a> na <a href=\"https:\/\/www.sweethome3d.com\/support\/forum\/?lang=en\" target=\"_blank\" rel=\"noopener\">forumu<\/a>. Dnevni\u0161ki zapisi prometa, shranjeni na stre\u017eniku, niso javni in <x id=\"gid_4\"><\/x> ne prikazuje nobenega ogla\u0161evanja.<br\/>Kljub temu ve\u010dina strani, objavljenih na <x id=\"gid_5\"><\/x> spletnem mestu, prikazuje logotip Sourceforge, nekaj strani prikazuje videoposnetke, gostujo\u010de drugje, in forum omogo\u010da uporabnikom deljenje slik, gostujo\u010dih na drugih spletnih mestih. Te slike in videoposnetki prihajajo iz <code>sourceforge.net<\/code>, <code>youtube.com<\/code>, <code>dailymotion.com<\/code> in drugih spletnih stre\u017enikov, kar morda omogo\u010da lastnikom teh spletnih mest sledenje obiskom uporabnikov na <code>sweethome3d.com<\/code> spletnem mestu po lastni presoji.  <\/p>\n\n<p>Za registrirane uporabnike podatki, shranjeni na <code>sweethome3d.com<\/code>, vklju\u010dujejo:<\/p>\n\n<ul class=\"wp-block-list\">\n<li>podatki, posredovani ob registraciji (vsaj uporabni\u0161ko ime, \u0161ifrirano geslo in e-po\u0161ta)<\/li>\n\n\n\n<li>njihova sporo\u010dila, objavljena na <a href=\"https:\/\/www.sweethome3d.com\/support\/forum\/?lang=en\" target=\"_blank\" rel=\"noopener\">forumu<\/a><\/li>\n\n\n\n<li>spletne domove, ki so jih ustvarili v <a href=\"https:\/\/wp-test-1.sweethome3d.eu\/sl\/spletni-upravljalnik-sweet-home-3d\/\" data-type=\"page\" data-id=\"398\">Sweet Home 3D Online<\/a> ali izvozili v <a href=\"https:\/\/wp-test-1.sweethome3d.eu\/sl\/upravitelj-izvozenih-domov\/\" data-type=\"page\" data-id=\"4976\">Upravitelju izvo\u017eenih domov<\/a>.<\/li>\n<\/ul>\n\n<p>Podatki o domovih so zasebni, razen \u010de se uporabnik izrecno strinja z javno objavo. Vsak uporabnik lahko sam pridobi svoje podatke ali zahteva njihovo odstranitev, \u010de je to potrebno, tako da pi\u0161e na <g id=\"gid_0\">info@sweethome3d.com<\/g>. Space Mushrooms zagotavlja, da so sprejeti vsi potrebni ukrepi za zagotovitev, da podatki o domovih uporabnikov, ki so bili upravljani pod prej\u0161njim lastni\u0161tvom spletnega mesta eTeks, nikoli ne bodo uporabljeni za noben namen brez obvestila uporabnikom.  <\/p>\n\n<p><strong>Aplikacije, distribuirane prek trgovin tretjih oseb<\/strong><br\/>Podatke o uporabnikih, ki prenesejo in namestijo Sweet Home 3D ali Sweet Home 3D Mobile iz Mac App Store, App Store, Microsoft Store, Google Play ali Amazon, primarno upravljajo ta podjetja. Space Mushrooms ne prejema osebnih podatkov o uporabnikih s teh platform. <\/p>\n\n<p><strong>Analitika in sledenje v aplikacijah<\/strong><br\/>Na\u0161e razli\u010dice Sweet Home 3D za iOS in macOS vklju\u010dujejo Firebase Analytics za namene izbolj\u0161anja aplikacije. Firebase Analytics zbira podatke, kot so anonimne statistike uporabe aplikacije in poro\u010dila o zru\u0161itvah. Ti podatki niso povezani z va\u0161o identiteto in se uporabljajo izklju\u010dno za izbolj\u0161anje funkcionalnosti aplikacije in uporabni\u0161ke izku\u0161nje. Prek Firebase ne zbiramo nobenih osebnih podatkov, kot so imena ali e-po\u0161tni naslovi.   <\/p>\n\n<p>Glej tudi <a href=\"https:\/\/wp-test-1.sweethome3d.eu\/sl\/politika-zasebnosti\/\" data-type=\"page\" data-id=\"3\">pravno obvestilo<\/a> za ve\u010d informacij o Space Mushrooms in Sweet Home 3D.<\/p>\n","protected":false},"excerpt":{"rendered":"<p>Space Mushrooms, lastnik programske opreme in avtorskih pravic Sweet Home 3D ter sweethome3d.com spletnega mesta, ne zbira zasebnih podatkov na sweethome3d.com spletnem mestu, razen za uporabnike, registrirane na forumu. Dnevni\u0161ki zapisi prometa, shranjeni na stre\u017eniku, niso javni in ne prikazuje nobenega ogla\u0161evanja.Kljub temu ve\u010dina strani, objavljenih na spletnem mestu, prikazuje logotip Sourceforge, nekaj strani prikazuje [&hellip;]<\/p>\n","protected":false},"author":1,"featured_media":0,"parent":0,"menu_order":0,"comment_status":"closed","ping_status":"open","template":"","meta":{"inline_featured_image":false,"footnotes":""},"class_list":["post-11880","page","type-page","status-publish","hentry"],"_links":{"self":[{"href":"https:\/\/wp-test-1.sweethome3d.eu\/sl\/wp-json\/wp\/v2\/pages\/11880","targetHints":{"allow":["GET"]}}],"collection":[{"href":"https:\/\/wp-test-1.sweethome3d.eu\/sl\/wp-json\/wp\/v2\/pages"}],"about":[{"href":"https:\/\/wp-test-1.sweethome3d.eu\/sl\/wp-json\/wp\/v2\/types\/page"}],"author":[{"embeddable":true,"href":"https:\/\/wp-test-1.sweethome3d.eu\/sl\/wp-json\/wp\/v2\/users\/1"}],"replies":[{"embeddable":true,"href":"https:\/\/wp-test-1.sweethome3d.eu\/sl\/wp-json\/wp\/v2\/comments?post=11880"}],"version-history":[{"count":1,"href":"https:\/\/wp-test-1.sweethome3d.eu\/sl\/wp-json\/wp\/v2\/pages\/11880\/revisions"}],"predecessor-version":[{"id":11881,"href":"https:\/\/wp-test-1.sweethome3d.eu\/sl\/wp-json\/wp\/v2\/pages\/11880\/revisions\/11881"}],"wp:attachment":[{"href":"https:\/\/wp-test-1.sweethome3d.eu\/sl\/wp-json\/wp\/v2\/media?parent=11880"}],"curies":[{"name":"wp","href":"https:\/\/api.w.org\/{rel}","templated":true}]}}