{"id":6086,"date":"2025-09-18T11:52:32","date_gmt":"2025-09-18T11:52:32","guid":{"rendered":"https:\/\/wp-test-1.sweethome3d.eu\/dokumentacija\/"},"modified":"2025-11-03T17:57:56","modified_gmt":"2025-11-03T17:57:56","slug":"dokumentacija","status":"publish","type":"page","link":"https:\/\/wp-test-1.sweethome3d.eu\/sl\/dokumentacija\/","title":{"rendered":"Dokumentacija"},"content":{"rendered":"<ul class=\"simpletoc-list\">\n<li><a href=\"#uporabniski-prirocniki\">Uporabni\u0161ki priro\u010dniki<\/a>\n\n<\/li>\n<li><a href=\"#video-vodici\">Video vodi\u010di<\/a>\n\n\n<\/li>\n\n<\/li>\n\n<\/li>\n\n<\/li>\n\n<li><a href=\"#razvijalski-vodici\">Razvijalski vodi\u010di<\/a>\n\n<\/li>\n<li><a href=\"#ocene-in-nagrade\">Ocene in nagrade<\/a>\n<\/li><\/ul>\n<p class=\"has-text-align-center\">Ta stran opisuje dokumentacijo, ki je trenutno na voljo za <a href=\"\/\">Sweet Home 3D<\/a>.<\/p>\n<h2 class=\"wp-block-heading\" id=\"uporabniski-prirocniki\"><img loading=\"lazy\" decoding=\"async\" width=\"16\" height=\"12\" src=\"https:\/\/www.sweethome3d.com\/images\/bullet.gif\">Uporabni\u0161ki priro\u010dniki<\/h2>\n<p>Uporabni\u0161ki priro\u010dnik za <a href=\"https:\/\/wp-test-1.sweethome3d.eu\/sl\/download\/\" data-type=\"page\" data-id=\"396\">Sweet Home 3D<\/a> je na voljo na <a href=\"https:\/\/wp-test-1.sweethome3d.eu\/sl\/uporabniski-prirocnik-sweet-home-3d\/\" data-type=\"page\" data-id=\"424\">tej strani<\/a>, seznam bli\u017enjic pa v <a href=\"\/storage\/SweetHome3DShortcuts.pdf\">tem dokumentu<\/a> (PDF).<\/p>\n\n<p><a href=\"https:\/\/wp-test-1.sweethome3d.eu\/sl\/download\/\" data-type=\"page\" data-id=\"396\">Sweet Home 3D<\/a> ponuja tudi redno posodobljena <a href=\"https:\/\/wp-test-1.sweethome3d.eu\/sl\/pogosta-vprasanja\/\" data-type=\"page\" data-id=\"422\">pogosto zastavljena vpra\u0161anja<\/a> in celotno pomo\u010d, dostopno iz menijske postavke <em>Pomo\u010d &gt; Pomo\u010d za Sweet Home 3D<\/em>.<\/p>\n\n<div class=\"wp-block-group is-nowrap is-layout-flex wp-container-core-group-is-layout-ad2f72ca wp-block-group-is-layout-flex\">\n<figure class=\"wp-block-image size-full\"><img loading=\"lazy\" decoding=\"async\" width=\"381\" height=\"284\" src=\"https:\/\/wp-test-1.sweethome3d.eu\/wp-content\/uploads\/2025\/10\/SweetHome3DHelp.png\" alt=\"Pomo&#x10D; za dokumentacijo Sweet Home 3D \" class=\"wp-image-4791\" srcset=\"https:\/\/wp-test-1.sweethome3d.eu\/wp-content\/uploads\/2025\/10\/SweetHome3DHelp.png 381w, https:\/\/wp-test-1.sweethome3d.eu\/wp-content\/uploads\/2025\/10\/SweetHome3DHelp-360x268.png 360w, https:\/\/wp-test-1.sweethome3d.eu\/wp-content\/uploads\/2025\/10\/SweetHome3DHelp-174x130.png 174w\" sizes=\"auto, (max-width: 381px) 100vw, 381px\" \/><\/figure>\n<\/div>\n\n<p>Lahko prebere\u0161 tudi naslednje priro\u010dnike, ki so jih napisali sodelavci:<\/p>\n\n<ul class=\"wp-block-list\">\n<li><a href=\"https:\/\/wp-test-1.sweethome3d.eu\/wp-content\/uploads\/2025\/10\/personalizedTexturesGuide.pdf\" data-type=\"attachment\" data-id=\"4801\">Kako ustvariti prilagojene teksture za Sweet Home 3D<\/a> (PDF) avtor Ouais, prevedel Hans Dirkse<\/li>\n\n\n\n<li><a href=\"https:\/\/wp-test-1.sweethome3d.eu\/wp-content\/uploads\/2025\/10\/multiLevelHouseGuide.pdf\" data-type=\"attachment\" data-id=\"4800\">Kako ustvariti ve\u010dnadstropno hi\u0161o s Sweet Home 3D 3.3 ali prej\u0161njimi razli\u010dicami<\/a> (PDF) avtor Hans Dirkse<\/li>\n\n\n\n<li><a href=\"https:\/\/wp-test-1.sweethome3d.eu\/wp-content\/uploads\/2025\/10\/pluginsUserGuide.pdf\" data-type=\"attachment\" data-id=\"4799\">Vodi\u010d za vti\u010dnike in raz\u0161iritve<\/a> (PDF) avtor Hans Dirkse<\/li>\n\n\n\n<li><a href=\"https:\/\/wp-test-1.sweethome3d.eu\/wp-content\/uploads\/2025\/10\/slopingCeilingGuide.pdf\" data-type=\"attachment\" data-id=\"4798\">Vodi\u010d za po\u0161evne strope, strehe, mansardna okna in ve\u010d<\/a> (PDF) avtor Hans Dirkse<\/li>\n\n\n\n<li><a href=\"https:\/\/wp-test-1.sweethome3d.eu\/wp-content\/uploads\/2025\/10\/SVGPathMiniManualForSweetHome3D.pdf\" data-type=\"attachment\" data-id=\"4797\">Vodi\u010d za SVG Path izreze in druge lastnosti pohi\u0161tva<\/a> (PDF) avtor OKH<\/li>\n\n\n\n<li><a href=\"https:\/\/wp-test-1.sweethome3d.eu\/sl\/nasveti-in-triki\/\" data-type=\"page\" data-id=\"426\">Nekaj nasvetov v blogu Sweet Home 3D<\/a><\/li>\n<\/ul>\n<h2 class=\"wp-block-heading\" id=\"video-vodici\"><img loading=\"lazy\" decoding=\"async\" width=\"16\" height=\"12\" src=\"https:\/\/www.sweethome3d.com\/images\/bullet.gif\">Video vodi\u010di<\/h2>\n<p>Oglej si naslednje video vodi\u010de, da se nau\u010di\u0161 uporabljati osnovne funkcije Sweet Home 3D na ra\u010dunalniku in mobilnih napravah.<\/p>\n<h3 class=\"wp-block-heading\" id=\"risanje-rastlin-in-nadstropij\">Risanje rastlin in nadstropij<\/h3>\n<div class=\"wp-block-group is-layout-grid wp-container-core-group-is-layout-da7a6a80 wp-block-group-is-layout-grid\">\n<figure class=\"wp-block-embed is-type-video is-provider-youtube wp-block-embed-youtube wp-embed-aspect-16-9 wp-has-aspect-ratio embed-responsive\"><div class=\"wp-block-embed__wrapper\">\n<iframe loading=\"lazy\" title=\"Sweet Home 3D Tutorial: Layer Control Walkthrough\" width=\"500\" height=\"281\" src=\"https:\/\/www.youtube.com\/embed\/7c5OMgbHFUs?feature=oembed\" frameborder=\"0\" allow=\"accelerometer; autoplay; clipboard-write; encrypted-media; gyroscope; picture-in-picture; web-share\" referrerpolicy=\"strict-origin-when-cross-origin\" allowfullscreen><\/iframe>\n<\/div><\/figure>\n\n\n\n<figure class=\"wp-block-embed is-type-video is-provider-youtube wp-block-embed-youtube wp-embed-aspect-16-9 wp-has-aspect-ratio embed-responsive\"><div class=\"wp-block-embed__wrapper\">\n<iframe loading=\"lazy\" title=\"Sweet Home 3D Tutorial - 1 Minute to create a balcony\" width=\"500\" height=\"281\" src=\"https:\/\/www.youtube.com\/embed\/dByMK7ezL7U?feature=oembed\" frameborder=\"0\" allow=\"accelerometer; autoplay; clipboard-write; encrypted-media; gyroscope; picture-in-picture; web-share\" referrerpolicy=\"strict-origin-when-cross-origin\" allowfullscreen><\/iframe>\n<\/div><\/figure>\n<\/div>\n<h3 class=\"wp-block-heading\" id=\"vstavljanje-in-prilagajanje-pohistva\">Vstavljanje in prilagajanje pohi\u0161tva<\/h3>\n<div class=\"wp-block-group is-layout-grid wp-container-core-group-is-layout-da7a6a80 wp-block-group-is-layout-grid\">\n<figure class=\"wp-block-embed is-type-video is-provider-youtube wp-block-embed-youtube embed-responsive wp-embed-aspect-16-9 wp-has-aspect-ratio\"><div class=\"wp-block-embed__wrapper\">\n<iframe loading=\"lazy\" title=\"Sweet Home 3D Tutorial - How to customize furniture\" width=\"500\" height=\"281\" src=\"https:\/\/www.youtube.com\/embed\/5Ni5zE4q5kk?feature=oembed\" frameborder=\"0\" allow=\"accelerometer; autoplay; clipboard-write; encrypted-media; gyroscope; picture-in-picture; web-share\" referrerpolicy=\"strict-origin-when-cross-origin\" allowfullscreen><\/iframe>\n<\/div><\/figure>\n\n\n\n<figure class=\"wp-block-embed is-type-video is-provider-youtube wp-block-embed-youtube embed-responsive wp-embed-aspect-16-9 wp-has-aspect-ratio\"><div class=\"wp-block-embed__wrapper\">\n<iframe loading=\"lazy\" title=\"Sweet Home 3D Tutorial - How to create new furniture\" width=\"500\" height=\"281\" src=\"https:\/\/www.youtube.com\/embed\/4zEG8dqNy6w?feature=oembed\" frameborder=\"0\" allow=\"accelerometer; autoplay; clipboard-write; encrypted-media; gyroscope; picture-in-picture; web-share\" referrerpolicy=\"strict-origin-when-cross-origin\" allowfullscreen><\/iframe>\n<\/div><\/figure>\n\n\n\n<figure class=\"wp-block-embed is-type-video is-provider-youtube wp-block-embed-youtube embed-responsive wp-embed-aspect-16-9 wp-has-aspect-ratio\"><div class=\"wp-block-embed__wrapper\">\n<iframe loading=\"lazy\" title=\"Sweet Home 3D Tutorial - How to combine models together\" width=\"500\" height=\"281\" src=\"https:\/\/www.youtube.com\/embed\/sljp8C4WwGA?feature=oembed\" frameborder=\"0\" allow=\"accelerometer; autoplay; clipboard-write; encrypted-media; gyroscope; picture-in-picture; web-share\" referrerpolicy=\"strict-origin-when-cross-origin\" allowfullscreen><\/iframe>\n<\/div><\/figure>\n\n\n\n<figure class=\"wp-block-embed is-type-video is-provider-youtube wp-block-embed-youtube embed-responsive wp-embed-aspect-16-9 wp-has-aspect-ratio\"><div class=\"wp-block-embed__wrapper\">\n<iframe loading=\"lazy\" title=\"Sweet Home 3D Tutorial - 1 Minute to create a mirror effect\" width=\"500\" height=\"281\" src=\"https:\/\/www.youtube.com\/embed\/_Lilr9r9JvU?feature=oembed\" frameborder=\"0\" allow=\"accelerometer; autoplay; clipboard-write; encrypted-media; gyroscope; picture-in-picture; web-share\" referrerpolicy=\"strict-origin-when-cross-origin\" allowfullscreen><\/iframe>\n<\/div><\/figure>\n<\/div>\n<h3 class=\"wp-block-heading\" id=\"upodabljanje-fotografij-in-videoposnetkov\">Upodabljanje fotografij in videoposnetkov<\/h3>\n<div class=\"wp-block-group is-layout-grid wp-container-core-group-is-layout-da7a6a80 wp-block-group-is-layout-grid\">\n<figure class=\"wp-block-embed is-type-video is-provider-youtube wp-block-embed-youtube embed-responsive wp-embed-aspect-16-9 wp-has-aspect-ratio\"><div class=\"wp-block-embed__wrapper\">\n<iframe loading=\"lazy\" title=\"Sweet Home 3D Tutorial - How to create a video rendering\" width=\"500\" height=\"281\" src=\"https:\/\/www.youtube.com\/embed\/W_ExaiIvSHU?feature=oembed\" frameborder=\"0\" allow=\"accelerometer; autoplay; clipboard-write; encrypted-media; gyroscope; picture-in-picture; web-share\" referrerpolicy=\"strict-origin-when-cross-origin\" allowfullscreen><\/iframe>\n<\/div><\/figure>\n\n\n\n<figure class=\"wp-block-embed is-type-video is-provider-youtube wp-block-embed-youtube embed-responsive wp-embed-aspect-16-9 wp-has-aspect-ratio\"><div class=\"wp-block-embed__wrapper\">\n<iframe loading=\"lazy\" title=\"Sweet Home 3D - House with terrace video tour\" width=\"500\" height=\"281\" src=\"https:\/\/www.youtube.com\/embed\/wTnmSzyTvIs?feature=oembed\" frameborder=\"0\" allow=\"accelerometer; autoplay; clipboard-write; encrypted-media; gyroscope; picture-in-picture; web-share\" referrerpolicy=\"strict-origin-when-cross-origin\" allowfullscreen><\/iframe>\n<\/div><\/figure>\n<\/div>\n<h3 class=\"wp-block-heading\" id=\"3d-pogled\">3D pogled<\/h3>\n<div class=\"wp-block-group is-layout-grid wp-container-core-group-is-layout-da7a6a80 wp-block-group-is-layout-grid\">\n<figure class=\"wp-block-embed is-type-video is-provider-youtube wp-block-embed-youtube embed-responsive wp-embed-aspect-16-9 wp-has-aspect-ratio\"><div class=\"wp-block-embed__wrapper\">\n<iframe loading=\"lazy\" title=\"Sweet Home 3D Tutorial - 1 Minute to create a side view with dimensions\" width=\"500\" height=\"281\" src=\"https:\/\/www.youtube.com\/embed\/72Lz6qGNtr0?feature=oembed\" frameborder=\"0\" allow=\"accelerometer; autoplay; clipboard-write; encrypted-media; gyroscope; picture-in-picture; web-share\" referrerpolicy=\"strict-origin-when-cross-origin\" allowfullscreen><\/iframe>\n<\/div><\/figure>\n<\/div>\n<h3 class=\"wp-block-heading\" id=\"sweet-home-3d-mobile\">Sweet Home 3D Mobile<\/h3>\n<div class=\"wp-block-group is-layout-grid wp-container-core-group-is-layout-da7a6a80 wp-block-group-is-layout-grid\">\n<figure class=\"wp-block-embed is-type-video is-provider-youtube wp-block-embed-youtube embed-responsive wp-embed-aspect-16-9 wp-has-aspect-ratio\"><div class=\"wp-block-embed__wrapper\">\n<iframe loading=\"lazy\" title=\"Sweet Home 3D Tutorial for mobile version\" width=\"500\" height=\"281\" src=\"https:\/\/www.youtube.com\/embed\/kXd1S2xpaQk?feature=oembed\" frameborder=\"0\" allow=\"accelerometer; autoplay; clipboard-write; encrypted-media; gyroscope; picture-in-picture; web-share\" referrerpolicy=\"strict-origin-when-cross-origin\" allowfullscreen><\/iframe>\n<\/div><\/figure>\n<\/div>\n\n<p>Obi\u0161\u010di tudi <a href=\"https:\/\/www.youtube.com\/SweetHome3D\" target=\"_blank\" rel=\"noopener\">YouTube kanal Sweet Home 3D<\/a> za ve\u010d vodi\u010dev in preberi \u010dlanek v blogu o <a href=\"\/blog\/2016\/11\/29\/best_video_tutorials_about_sweet_home_3d.html\">najbolj\u0161ih video vodi\u010dih<\/a>.<\/p>\n<h2 class=\"wp-block-heading\" id=\"razvijalski-vodici\">Razvijalski vodi\u010di<\/h2>\n<p>\u010ce \u017eeli\u0161 programirati <a href=\"https:\/\/wp-test-1.sweethome3d.eu\/sl\/vticniki-in-orodja\/\" data-type=\"page\" data-id=\"437\">vti\u010dnik<\/a> za <a href=\"https:\/\/wp-test-1.sweethome3d.eu\/sl\/download\/\" data-type=\"page\" data-id=\"396\">Sweet Home 3D<\/a>, najprej preberi <a href=\"https:\/\/wp-test-1.sweethome3d.eu\/sl\/vodnik-za-razvijalce-vticnikov\/\" data-type=\"page\" data-id=\"4964\">vodi\u010d za razvijalce vti\u010dnikov<\/a>.<\/p>\n\n<p>\u010ce i\u0161\u010de\u0161 informacije o arhitekturi <a href=\"https:\/\/wp-test-1.sweethome3d.eu\/sl\/download\/\" data-type=\"page\" data-id=\"396\">Sweet Home 3D<\/a>, lahko prebere\u0161:<\/p>\n\n<ul class=\"wp-block-list\">\n<li>njegov API, ustvarjen z javadoc, ki je na voljo <a href=\"\/javadoc\/index.html\">na spletu<\/a> ali za <a href=\"https:\/\/sourceforge.net\/projects\/sweethome3d\/files\/SweetHome3D-source\/SweetHome3D-7.5-src\/SweetHome3D-7.5-javadoc.zip\/download\" target=\"_blank\" rel=\"noopener\">prenos<\/a>,<\/li>\n\n\n\n<li><a href=\"https:\/\/wp-test-1.sweethome3d.eu\/sl\/vodnik-za-razvijalce-vticnikov\/\" data-type=\"page\" data-id=\"4964\">zadnji del vodi\u010da za razvijalce vti\u010dnikov<\/a>, ki podaja nekaj podrobnosti o razredih <a href=\"\/javadoc\/com\/eteks\/sweethome3d\/model\/package-summary.html\">modela<\/a> Sweet Home 3D,<\/li>\n\n\n\n<li>francosko knjigo <a href=\"https:\/\/www.eteks.com\/services\/cahierswing.html\" target=\"_blank\" rel=\"noopener\">Les cahiers du programmeur Swing<\/a>, ki jo je napisal Emmanuel Puybaret in jo je decembra 2006 izdala zalo\u017eba Editions Eyrolles, <a href=\"\/v0.10\/SweetHome3D.jnlp\">razli\u010dica Sweet Home 3D 0.10<\/a> je \u0161tudijski primer v njej.<\/li>\n<\/ul>\n\n<p>\u010ce \u017eeli\u0161 prevesti <a href=\"https:\/\/wp-test-1.sweethome3d.eu\/sl\/download\/\" data-type=\"page\" data-id=\"396\">Sweet Home 3D<\/a> v svoj jezik, preberi <a href=\"https:\/\/wp-test-1.sweethome3d.eu\/sl\/vodnik-za-prevajanje\/\" data-type=\"page\" data-id=\"5142\">vodi\u010d za prevajanje<\/a>.<\/p>\n<h2 class=\"wp-block-heading\" id=\"ocene-in-nagrade\">Ocene in nagrade<\/h2>\n<p>Nekaj ocen na spletu:<\/p>\n\n<ul class=\"wp-block-list\">\n<li><a href=\"https:\/\/www.softpedia.com\/reviews\/windows\/Sweet-Home-3D--Review-77686.shtml\" class=\"broken_link\" target=\"_blank\" rel=\"noopener\">Zlahka postane\u0161 notranji oblikovalec!<\/a> in <a href=\"https:\/\/mac.softpedia.com\/get\/Graphics\/Sweet-Home-3D.shtml\" class=\"broken_link\" target=\"_blank\" rel=\"noopener\">Ocena Sweet Home 3D za Mac<\/a> na <a href=\"https:\/\/www.softpedia.com\/\" target=\"_blank\" rel=\"noopener\">Softpedia<\/a><\/li>\n\n\n\n<li><a href=\"https:\/\/www.linux.com\/news\/sweet-home-3d-simple-interior-design\/\" target=\"_blank\" rel=\"noopener\">Sweet Home 3D: preprosto notranje oblikovanje<\/a> na <a href=\"https:\/\/www.linux.com\/\" target=\"_blank\" rel=\"noopener\">linux.com<\/a><\/li>\n\n\n\n<li><a href=\"https:\/\/www.brighthub.com\/computing\/mac-platform\/reviews\/33256.aspx\" target=\"_blank\" rel=\"noopener\">Ocena Sweet Home 3D<\/a> na <a href=\"https:\/\/www.brighthub.com\/\" target=\"_blank\" rel=\"noopener\">Bright hub<\/a><\/li>\n\n\n\n<li><a href=\"https:\/\/linuxlock.blogspot.com\/2011\/01\/of-software-and-soffits.html\" target=\"_blank\" rel=\"noopener\">O programski opremi in podstre\u0161jih<\/a> na <a href=\"https:\/\/linuxlock.blogspot.com\/\" target=\"_blank\" rel=\"noopener\">blogu helios<\/a><\/li>\n\n\n\n<li><a href=\"https:\/\/www.becoming-home.com\/2008\/04\/03\/its-better-than-moving-furniture\/\" target=\"_blank\" rel=\"noopener\">Bolj\u0161e kot premikanje pohi\u0161tva<\/a> na <a href=\"https:\/\/www.becoming-home.com\/\" target=\"_blank\" rel=\"noopener\">becoming home<\/a><\/li>\n\n\n\n<li><a href=\"https:\/\/www.g2.com\/\" class=\"broken_link\" target=\"_blank\" rel=\"noopener\">Vzpon amaterskega arhitekta<\/a> na <a href=\"https:\/\/ragnvald.medium.com\/\" class=\"broken_link\" target=\"_blank\" rel=\"noopener\">blogu Ragnvalda Larsena<\/a><\/li>\n\n\n\n<li><a href=\"https:\/\/svedic.org\/personal\/free-interior-design-with-sweet-home-3d-and-sketchup\" target=\"_blank\" rel=\"noopener\">Brezpla\u010dno notranje oblikovanje s Sweet Home 3D in SketchUp<\/a> na <a href=\"https:\/\/svedic.org\/\" target=\"_blank\" rel=\"noopener\">blogu Svedic<\/a><\/li>\n\n\n\n<li><a href=\"https:\/\/3djunkfair.blogspot.co.at\/\" target=\"_blank\" rel=\"noopener\">Moj 3D sejem ropotije<\/a>, blog, kjer Leonhard Grugl deli svoje ugotovitve o Sweet Home 3D<\/li>\n\n\n\n<li><a href=\"https:\/\/listoffreeware.com\/best-free-3d-floor-plan-software-windows\/\" target=\"_blank\" rel=\"noopener\">5 najbolj\u0161ih brezpla\u010dnih programov za 3D tlorise za Windows<\/a> na <a href=\"https:\/\/listoffreeware.com\/\" target=\"_blank\" rel=\"noopener\">List of freeware<\/a><\/li>\n\n\n\n<li><a href=\"https:\/\/sourceforge.net\/projects\/sweethome3d\/reviews\/\" target=\"_blank\" rel=\"noopener\">Ocene uporabnikov<\/a> na <a href=\"https:\/\/sourceforge.net\/\" class=\"broken_link\" target=\"_blank\" rel=\"noopener\">SourceForge.net<\/a><\/li>\n<\/ul>\n\n<p>Ocene v tisku:<\/p>\n\n<ul class=\"wp-block-list\">\n<li><a href=\"https:\/\/www.linuxpromagazine.com\/issues\/2008\/95\/projects_on_the_move\" target=\"_blank\" rel=\"noopener\">Projekti v gibanju<\/a>, v \u0161tevilki <a href=\"https:\/\/www.linuxpromagazine.com\/issues\/2008\/95\" target=\"_blank\" rel=\"noopener\">#95 revije Linux Pro Magazine<\/a> (oktober 2008)<\/li>\n<\/ul>\n\n<p>Glej tudi ocene v <a href=\"https:\/\/wp-test-1.sweethome3d.eu\/sl\/dokumentacija\/\" data-type=\"page\" data-id=\"418\">franco\u0161\u010dini<\/a>, <a href=\"https:\/\/wp-test-1.sweethome3d.eu\/sl\/dokumentacija\/\" data-type=\"page\" data-id=\"418\">nem\u0161\u010dini<\/a>, <a href=\"https:\/\/wp-test-1.sweethome3d.eu\/sl\/dokumentacija\/\" data-type=\"page\" data-id=\"418\">\u0161pan\u0161\u010dini<\/a> in <a href=\"https:\/\/wp-test-1.sweethome3d.eu\/sl\/dokumentacija\/\" data-type=\"page\" data-id=\"418\">ru\u0161\u010dini<\/a>.<\/p>\n\n<hr class=\"wp-block-separator has-text-color has-white-color has-alpha-channel-opacity has-white-background-color has-background is-style-default\" \/>\n\n<div class=\"wp-block-group is-content-justification-center is-nowrap is-layout-flex wp-container-core-group-is-layout-94bc23d7 wp-block-group-is-layout-flex\">\n<figure class=\"wp-block-image size-full\"><a href=\"https:\/\/www.softpedia.com\/reviews\/mac\/Sweet-Home-3D--Review-77686.shtml\" class=\"broken_link\" target=\"_blank\" rel=\"noopener\"><img loading=\"lazy\" decoding=\"async\" width=\"157\" height=\"100\" src=\"https:\/\/wp-test-1.sweethome3d.eu\/wp-content\/uploads\/2025\/10\/softpediaAward.png\" alt=\"\" class=\"wp-image-4814\" \/><\/a><\/figure>\n\n\n\n<figure class=\"wp-block-image size-full\"><a href=\"https:\/\/sweet-home-3d.en.softonic.com\/\" target=\"_blank\" rel=\"noopener\"><img loading=\"lazy\" decoding=\"async\" width=\"167\" height=\"99\" src=\"https:\/\/wp-test-1.sweethome3d.eu\/wp-content\/uploads\/2025\/10\/softonicEditorChoice.png\" alt=\"\" class=\"wp-image-4815\" \/><\/a><\/figure>\n\n\n\n<figure class=\"wp-block-image size-full\"><a href=\"https:\/\/sweet-home-3d.software.informer.com\/\" target=\"_blank\" rel=\"noopener\"><img loading=\"lazy\" decoding=\"async\" width=\"170\" height=\"170\" src=\"https:\/\/wp-test-1.sweethome3d.eu\/wp-content\/uploads\/2025\/10\/si-award-epick5.png\" alt=\"\" class=\"wp-image-4816\" srcset=\"https:\/\/wp-test-1.sweethome3d.eu\/wp-content\/uploads\/2025\/10\/si-award-epick5.png 170w, https:\/\/wp-test-1.sweethome3d.eu\/wp-content\/uploads\/2025\/10\/si-award-epick5-130x130.png 130w\" sizes=\"auto, (max-width: 170px) 100vw, 170px\" \/><\/a><\/figure>\n\n\n\n<figure class=\"wp-block-image size-full\"><a href=\"https:\/\/maddownload.com\/education-hobby\/sweet-home-3d\/\" target=\"_blank\" rel=\"noopener\"><img loading=\"lazy\" decoding=\"async\" width=\"150\" height=\"150\" src=\"https:\/\/wp-test-1.sweethome3d.eu\/wp-content\/uploads\/2025\/10\/maddownload_editors_choice_transparent-150x150-1-150x150-1.png\" alt=\"\" class=\"wp-image-4817\" srcset=\"https:\/\/wp-test-1.sweethome3d.eu\/wp-content\/uploads\/2025\/10\/maddownload_editors_choice_transparent-150x150-1-150x150-1.png 150w, https:\/\/wp-test-1.sweethome3d.eu\/wp-content\/uploads\/2025\/10\/maddownload_editors_choice_transparent-150x150-1-150x150-1-130x130.png 130w\" sizes=\"auto, (max-width: 150px) 100vw, 150px\" \/><\/a><\/figure>\n\n\n\n<figure class=\"wp-block-image size-full\"><a href=\"https:\/\/sweet-home-3d.findmysoft.com\/\" class=\"broken_link\" target=\"_blank\" rel=\"noopener\"><img loading=\"lazy\" decoding=\"async\" width=\"158\" height=\"57\" src=\"https:\/\/wp-test-1.sweethome3d.eu\/wp-content\/uploads\/2025\/10\/review2_5_Sweet-Home-3D_award.png\" alt=\"\" class=\"wp-image-4818\" \/><\/a><\/figure>\n<\/div>\n","protected":false},"excerpt":{"rendered":"<p>Ta stran opisuje dokumentacijo, ki je trenutno na voljo za Sweet Home 3D. Uporabni\u0161ki priro\u010dniki Uporabni\u0161ki priro\u010dnik za Sweet Home 3D je na voljo na tej strani, seznam bli\u017enjic pa v tem dokumentu (PDF). Sweet Home 3D ponuja tudi redno posodobljena pogosto zastavljena vpra\u0161anja in celotno pomo\u010d, dostopno iz menijske postavke Pomo\u010d &gt; Pomo\u010d za [&hellip;]<\/p>\n","protected":false},"author":2,"featured_media":6087,"parent":0,"menu_order":0,"comment_status":"closed","ping_status":"closed","template":"","meta":{"inline_featured_image":false,"footnotes":""},"class_list":["post-6086","page","type-page","status-publish","has-post-thumbnail","hentry"],"_links":{"self":[{"href":"https:\/\/wp-test-1.sweethome3d.eu\/sl\/wp-json\/wp\/v2\/pages\/6086","targetHints":{"allow":["GET"]}}],"collection":[{"href":"https:\/\/wp-test-1.sweethome3d.eu\/sl\/wp-json\/wp\/v2\/pages"}],"about":[{"href":"https:\/\/wp-test-1.sweethome3d.eu\/sl\/wp-json\/wp\/v2\/types\/page"}],"author":[{"embeddable":true,"href":"https:\/\/wp-test-1.sweethome3d.eu\/sl\/wp-json\/wp\/v2\/users\/2"}],"replies":[{"embeddable":true,"href":"https:\/\/wp-test-1.sweethome3d.eu\/sl\/wp-json\/wp\/v2\/comments?post=6086"}],"version-history":[{"count":8,"href":"https:\/\/wp-test-1.sweethome3d.eu\/sl\/wp-json\/wp\/v2\/pages\/6086\/revisions"}],"predecessor-version":[{"id":11783,"href":"https:\/\/wp-test-1.sweethome3d.eu\/sl\/wp-json\/wp\/v2\/pages\/6086\/revisions\/11783"}],"wp:featuredmedia":[{"embeddable":true,"href":"https:\/\/wp-test-1.sweethome3d.eu\/sl\/wp-json\/wp\/v2\/media\/6087"}],"wp:attachment":[{"href":"https:\/\/wp-test-1.sweethome3d.eu\/sl\/wp-json\/wp\/v2\/media?parent=6086"}],"curies":[{"name":"wp","href":"https:\/\/api.w.org\/{rel}","templated":true}]}}