{"id":6210,"date":"2025-09-19T09:07:08","date_gmt":"2025-09-19T09:07:08","guid":{"rendered":"https:\/\/wp-test-1.sweethome3d.eu\/donacije\/"},"modified":"2025-11-11T14:40:08","modified_gmt":"2025-11-11T14:40:08","slug":"donacije","status":"publish","type":"page","link":"https:\/\/wp-test-1.sweethome3d.eu\/sl\/donacije\/","title":{"rendered":"Donacije"},"content":{"rendered":"\n<p class=\"has-text-align-center\">Ti je <a href=\"\/\" data-action=\"wce_test\">Sweet Home 3D<\/a> uspe\u0161no pomagal pri tvojem projektu?<br\/>Ti je v\u0161e\u010d podpora, ki jo nudi ta spletna stran?<br\/>Ceni\u0161 odsotnost oglasov na tej strani?<\/p>\n\n<p class=\"has-text-align-center\">Potem &#8230; ne oklevaj ve\u010d! Pomagaj programu <a href=\"https:\/\/wp-test-1.sweethome3d.eu\/sl\/download\/\" data-type=\"page\" data-id=\"396\" data-action=\"wce_test\">Sweet Home 3D<\/a> in doniraj projektu.<br\/>Zelo bomo hvale\u017eni. <\/p>\n\n<p class=\"has-text-align-center\">Spodaj samo vnesi znesek svoje donacije<br\/>in klikni na gumb PayPal <em>Doniraj<\/em>.<\/p>\n\n\n\t<div id=\"donate-button-container\" style=\"text-align:center; margin:2rem 0;\">\n\t\t<div id=\"donate-button\"><\/div>\n\t\t<script src=\"https:\/\/www.paypalobjects.com\/donate\/sdk\/donate-sdk.js\" charset=\"UTF-8\"><\/script>\n\t\t<script>\n\t\t\tPayPal.Donation.Button({\n\t\t\t\tenv: 'production',\n\t\t\t\thosted_button_id: 'Q2F4V9B6WMY7N',\n\t\t\t\timage: {\n\t\t\t\t\tsrc: 'https:\/\/wp-test-1.sweethome3d.eu\/wp-content\/themes\/sh3d\/assets\/img\/paypal\/btn_donateCC_LG_en_US.gif',\n\t\t\t\t\talt: 'Donate with PayPal button',\n\t\t\t\t\ttitle: 'PayPal - The safer, easier way to pay online!'\n\t\t\t\t}\n\t\t\t}).render('#donate-button');\n\t\t<\/script>\n\t<\/div>\n\n\t\n","protected":false},"excerpt":{"rendered":"<p>Ti je Sweet Home 3D uspe\u0161no pomagal pri tvojem projektu?Ti je v\u0161e\u010d podpora, ki jo nudi ta spletna stran?Ceni\u0161 odsotnost oglasov na tej strani? Potem &#8230; ne oklevaj ve\u010d! Pomagaj programu Sweet Home 3D in doniraj projektu.Zelo bomo hvale\u017eni. Spodaj samo vnesi znesek svoje donacijein klikni na gumb PayPal Doniraj.<\/p>\n","protected":false},"author":2,"featured_media":0,"parent":0,"menu_order":0,"comment_status":"closed","ping_status":"closed","template":"","meta":{"inline_featured_image":false,"footnotes":""},"class_list":["post-6210","page","type-page","status-publish","hentry"],"_links":{"self":[{"href":"https:\/\/wp-test-1.sweethome3d.eu\/sl\/wp-json\/wp\/v2\/pages\/6210","targetHints":{"allow":["GET"]}}],"collection":[{"href":"https:\/\/wp-test-1.sweethome3d.eu\/sl\/wp-json\/wp\/v2\/pages"}],"about":[{"href":"https:\/\/wp-test-1.sweethome3d.eu\/sl\/wp-json\/wp\/v2\/types\/page"}],"author":[{"embeddable":true,"href":"https:\/\/wp-test-1.sweethome3d.eu\/sl\/wp-json\/wp\/v2\/users\/2"}],"replies":[{"embeddable":true,"href":"https:\/\/wp-test-1.sweethome3d.eu\/sl\/wp-json\/wp\/v2\/comments?post=6210"}],"version-history":[{"count":3,"href":"https:\/\/wp-test-1.sweethome3d.eu\/sl\/wp-json\/wp\/v2\/pages\/6210\/revisions"}],"predecessor-version":[{"id":12808,"href":"https:\/\/wp-test-1.sweethome3d.eu\/sl\/wp-json\/wp\/v2\/pages\/6210\/revisions\/12808"}],"wp:attachment":[{"href":"https:\/\/wp-test-1.sweethome3d.eu\/sl\/wp-json\/wp\/v2\/media?parent=6210"}],"curies":[{"name":"wp","href":"https:\/\/api.w.org\/{rel}","templated":true}]}}