{"id":6589,"date":"2025-09-18T11:00:31","date_gmt":"2025-09-18T11:00:31","guid":{"rendered":"https:\/\/wp-test-1.sweethome3d.eu\/spletni-upravljalnik-sweet-home-3d\/"},"modified":"2025-11-07T13:09:16","modified_gmt":"2025-11-07T13:09:16","slug":"spletni-upravljalnik-sweet-home-3d","status":"publish","type":"page","link":"https:\/\/wp-test-1.sweethome3d.eu\/sl\/spletni-upravljalnik-sweet-home-3d\/","title":{"rendered":"Spletni upravljalnik Sweet Home 3D"},"content":{"rendered":"<h2 class=\"wp-block-heading has-text-align-center\" id=\"nacrtuj-svoj-dom-iz-brskalnika\">Na\u010drtuj svoj dom iz brskalnika<\/h2><h3 class=\"wp-block-heading has-text-align-center\" id=\"preizkusi-sweet-home-3d-js-na-spletu-kot-demo-razlicico\">Preizkusi Sweet Home 3D JS na spletu kot demo razli\u010dico<\/h3><div class=\"wp-block-image\">\n<figure class=\"aligncenter size-full\"><img loading=\"lazy\" decoding=\"async\" width=\"128\" height=\"74\" src=\"https:\/\/wp-test-1.sweethome3d.eu\/wp-content\/uploads\/2025\/09\/smartphoneTabletComputer.png\" alt=\"\" class=\"wp-image-496\"\/><\/figure>\n<\/div>\n<p class=\"has-text-align-center\"><strong>Spletni upravljalnik Sweet Home 3D<\/strong> je zmogljiva <strong>storitev za notranje oblikovanje<\/strong>, ki ti omogo\u010da, da na\u010drtuje\u0161 svoj <strong>na\u010drt hi\u0161e<\/strong> na spletu neposredno iz brskalnika, brez potrebe po namestitvi. Spletna razli\u010dica ponuja mo\u017enost preizkusa Sweet Home 3D pred prenosom. <\/p>\n\n<p class=\"has-text-align-center\"><a href=\"https:\/\/www.sweethome3d.com\/SweetHome3DJSOnline.jsp\" data-type=\"link\" data-id=\"https:\/\/www.sweethome3d.com\/SweetHome3DJSOnline.jsp\" data-action=\"wce_online_testonline_hyperlink\" target=\"_blank\" rel=\"noopener\">Preizkusi Sweet Home 3D JS na spletu kot demo razli\u010dico<\/a><\/p>\n\n<p class=\"has-text-align-center\">\u010ce uporablja\u0161 razli\u010dico Sweet Home 3D, ki je na voljo za <a href=\"https:\/\/wp-test-1.sweethome3d.eu\/sl\/download\/\" data-type=\"page\" data-id=\"396\">prenos<\/a>, lahko tudi <a href=\"https:\/\/wp-test-1.sweethome3d.eu\/sl\/uporabniski-prirocnik-sweet-home-3d\/#importing-home-blueprint\" data-type=\"link\" data-id=\"https:\/\/wp-test-1.sweethome3d.eu\/users-guide\/#importing-home-blueprint\">uvozi\u0161<\/a> datoteko doma, ki si jo na\u010drtoval, <a href=\"https:\/\/wp-test-1.sweethome3d.eu\/sl\/uporabniski-prirocnik-sweet-home-3d\/#editing-3d-view\" data-type=\"link\" data-id=\"https:\/\/wp-test-1.sweethome3d.eu\/users-guide\/#editing-3d-view\">si jo ogleda\u0161 v 2D \/ 3D<\/a>, jo spremeni\u0161 in <a href=\"https:\/\/wp-test-1.sweethome3d.eu\/sl\/uporabniski-prirocnik-sweet-home-3d\/#export-to-obj-format\" data-type=\"link\" data-id=\"https:\/\/wp-test-1.sweethome3d.eu\/users-guide\/#export-to-obj-format\">izvozi\u0161<\/a> s tem orodjem \u2014 zaradi \u010desar je priro\u010den <strong>generator tlorisov<\/strong> in <strong>programska oprema za notranje risanje<\/strong>.<\/p>\n\n<p class=\"has-text-align-center\"><a href=\"#download\" data-type=\"internal\" data-id=\"#download\">Prenesi polno razli\u010dico<\/a> za dostop do ve\u010d kot 10.000 <a href=\"https:\/\/wp-test-1.sweethome3d.eu\/sl\/uvozi-modele-v-sweet-home-3d-dodaj-poljubno-3d-pohistvo-in-predmete\/\" data-type=\"page\" data-id=\"432\">3D modelov<\/a>, 400 <a href=\"https:\/\/wp-test-1.sweethome3d.eu\/sl\/uvozi-teksture\/\" data-type=\"page\" data-id=\"4928\">tekstur<\/a> in mo\u017enost dodajanja edinstvenih funkcionalnosti za resni\u010dno prilagojeno <a href=\"https:\/\/wp-test-1.sweethome3d.eu\/sl\/uporabniski-prirocnik-sweet-home-3d\/#starting-a-new-home\" data-type=\"link\" data-id=\"https:\/\/wp-test-1.sweethome3d.eu\/users-guide\/#starting-a-new-home\">oblikovalsko izku\u0161njo.<\/a><\/p>\n\n<div class=\"wp-block-buttons is-content-justification-center is-layout-flex wp-container-core-buttons-is-layout-16018d1d wp-block-buttons-is-layout-flex\">\n<div class=\"wp-block-button\" data-page=\"online\" data-append-os=\"true\"><a class=\"wp-block-button__link wp-element-button\" href=\"#download\"><img loading=\"lazy\" decoding=\"async\" width=\"21\" height=\"21\" class=\"wp-image-390\" style=\"width: 21px;\" src=\"http:\/\/wp-test-1.sweethome3d.eu\/wp-content\/uploads\/2025\/09\/download-bottom.svg\" alt=\"\"\/> Prenesi Sweet Home 3D<\/a><\/div>\n<\/div>\n<h3 class=\"wp-block-heading has-text-align-center\" id=\"kako-uporabljati-sweet-home-3d-js-na-spletu\">Kako uporabljati Sweet Home 3D JS na spletu<\/h3>\n<p class=\"has-text-align-center\"><strong>Spletni upravljalnik Sweet Home 3D<\/strong> je storitev, ki ti omogo\u010da, da na\u010drtuje\u0161 svoje <strong>postavitve hi\u0161<\/strong> na spletu s katerim koli brskalnikom, zdru\u017eljivim z <a href=\"https:\/\/caniuse.com\/webgl\" target=\"_blank\" rel=\"noopener\">WebGL<\/a>.<\/p>\n\n<p class=\"has-text-align-center\">To storitev lahko preizkusi\u0161 s klikom na spodnjo povezavo, vendar \u010de \u017eeli\u0161 <strong>shraniti<\/strong> svoj na\u010drt, se najprej <a href=\"https:\/\/www.sweethome3d.com\/support\/forum\/registermember\" target=\"_blank\" rel=\"noopener\">brezpla\u010dno registrira\u0161<\/a>, nato pa <a href=\"https:\/\/www.sweethome3d.com\/support\/forum\/login?url=https%3A%2F%2Fwww.sweethome3d.com%2FSweetHome3DOnlineManager.jsp&amp;forumLogin=false&amp;lang=en\" target=\"_blank\" rel=\"noopener\">se prijavi\u0161<\/a>.<\/p>\n<div class=\"wp-block-image\">\n<figure class=\"aligncenter size-large is-resized\" data-action=\"wce_online_picture\"><img loading=\"lazy\" decoding=\"async\" width=\"1024\" height=\"768\" src=\"https:\/\/wp-test-1.sweethome3d.eu\/wp-content\/uploads\/2025\/09\/SweetHome3DJSOnlineWindows-1024x768.jpg\" alt=\"Spletni upravljalnik Sweet Home 3D\" class=\"wp-image-498\" style=\"width:600px\" srcset=\"https:\/\/wp-test-1.sweethome3d.eu\/wp-content\/uploads\/2025\/09\/SweetHome3DJSOnlineWindows-1024x768.jpg 1024w, https:\/\/wp-test-1.sweethome3d.eu\/wp-content\/uploads\/2025\/09\/SweetHome3DJSOnlineWindows-173x130.jpg 173w, https:\/\/wp-test-1.sweethome3d.eu\/wp-content\/uploads\/2025\/09\/SweetHome3DJSOnlineWindows-360x270.jpg 360w, https:\/\/wp-test-1.sweethome3d.eu\/wp-content\/uploads\/2025\/09\/SweetHome3DJSOnlineWindows-768x576.jpg 768w, https:\/\/wp-test-1.sweethome3d.eu\/wp-content\/uploads\/2025\/09\/SweetHome3DJSOnlineWindows-400x300.jpg 400w, https:\/\/wp-test-1.sweethome3d.eu\/wp-content\/uploads\/2025\/09\/SweetHome3DJSOnlineWindows-120x90.jpg 120w, https:\/\/wp-test-1.sweethome3d.eu\/wp-content\/uploads\/2025\/09\/SweetHome3DJSOnlineWindows.jpg 1200w\" sizes=\"auto, (max-width: 1024px) 100vw, 1024px\" \/><\/figure>\n<\/div>","protected":false},"excerpt":{"rendered":"<p>Na\u010drtuj svoj dom iz brskalnika Preizkusi Sweet Home 3D JS na spletu kot demo razli\u010dico Spletni upravljalnik Sweet Home 3D je zmogljiva storitev za notranje oblikovanje, ki ti omogo\u010da, da na\u010drtuje\u0161 svoj na\u010drt hi\u0161e na spletu neposredno iz brskalnika, brez potrebe po namestitvi. Spletna razli\u010dica ponuja mo\u017enost preizkusa Sweet Home 3D pred prenosom. Preizkusi Sweet [&hellip;]<\/p>\n","protected":false},"author":2,"featured_media":6588,"parent":0,"menu_order":0,"comment_status":"closed","ping_status":"closed","template":"","meta":{"inline_featured_image":false,"footnotes":""},"class_list":["post-6589","page","type-page","status-publish","has-post-thumbnail","hentry"],"_links":{"self":[{"href":"https:\/\/wp-test-1.sweethome3d.eu\/sl\/wp-json\/wp\/v2\/pages\/6589","targetHints":{"allow":["GET"]}}],"collection":[{"href":"https:\/\/wp-test-1.sweethome3d.eu\/sl\/wp-json\/wp\/v2\/pages"}],"about":[{"href":"https:\/\/wp-test-1.sweethome3d.eu\/sl\/wp-json\/wp\/v2\/types\/page"}],"author":[{"embeddable":true,"href":"https:\/\/wp-test-1.sweethome3d.eu\/sl\/wp-json\/wp\/v2\/users\/2"}],"replies":[{"embeddable":true,"href":"https:\/\/wp-test-1.sweethome3d.eu\/sl\/wp-json\/wp\/v2\/comments?post=6589"}],"version-history":[{"count":7,"href":"https:\/\/wp-test-1.sweethome3d.eu\/sl\/wp-json\/wp\/v2\/pages\/6589\/revisions"}],"predecessor-version":[{"id":12664,"href":"https:\/\/wp-test-1.sweethome3d.eu\/sl\/wp-json\/wp\/v2\/pages\/6589\/revisions\/12664"}],"wp:featuredmedia":[{"embeddable":true,"href":"https:\/\/wp-test-1.sweethome3d.eu\/sl\/wp-json\/wp\/v2\/media\/6588"}],"wp:attachment":[{"href":"https:\/\/wp-test-1.sweethome3d.eu\/sl\/wp-json\/wp\/v2\/media?parent=6589"}],"curies":[{"name":"wp","href":"https:\/\/api.w.org\/{rel}","templated":true}]}}