{"id":8808,"date":"2025-09-18T11:52:42","date_gmt":"2025-09-18T11:52:42","guid":{"rendered":"https:\/\/wp-test-1.sweethome3d.eu\/funkcije-sweet-home-3d\/"},"modified":"2025-11-03T17:16:01","modified_gmt":"2025-11-03T17:16:01","slug":"funkcije-sweet-home-3d","status":"publish","type":"page","link":"https:\/\/wp-test-1.sweethome3d.eu\/sl\/funkcije-sweet-home-3d\/","title":{"rendered":"Funkcije Sweet Home 3D"},"content":{"rendered":"<h2 class=\"wp-block-heading has-text-align-center\" id=\"odkrijte-glavne-funkcije-ki-jih-ponuja-sweet-home-3d\">Odkrijte glavne funkcije, ki jih ponuja Sweet Home 3D<\/h2>\n<p class=\"has-text-align-center\">Odkrijte glavne funkcije, ki jih ponuja <strong><a href=\"https:\/\/wp-test-1.sweethome3d.eu\/sl\/download\/\" data-type=\"page\" data-id=\"396\">Sweet Home 3D<\/a><\/strong>,<br \/>brezpla\u010dna aplikacija za notranje oblikovanje, ki je na voljo na <a href=\"https:\/\/www.sweethome3d.com\/\" target=\"_blank\" rel=\"noopener\">https:\/\/www.sweethome3d.com<\/a>.<\/p>\n\n<p class=\"has-text-align-center\">Sweet Home 3D je zmogljiva in uporabniku prijazna programska oprema za notranje oblikovanje, ki ti pomaga enostavno ustvariti podrobne tlorise domov in stilske ideje za notranjost doma. Ne glede na to, ali si profesionalni notranji oblikovalec ali \u017eeli\u0161 le preizkusiti ideje za sobe, ima to orodje vse funkcije, ki ti pomagajo u\u010dinkovito oblikovati doma\u010de tlorise. <\/p>\n<div class=\"wp-block-image\">\n<figure class=\"aligncenter size-full\"><img loading=\"lazy\" decoding=\"async\" width=\"393\" height=\"266\" src=\"https:\/\/wp-test-1.sweethome3d.eu\/wp-content\/uploads\/2025\/09\/SweetHome3DSmall.jpg\" alt=\"Funkcije Sweet Home 3D\" class=\"wp-image-501\" srcset=\"https:\/\/wp-test-1.sweethome3d.eu\/wp-content\/uploads\/2025\/09\/SweetHome3DSmall.jpg 393w, https:\/\/wp-test-1.sweethome3d.eu\/wp-content\/uploads\/2025\/09\/SweetHome3DSmall-192x130.jpg 192w, https:\/\/wp-test-1.sweethome3d.eu\/wp-content\/uploads\/2025\/09\/SweetHome3DSmall-360x244.jpg 360w, https:\/\/wp-test-1.sweethome3d.eu\/wp-content\/uploads\/2025\/09\/SweetHome3DSmall-133x90.jpg 133w\" sizes=\"auto, (max-width: 393px) 100vw, 393px\" \/><\/figure>\n<\/div>\n<div style=\"height:50px\" aria-hidden=\"true\" class=\"wp-block-spacer\"><\/div>\n<h3 class=\"wp-block-heading has-text-align-center\" id=\"risi-stene-in-ustvari-natancne-tlorise\">Ri\u0161i stene in ustvari natan\u010dne tlorise<\/h3>\n<hr class=\"wp-block-separator has-alpha-channel-opacity is-style-default\" \/>\n\n<div class=\"wp-block-group is-nowrap is-layout-flex wp-container-core-group-is-layout-ad2f72ca wp-block-group-is-layout-flex\">\n<div class=\"wp-block-group is-nowrap is-layout-flex wp-container-core-group-is-layout-ad2f72ca wp-block-group-is-layout-flex\">\n<p><strong>Ri\u0161i <\/strong>ravne, okrogle ali nagnjene <strong><a href=\"https:\/\/wp-test-1.sweethome3d.eu\/sl\/uporabniski-prirocnik-sweet-home-3d\/#drawing-walls\" data-type=\"link\" data-id=\"https:\/\/wp-test-1.sweethome3d.eu\/users-guide\/#drawing-walls\">stene<\/a><\/strong> z natan\u010dnimi dimenzijami z uporabo mi\u0161ke ali tipkovnice.<\/p>\n<\/div>\n\n\n\n<figure class=\"wp-block-image size-full is-resized\"><img loading=\"lazy\" decoding=\"async\" width=\"275\" height=\"100\" src=\"https:\/\/wp-test-1.sweethome3d.eu\/wp-content\/uploads\/2025\/09\/drawWalls.png\" alt=\"\" class=\"wp-image-504\" style=\"width:275px\" srcset=\"https:\/\/wp-test-1.sweethome3d.eu\/wp-content\/uploads\/2025\/09\/drawWalls.png 275w, https:\/\/wp-test-1.sweethome3d.eu\/wp-content\/uploads\/2025\/09\/drawWalls-248x90.png 248w\" sizes=\"auto, (max-width: 275px) 100vw, 275px\" \/><\/figure>\n<\/div>\n\n<hr class=\"wp-block-separator has-alpha-channel-opacity\" \/>\n\n<div class=\"wp-block-group is-nowrap is-layout-flex wp-container-core-group-is-layout-ad2f72ca wp-block-group-is-layout-flex\">\n<figure class=\"wp-block-image size-full is-resized\"><img loading=\"lazy\" decoding=\"async\" width=\"275\" height=\"100\" src=\"https:\/\/wp-test-1.sweethome3d.eu\/wp-content\/uploads\/2025\/09\/annotate.png\" alt=\"\" class=\"wp-image-505\" style=\"width:275px\" srcset=\"https:\/\/wp-test-1.sweethome3d.eu\/wp-content\/uploads\/2025\/09\/annotate.png 275w, https:\/\/wp-test-1.sweethome3d.eu\/wp-content\/uploads\/2025\/09\/annotate-248x90.png 248w\" sizes=\"auto, (max-width: 275px) 100vw, 275px\" \/><\/figure>\n\n\n\n<p><strong>Ozna\u010di tloris <\/strong>s <a href=\"https:\/\/wp-test-1.sweethome3d.eu\/sl\/uporabniski-prirocnik-sweet-home-3d\/#drawing-rooms\" data-type=\"link\" data-id=\"https:\/\/wp-test-1.sweethome3d.eu\/users-guide\/#drawing-rooms\">povr\u0161inami prostorov<\/a>, <a href=\"https:\/\/wp-test-1.sweethome3d.eu\/sl\/uporabniski-prirocnik-sweet-home-3d\/#drawing-dimensions\">merskimi \u010drtami<\/a>, <a href=\"https:\/\/wp-test-1.sweethome3d.eu\/sl\/uporabniski-prirocnik-sweet-home-3d\/#adding-texts\" data-type=\"link\" data-id=\"https:\/\/wp-test-1.sweethome3d.eu\/users-guide\/#adding-texts\">besedili<\/a>, pu\u0161\u010dicami in prika\u017ei smer severa s kompasom.<\/p>\n<\/div>\n<h3 class=\"wp-block-heading has-text-align-center\" id=\"vstavi-vrata-okna-pohistvo-in-prilagodi-vsak-prostor\">Vstavi vrata, okna, pohi\u0161tvo in prilagodi vsak prostor<\/h3>\n<hr class=\"wp-block-separator has-alpha-channel-opacity\" \/>\n\n<div class=\"wp-block-group is-nowrap is-layout-flex wp-container-core-group-is-layout-ad2f72ca wp-block-group-is-layout-flex\">\n<p><strong>Vstavi <a href=\"https:\/\/wp-test-1.sweethome3d.eu\/sl\/uporabniski-prirocnik-sweet-home-3d\/#adding-doors-windows-and-furniture\">vrata in okna<\/a><\/strong> v stene tako, da jih povle\u010de\u0161 na tloris, in pusti <a href=\"https:\/\/wp-test-1.sweethome3d.eu\/sl\/download\/\" data-type=\"page\" data-id=\"396\">Sweet Home 3D<\/a>, da izra\u010duna njihove odprtine v stenah<\/p>\n\n\n\n<figure class=\"wp-block-image size-full is-resized\"><img loading=\"lazy\" decoding=\"async\" width=\"275\" height=\"100\" src=\"https:\/\/wp-test-1.sweethome3d.eu\/wp-content\/uploads\/2025\/09\/insertDoors.png\" alt=\"\" class=\"wp-image-506\" style=\"width:275px\" srcset=\"https:\/\/wp-test-1.sweethome3d.eu\/wp-content\/uploads\/2025\/09\/insertDoors.png 275w, https:\/\/wp-test-1.sweethome3d.eu\/wp-content\/uploads\/2025\/09\/insertDoors-248x90.png 248w\" sizes=\"auto, (max-width: 275px) 100vw, 275px\" \/><\/figure>\n<\/div>\n\n<hr class=\"wp-block-separator has-alpha-channel-opacity\" \/>\n\n<div class=\"wp-block-group is-nowrap is-layout-flex wp-container-core-group-is-layout-ad2f72ca wp-block-group-is-layout-flex\">\n<figure class=\"wp-block-image size-full is-resized\"><img loading=\"lazy\" decoding=\"async\" width=\"275\" height=\"100\" src=\"https:\/\/wp-test-1.sweethome3d.eu\/wp-content\/uploads\/2025\/09\/addFurniture.png\" alt=\"\" class=\"wp-image-507\" style=\"width:275px\" srcset=\"https:\/\/wp-test-1.sweethome3d.eu\/wp-content\/uploads\/2025\/09\/addFurniture.png 275w, https:\/\/wp-test-1.sweethome3d.eu\/wp-content\/uploads\/2025\/09\/addFurniture-248x90.png 248w\" sizes=\"auto, (max-width: 275px) 100vw, 275px\" \/><\/figure>\n\n\n\n<p><strong><a href=\"https:\/\/wp-test-1.sweethome3d.eu\/sl\/uporabniski-prirocnik-sweet-home-3d\/#adding-doors-windows-and-furniture\">Dodaj pohi\u0161tvo<\/a><\/strong> v tloris iz kataloga, po katerem lahko i\u0161\u010de\u0161 in ga raz\u0161iri\u0161, organiziranega po kategorijah, kot so kuhinja, dnevna soba, spalnica, kopalnica&#8230;<\/p>\n<\/div>\n\n<hr class=\"wp-block-separator has-alpha-channel-opacity\" \/>\n\n<div class=\"wp-block-group is-nowrap is-layout-flex wp-container-core-group-is-layout-ad2f72ca wp-block-group-is-layout-flex\">\n<p><strong><a href=\"https:\/\/wp-test-1.sweethome3d.eu\/sl\/uporabniski-prirocnik-sweet-home-3d\/#adding-doors-windows-and-furniture\">Spremeni barvo<\/a>, teksturo<\/strong>, velikost, debelino, lokacijo in usmerjenost pohi\u0161tva, sten, tal in stropov.<\/p>\n\n\n\n<figure class=\"wp-block-image size-full is-resized\"><img loading=\"lazy\" decoding=\"async\" width=\"275\" height=\"100\" src=\"https:\/\/wp-test-1.sweethome3d.eu\/wp-content\/uploads\/2025\/09\/changeTexture.png\" alt=\"\" class=\"wp-image-508\" style=\"width:275px\" srcset=\"https:\/\/wp-test-1.sweethome3d.eu\/wp-content\/uploads\/2025\/09\/changeTexture.png 275w, https:\/\/wp-test-1.sweethome3d.eu\/wp-content\/uploads\/2025\/09\/changeTexture-248x90.png 248w\" sizes=\"auto, (max-width: 275px) 100vw, 275px\" \/><\/figure>\n<\/div>\n<h3 class=\"wp-block-heading has-text-align-center\" id=\"oglej-si-zasnove-v-2d-in-3d\">Oglej si zasnove v 2D in 3D<\/h3>\n<hr class=\"wp-block-separator has-alpha-channel-opacity\" \/>\n\n<div class=\"wp-block-group is-nowrap is-layout-flex wp-container-core-group-is-layout-ad2f72ca wp-block-group-is-layout-flex\">\n<figure class=\"wp-block-image size-full is-resized\"><img loading=\"lazy\" decoding=\"async\" width=\"275\" height=\"100\" src=\"https:\/\/wp-test-1.sweethome3d.eu\/wp-content\/uploads\/2025\/09\/view3D.png\" alt=\"\" class=\"wp-image-509\" style=\"width:275px\" srcset=\"https:\/\/wp-test-1.sweethome3d.eu\/wp-content\/uploads\/2025\/09\/view3D.png 275w, https:\/\/wp-test-1.sweethome3d.eu\/wp-content\/uploads\/2025\/09\/view3D-248x90.png 248w\" sizes=\"auto, (max-width: 275px) 100vw, 275px\" \/><\/figure>\n\n\n\n<p>Med oblikovanjem doma v 2D <strong>hkrati<\/strong> <strong><a href=\"https:\/\/wp-test-1.sweethome3d.eu\/sl\/uporabniski-prirocnik-sweet-home-3d\/#editing-3d-view\">glej v 3D<\/a><\/strong> iz pti\u010dje perspektive ali se po njem premikaj iz perspektive virtualnega obiskovalca.<\/p>\n<\/div>\n\n<hr class=\"wp-block-separator has-alpha-channel-opacity\" \/>\n\n<div class=\"wp-block-group is-nowrap is-layout-flex wp-container-core-group-is-layout-ad2f72ca wp-block-group-is-layout-flex\">\n<p><strong>Ustvari fotorealisti\u010dne <a href=\"https:\/\/wp-test-1.sweethome3d.eu\/sl\/uporabniski-prirocnik-sweet-home-3d\/#creating-photos-of-the-3d-view\">slike<\/a><\/strong> <strong>in <a href=\"https:\/\/wp-test-1.sweethome3d.eu\/sl\/uporabniski-prirocnik-sweet-home-3d\/#creating-3d-videos\">videoposnetke<\/a><\/strong> z mo\u017enostjo prilagajanja lu\u010di in nadzora u\u010dinka son\u010dne svetlobe glede na \u010das dneva in geografsko lokacijo.<\/p>\n\n\n\n<figure class=\"wp-block-image size-full is-resized\"><img loading=\"lazy\" decoding=\"async\" width=\"275\" height=\"100\" src=\"https:\/\/wp-test-1.sweethome3d.eu\/wp-content\/uploads\/2025\/09\/createPhoto.jpg\" alt=\"\" class=\"wp-image-510\" style=\"width:275px\" srcset=\"https:\/\/wp-test-1.sweethome3d.eu\/wp-content\/uploads\/2025\/09\/createPhoto.jpg 275w, https:\/\/wp-test-1.sweethome3d.eu\/wp-content\/uploads\/2025\/09\/createPhoto-248x90.jpg 248w\" sizes=\"auto, (max-width: 275px) 100vw, 275px\" \/><\/figure>\n<\/div>\n<h3 class=\"wp-block-heading has-text-align-center\" id=\"uvoz-in-izvoz\">Uvoz in izvoz<\/h3>\n<hr class=\"wp-block-separator has-alpha-channel-opacity\" \/>\n\n<div class=\"wp-block-group is-nowrap is-layout-flex wp-container-core-group-is-layout-ad2f72ca wp-block-group-is-layout-flex\">\n<figure class=\"wp-block-image size-full is-resized\"><img loading=\"lazy\" decoding=\"async\" width=\"275\" height=\"100\" src=\"https:\/\/wp-test-1.sweethome3d.eu\/wp-content\/uploads\/2025\/09\/importFurniture.png\" alt=\"\" class=\"wp-image-511\" style=\"width:275px\" srcset=\"https:\/\/wp-test-1.sweethome3d.eu\/wp-content\/uploads\/2025\/09\/importFurniture.png 275w, https:\/\/wp-test-1.sweethome3d.eu\/wp-content\/uploads\/2025\/09\/importFurniture-248x90.png 248w\" sizes=\"auto, (max-width: 275px) 100vw, 275px\" \/><\/figure>\n\n\n\n<p><a href=\"https:\/\/wp-test-1.sweethome3d.eu\/sl\/uporabniski-prirocnik-sweet-home-3d\/#importing-home-blueprint\"><strong>Uvozi<\/strong> na\u010drt doma<\/a> za <a href=\"https:\/\/wp-test-1.sweethome3d.eu\/sl\/uporabniski-prirocnik-sweet-home-3d\/#drawing-walls\" data-type=\"link\" data-id=\"https:\/\/wp-test-1.sweethome3d.eu\/users-guide\/#drawing-walls\">risanje sten<\/a> na njem, <a href=\"https:\/\/wp-test-1.sweethome3d.eu\/sl\/uvozi-modele-v-sweet-home-3d-dodaj-poljubno-3d-pohistvo-in-predmete\/\" data-type=\"page\" data-id=\"432\">3D modele<\/a> za dopolnitev privzetega kataloga in <a href=\"https:\/\/wp-test-1.sweethome3d.eu\/sl\/uvozi-teksture\/\" data-type=\"page\" data-id=\"4928\">teksture<\/a> za prilagajanje povr\u0161in.<\/p>\n<\/div>\n\n<hr class=\"wp-block-separator has-alpha-channel-opacity\" \/>\n\n<div class=\"wp-block-group is-nowrap is-layout-flex wp-container-core-group-is-layout-ad2f72ca wp-block-group-is-layout-flex\">\n<p><strong>Natisni in izvozi<\/strong> PDF-je, bitne ali vektorske grafi\u010dne slike, videoposnetke in 3D datoteke v standardnih formatih datotek.<\/p>\n\n\n\n<figure class=\"wp-block-image size-full is-resized\"><img loading=\"lazy\" decoding=\"async\" width=\"275\" height=\"71\" src=\"https:\/\/wp-test-1.sweethome3d.eu\/wp-content\/uploads\/2025\/09\/export.png\" alt=\"\" class=\"wp-image-512\" style=\"width:275px\" \/><\/figure>\n<\/div>\n<h3 class=\"wp-block-heading has-text-align-center\" id=\"druge-informacije\">Druge informacije<\/h3>\n<hr class=\"wp-block-separator has-alpha-channel-opacity\" \/>\n\n<div class=\"wp-block-group is-nowrap is-layout-flex wp-container-core-group-is-layout-ad2f72ca wp-block-group-is-layout-flex\">\n<figure class=\"wp-block-image size-full is-resized\"><img loading=\"lazy\" decoding=\"async\" width=\"275\" height=\"100\" src=\"https:\/\/wp-test-1.sweethome3d.eu\/wp-content\/uploads\/2025\/09\/extend.png\" alt=\"\" class=\"wp-image-513\" style=\"width:275px\" srcset=\"https:\/\/wp-test-1.sweethome3d.eu\/wp-content\/uploads\/2025\/09\/extend.png 275w, https:\/\/wp-test-1.sweethome3d.eu\/wp-content\/uploads\/2025\/09\/extend-248x90.png 248w\" sizes=\"auto, (max-width: 275px) 100vw, 275px\" \/><\/figure>\n\n\n\n<p><strong>Raz\u0161iri funkcije<\/strong> Sweet Home 3D z <a href=\"https:\/\/wp-test-1.sweethome3d.eu\/sl\/vodnik-za-razvijalce-vticnikov\/\" data-type=\"page\" data-id=\"4964\">vti\u010dniki<\/a>, programiranimi v Javi, ali z <a href=\"https:\/\/wp-test-1.sweethome3d.eu\/sl\/dokumentacija\/#developers-guides\" data-type=\"link\" data-id=\"https:\/\/wp-test-1.sweethome3d.eu\/documentation\/#developers-guides\">razvojem<\/a> izpeljane razli\u010dice na podlagi njegove arhitekture Model View Controller.<\/p>\n<\/div>\n\n<hr class=\"wp-block-separator has-alpha-channel-opacity\" \/>\n\n<div class=\"wp-block-group is-nowrap is-layout-flex wp-container-core-group-is-layout-ad2f72ca wp-block-group-is-layout-flex\">\n<p><strong>Izberi jezik<\/strong>, prikazan v uporabni\u0161kem vmesniku Sweet Home 3D in njegovi bogati pomo\u010di, med <a href=\"https:\/\/wp-test-1.sweethome3d.eu\/sl\/prevodi\/\" type=\"page\" id=\"439\" class=\"broken_link\">29 jeziki<\/a>.<\/p>\n\n\n\n<figure class=\"wp-block-image size-full is-resized\"><img loading=\"lazy\" decoding=\"async\" width=\"275\" height=\"38\" src=\"https:\/\/wp-test-1.sweethome3d.eu\/wp-content\/uploads\/2025\/09\/chooseLanguage.png\" alt=\"\" class=\"wp-image-514\" style=\"width:275px\" \/><\/figure>\n<\/div>\n\n<hr class=\"wp-block-separator has-alpha-channel-opacity\" \/>\n\n<div class=\"wp-block-group is-nowrap is-layout-flex wp-container-core-group-is-layout-ad2f72ca wp-block-group-is-layout-flex\">\n<figure class=\"wp-block-image size-full is-resized\"><img loading=\"lazy\" decoding=\"async\" width=\"275\" height=\"100\" src=\"https:\/\/wp-test-1.sweethome3d.eu\/wp-content\/uploads\/2025\/09\/run.png\" alt=\"\" class=\"wp-image-515\" style=\"width:275px\" srcset=\"https:\/\/wp-test-1.sweethome3d.eu\/wp-content\/uploads\/2025\/09\/run.png 275w, https:\/\/wp-test-1.sweethome3d.eu\/wp-content\/uploads\/2025\/09\/run-248x90.png 248w\" sizes=\"auto, (max-width: 275px) 100vw, 275px\" \/><\/figure>\n\n\n\n<p><strong><a href=\"https:\/\/wp-test-1.sweethome3d.eu\/sl\/download\/\" data-type=\"page\" data-id=\"396\">Prenesi<\/a><\/strong> Sweet Home 3D, da ga <strong>za\u017eene\u0161<\/strong> brez povezave v sistemih Windows, macOS, Linux, iOS in Android, ali uporabi njegovo <strong><a href=\"https:\/\/wp-test-1.sweethome3d.eu\/sl\/spletni-upravljalnik-sweet-home-3d\/\" data-type=\"page\" data-id=\"398\">spletno<\/a><\/strong> razli\u010dico v katerem koli brskalniku, ki podpira WebGL.<\/p>\n<\/div>\n\n<hr class=\"wp-block-separator has-alpha-channel-opacity\" \/>\n\n<div class=\"wp-block-group is-nowrap is-layout-flex wp-container-core-group-is-layout-ad2f72ca wp-block-group-is-layout-flex\">\n<p><strong>Oblikuj <\/strong>na\u010drte domov <strong>brezpla\u010dno<\/strong> s Sweet Home 3D, distribuiranim pod <a href=\"https:\/\/www.gnu.org\/licenses\/gpl-2.0.txt\" data-type=\"link\" data-id=\"https:\/\/www.gnu.org\/licenses\/gpl-2.0.txt\" target=\"_blank\" rel=\"noopener\">GNU splo\u0161no javno licenco<\/a>, tudi za komercialne namene.<\/p>\n\n\n\n<figure class=\"wp-block-image size-full\"><img loading=\"lazy\" decoding=\"async\" width=\"134\" height=\"55\" src=\"https:\/\/wp-test-1.sweethome3d.eu\/wp-content\/uploads\/2025\/09\/gpl.png\" alt=\"\" class=\"wp-image-516\" style=\"object-fit:cover\" \/><\/figure>\n<\/div>\n","protected":false},"excerpt":{"rendered":"<p>Odkrijte glavne funkcije, ki jih ponuja Sweet Home 3D Odkrijte glavne funkcije, ki jih ponuja Sweet Home 3D,brezpla\u010dna aplikacija za notranje oblikovanje, ki je na voljo na https:\/\/www.sweethome3d.com. Sweet Home 3D je zmogljiva in uporabniku prijazna programska oprema za notranje oblikovanje, ki ti pomaga enostavno ustvariti podrobne tlorise domov in stilske ideje za notranjost doma. [&hellip;]<\/p>\n","protected":false},"author":2,"featured_media":8794,"parent":0,"menu_order":0,"comment_status":"closed","ping_status":"closed","template":"","meta":{"inline_featured_image":false,"footnotes":""},"class_list":["post-8808","page","type-page","status-publish","has-post-thumbnail","hentry"],"_links":{"self":[{"href":"https:\/\/wp-test-1.sweethome3d.eu\/sl\/wp-json\/wp\/v2\/pages\/8808","targetHints":{"allow":["GET"]}}],"collection":[{"href":"https:\/\/wp-test-1.sweethome3d.eu\/sl\/wp-json\/wp\/v2\/pages"}],"about":[{"href":"https:\/\/wp-test-1.sweethome3d.eu\/sl\/wp-json\/wp\/v2\/types\/page"}],"author":[{"embeddable":true,"href":"https:\/\/wp-test-1.sweethome3d.eu\/sl\/wp-json\/wp\/v2\/users\/2"}],"replies":[{"embeddable":true,"href":"https:\/\/wp-test-1.sweethome3d.eu\/sl\/wp-json\/wp\/v2\/comments?post=8808"}],"version-history":[{"count":6,"href":"https:\/\/wp-test-1.sweethome3d.eu\/sl\/wp-json\/wp\/v2\/pages\/8808\/revisions"}],"predecessor-version":[{"id":11697,"href":"https:\/\/wp-test-1.sweethome3d.eu\/sl\/wp-json\/wp\/v2\/pages\/8808\/revisions\/11697"}],"wp:featuredmedia":[{"embeddable":true,"href":"https:\/\/wp-test-1.sweethome3d.eu\/sl\/wp-json\/wp\/v2\/media\/8794"}],"wp:attachment":[{"href":"https:\/\/wp-test-1.sweethome3d.eu\/sl\/wp-json\/wp\/v2\/media?parent=8808"}],"curies":[{"name":"wp","href":"https:\/\/api.w.org\/{rel}","templated":true}]}}