{"id":9838,"date":"2025-10-01T15:08:20","date_gmt":"2025-10-01T15:08:20","guid":{"rendered":"https:\/\/wp-test-1.sweethome3d.eu\/upravitelj-izvozenih-domov\/"},"modified":"2025-10-30T17:48:35","modified_gmt":"2025-10-30T17:48:35","slug":"upravitelj-izvozenih-domov","status":"publish","type":"page","link":"https:\/\/wp-test-1.sweethome3d.eu\/sl\/upravitelj-izvozenih-domov\/","title":{"rendered":"Upravitelj izvo\u017eenih domov"},"content":{"rendered":"\n<p class=\"has-text-align-center\">Na podlagi <a href=\"https:\/\/www.sweethome3d.com\/support\/forum\/viewthread_thread,6708\" target=\"_blank\" rel=\"noopener\">vti\u010dnika za izvoz v HTML5<\/a> ta storitev omogo\u010da registriranim uporabnikom, da nalo\u017eijo svoje datoteke Sweet Home 3D na ta spletni stre\u017enik in si jih ogledajo v 3D na\u010dinu v kateremkoli brskalniku, ki podpira WebGL, kot v <a href=\"https:\/\/www.sweethome3d.com\/viewHome.jsp?id=1\" target=\"_blank\" rel=\"noopener\">tem primeru<\/a>, prikazanem na spodnjem posnetku zaslona, ki prikazuje datoteko <em>SweetHome3DExample3.sh3d<\/em>, ki je na voljo v <a href=\"https:\/\/wp-test-1.sweethome3d.eu\/sl\/galerija\/\" data-type=\"page\" data-id=\"400\">galeriji<\/a>.<br\/>\u010ce \u017eeli\u0161 uporabljati upravitelja izvo\u017eenih domov, se najprej brezpla\u010dno <a href=\"https:\/\/www.sweethome3d.com\/support\/forum\/registermember\" target=\"_blank\" rel=\"noopener\"><strong>registriraj<\/strong><\/a> v storitve Sweet Home 3D in se <a href=\"https:\/\/www.sweethome3d.com\/support\/forum\/login?url=https%3A%2F%2Fwww.sweethome3d.com%2FexportHomes.jsp&amp;forumLogin=false&amp;lang=en\" target=\"_blank\" rel=\"noopener\"><strong>prijavi<\/strong><\/a>.<br\/><\/p>\n<div class=\"wp-block-image\">\n<figure class=\"aligncenter size-full\"><img loading=\"lazy\" decoding=\"async\" width=\"600\" height=\"406\" src=\"https:\/\/wp-test-1.sweethome3d.eu\/wp-content\/uploads\/2025\/10\/viewSweetHome3DExample3.jpg\" alt=\"Upravitelj izvo&#x17E;enih domov\" class=\"wp-image-4978\" srcset=\"https:\/\/wp-test-1.sweethome3d.eu\/wp-content\/uploads\/2025\/10\/viewSweetHome3DExample3.jpg 600w, https:\/\/wp-test-1.sweethome3d.eu\/wp-content\/uploads\/2025\/10\/viewSweetHome3DExample3-360x244.jpg 360w, https:\/\/wp-test-1.sweethome3d.eu\/wp-content\/uploads\/2025\/10\/viewSweetHome3DExample3-192x130.jpg 192w, https:\/\/wp-test-1.sweethome3d.eu\/wp-content\/uploads\/2025\/10\/viewSweetHome3DExample3-400x271.jpg 400w\" sizes=\"auto, (max-width: 600px) 100vw, 600px\" \/><\/figure>\n<\/div>","protected":false},"excerpt":{"rendered":"<p>Na podlagi vti\u010dnika za izvoz v HTML5 ta storitev omogo\u010da registriranim uporabnikom, da nalo\u017eijo svoje datoteke Sweet Home 3D na ta spletni stre\u017enik in si jih ogledajo v 3D na\u010dinu v kateremkoli brskalniku, ki podpira WebGL, kot v tem primeru, prikazanem na spodnjem posnetku zaslona, ki prikazuje datoteko SweetHome3DExample3.sh3d, ki je na voljo v galeriji.\u010ce [&hellip;]<\/p>\n","protected":false},"author":3,"featured_media":9837,"parent":0,"menu_order":0,"comment_status":"closed","ping_status":"closed","template":"","meta":{"inline_featured_image":false,"footnotes":""},"class_list":["post-9838","page","type-page","status-publish","has-post-thumbnail","hentry"],"_links":{"self":[{"href":"https:\/\/wp-test-1.sweethome3d.eu\/sl\/wp-json\/wp\/v2\/pages\/9838","targetHints":{"allow":["GET"]}}],"collection":[{"href":"https:\/\/wp-test-1.sweethome3d.eu\/sl\/wp-json\/wp\/v2\/pages"}],"about":[{"href":"https:\/\/wp-test-1.sweethome3d.eu\/sl\/wp-json\/wp\/v2\/types\/page"}],"author":[{"embeddable":true,"href":"https:\/\/wp-test-1.sweethome3d.eu\/sl\/wp-json\/wp\/v2\/users\/3"}],"replies":[{"embeddable":true,"href":"https:\/\/wp-test-1.sweethome3d.eu\/sl\/wp-json\/wp\/v2\/comments?post=9838"}],"version-history":[{"count":1,"href":"https:\/\/wp-test-1.sweethome3d.eu\/sl\/wp-json\/wp\/v2\/pages\/9838\/revisions"}],"predecessor-version":[{"id":9839,"href":"https:\/\/wp-test-1.sweethome3d.eu\/sl\/wp-json\/wp\/v2\/pages\/9838\/revisions\/9839"}],"wp:featuredmedia":[{"embeddable":true,"href":"https:\/\/wp-test-1.sweethome3d.eu\/sl\/wp-json\/wp\/v2\/media\/9837"}],"wp:attachment":[{"href":"https:\/\/wp-test-1.sweethome3d.eu\/sl\/wp-json\/wp\/v2\/media?parent=9838"}],"curies":[{"name":"wp","href":"https:\/\/api.w.org\/{rel}","templated":true}]}}