{"id":10258,"date":"2025-09-18T11:54:48","date_gmt":"2025-09-18T11:54:48","guid":{"rendered":"https:\/\/wp-test-1.sweethome3d.eu\/importera-modeller-i-sweet-home-3d-lagg-till-anpassade-3d-mobler-och-objekt\/"},"modified":"2025-11-03T17:18:30","modified_gmt":"2025-11-03T17:18:30","slug":"importera-modeller-i-sweet-home-3d-lagg-till-anpassade-3d-mobler-och-objekt","status":"publish","type":"page","link":"https:\/\/wp-test-1.sweethome3d.eu\/sv\/importera-modeller-i-sweet-home-3d-lagg-till-anpassade-3d-mobler-och-objekt\/","title":{"rendered":"Importera modeller i Sweet Home 3D \u2013 L\u00e4gg till anpassade 3D-m\u00f6bler och objekt"},"content":{"rendered":"\n<p class=\"has-text-align-center\">F\u00f6r att <strong>importera modeller<\/strong> listar den h\u00e4r sidan n\u00e5gra k\u00e4llor med <strong>gratis 3D-modeller<\/strong> som du kan importera i <a href=\"\/\">Sweet Home 3D<\/a>, antingen <a href=\"https:\/\/wp-test-1.sweethome3d.eu\/sv\/importera-modeller-i-sweet-home-3d-lagg-till-anpassade-3d-mobler-och-objekt\/\" data-type=\"page\" data-id=\"432\">en i taget<\/a> eller per <a href=\"https:\/\/wp-test-1.sweethome3d.eu\/sv\/importera-modeller-i-sweet-home-3d-lagg-till-anpassade-3d-mobler-och-objekt\/#ModelsLibraries\" data-type=\"link\" data-id=\"https:\/\/wp-test-1.sweethome3d.eu\/import-models\/#ModelsLibraries\">grupp av modeller<\/a>, och <a href=\"https:\/\/wp-test-1.sweethome3d.eu\/sv\/importera-modeller-i-sweet-home-3d-lagg-till-anpassade-3d-mobler-och-objekt\/#WebSitesWithModels\">webbplatser<\/a> som erbjuder 3D-modeller.<\/p>\n<h2 class=\"wp-block-heading\" id=\"tillgangliga-kallor-for-3dmodeller\">Tillg\u00e4ngliga k\u00e4llor f\u00f6r 3D-modeller<\/h2><h3 class=\"wp-block-heading\" id=\"gratis-3dmodeller-skapade-av-bidragsgivare\"><img loading=\"lazy\" decoding=\"async\" width=\"16\" height=\"12\" src=\"https:\/\/www.sweethome3d.com\/images\/bullet.gif\">Gratis 3D-modeller skapade av bidragsgivare<\/h3>\n<p><a href=\"https:\/\/wp-test-1.sweethome3d.eu\/sv\/gratis-3d-modeller\/\" data-type=\"page\" data-id=\"4869\">Sidan f\u00f6r gratis 3D-modeller<\/a> erbjuder mer \u00e4n 1 600 ytterligare 3D-modeller skapade av bidragsgivare och som st\u00f6ds i <a href=\"https:\/\/wp-test-1.sweethome3d.eu\/sv\/sweet-home-3d-anvandarguide\/#importing3DModels\" data-type=\"page\" data-id=\"424\">m\u00f6belimportguiden<\/a> f\u00f6r Sweet Home 3D.<\/p>\n\n<div class=\"wp-block-group models-row is-content-justification-center is-nowrap is-layout-flex wp-container-core-group-is-layout-94bc23d7 wp-block-group-is-layout-flex\">\n<figure class=\"wp-block-image size-full is-resized\"><a href=\"https:\/\/wp-test-1.sweethome3d.eu\/sv\/gratis-3d-modeller\/\"><img loading=\"lazy\" decoding=\"async\" width=\"128\" height=\"128\" src=\"https:\/\/wp-test-1.sweethome3d.eu\/wp-content\/uploads\/2025\/10\/bedWithTexture.png\" alt=\"\" class=\"wp-image-4856\" style=\"width:64px\" \/><\/a><\/figure>\n\n\n\n<figure class=\"wp-block-image size-full is-resized\"><a href=\"https:\/\/wp-test-1.sweethome3d.eu\/sv\/gratis-3d-modeller\/\"><img loading=\"lazy\" decoding=\"async\" width=\"128\" height=\"128\" src=\"https:\/\/wp-test-1.sweethome3d.eu\/wp-content\/uploads\/2025\/10\/burlap_sofa.png\" alt=\"\" class=\"wp-image-4857\" style=\"width:64px\" \/><\/a><\/figure>\n\n\n\n<figure class=\"wp-block-image size-full is-resized\"><a href=\"https:\/\/wp-test-1.sweethome3d.eu\/sv\/gratis-3d-modeller\/\"><img loading=\"lazy\" decoding=\"async\" width=\"128\" height=\"128\" src=\"https:\/\/wp-test-1.sweethome3d.eu\/wp-content\/uploads\/2025\/10\/wooden_table_office.png\" alt=\"\" class=\"wp-image-4858\" style=\"width:64px\" \/><\/a><\/figure>\n\n\n\n<figure class=\"wp-block-image size-full is-resized\"><a href=\"https:\/\/wp-test-1.sweethome3d.eu\/sv\/gratis-3d-modeller\/\"><img loading=\"lazy\" decoding=\"async\" width=\"128\" height=\"128\" src=\"https:\/\/wp-test-1.sweethome3d.eu\/wp-content\/uploads\/2025\/10\/meubleSalleDeBain.png\" alt=\"\" class=\"wp-image-4859\" style=\"width:64px\" \/><\/a><\/figure>\n\n\n\n<figure class=\"wp-block-image size-full is-resized\"><a href=\"https:\/\/wp-test-1.sweethome3d.eu\/sv\/gratis-3d-modeller\/\"><img loading=\"lazy\" decoding=\"async\" width=\"128\" height=\"128\" src=\"https:\/\/wp-test-1.sweethome3d.eu\/wp-content\/uploads\/2025\/10\/kitchenSink.png\" alt=\"\" class=\"wp-image-4860\" style=\"width:64px\" \/><\/a><\/figure>\n\n\n\n<figure class=\"wp-block-image size-full is-resized\"><a href=\"https:\/\/wp-test-1.sweethome3d.eu\/sv\/gratis-3d-modeller\/\"><img loading=\"lazy\" decoding=\"async\" width=\"128\" height=\"128\" src=\"https:\/\/wp-test-1.sweethome3d.eu\/wp-content\/uploads\/2025\/10\/office_chair.png\" alt=\"\" class=\"wp-image-4861\" style=\"width:64px\" \/><\/a><\/figure>\n\n\n\n<figure class=\"wp-block-image size-full is-resized\"><a href=\"https:\/\/wp-test-1.sweethome3d.eu\/sv\/gratis-3d-modeller\/\"><img loading=\"lazy\" decoding=\"async\" width=\"128\" height=\"128\" src=\"https:\/\/wp-test-1.sweethome3d.eu\/wp-content\/uploads\/2025\/10\/bureau3.png\" alt=\"\" class=\"wp-image-4862\" style=\"width:64px\" \/><\/a><\/figure>\n\n\n\n<figure class=\"wp-block-image size-full is-resized\"><a href=\"https:\/\/wp-test-1.sweethome3d.eu\/sv\/gratis-3d-modeller\/\"><img loading=\"lazy\" decoding=\"async\" width=\"128\" height=\"128\" src=\"https:\/\/wp-test-1.sweethome3d.eu\/wp-content\/uploads\/2025\/10\/apple-ibook-2001.png\" alt=\"\" class=\"wp-image-4863\" style=\"width:64px\" \/><\/a><\/figure>\n\n\n\n<figure class=\"wp-block-image size-full is-resized\"><a href=\"https:\/\/wp-test-1.sweethome3d.eu\/sv\/gratis-3d-modeller\/\"><img loading=\"lazy\" decoding=\"async\" width=\"128\" height=\"128\" src=\"https:\/\/wp-test-1.sweethome3d.eu\/wp-content\/uploads\/2025\/10\/pianoAQueue.png\" alt=\"\" class=\"wp-image-4864\" style=\"width:64px\" \/><\/a><\/figure>\n\n\n\n<figure class=\"wp-block-image size-full is-resized\"><a href=\"https:\/\/wp-test-1.sweethome3d.eu\/sv\/gratis-3d-modeller\/\"><img loading=\"lazy\" decoding=\"async\" width=\"128\" height=\"128\" src=\"https:\/\/wp-test-1.sweethome3d.eu\/wp-content\/uploads\/2025\/10\/male03.png\" alt=\"\" class=\"wp-image-4865\" style=\"width:64px\" \/><\/a><\/figure>\n\n\n\n<figure class=\"wp-block-image size-full is-resized\"><a href=\"https:\/\/wp-test-1.sweethome3d.eu\/sv\/gratis-3d-modeller\/\"><img loading=\"lazy\" decoding=\"async\" width=\"128\" height=\"128\" src=\"https:\/\/wp-test-1.sweethome3d.eu\/wp-content\/uploads\/2025\/10\/concept-sedan-02-sport.png\" alt=\"\" class=\"wp-image-4866\" style=\"width:64px\" \/><\/a><\/figure>\n\n\n\n<figure class=\"wp-block-image size-full is-resized\"><a href=\"https:\/\/wp-test-1.sweethome3d.eu\/sv\/gratis-3d-modeller\/\"><img loading=\"lazy\" decoding=\"async\" width=\"128\" height=\"128\" src=\"https:\/\/wp-test-1.sweethome3d.eu\/wp-content\/uploads\/2025\/10\/blackTupelo.png\" alt=\"\" class=\"wp-image-4867\" style=\"width:64px\" \/><\/a><\/figure>\n<\/div>\n\n<p>Du kan ocks\u00e5 <a href=\"#download\">ladda ner den fullst\u00e4ndiga versionen<\/a> med \u00f6ver 10 000 3D-modeller, 400 <a href=\"https:\/\/wp-test-1.sweethome3d.eu\/sv\/importera-texturer\/\" data-type=\"page\" data-id=\"435\">texturer<\/a> redan inkluderade<\/p>\n\n<div class=\"wp-block-buttons is-layout-flex wp-block-buttons-is-layout-flex\">\n<div class=\"wp-block-button btn-download btn-small\" data-wce-label=\"wce_3Dmodels_download_direct\"><a class=\"wp-block-button__link wp-element-button\" href=\"#download\" style=\"text-decoration:underline\"><img loading=\"lazy\" decoding=\"async\" width=\"43\" height=\"42\" class=\"wp-image-390\" style=\"width: 20px\" src=\"http:\/\/wp-test-1.sweethome3d.eu\/wp-content\/uploads\/2025\/09\/download-bottom.svg\" alt=\"\" \/> Ladda ner Sweet Home 3D<\/a><\/div>\n<\/div>\n<h3 class=\"wp-block-heading\" id=\"bibliotek-med-3dmodeller\"><img loading=\"lazy\" decoding=\"async\" width=\"16\" height=\"12\" src=\"https:\/\/www.sweethome3d.com\/images\/bullet.gif\">Bibliotek med 3D-modeller<br><a href=\"https:\/\/apps.apple.com\/app\/sweet-home-3d\/id669289700\" data-wce-label=\"wce_3Dmodels_download_hyperlink\" target=\"_blank\" rel=\"noopener\"><\/a><\/h3>\n<p><a href=\"https:\/\/www.sweethome3d.com\/download.jsp\" target=\"_blank\" rel=\"noopener\">Sweet Home 3D<\/a> l\u00e5ter dig ocks\u00e5 importera modeller (bibliotek med 3D-modeller) lagrade i SH3F-filer. En SH3F-fil grupperar n\u00e5gra modeller med deras beskrivning och kan enkelt installeras genom att dubbelklicka p\u00e5 den eller genom att v\u00e4lja menyalternativet <em>M\u00f6bler &gt; Importera m\u00f6belbibliotek<\/em> i <a href=\"https:\/\/www.sweethome3d.com\/download.jsp\" target=\"_blank\" rel=\"noopener\">Sweet Home 3D<\/a>.<br \/>F\u00f6ljande ZIP-filer inneh\u00e5ller en SH3F-fil som du kan importera i <a href=\"https:\/\/www.sweethome3d.com\/download.jsp\" target=\"_blank\" rel=\"noopener\">Sweet Home 3D<\/a>. Dessa bibliotek inneh\u00e5ller 3D-modellerna som finns tillg\u00e4ngliga p\u00e5 <a href=\"https:\/\/www.sweethome3d.com\/freeModels.jsp\" target=\"_blank\" rel=\"noopener\">sidan f\u00f6r gratis modeller<\/a>.  <\/p>\n\n<div class=\"wp-block-group is-layout-grid wp-container-core-group-is-layout-9649a0d9 wp-block-group-is-layout-grid\">\n<figure class=\"wp-block-image size-full is-resized mx-auto\"><img loading=\"lazy\" decoding=\"async\" width=\"178\" height=\"89\" src=\"http:\/\/wp-test-1.sweethome3d.eu\/wp-content\/uploads\/2025\/10\/sweethome3d64x64.png\" alt=\"\" class=\"wp-image-4886\" style=\"width:135px\" \/><\/figure>\n\n\n\n<p class=\"wp-container-content-5f80b302\"><a href=\"https:\/\/sourceforge.net\/projects\/sweethome3d\/files\/SweetHome3D-models\/3DModels-1.9.3\/3DModels-Contributions-1.9.3.zip\/download\" target=\"_blank\" rel=\"noopener\">3DModels-Contributions-1.9.3.zip<\/a> (29 MB &#8211; 511 modeller &#8211; Free Art License)<br \/><a href=\"https:\/\/sourceforge.net\/projects\/sweethome3d\/files\/SweetHome3D-models\/3DModels-1.9.3\/3DModels-LucaPresidente-1.9.3.zip\/download\" target=\"_blank\" rel=\"noopener\">3DModels-LucaPresidente-1.9.3.zip<\/a> (3,7 MB &#8211; 64 modeller &#8211; Free Art License)<br \/><a href=\"https:\/\/sourceforge.net\/projects\/sweethome3d\/files\/SweetHome3D-models\/3DModels-1.9.3\/3DModels-Trees-1.9.3.zip\/download\" target=\"_blank\" rel=\"noopener\">3DModels-Trees-1.9.3.zip<\/a> (6,7 MB &#8211; 10 tr\u00e4dmodeller &#8211; Free Art License)<\/p>\n<\/div>\n\n<div class=\"wp-block-group is-layout-grid wp-container-core-group-is-layout-9649a0d9 wp-block-group-is-layout-grid\">\n<figure class=\"wp-block-image size-full is-resized mx-auto\"><img loading=\"lazy\" decoding=\"async\" width=\"222\" height=\"56\" src=\"http:\/\/wp-test-1.sweethome3d.eu\/wp-content\/uploads\/2025\/10\/scopia.png\" alt=\"\" class=\"wp-image-4885\" style=\"width:111px\" \/><\/figure>\n\n\n\n<p class=\"wp-container-content-5f80b302\"><a href=\"https:\/\/sourceforge.net\/projects\/sweethome3d\/files\/SweetHome3D-models\/3DModels-1.9.3\/3DModels-Scopia-1.9.3.zip\/download\" target=\"_blank\" rel=\"noopener\">3DModels-Scopia-1.9.3.zip<\/a> (69,5 MB &#8211; 500 modeller &#8211; CC-BY License)<\/p>\n<\/div>\n\n<div class=\"wp-block-group is-layout-grid wp-container-core-group-is-layout-9649a0d9 wp-block-group-is-layout-grid\">\n<figure class=\"wp-block-image size-full is-resized mx-auto\"><img loading=\"lazy\" decoding=\"async\" width=\"330\" height=\"60\" src=\"http:\/\/wp-test-1.sweethome3d.eu\/wp-content\/uploads\/2025\/10\/katorlegaz.png\" alt=\"\" class=\"wp-image-4899\" style=\"width:150px\" \/><\/figure>\n\n\n\n<p class=\"wp-container-content-5f80b302\"><a href=\"https:\/\/sourceforge.net\/projects\/sweethome3d\/files\/SweetHome3D-models\/3DModels-1.9.3\/3DModels-KatorLegaz-1.9.3.zip\/download\" target=\"_blank\" rel=\"noopener\">3DModels-KatorLegaz-1.9.3.zip<\/a> (8,9 MB &#8211; 90 modeller &#8211; CC-BY License)<\/p>\n<\/div>\n\n<div class=\"wp-block-group is-layout-grid wp-container-core-group-is-layout-9649a0d9 wp-block-group-is-layout-grid\">\n<figure class=\"wp-block-image size-full is-resized mx-auto\"><img loading=\"lazy\" decoding=\"async\" width=\"136\" height=\"41\" src=\"http:\/\/wp-test-1.sweethome3d.eu\/wp-content\/uploads\/2025\/10\/blendswap.png\" alt=\"\" class=\"wp-image-4902\" style=\"width:136px\" \/><\/figure>\n\n\n\n<p class=\"wp-container-content-5f80b302\"><a href=\"https:\/\/sourceforge.net\/projects\/sweethome3d\/files\/SweetHome3D-models\/3DModels-1.9.3\/3DModels-BlendSwap-CC-0-1.9.3.zip\/download\" target=\"_blank\" rel=\"noopener\">3DModels-BlendSwap-CC-0-1.9.3.zip<\/a> (23,8 MB &#8211; 175 modeller &#8211; Public domain)<br \/><a href=\"https:\/\/sourceforge.net\/projects\/sweethome3d\/files\/SweetHome3D-models\/3DModels-1.9.3\/3DModels-BlendSwap-CC-BY-1.9.3.zip\/download\" target=\"_blank\" rel=\"noopener\">3DModels-BlendSwap-CC-BY-1.9.3.zip<\/a> (23,9 MB &#8211; 135 modeller &#8211; CC-BY License)<\/p>\n<\/div>\n\n<div class=\"wp-block-group is-layout-grid wp-container-core-group-is-layout-9649a0d9 wp-block-group-is-layout-grid\">\n<figure class=\"wp-block-image size-full is-resized mx-auto\"><img loading=\"lazy\" decoding=\"async\" width=\"140\" height=\"60\" src=\"https:\/\/wp-test-1.sweethome3d.eu\/wp-content\/uploads\/2025\/10\/reallusion.png\" alt=\"\" class=\"wp-image-4904\" style=\"width:110px\" \/><\/figure>\n\n\n\n<p class=\"wp-container-content-5f80b302\"><a href=\"https:\/\/sourceforge.net\/projects\/sweethome3d\/files\/SweetHome3D-models\/3DModels-1.9.3\/3DModels-Reallusion-1.9.3.zip\/download\" target=\"_blank\" rel=\"noopener\">3DModels-Reallusion-1.9.3.zip<\/a> (10,7 MB &#8211; 25 m\u00e4nniskomodeller &#8211; CC-BY License)<\/p>\n<\/div>\n\n<p>Du kanske ocks\u00e5 \u00e4r intresserad av <a href=\"https:\/\/wp-test-1.sweethome3d.eu\/blog\/\" data-type=\"page\" data-id=\"280\">blogg<\/a>artikeln <a href=\"https:\/\/www.sweethome3d.com\/blog\/2017\/12\/08\/additional_contributors_libraries.html\" target=\"_blank\" rel=\"noopener\">Ytterligare bidragsgivares bibliotek<\/a> som listar andra specialbibliotek med modeller designade av n\u00e5gra Sweet Home 3D-bidragsgivare (2D-symboler, VVS, takdelar,\u2026).<\/p>\n<h3 class=\"wp-block-heading\" id=\"skapa-dina-egna-3dmodeller\"><img loading=\"lazy\" decoding=\"async\" width=\"16\" height=\"12\" src=\"https:\/\/www.sweethome3d.com\/images\/bullet.gif\">Skapa dina egna 3D-modeller<\/h3>\n<p>F\u00f6r att skapa dina egna modeller kan du anv\u00e4nda vilken programvara som helst som kan generera filer i OBJ-, DAE\/Collada-, KMZ- eller 3DS-format, som den kostnadsfria programvaran <a href=\"https:\/\/www.blender.org\/\" target=\"_blank\" rel=\"noopener\">Blender<\/a>. Om det beh\u00f6vs kan du ocks\u00e5 skapa dina egna SH3F-filer med den nedladdningsbara <a href=\"https:\/\/sourceforge.net\/projects\/sweethome3d\/files\/FurnitureLibraryEditor\/FurnitureLibraryEditor-2.2.jar\/download\" target=\"_blank\" rel=\"noopener\">Furniture Library Editor<\/a>.<br \/>Om du vill dela dina modeller eller f\u00f6resl\u00e5 dem p\u00e5 <a href=\"https:\/\/wp-test-1.sweethome3d.eu\/sv\/gratis-3d-modeller\/\" data-type=\"page\" data-id=\"4869\">sidan f\u00f6r gratis 3D-modeller<\/a>, v\u00e4nligen posta dem i sp\u00e5rningssystemet <a href=\"https:\/\/sourceforge.net\/p\/sweethome3d\/d-models\/\" target=\"_blank\" rel=\"noopener\">3D Models Contributions<\/a>. <\/p>\n<h3 class=\"wp-block-heading\" id=\"andra-webbplatser-med-3dmodeller\"><img loading=\"lazy\" decoding=\"async\" width=\"16\" height=\"12\" src=\"https:\/\/www.sweethome3d.com\/images\/bullet.gif\">Andra webbplatser med 3D-modeller<\/h3>\n<p>F\u00f6ljande webbplatser erbjuder ocks\u00e5 n\u00e5gra gratis 3D-modeller i OBJ-, DAE-, KMZ- eller 3DS-format som st\u00f6ds av m\u00f6belimportguiden i <a href=\"\/\">Sweet Home 3D<\/a>:<\/p>\n\n<figure class=\"wp-block-flexible-table-block-table is-content-justification-left td-border-0 stars-table\"><table class=\"has-fixed-layout\" style=\"border-width:0\"><tbody><tr><td><img loading=\"lazy\" decoding=\"async\" width=\"12\" height=\"12\" src=\"https:\/\/www.sweethome3d.com\/images\/star.gif\" alt=\"Stj\u00e4rna\"><img loading=\"lazy\" decoding=\"async\" width=\"12\" height=\"12\" src=\"https:\/\/www.sweethome3d.com\/images\/star.gif\" alt=\"Stj\u00e4rna\"><img loading=\"lazy\" decoding=\"async\" width=\"12\" height=\"12\" src=\"https:\/\/www.sweethome3d.com\/images\/star.gif\" alt=\"Stj\u00e4rna\"><\/td><td><a href=\"https:\/\/3dwarehouse.sketchup.com\/\" target=\"_blank\" rel=\"noopener\">Trimble 3D Warehouse<\/a> (ett stort urval av modeller i KMZ- och Collada-format) *<\/td><\/tr><tr><td><img loading=\"lazy\" decoding=\"async\" width=\"12\" height=\"12\" src=\"https:\/\/www.sweethome3d.com\/images\/star.gif\" alt=\"Stj\u00e4rna\"><img loading=\"lazy\" decoding=\"async\" width=\"12\" height=\"12\" src=\"https:\/\/www.sweethome3d.com\/images\/star.gif\" alt=\"Stj\u00e4rna\"><img loading=\"lazy\" decoding=\"async\" width=\"12\" height=\"12\" src=\"https:\/\/www.sweethome3d.com\/images\/star.gif\" alt=\"Stj\u00e4rna\"><\/td><td><a href=\"https:\/\/resources.blogscopia.com\/category\/models\/\" target=\"_blank\" rel=\"noopener\">Resources.blogscopia<\/a> (gratis v\u00e4ldesignade modeller som ocks\u00e5 visas <a href=\"https:\/\/www.sweethome3d.com\/freeModels.jsp#ScopiaModels\" target=\"_blank\" rel=\"noopener\">h\u00e4r<\/a>)<\/td><\/tr><tr><td><img loading=\"lazy\" decoding=\"async\" width=\"12\" height=\"12\" src=\"https:\/\/www.sweethome3d.com\/images\/star.gif\" alt=\"Stj\u00e4rna\"><img loading=\"lazy\" decoding=\"async\" width=\"12\" height=\"12\" src=\"https:\/\/www.sweethome3d.com\/images\/star.gif\" alt=\"Stj\u00e4rna\"><img loading=\"lazy\" decoding=\"async\" width=\"12\" height=\"12\" src=\"https:\/\/www.sweethome3d.com\/images\/star.gif\" alt=\"Stj\u00e4rna\"><\/td><td><a href=\"https:\/\/www.dodecagon.nl\/\" target=\"_blank\" rel=\"noopener\">Dodecagon<\/a> (olika m\u00f6belbibliotek sl\u00e4ppta som Public Domain)<\/td><\/tr><tr><td><img loading=\"lazy\" decoding=\"async\" width=\"12\" height=\"12\" src=\"https:\/\/www.sweethome3d.com\/images\/star.gif\" alt=\"Stj\u00e4rna\"><img loading=\"lazy\" decoding=\"async\" width=\"12\" height=\"12\" src=\"https:\/\/www.sweethome3d.com\/images\/star.gif\" alt=\"Stj\u00e4rna\"><img loading=\"lazy\" decoding=\"async\" width=\"12\" height=\"12\" src=\"https:\/\/www.sweethome3d.com\/images\/star.gif\" alt=\"Stj\u00e4rna\"><\/td><td><a href=\"https:\/\/www.2d3dmodels.com\/3dmodels.htm\" target=\"_blank\" rel=\"noopener\">ArchiBit Generation<\/a> (olika v\u00e4ldesignade modeller)<\/td><\/tr><tr><td><img loading=\"lazy\" decoding=\"async\" width=\"12\" height=\"12\" src=\"https:\/\/www.sweethome3d.com\/images\/star.gif\" alt=\"Stj\u00e4rna\"><img loading=\"lazy\" decoding=\"async\" width=\"12\" height=\"12\" src=\"https:\/\/www.sweethome3d.com\/images\/star.gif\" alt=\"Stj\u00e4rna\"><\/td><td><a href=\"https:\/\/telias.gr\/models_wavefront_menu.html\" target=\"_blank\" rel=\"noopener\">Free the models<\/a> (m\u00f6bler testade i Sweet Home 3D)<\/td><\/tr><tr><td><img loading=\"lazy\" decoding=\"async\" width=\"12\" height=\"12\" src=\"https:\/\/www.sweethome3d.com\/images\/star.gif\" alt=\"Stj\u00e4rna\"><img loading=\"lazy\" decoding=\"async\" width=\"12\" height=\"12\" src=\"https:\/\/www.sweethome3d.com\/images\/star.gif\" alt=\"Stj\u00e4rna\"><\/td><td><a href=\"https:\/\/archive3d.net\/\" class=\"broken_link\" target=\"_blank\" rel=\"noopener\">Archive3D<\/a> (m\u00e5nga modeller men vissa av dem kan inte importeras i Sweet Home 3D)<\/td><\/tr><tr><td><img loading=\"lazy\" decoding=\"async\" width=\"12\" height=\"12\" src=\"https:\/\/www.sweethome3d.com\/images\/star.gif\" alt=\"Stj\u00e4rna\"><img loading=\"lazy\" decoding=\"async\" width=\"12\" height=\"12\" src=\"https:\/\/www.sweethome3d.com\/images\/star.gif\" alt=\"Stj\u00e4rna\"><\/td><td><a href=\"https:\/\/www.kolo-international.com\/\" target=\"_blank\" rel=\"noopener\">Kolo<\/a> (badrumsm\u00f6bler)<\/td><\/tr><tr><td><img loading=\"lazy\" decoding=\"async\" width=\"12\" height=\"12\" src=\"https:\/\/www.sweethome3d.com\/images\/star.gif\" alt=\"Stj\u00e4rna\"><img loading=\"lazy\" decoding=\"async\" width=\"12\" height=\"12\" src=\"https:\/\/www.sweethome3d.com\/images\/star.gif\" alt=\"Stj\u00e4rna\"><\/td><td><a href=\"https:\/\/www.klicker.de\/interior.html\" target=\"_blank\" rel=\"noopener\">Klicker<\/a> (n\u00e5gra f\u00e5 stolar och tr\u00e4d)<\/td><\/tr><\/tbody><\/table><\/figure>\n\n<p>* Observera att nedladdning av modeller fr\u00e5n <a href=\"https:\/\/3dwarehouse.sketchup.com\/\" target=\"_blank\" rel=\"noopener\">Trimble 3D Warehouse<\/a> kr\u00e4ver att du loggar in med ett Trimble ID sedan slutet av 2019. Var ocks\u00e5 uppm\u00e4rksam p\u00e5 att ladda ner 3D-modeller i Collada- eller KMZ-format d\u00e4r, tillg\u00e4ngliga bland listan \u00f6ver format som visas efter ett klick p\u00e5 knappen <span style=\"background-color:#005E9E;color:white;font-weight:lighter;padding: 2px\">Ladda ner<\/span> p\u00e5 sidan som visar en 3D-modell. Modeller tillg\u00e4ngliga i SKP\/SketchUp-format kan redigeras och konverteras till DAE\/Collada-format med <a href=\"https:\/\/www.sketchup.com\/download\" target=\"_blank\" rel=\"noopener\">SketchUp<\/a>.  <\/p>\n\n<p>Om <a href=\"https:\/\/www.sweethome3d.com\/download.jsp\" target=\"_blank\" rel=\"noopener\">Sweet Home 3D<\/a> v\u00e4grar att importera n\u00e5gra av ZIP-filerna som erbjuds p\u00e5 dessa webbplatser, v\u00e4nligen packa upp dem f\u00f6rst.<\/p>\n\n<p>V\u00e4nligen respektera licensen f\u00f6r modellerna som du kan ladda ner p\u00e5 dessa webbplatser.<\/p>\n\n<hr class=\"wp-block-separator has-text-color has-white-color has-alpha-channel-opacity has-white-background-color has-background\" \/>\n<div class=\"wp-block-image\">\n<figure class=\"aligncenter size-full\"><img loading=\"lazy\" decoding=\"async\" width=\"128\" height=\"128\" src=\"https:\/\/wp-test-1.sweethome3d.eu\/wp-content\/uploads\/2025\/10\/bedWithTexture.png\" alt=\"Exempel p&#xE5; importera modeller\" class=\"wp-image-4856\" \/><\/figure>\n<\/div>\n<hr class=\"wp-block-separator has-text-color has-white-color has-alpha-channel-opacity has-white-background-color has-background\" \/>\n\n<p class=\"has-text-align-center\"><a href=\"mailto:info@sweethome3d.com\">F\u00f6resl\u00e5 andra webbplatser eller rapportera en d\u00f6d l\u00e4nk<\/a><\/p>\n\n<p class=\"has-text-align-center\"><em>Senaste uppdatering: 07\/12\/2024<\/em><\/p>\n","protected":false},"excerpt":{"rendered":"<p>F\u00f6r att importera modeller listar den h\u00e4r sidan n\u00e5gra k\u00e4llor med gratis 3D-modeller som du kan importera i Sweet Home 3D, antingen en i taget eller per grupp av modeller, och webbplatser som erbjuder 3D-modeller. Tillg\u00e4ngliga k\u00e4llor f\u00f6r 3D-modeller Gratis 3D-modeller skapade av bidragsgivare Sidan f\u00f6r gratis 3D-modeller erbjuder mer \u00e4n 1 600 ytterligare 3D-modeller [&hellip;]<\/p>\n","protected":false},"author":2,"featured_media":10245,"parent":0,"menu_order":0,"comment_status":"closed","ping_status":"closed","template":"","meta":{"inline_featured_image":false,"footnotes":""},"class_list":["post-10258","page","type-page","status-publish","has-post-thumbnail","hentry"],"_links":{"self":[{"href":"https:\/\/wp-test-1.sweethome3d.eu\/sv\/wp-json\/wp\/v2\/pages\/10258","targetHints":{"allow":["GET"]}}],"collection":[{"href":"https:\/\/wp-test-1.sweethome3d.eu\/sv\/wp-json\/wp\/v2\/pages"}],"about":[{"href":"https:\/\/wp-test-1.sweethome3d.eu\/sv\/wp-json\/wp\/v2\/types\/page"}],"author":[{"embeddable":true,"href":"https:\/\/wp-test-1.sweethome3d.eu\/sv\/wp-json\/wp\/v2\/users\/2"}],"replies":[{"embeddable":true,"href":"https:\/\/wp-test-1.sweethome3d.eu\/sv\/wp-json\/wp\/v2\/comments?post=10258"}],"version-history":[{"count":2,"href":"https:\/\/wp-test-1.sweethome3d.eu\/sv\/wp-json\/wp\/v2\/pages\/10258\/revisions"}],"predecessor-version":[{"id":11722,"href":"https:\/\/wp-test-1.sweethome3d.eu\/sv\/wp-json\/wp\/v2\/pages\/10258\/revisions\/11722"}],"wp:featuredmedia":[{"embeddable":true,"href":"https:\/\/wp-test-1.sweethome3d.eu\/sv\/wp-json\/wp\/v2\/media\/10245"}],"wp:attachment":[{"href":"https:\/\/wp-test-1.sweethome3d.eu\/sv\/wp-json\/wp\/v2\/media?parent=10258"}],"curies":[{"name":"wp","href":"https:\/\/api.w.org\/{rel}","templated":true}]}}