{"id":10371,"date":"2025-09-18T11:53:26","date_gmt":"2025-09-18T11:53:26","guid":{"rendered":"https:\/\/wp-test-1.sweethome3d.eu\/tips-och-tricks\/"},"modified":"2025-10-31T10:23:12","modified_gmt":"2025-10-31T10:23:12","slug":"tips-och-tricks","status":"publish","type":"page","link":"https:\/\/wp-test-1.sweethome3d.eu\/sv\/tips-och-tricks\/","title":{"rendered":"Tips och tricks"},"content":{"rendered":"\n<p class=\"has-text-align-center\">Den h\u00e4r sidan listar tips f\u00f6r <a href=\"\/\">Sweet Home 3D<\/a> som publicerats i <a href=\"https:\/\/wp-test-1.sweethome3d.eu\/blog\/\" data-type=\"page\" data-id=\"280\">bloggen<\/a> och p\u00e5 <a href=\"https:\/\/www.youtube.com\/SweetHome3D\" target=\"_blank\" rel=\"noopener\">Sweet Home 3D YouTube-kanalen<\/a>.<\/p>\n\n\n\n<figure class=\"wp-block-flexible-table-block-table is-content-justification-center\"><table class=\"has-fixed-layout\" style=\"margin-top:30px\"><thead><tr><td style=\"text-align:center\">Tips p\u00e5 YouTube<\/td><\/tr><\/thead><tbody><tr><td style=\"text-align:center\"><p style=\"margin-top:5px; margin-bottom:5px\"><a href=\"https:\/\/www.youtube.com\/watch?v=C7Vk5Ho0CeU\" target=\"_blank\" rel=\"noopener\">Hur du skapar och redigerar snygga videor<\/a><\/p>\n\t\t    <iframe loading=\"lazy\" src=\"https:\/\/www.youtube.com\/embed\/C7Vk5Ho0CeU\" width=\"640\" height=\"360\" frameborder=\"0\" allow=\"encrypted-media\" class=\"_iub_cs_activate _iub_cs_activate-activated\" data-iub-purposes=\"3\" data-cmp-info=\"8\" async=\"false\" data-cmp-ab=\"2\"><\/iframe><\/td><\/tr><tr><td style=\"text-align:center\"><p style=\"margin-top:5px; margin-bottom:5px\"><a href=\"https:\/\/www.youtube.com\/watch?v=n2_yg-v9Xfo\" target=\"_blank\" rel=\"noopener\">Hur du anpassar m\u00f6bler<\/a><\/p>\n\t\t    <iframe loading=\"lazy\" src=\"https:\/\/www.youtube.com\/embed\/n2_yg-v9Xfo\" width=\"640\" height=\"360\" frameborder=\"0\" allow=\"encrypted-media\" class=\"_iub_cs_activate _iub_cs_activate-activated\" data-iub-purposes=\"3\" data-cmp-info=\"8\" async=\"false\" data-cmp-ab=\"2\"><\/iframe><\/td><\/tr><tr><td style=\"text-align:center\"><p style=\"margin-top:5px; margin-bottom:5px\"><a href=\"https:\/\/www.youtube.com\/watch?v=5VrmOeQC934\" target=\"_blank\" rel=\"noopener\">Hur du anv\u00e4nder niv\u00e5er som lager<\/a><\/p>\n\t\t    <iframe loading=\"lazy\" src=\"https:\/\/www.youtube.com\/embed\/5VrmOeQC934\" width=\"640\" height=\"360\" frameborder=\"0\" allow=\"encrypted-media\" class=\"_iub_cs_activate _iub_cs_activate-activated\" data-iub-purposes=\"3\" data-cmp-info=\"8\" async=\"false\" data-cmp-ab=\"2\"><\/iframe><\/td><\/tr><tr><td style=\"text-align:center\"><p style=\"margin-top:5px; margin-bottom:5px\"><a href=\"https:\/\/www.youtube.com\/watch?v=Xe06RG_sn2Q\" target=\"_blank\" rel=\"noopener\">Hur du anpassar skyltdockor<\/a><\/p>\n\t\t    <iframe loading=\"lazy\" src=\"https:\/\/www.youtube.com\/embed\/Xe06RG_sn2Q\" width=\"640\" height=\"360\" frameborder=\"0\" allow=\"encrypted-media\" class=\"_iub_cs_activate _iub_cs_activate-activated\" data-iub-purposes=\"3\" data-cmp-info=\"8\" async=\"false\" data-cmp-ab=\"2\"><\/iframe><\/td><\/tr><tr><td style=\"text-align:center\"><p style=\"margin-top:5px; margin-bottom:5px\"><a href=\"https:\/\/www.youtube.com\/watch?v=07GjTQK8ZN0\" target=\"_blank\" rel=\"noopener\">Hur du snabbt designar omgivningen runt ett hem<\/a><\/p>\n\t\t    <iframe loading=\"lazy\" src=\"https:\/\/www.youtube.com\/embed\/07GjTQK8ZN0\" width=\"640\" height=\"360\" frameborder=\"0\" allow=\"encrypted-media\" class=\"_iub_cs_activate _iub_cs_activate-activated\" data-iub-purposes=\"3\" data-cmp-info=\"8\" async=\"false\" data-cmp-ab=\"2\"><\/iframe><\/td><\/tr><tr><td style=\"text-align:center\"><p style=\"margin-top:5px; margin-bottom:5px\"><a href=\"https:\/\/www.youtube.com\/watch?v=D5xEznLTGFQ\" target=\"_blank\" rel=\"noopener\">Hur du kontrollerar magnetism<\/a><\/p>\n\t\t    <iframe loading=\"lazy\" src=\"https:\/\/www.youtube.com\/embed\/D5xEznLTGFQ\" width=\"640\" height=\"360\" frameborder=\"0\" allow=\"encrypted-media\" class=\"_iub_cs_activate _iub_cs_activate-activated\" data-iub-purposes=\"3\" data-cmp-info=\"8\" async=\"false\" data-cmp-ab=\"2\"><\/iframe><\/td><\/tr><tr><td style=\"text-align:center\"><p style=\"margin-top:5px; margin-bottom:5px\"><a href=\"https:\/\/www.youtube.com\/watch?v=GaG9Krjb_6Q\" target=\"_blank\" rel=\"noopener\">Hur du skapar snygga fotorenderingar<\/a><\/p>\n\t\t    <iframe loading=\"lazy\" src=\"https:\/\/www.youtube.com\/embed\/GaG9Krjb_6Q\" width=\"640\" height=\"360\" frameborder=\"0\" allow=\"encrypted-media\" class=\"_iub_cs_activate _iub_cs_activate-activated\" data-iub-purposes=\"3\" data-cmp-info=\"8\" async=\"false\" data-cmp-ab=\"2\"><\/iframe><\/td><\/tr><tr><td style=\"text-align:center\"><p style=\"margin-top:5px; margin-bottom:5px\"><a href=\"https:\/\/www.youtube.com\/watch?v=b7tpTT5EMG0\" target=\"_blank\" rel=\"noopener\">Hur du designar rum utifr\u00e5n deras inre m\u00e5tt<\/a><\/p>\n\t\t    <iframe loading=\"lazy\" src=\"https:\/\/www.youtube.com\/embed\/b7tpTT5EMG0\" width=\"640\" height=\"360\" frameborder=\"0\" allow=\"encrypted-media\" class=\"_iub_cs_activate _iub_cs_activate-activated\" data-iub-purposes=\"3\" data-cmp-info=\"8\" async=\"false\" data-cmp-ab=\"2\"><\/iframe><\/td><\/tr><tr><td style=\"text-align:center\"><p style=\"margin-top:5px; margin-bottom:5px\"><a href=\"https:\/\/www.youtube.com\/watch?v=-Jlk_4luBJs\" target=\"_blank\" rel=\"noopener\">Hur du designar ett flerv\u00e5ningshus p\u00e5 en sluttning<\/a><\/p>\n\t\t    <iframe loading=\"lazy\" src=\"https:\/\/www.youtube.com\/embed\/-Jlk_4luBJs\" width=\"640\" height=\"360\" frameborder=\"0\" allow=\"encrypted-media\" class=\"_iub_cs_activate _iub_cs_activate-activated\" data-iub-purposes=\"3\" data-cmp-info=\"8\" async=\"false\" data-cmp-ab=\"2\"><\/iframe><\/td><\/tr><tr><td style=\"text-align:center\"><p style=\"margin-top:5px; margin-bottom:5px\"><a href=\"https:\/\/www.youtube.com\/watch?v=-tDaB3D5E94\" target=\"_blank\" rel=\"noopener\">Hur du visar och anpassar texturer<\/a><\/p>\n\t\t    <iframe loading=\"lazy\" src=\"https:\/\/www.youtube.com\/embed\/-tDaB3D5E94\" width=\"640\" height=\"360\" frameborder=\"0\" allow=\"encrypted-media\" class=\"_iub_cs_activate _iub_cs_activate-activated\" data-iub-purposes=\"3\" data-cmp-info=\"8\" async=\"false\" data-cmp-ab=\"2\"><\/iframe><\/td><\/tr><tr><td style=\"text-align:center\"><p style=\"margin-top:5px; margin-bottom:5px\"><a href=\"https:\/\/www.youtube.com\/watch?v=BP1m3XkIF2E\" target=\"_blank\" rel=\"noopener\">Hur du byter ut bilden i en ram<\/a><\/p>\n\t\t    <iframe loading=\"lazy\" src=\"https:\/\/www.youtube.com\/embed\/BP1m3XkIF2E\" width=\"640\" height=\"360\" frameborder=\"0\" allow=\"encrypted-media\" class=\"_iub_cs_activate _iub_cs_activate-activated\" data-iub-purposes=\"3\" data-cmp-info=\"8\" async=\"false\" data-cmp-ab=\"2\"><\/iframe><\/td><\/tr><\/tbody><\/table><\/figure>\n\n<p><\/p>\n","protected":false},"excerpt":{"rendered":"<p>Den h\u00e4r sidan listar tips f\u00f6r Sweet Home 3D som publicerats i bloggen och p\u00e5 Sweet Home 3D YouTube-kanalen.<\/p>\n","protected":false},"author":2,"featured_media":0,"parent":0,"menu_order":0,"comment_status":"closed","ping_status":"closed","template":"","meta":{"inline_featured_image":false,"footnotes":""},"class_list":["post-10371","page","type-page","status-publish","hentry"],"_links":{"self":[{"href":"https:\/\/wp-test-1.sweethome3d.eu\/sv\/wp-json\/wp\/v2\/pages\/10371","targetHints":{"allow":["GET"]}}],"collection":[{"href":"https:\/\/wp-test-1.sweethome3d.eu\/sv\/wp-json\/wp\/v2\/pages"}],"about":[{"href":"https:\/\/wp-test-1.sweethome3d.eu\/sv\/wp-json\/wp\/v2\/types\/page"}],"author":[{"embeddable":true,"href":"https:\/\/wp-test-1.sweethome3d.eu\/sv\/wp-json\/wp\/v2\/users\/2"}],"replies":[{"embeddable":true,"href":"https:\/\/wp-test-1.sweethome3d.eu\/sv\/wp-json\/wp\/v2\/comments?post=10371"}],"version-history":[{"count":1,"href":"https:\/\/wp-test-1.sweethome3d.eu\/sv\/wp-json\/wp\/v2\/pages\/10371\/revisions"}],"predecessor-version":[{"id":10372,"href":"https:\/\/wp-test-1.sweethome3d.eu\/sv\/wp-json\/wp\/v2\/pages\/10371\/revisions\/10372"}],"wp:attachment":[{"href":"https:\/\/wp-test-1.sweethome3d.eu\/sv\/wp-json\/wp\/v2\/media?parent=10371"}],"curies":[{"name":"wp","href":"https:\/\/api.w.org\/{rel}","templated":true}]}}