{"id":11773,"date":"2025-09-19T09:07:08","date_gmt":"2025-09-19T09:07:08","guid":{"rendered":"https:\/\/wp-test-1.sweethome3d.eu\/juridiskt-meddelande\/"},"modified":"2025-11-03T17:38:07","modified_gmt":"2025-11-03T17:38:07","slug":"juridiskt-meddelande","status":"publish","type":"page","link":"https:\/\/wp-test-1.sweethome3d.eu\/sv\/juridiskt-meddelande\/","title":{"rendered":"Juridiskt meddelande"},"content":{"rendered":"\n<p>Sweet Home 3D-programvaran och webbplatsen <a href=\"\/\">https:\/\/www.sweethome3d.com<\/a> publiceras av:<br\/><\/p>\n\n<p><a href=\"https:\/\/www.spacemushrooms.it\/\" target=\"_blank\" rel=\"noopener\">Space Mushrooms srl<\/a><br\/>Via Melzi d&#8217;Eril 29<br\/>20154, Milano<br\/>Italien<br\/>E-post: <a href=\"mailto:info@sweethome3d.com\">info@sweethome3d.com<\/a><\/p>\n\n<p><br\/><a href=\"https:\/\/www.spacemushrooms.it\/\" target=\"_blank\" rel=\"noopener\">Space Mushrooms srl<\/a> \u00e4r ett oberoende f\u00f6retag grundat 2021.<\/p>\n\n<p><br\/>Sweet Home 3D<sup>\u00ae<\/sup> \u00e4r ett registrerat varum\u00e4rke.<br\/>\u00d6vriga kommersiella namn som n\u00e4mns p\u00e5 denna webbplats \u00e4r varum\u00e4rken eller registrerade varum\u00e4rken som tillh\u00f6r respektive \u00e4gare.<\/p>\n\n<p><br\/><a href=\"https:\/\/www.sweethome3d.com\/\" target=\"_blank\" rel=\"noopener\">sweethome3d.com<\/a>, <a href=\"https:\/\/www.sweethome3d.eu\/\">sweethome3d.eu<\/a>, <a href=\"https:\/\/www.sweethome3d.online\/\" target=\"_blank\" rel=\"noopener\">sweethome3d.online<\/a> och <a href=\"https:\/\/www.sweethome2d.com\/\" target=\"_blank\" rel=\"noopener\">sweethome2d.com<\/a> hostas av:<\/p>\n\n<p>OVH<br\/>140, quai du Sartel<br\/>59100 Roubaix<br\/>Frankrike<br\/>Tel: +33 8 203 203 63<\/p>\n","protected":false},"excerpt":{"rendered":"<p>Sweet Home 3D-programvaran och webbplatsen https:\/\/www.sweethome3d.com publiceras av: Space Mushrooms srlVia Melzi d&#8217;Eril 2920154, MilanoItalienE-post: info@sweethome3d.com Space Mushrooms srl \u00e4r ett oberoende f\u00f6retag grundat 2021. Sweet Home 3D\u00ae \u00e4r ett registrerat varum\u00e4rke.\u00d6vriga kommersiella namn som n\u00e4mns p\u00e5 denna webbplats \u00e4r varum\u00e4rken eller registrerade varum\u00e4rken som tillh\u00f6r respektive \u00e4gare. sweethome3d.com, sweethome3d.eu, sweethome3d.online och sweethome2d.com hostas av: [&hellip;]<\/p>\n","protected":false},"author":2,"featured_media":0,"parent":0,"menu_order":0,"comment_status":"closed","ping_status":"closed","template":"","meta":{"inline_featured_image":false,"footnotes":""},"class_list":["post-11773","page","type-page","status-publish","hentry"],"_links":{"self":[{"href":"https:\/\/wp-test-1.sweethome3d.eu\/sv\/wp-json\/wp\/v2\/pages\/11773","targetHints":{"allow":["GET"]}}],"collection":[{"href":"https:\/\/wp-test-1.sweethome3d.eu\/sv\/wp-json\/wp\/v2\/pages"}],"about":[{"href":"https:\/\/wp-test-1.sweethome3d.eu\/sv\/wp-json\/wp\/v2\/types\/page"}],"author":[{"embeddable":true,"href":"https:\/\/wp-test-1.sweethome3d.eu\/sv\/wp-json\/wp\/v2\/users\/2"}],"replies":[{"embeddable":true,"href":"https:\/\/wp-test-1.sweethome3d.eu\/sv\/wp-json\/wp\/v2\/comments?post=11773"}],"version-history":[{"count":1,"href":"https:\/\/wp-test-1.sweethome3d.eu\/sv\/wp-json\/wp\/v2\/pages\/11773\/revisions"}],"predecessor-version":[{"id":11774,"href":"https:\/\/wp-test-1.sweethome3d.eu\/sv\/wp-json\/wp\/v2\/pages\/11773\/revisions\/11774"}],"wp:attachment":[{"href":"https:\/\/wp-test-1.sweethome3d.eu\/sv\/wp-json\/wp\/v2\/media?parent=11773"}],"curies":[{"name":"wp","href":"https:\/\/api.w.org\/{rel}","templated":true}]}}