{"id":11848,"date":"2025-09-18T11:59:08","date_gmt":"2025-09-18T11:59:08","guid":{"rendered":"https:\/\/wp-test-1.sweethome3d.eu\/licens\/"},"modified":"2025-11-04T09:57:38","modified_gmt":"2025-11-04T09:57:38","slug":"licens","status":"publish","type":"page","link":"https:\/\/wp-test-1.sweethome3d.eu\/sv\/licens\/","title":{"rendered":"Licens"},"content":{"rendered":"\n<p>Sweet Home 3D, Copyright (c) 2024 Space Mushrooms &lt;<a href=\"mailto:info@sweethome3d.com\">info@sweethome3d.com<\/a>&gt;<\/p>\n\n<p>Gratisversionen av <a href=\"\/\">Sweet Home 3D<\/a>-programmet, <a href=\"https:\/\/www.sweethome3d.com\/support\/forum\/viewthread_thread,1550\" target=\"_blank\" rel=\"noopener\">Furniture Library Editor<\/a> och <a href=\"https:\/\/www.sweethome3d.com\/support\/forum\/viewthread_thread,3502\" target=\"_blank\" rel=\"noopener\">Textures Library Editor<\/a>-programmen, samt <a href=\"https:\/\/sourceforge.net\/p\/sweethome3d\/code\/HEAD\/tree\/trunk\/SweetHome3DJS\/\" target=\"_blank\" rel=\"noopener\">Sweet Home 3D JS<\/a> distribueras under <a href=\"https:\/\/www.gnu.org\/licenses\/gpl-2.0.txt\" target=\"_blank\" rel=\"noopener\">GNU General Public License<\/a>; du kan anv\u00e4nda, kopiera, vidaredistribuera och\/eller modifiera dem enligt villkoren i den licensen som publicerats av Free Software Foundation; antingen version 2 av licensen eller (efter eget val) n\u00e5gon senare version. F\u00f6r mer information, l\u00e4s villkoren i <a href=\"https:\/\/www.gnu.org\/licenses\/gpl-2.0.txt\" target=\"_blank\" rel=\"noopener\">GNU General Public License<\/a> och dess <a href=\"https:\/\/www.gnu.org\/licenses\/gpl-faq.html\" target=\"_blank\" rel=\"noopener\">FAQ<\/a>. <\/p>\n\n<p>Dessa program distribueras i hopp om att de ska vara anv\u00e4ndbara, men UTAN N\u00c5GON GARANTI; utan ens den underf\u00f6rst\u00e5dda garantin om S\u00c4LJBARHET eller L\u00c4MPLIGHET F\u00d6R ETT S\u00c4RSKILT SYFTE.<\/p>\n\n<p>GNU General Public License och andra licenser under vilka Sweet Home 3D, Sweet Home 3D Mobile, Furniture Library Editor, Textures Library Editor-programmen och Sweet Home 3D JS \u00e4r tillg\u00e4ngliga, till\u00e5ter dig att publicera dokument skapade med dessa program, oavsett om det \u00e4r f\u00f6r personligt eller kommersiellt bruk, inom gr\u00e4nserna f\u00f6r de r\u00e4ttigheter som beviljats av licenserna f\u00f6r de 3D-modeller och texturer du importerat i dokumenten som genererats med dessa program.<br\/>Du kan anv\u00e4nda och vidaredistribuera 3D-modellerna och texturerna som finns i standardkatalogerna i alla Sweet Home 3D-versioner f\u00f6r personligt eller kommersiellt bruk, liksom de <a href=\"https:\/\/wp-test-1.sweethome3d.eu\/sv\/gratis-3d-modeller\/\" data-type=\"page\" data-id=\"4869\">kostnadsfria 3D-modellerna<\/a> som finns p\u00e5 <strong>sweethome3d.com<\/strong>, och <a href=\"https:\/\/sourceforge.net\/projects\/sweethome3d\/files\/SweetHome3D-models\/\" target=\"_blank\" rel=\"noopener\">m\u00f6belbiblioteken<\/a> eller <a href=\"https:\/\/sourceforge.net\/projects\/sweethome3d\/files\/SweetHome3D-textures\/\" target=\"_blank\" rel=\"noopener\">texturbiblioteken<\/a> som finns bland <a href=\"https:\/\/sourceforge.net\/projects\/sweethome3d\/files\/\" target=\"_blank\" rel=\"noopener\">Sweet Home 3D-filerna p\u00e5 SourceForge.net<\/a>. Om du inkluderar n\u00e5gra av dessa 3D-modeller och texturer i dina dokument b\u00f6r du ange upphovsmannen f\u00f6r de som distribueras under <a href=\"https:\/\/artlibre.org\/licence\/lal\/en\/\" target=\"_blank\" rel=\"noopener\">Free Art License<\/a> eller <a href=\"https:\/\/creativecommons.org\/licenses\/by\/3.0\/\" target=\"_blank\" rel=\"noopener\">CC-BY License<\/a>, m\u00f6jligen med hj\u00e4lp av ett meddelande som liknar f\u00f6ljande (inklusive l\u00e4nkarna f\u00f6r att l\u00e5ta anv\u00e4ndare hitta upphovsm\u00e4nnen till de konstverk du anv\u00e4nt):  <\/p>\n\n<div class=\"wp-block-group is-nowrap is-layout-flex wp-container-core-group-is-layout-ad2f72ca wp-block-group-is-layout-flex\">\n<div style=\"height:10px;width:0px\" aria-hidden=\"true\" class=\"wp-block-spacer wp-container-content-728072c3\"><\/div>\n\n\n\n<p><em>Projekt designat med <a href=\"\/\">Sweet Home 3D<\/a>. Inneh\u00e5ller <a href=\"https:\/\/wp-test-1.sweethome3d.eu\/sv\/gratis-3d-modeller\/\" data-type=\"page\" data-id=\"4869\">3D-modeller<\/a> och <a href=\"https:\/\/wp-test-1.sweethome3d.eu\/sv\/importera-texturer\/\" data-type=\"page\" data-id=\"4928\">texturer<\/a> som distribueras under fri licens. <\/em><\/p>\n<\/div>\n\n<p>Anv\u00e4ndning och vidaredistribution av 3D-modeller eller texturer som hittats p\u00e5 <strong>andra webbplatser<\/strong> kan vara begr\u00e4nsad av licensen under vilken de distribueras, och det \u00e4r upp till dig att kontrollera deras licens. Till exempel distribueras 3D-modeller tillg\u00e4ngliga p\u00e5 <a href=\"https:\/\/www.2d3dmodels.com\/3dmodels.htm\" target=\"_blank\" rel=\"noopener\">Archibit<\/a> under <a href=\"https:\/\/creativecommons.org\/licenses\/by-nc-sa\/2.5\/it\/\" target=\"_blank\" rel=\"noopener\">Creative Commons BY-NC-SA<\/a>-licensen som f\u00f6rbjuder anv\u00e4ndning av ett verk f\u00f6r kommersiella \u00e4ndam\u00e5l, medan avsnitten 1.B och 2.vi i <a href=\"https:\/\/3dwarehouse.sketchup.com\/tos#license\" target=\"_blank\" rel=\"noopener\">General Model License<\/a> f\u00f6r modellerna tillg\u00e4ngliga p\u00e5 <a href=\"https:\/\/3dwarehouse.sketchup.com\/\" target=\"_blank\" rel=\"noopener\">Trimble 3D Warehouse<\/a> till\u00e5ter dig att anv\u00e4nda dem f\u00f6r <em>aff\u00e4rs\u00e4ndam\u00e5l (inklusive kommersiella \u00e4ndam\u00e5l)<\/em>, men f\u00f6rbjuder att <em>samla inneh\u00e5ll fr\u00e5n webbplatsen f\u00f6r vidaredistribution<\/em>, ett villkor som f\u00f6rhindrar vidaredistribution av m\u00f6belbibliotek som inneh\u00e5ller 3D Warehouse-modeller. <\/p>\n\n<p>GNU General Public License till\u00e5ter dig ocks\u00e5 att fritt vidaredistribuera under samma licens gratisversionen av Sweet Home 3D-programmet, Furniture Library Editor och Textures Library Editor-programmen, samt Sweet Home 3D JS, om du tillhandah\u00e5ller villkoren f\u00f6r <a href=\"https:\/\/www.gnu.org\/licenses\/gpl-2.0.txt\" target=\"_blank\" rel=\"noopener\">GNU General Public License<\/a> med dem och l\u00e4gger till f\u00f6ljande upphovsr\u00e4ttsmeddelande p\u00e5 l\u00e4mplig plats (med en l\u00e4nk till webbplatsen <a href=\"\/\">https:\/\/www.sweethome3d.com<\/a> n\u00e4r det \u00e4r m\u00f6jligt):<\/p>\n\n<div class=\"wp-block-group is-nowrap is-layout-flex wp-container-core-group-is-layout-ad2f72ca wp-block-group-is-layout-flex\">\n<div style=\"height:10px;width:0px\" aria-hidden=\"true\" class=\"wp-block-spacer wp-container-content-728072c3\"><\/div>\n\n\n\n<p><em><em>Sweet Home 3D, Copyright (c) 2024 Space Mushrooms &lt;info@sweehome3d.com&gt;<\/em><\/em><\/p>\n<\/div>\n\n<p>Denna regel g\u00e4ller ocks\u00e5 f\u00f6r anv\u00e4ndning av <a href=\"https:\/\/sourceforge.net\/projects\/sweethome3d\/files\/SweetHome3D-viewer\/SweetHome3DJSViewer-7.5.2.zip\/download\" target=\"_blank\" rel=\"noopener\">Sweet Home 3D JS Viewer<\/a> eller <a href=\"https:\/\/wp-test-1.sweethome3d.eu\/sv\/sweet-home-3d-online-manager\/\" data-type=\"page\" data-id=\"398\">Online-versionen<\/a> p\u00e5 din webbplats, vilket \u00e4r en form av vidaredistribution.<\/p>\n\n<p><em>Observera att GNU General Public License f\u00f6rbjuder utvecklare som inte \u00e4ger upphovsr\u00e4tten till Sweet Home 3D att skapa propriet\u00e4ra program som h\u00e4rletts fr\u00e5n denna programvara eller att inf\u00f6rliva den i propriet\u00e4ra program.<\/em><\/p>\n\n<p><em>Om du \u00e4r intresserad av Sweet Home 3D f\u00f6r s\u00e5dan anv\u00e4ndning, v\u00e4nligen skriv till <a href=\"mailto:info@sweethome3d.com\">info@sweethome3d.com<\/a> f\u00f6r att f\u00e5 information om andra tillg\u00e4ngliga licenser som kan m\u00f6ta dina behov.<\/em><\/p>\n\n<p>Sweet Home 3D inkluderar ocks\u00e5 f\u00f6ljande bibliotek som distribueras under mindre restriktiva licenser \u00e4n GNU GPL:<\/p>\n\n<ul class=\"wp-block-list\">\n<li>Java 3D-biblioteket distribuerat under <a href=\"https:\/\/www.opensource.org\/licenses\/bsd-license.php\" target=\"_blank\" rel=\"noopener\">BSD-licens<\/a> och <a href=\"https:\/\/openjdk.java.net\/legal\/gplv2+ce.html\" target=\"_blank\" rel=\"noopener\">GNU General Public License med Classpath-undantaget<\/a>,<\/li>\n\n\n\n<li><a href=\"https:\/\/java.sun.com\/javase\/technologies\/desktop\/media\/jmf\/\" target=\"_blank\" rel=\"noopener\">Java Media Framework<\/a>-biblioteket distribuerat under <a href=\"https:\/\/java.sun.com\/javase\/technologies\/desktop\/media\/jmf\/2.1.1\/license.html\" target=\"_blank\" rel=\"noopener\">JMF 2.1.1 Binary Code License<\/a>,<\/li>\n\n\n\n<li><a href=\"https:\/\/www.lowagie.com\/iText\/\" target=\"_blank\" rel=\"noopener\">iText<\/a> PDF-utskriftsbibliotek version 2.1.7 distribuerat under <a href=\"https:\/\/www.gnu.org\/licenses\/old-licenses\/lgpl-2.1.txt\" target=\"_blank\" rel=\"noopener\">GNU Lesser General Public License<\/a>,<\/li>\n\n\n\n<li><a href=\"https:\/\/java.freehep.org\/\" target=\"_blank\" rel=\"noopener\">FreeHep<\/a> SVG-exportbibliotek distribuerat under <a href=\"https:\/\/www.gnu.org\/licenses\/old-licenses\/lgpl-2.1.txt\" target=\"_blank\" rel=\"noopener\">GNU Lesser General Public License<\/a>,<\/li>\n\n\n\n<li><a href=\"https:\/\/xmlgraphics.apache.org\/batik\/\" target=\"_blank\" rel=\"noopener\">Batik<\/a> SVG-s\u00f6kv\u00e4g <a href=\"https:\/\/xmlgraphics.apache.org\/batik\/\" target=\"_blank\" rel=\"noopener\"><\/a>kompileringsbibliotek distribuerat under <a href=\"https:\/\/xmlgraphics.apache.org\/batik\/license.html\" target=\"_blank\" rel=\"noopener\">Apache License<\/a>,<\/li>\n\n\n\n<li><a href=\"https:\/\/www.eteks.com\/jeks\/\" target=\"_blank\" rel=\"noopener\">Jeks Parser calculator<\/a>-bibliotek f\u00f6r st\u00f6d av matematiska uttryck distribuerat under <a href=\"https:\/\/www.gnu.org\/licenses\/old-licenses\/lgpl-2.1.txt\" target=\"_blank\" rel=\"noopener\">GNU Lesser General Public License<\/a>,<\/li>\n\n\n\n<li><a href=\"https:\/\/sunflow.sourceforge.net\/\" target=\"_blank\" rel=\"noopener\">SunFlow<\/a> global illumination-renderingsbibliotek distribuerat under <a href=\"https:\/\/www.opensource.org\/licenses\/mit-license.php\" target=\"_blank\" rel=\"noopener\">MIT-licens<\/a>,<\/li>\n\n\n\n<li><a href=\"https:\/\/github.com\/YafaRay\" target=\"_blank\" rel=\"noopener\">YafaRay<\/a>-renderingsbibliotek distribuerat under <a href=\"https:\/\/www.gnu.org\/licenses\/old-licenses\/lgpl-2.1.txt\" target=\"_blank\" rel=\"noopener\">GNU Lesser General Public License<\/a><a href=\"https:\/\/www.opensource.org\/licenses\/mit-license.php\" target=\"_blank\" rel=\"noopener\"><\/a>,<\/li>\n\n\n\n<li><a href=\"https:\/\/wp-test-1.sweethome3d.eu\/sv\/gratis-3d-modeller\/\" data-type=\"page\" data-id=\"4869\">3D-modeller<\/a> och texturer tillg\u00e4ngliga i katalogerna i gratisversionen distribueras under GNU GPL eller <a>CC-BY License<\/a>,<\/li>\n\n\n\n<li>de ytterligare <a href=\"https:\/\/wp-test-1.sweethome3d.eu\/sv\/gratis-3d-modeller\/\" data-type=\"page\" data-id=\"4869\">3D-modellerna<\/a> och <a href=\"https:\/\/wp-test-1.sweethome3d.eu\/sv\/importera-texturer\/\" data-type=\"page\" data-id=\"4928\">texturerna<\/a> som finns tillg\u00e4ngliga i katalogerna f\u00f6r <a href=\"https:\/\/apps.apple.com\/app\/sweet-home-3d\/id669289700\" target=\"_blank\" rel=\"noopener\">Mac App Store<\/a>, <a href=\"https:\/\/apps.microsoft.com\/detail\/9nblggh2smtq\" target=\"_blank\" rel=\"noopener\">Microsoft Store<\/a> och <a href=\"https:\/\/www.amazon.com\/gp\/product\/B00NLVKPDM\" target=\"_blank\" rel=\"noopener\">Amazon Store<\/a>-versionerna distribueras under <a href=\"https:\/\/artlibre.org\/licence\/lal\/en\" target=\"_blank\" rel=\"noopener\">Free Art Licence<\/a>, <a href=\"https:\/\/creativecommons.org\/licenses\/by\/3.0\/\" target=\"_blank\" rel=\"noopener\">CC-BY License<\/a> eller \u00e4r tillg\u00e4ngliga i public domain beroende p\u00e5 modellerna.<\/li>\n<\/ul>\n\n<p>Sweet Home 3D JS \u00e4r ocks\u00e5 beroende av f\u00f6ljande bibliotek:<\/p>\n\n<ul class=\"wp-block-list\">\n<li><a href=\"https:\/\/stuk.github.io\/jszip\/\" target=\"_blank\" rel=\"noopener\">JSZip<\/a>-biblioteket distribuerat under <a href=\"https:\/\/github.com\/Stuk\/jszip\/blob\/master\/LICENSE.markdown\" target=\"_blank\" rel=\"noopener\">MIT-licens<\/a>,<\/li>\n\n\n\n<li><a href=\"https:\/\/glmatrix.net\/\" target=\"_blank\" rel=\"noopener\">glMatrix<\/a>-biblioteket distribuerat under <a href=\"https:\/\/github.com\/toji\/gl-matrix\/blob\/master\/LICENSE.md\" target=\"_blank\" rel=\"noopener\">MIT-licens<\/a>,<\/li>\n\n\n\n<li><a href=\"https:\/\/github.com\/MikeMcl\/big.js\/\" target=\"_blank\" rel=\"noopener\">big.js<\/a>-biblioteket distribuerat under <a href=\"https:\/\/github.com\/MikeMcl\/big.js\/blob\/main\/LICENCE.md\" target=\"_blank\" rel=\"noopener\">MIT-licens<\/a>,<\/li>\n\n\n\n<li><a href=\"https:\/\/github.com\/ndebeiss\/jsXmlSaxParser\" target=\"_blank\" rel=\"noopener\">jsXmlSaxParser<\/a>-biblioteket distribuerat under <a href=\"https:\/\/raw.githubusercontent.com\/ndebeiss\/jsXmlSaxParser\/master\/LICENSE\" target=\"_blank\" rel=\"noopener\">Apache-licens<\/a>,<\/li>\n\n\n\n<li>JavaScript-\u00f6vers\u00e4ttning av <code>Triangulator<\/code> klass i <a href=\"https:\/\/github.com\/hharrison\/java3d-utils\" target=\"_blank\" rel=\"noopener\">Java 3D utils<\/a>-biblioteket distribuerat under <a href=\"https:\/\/github.com\/hharrison\/java3d-utils\/blob\/master\/LICENSE.txt\" target=\"_blank\" rel=\"noopener\">BSD-licens<\/a>,<\/li>\n\n\n\n<li>JavaScript-\u00f6vers\u00e4ttning av <a href=\"https:\/\/xmlgraphics.apache.org\/batik\/\" target=\"_blank\" rel=\"noopener\">Batik<\/a> SVG-s\u00f6kv\u00e4g kompileringsbibliotek distribuerat under <a href=\"https:\/\/xmlgraphics.apache.org\/batik\/license.html\" target=\"_blank\" rel=\"noopener\">Apache License<\/a>,<\/li>\n\n\n\n<li><a href=\"https:\/\/github.com\/stleary\/JSON-java\" target=\"_blank\" rel=\"noopener\">JSON.org<\/a>-biblioteket distribuerat under <a href=\"https:\/\/github.com\/stleary\/JSON-java\/blob\/master\/LICENSE\" target=\"_blank\" rel=\"noopener\">JSON free license<\/a>,<\/li>\n\n\n\n<li>JavaScript-\u00f6vers\u00e4ttning av <code>java.awt.geom<\/code> och <code>javax.swing.undo<\/code> paket i <a href=\"https:\/\/openjdk.java.net\/\" target=\"_blank\" rel=\"noopener\">OpenJDK<\/a>-biblioteket distribuerat under <a href=\"https:\/\/openjdk.java.net\/legal\/gplv2+ce.html\" target=\"_blank\" rel=\"noopener\">GNU General Public License med Classpath-undantaget<\/a>.<\/li>\n<\/ul>\n","protected":false},"excerpt":{"rendered":"<p>Sweet Home 3D, Copyright (c) 2024 Space Mushrooms &lt;info@sweethome3d.com&gt; Gratisversionen av Sweet Home 3D-programmet, Furniture Library Editor och Textures Library Editor-programmen, samt Sweet Home 3D JS distribueras under GNU General Public License; du kan anv\u00e4nda, kopiera, vidaredistribuera och\/eller modifiera dem enligt villkoren i den licensen som publicerats av Free Software Foundation; antingen version 2 av [&hellip;]<\/p>\n","protected":false},"author":2,"featured_media":0,"parent":0,"menu_order":0,"comment_status":"closed","ping_status":"closed","template":"","meta":{"inline_featured_image":false,"footnotes":""},"class_list":["post-11848","page","type-page","status-publish","hentry"],"_links":{"self":[{"href":"https:\/\/wp-test-1.sweethome3d.eu\/sv\/wp-json\/wp\/v2\/pages\/11848","targetHints":{"allow":["GET"]}}],"collection":[{"href":"https:\/\/wp-test-1.sweethome3d.eu\/sv\/wp-json\/wp\/v2\/pages"}],"about":[{"href":"https:\/\/wp-test-1.sweethome3d.eu\/sv\/wp-json\/wp\/v2\/types\/page"}],"author":[{"embeddable":true,"href":"https:\/\/wp-test-1.sweethome3d.eu\/sv\/wp-json\/wp\/v2\/users\/2"}],"replies":[{"embeddable":true,"href":"https:\/\/wp-test-1.sweethome3d.eu\/sv\/wp-json\/wp\/v2\/comments?post=11848"}],"version-history":[{"count":1,"href":"https:\/\/wp-test-1.sweethome3d.eu\/sv\/wp-json\/wp\/v2\/pages\/11848\/revisions"}],"predecessor-version":[{"id":11849,"href":"https:\/\/wp-test-1.sweethome3d.eu\/sv\/wp-json\/wp\/v2\/pages\/11848\/revisions\/11849"}],"wp:attachment":[{"href":"https:\/\/wp-test-1.sweethome3d.eu\/sv\/wp-json\/wp\/v2\/media?parent=11848"}],"curies":[{"name":"wp","href":"https:\/\/api.w.org\/{rel}","templated":true}]}}