{"id":11884,"date":"2025-09-11T08:47:20","date_gmt":"2025-09-11T08:47:20","guid":{"rendered":"https:\/\/wp-test-1.sweethome3d.eu\/integritetspolicy\/"},"modified":"2025-11-04T11:36:11","modified_gmt":"2025-11-04T11:36:11","slug":"integritetspolicy","status":"publish","type":"page","link":"https:\/\/wp-test-1.sweethome3d.eu\/sv\/integritetspolicy\/","title":{"rendered":"Integritetspolicy"},"content":{"rendered":"\n<p>Space Mushrooms, \u00e4garen av Sweet Home 3D-programvaran och upphovsr\u00e4tten samt <code>sweethome3d.com<\/code> webbplats, samlar inte in privata data p\u00e5 <code>sweethome3d.com<\/code> webbplats, f\u00f6rutom f\u00f6r anv\u00e4ndare som \u00e4r <a href=\"https:\/\/www.sweethome3d.com\/support\/forum\/registermember\" target=\"_blank\" rel=\"noopener\">registrerade<\/a> i <a href=\"https:\/\/www.sweethome3d.com\/support\/forum\/?lang=en\" target=\"_blank\" rel=\"noopener\">forumet<\/a>. Trafikloggar som lagras p\u00e5 servern \u00e4r inte offentliga och <x id=\"gid_4\"><\/x> visar ingen reklam.<br\/>Trots detta visar de flesta sidor som publiceras p\u00e5 <x id=\"gid_5\"><\/x> webbplats Sourceforge-logotypen, n\u00e5gra sidor visar vissa videor som \u00e4r lagrade p\u00e5 andra platser, och forumet l\u00e5ter anv\u00e4ndare dela bilder som \u00e4r lagrade p\u00e5 andra webbplatser. Dessa bilder och videor kommer fr\u00e5n <code>sourceforge.net<\/code>, <code>youtube.com<\/code>, <code>dailymotion.com<\/code> och andra webbservrar, vilket m\u00f6jligen ger \u00e4garna av dessa webbplatser m\u00f6jlighet att sp\u00e5ra anv\u00e4ndares bes\u00f6k p\u00e5 <code>sweethome3d.com<\/code> webbplats efter eget gottfinnande.  <\/p>\n\n<p>F\u00f6r registrerade anv\u00e4ndare best\u00e5r data som lagras p\u00e5 <code>sweethome3d.com<\/code> av:<\/p>\n\n<ul class=\"wp-block-list\">\n<li>informationen som ges vid registreringstillf\u00e4llet (\u00e5tminstone ett anv\u00e4ndarnamn, ett krypterat l\u00f6senord och en e-postadress)<\/li>\n\n\n\n<li>deras meddelanden som postats i <a href=\"https:\/\/www.sweethome3d.com\/support\/forum\/?lang=en\" target=\"_blank\" rel=\"noopener\">forumet<\/a><\/li>\n\n\n\n<li>de onlinehem de skapat i <a href=\"https:\/\/wp-test-1.sweethome3d.eu\/sv\/sweet-home-3d-online-manager\/\" data-type=\"page\" data-id=\"398\">Sweet Home 3D Online<\/a> eller exporterat i <a href=\"https:\/\/wp-test-1.sweethome3d.eu\/sv\/hanterare-for-exporterade-hem\/\" data-type=\"page\" data-id=\"4976\">Hanteraren f\u00f6r exporterade hem<\/a>.<\/li>\n<\/ul>\n\n<p>Hemdata \u00e4r privat om inte anv\u00e4ndaren uttryckligen godk\u00e4nner att dela den offentligt. Varje anv\u00e4ndare kan h\u00e4mta sin egen data sj\u00e4lv eller beg\u00e4ra att den tas bort vid behov genom att skriva till <g id=\"gid_0\">info@sweethome3d.com<\/g>. Space Mushrooms garanterar att alla n\u00f6dv\u00e4ndiga \u00e5tg\u00e4rder vidtas f\u00f6r att s\u00e4kerst\u00e4lla att anv\u00e4ndarnas hemdata som hanterades under eTeks tidigare webbplats\u00e4garskap aldrig kommer att anv\u00e4ndas f\u00f6r n\u00e5got \u00e4ndam\u00e5l utan att informera anv\u00e4ndarna.  <\/p>\n\n<p><strong>Appar distribuerade via tredjepartsbutiker<\/strong><br\/>Informationen om anv\u00e4ndare som laddar ner och installerar Sweet Home 3D eller Sweet Home 3D Mobile fr\u00e5n Mac App Store, App Store, Microsoft Store, Google Play eller Amazon hanteras fr\u00e4mst av dessa f\u00f6retag. Space Mushrooms tar inte emot personligt identifierbar data om anv\u00e4ndare fr\u00e5n dessa plattformar. <\/p>\n\n<p><strong>Analys och sp\u00e5rning i appar<\/strong><br\/>V\u00e5ra iOS- och macOS-versioner av Sweet Home 3D inkluderar Firebase Analytics f\u00f6r att f\u00f6rb\u00e4ttra appen. Firebase Analytics samlar in data som anonyma appanv\u00e4ndningsstatistik och kraschrapporter. Denna data \u00e4r inte kopplad till din identitet och anv\u00e4nds enbart f\u00f6r att f\u00f6rb\u00e4ttra appens funktionalitet och anv\u00e4ndarupplevelse. Ingen personlig data, som namn eller e-postadresser, samlas in av oss genom Firebase.   <\/p>\n\n<p>Se \u00e4ven <a href=\"https:\/\/wp-test-1.sweethome3d.eu\/sv\/integritetspolicy\/\" data-type=\"page\" data-id=\"3\">juridiskt meddelande<\/a> f\u00f6r mer information om Space Mushrooms och Sweet Home 3D.<\/p>\n","protected":false},"excerpt":{"rendered":"<p>Space Mushrooms, \u00e4garen av Sweet Home 3D-programvaran och upphovsr\u00e4tten samt sweethome3d.com webbplats, samlar inte in privata data p\u00e5 sweethome3d.com webbplats, f\u00f6rutom f\u00f6r anv\u00e4ndare som \u00e4r registrerade i forumet. Trafikloggar som lagras p\u00e5 servern \u00e4r inte offentliga och visar ingen reklam.Trots detta visar de flesta sidor som publiceras p\u00e5 webbplats Sourceforge-logotypen, n\u00e5gra sidor visar vissa videor [&hellip;]<\/p>\n","protected":false},"author":1,"featured_media":0,"parent":0,"menu_order":0,"comment_status":"closed","ping_status":"open","template":"","meta":{"inline_featured_image":false,"footnotes":""},"class_list":["post-11884","page","type-page","status-publish","hentry"],"_links":{"self":[{"href":"https:\/\/wp-test-1.sweethome3d.eu\/sv\/wp-json\/wp\/v2\/pages\/11884","targetHints":{"allow":["GET"]}}],"collection":[{"href":"https:\/\/wp-test-1.sweethome3d.eu\/sv\/wp-json\/wp\/v2\/pages"}],"about":[{"href":"https:\/\/wp-test-1.sweethome3d.eu\/sv\/wp-json\/wp\/v2\/types\/page"}],"author":[{"embeddable":true,"href":"https:\/\/wp-test-1.sweethome3d.eu\/sv\/wp-json\/wp\/v2\/users\/1"}],"replies":[{"embeddable":true,"href":"https:\/\/wp-test-1.sweethome3d.eu\/sv\/wp-json\/wp\/v2\/comments?post=11884"}],"version-history":[{"count":1,"href":"https:\/\/wp-test-1.sweethome3d.eu\/sv\/wp-json\/wp\/v2\/pages\/11884\/revisions"}],"predecessor-version":[{"id":11885,"href":"https:\/\/wp-test-1.sweethome3d.eu\/sv\/wp-json\/wp\/v2\/pages\/11884\/revisions\/11885"}],"wp:attachment":[{"href":"https:\/\/wp-test-1.sweethome3d.eu\/sv\/wp-json\/wp\/v2\/media?parent=11884"}],"curies":[{"name":"wp","href":"https:\/\/api.w.org\/{rel}","templated":true}]}}