{"id":6170,"date":"2025-09-18T11:52:32","date_gmt":"2025-09-18T11:52:32","guid":{"rendered":"https:\/\/wp-test-1.sweethome3d.eu\/dokumentation\/"},"modified":"2025-11-03T18:06:14","modified_gmt":"2025-11-03T18:06:14","slug":"dokumentation","status":"publish","type":"page","link":"https:\/\/wp-test-1.sweethome3d.eu\/sv\/dokumentation\/","title":{"rendered":"Dokumentation"},"content":{"rendered":"<ul class=\"simpletoc-list\">\n<li><a href=\"#anvandarguider\">Anv\u00e4ndarguider<\/a>\n\n<\/li>\n<li><a href=\"#videohandledningar\">Videohandledningar<\/a>\n\n\n<\/li>\n\n<\/li>\n\n<\/li>\n\n<\/li>\n\n<li><a href=\"#utvecklarguider\">Utvecklarguider<\/a>\n\n<\/li>\n<li><a href=\"#recensioner-och-utmarkelser\">Recensioner och utm\u00e4rkelser<\/a>\n<\/li><\/ul>\n<p class=\"has-text-align-center\">Den h\u00e4r sidan beskriver dokumentation som f\u00f6r n\u00e4rvarande finns tillg\u00e4nglig f\u00f6r <a href=\"\/\">Sweet Home 3D<\/a>.<\/p>\n<h2 class=\"wp-block-heading\" id=\"anvandarguider\"><img loading=\"lazy\" decoding=\"async\" width=\"16\" height=\"12\" src=\"https:\/\/www.sweethome3d.com\/images\/bullet.gif\">Anv\u00e4ndarguider<\/h2>\n<p><a href=\"https:\/\/wp-test-1.sweethome3d.eu\/sv\/ladda-ner\/\" data-type=\"page\" data-id=\"396\">Sweet Home 3D<\/a>:s anv\u00e4ndarguide finns tillg\u00e4nglig p\u00e5 <a href=\"https:\/\/wp-test-1.sweethome3d.eu\/sv\/sweet-home-3d-anvandarguide\/\" data-type=\"page\" data-id=\"424\">den h\u00e4r sidan<\/a>, och listan \u00f6ver dess genv\u00e4gar i <a href=\"\/storage\/SweetHome3DShortcuts.pdf\">det h\u00e4r dokumentet<\/a> (PDF).<\/p>\n\n<p><a href=\"https:\/\/wp-test-1.sweethome3d.eu\/sv\/ladda-ner\/\" data-type=\"page\" data-id=\"396\">Sweet Home 3D<\/a> tillhandah\u00e5ller ocks\u00e5 en regelbundet uppdaterad <a href=\"https:\/\/wp-test-1.sweethome3d.eu\/sv\/faq\/\" data-type=\"page\" data-id=\"422\">FAQ<\/a> och en fullst\u00e4ndig hj\u00e4lp som \u00e4r tillg\u00e4nglig fr\u00e5n menyalternativet <em>Hj\u00e4lp &gt; Sweet Home 3D Hj\u00e4lp<\/em>.<\/p>\n\n<div class=\"wp-block-group is-nowrap is-layout-flex wp-container-core-group-is-layout-ad2f72ca wp-block-group-is-layout-flex\">\n<figure class=\"wp-block-image size-full\"><img loading=\"lazy\" decoding=\"async\" width=\"381\" height=\"284\" src=\"https:\/\/wp-test-1.sweethome3d.eu\/wp-content\/uploads\/2025\/10\/SweetHome3DHelp.png\" alt=\"Sweet Home 3D dokumentationshj&#xE4;lp \" class=\"wp-image-4791\" srcset=\"https:\/\/wp-test-1.sweethome3d.eu\/wp-content\/uploads\/2025\/10\/SweetHome3DHelp.png 381w, https:\/\/wp-test-1.sweethome3d.eu\/wp-content\/uploads\/2025\/10\/SweetHome3DHelp-360x268.png 360w, https:\/\/wp-test-1.sweethome3d.eu\/wp-content\/uploads\/2025\/10\/SweetHome3DHelp-174x130.png 174w\" sizes=\"auto, (max-width: 381px) 100vw, 381px\" \/><\/figure>\n<\/div>\n\n<p>Du kan ocks\u00e5 l\u00e4sa f\u00f6ljande guider skrivna av bidragsgivare:<\/p>\n\n<ul class=\"wp-block-list\">\n<li><a href=\"https:\/\/wp-test-1.sweethome3d.eu\/wp-content\/uploads\/2025\/10\/personalizedTexturesGuide.pdf\" data-type=\"attachment\" data-id=\"4801\">Hur man skapar personliga texturer f\u00f6r Sweet Home 3D<\/a> (PDF) av Ouais, \u00f6versatt av Hans Dirkse<\/li>\n\n\n\n<li><a href=\"https:\/\/wp-test-1.sweethome3d.eu\/wp-content\/uploads\/2025\/10\/multiLevelHouseGuide.pdf\" data-type=\"attachment\" data-id=\"4800\">Hur man skapar ett flerv\u00e5ningshus med Sweet Home 3D 3.3 eller tidigare versioner<\/a> (PDF) av Hans Dirkse<\/li>\n\n\n\n<li><a href=\"https:\/\/wp-test-1.sweethome3d.eu\/wp-content\/uploads\/2025\/10\/pluginsUserGuide.pdf\" data-type=\"attachment\" data-id=\"4799\">Handledning f\u00f6r insticksmoduler och till\u00e4gg<\/a> (PDF) av Hans Dirkse<\/li>\n\n\n\n<li><a href=\"https:\/\/wp-test-1.sweethome3d.eu\/wp-content\/uploads\/2025\/10\/slopingCeilingGuide.pdf\" data-type=\"attachment\" data-id=\"4798\">Handledning f\u00f6r lutande tak, takf\u00f6nster och mer<\/a> (PDF) av Hans Dirkse<\/li>\n\n\n\n<li><a href=\"https:\/\/wp-test-1.sweethome3d.eu\/wp-content\/uploads\/2025\/10\/SVGPathMiniManualForSweetHome3D.pdf\" data-type=\"attachment\" data-id=\"4797\">Guide f\u00f6r SVG-s\u00f6kv\u00e4gsutsk\u00e4rningar och andra m\u00f6belegenskaper<\/a> (PDF) av OKH<\/li>\n\n\n\n<li><a href=\"https:\/\/wp-test-1.sweethome3d.eu\/sv\/tips-och-tricks\/\" data-type=\"page\" data-id=\"426\">N\u00e5gra tips i Sweet Home 3D-bloggen<\/a><\/li>\n<\/ul>\n<h2 class=\"wp-block-heading\" id=\"videohandledningar\"><img loading=\"lazy\" decoding=\"async\" width=\"16\" height=\"12\" src=\"https:\/\/www.sweethome3d.com\/images\/bullet.gif\">Videohandledningar<\/h2>\n<p>Titta p\u00e5 f\u00f6ljande videohandledningar f\u00f6r att l\u00e4ra dig hur du anv\u00e4nder de grundl\u00e4ggande funktionerna i Sweet Home 3D p\u00e5 dator och mobil.<\/p>\n<h3 class=\"wp-block-heading\" id=\"rita-vaxter-och-vaningar\">Rita v\u00e4xter och v\u00e5ningar<\/h3>\n<div class=\"wp-block-group is-layout-grid wp-container-core-group-is-layout-da7a6a80 wp-block-group-is-layout-grid\">\n<figure class=\"wp-block-embed is-type-video is-provider-youtube wp-block-embed-youtube wp-embed-aspect-16-9 wp-has-aspect-ratio embed-responsive\"><div class=\"wp-block-embed__wrapper\">\n<iframe loading=\"lazy\" title=\"Sweet Home 3D Tutorial: Layer Control Walkthrough\" width=\"500\" height=\"281\" src=\"https:\/\/www.youtube.com\/embed\/7c5OMgbHFUs?feature=oembed\" frameborder=\"0\" allow=\"accelerometer; autoplay; clipboard-write; encrypted-media; gyroscope; picture-in-picture; web-share\" referrerpolicy=\"strict-origin-when-cross-origin\" allowfullscreen><\/iframe>\n<\/div><\/figure>\n\n\n\n<figure class=\"wp-block-embed is-type-video is-provider-youtube wp-block-embed-youtube wp-embed-aspect-16-9 wp-has-aspect-ratio embed-responsive\"><div class=\"wp-block-embed__wrapper\">\n<iframe loading=\"lazy\" title=\"Sweet Home 3D Tutorial - 1 Minute to create a balcony\" width=\"500\" height=\"281\" src=\"https:\/\/www.youtube.com\/embed\/dByMK7ezL7U?feature=oembed\" frameborder=\"0\" allow=\"accelerometer; autoplay; clipboard-write; encrypted-media; gyroscope; picture-in-picture; web-share\" referrerpolicy=\"strict-origin-when-cross-origin\" allowfullscreen><\/iframe>\n<\/div><\/figure>\n<\/div>\n<h3 class=\"wp-block-heading\" id=\"infoga-och-anpassa-mobler\">Infoga och anpassa m\u00f6bler<\/h3>\n<div class=\"wp-block-group is-layout-grid wp-container-core-group-is-layout-da7a6a80 wp-block-group-is-layout-grid\">\n<figure class=\"wp-block-embed is-type-video is-provider-youtube wp-block-embed-youtube embed-responsive wp-embed-aspect-16-9 wp-has-aspect-ratio\"><div class=\"wp-block-embed__wrapper\">\n<iframe loading=\"lazy\" title=\"Sweet Home 3D Tutorial - How to customize furniture\" width=\"500\" height=\"281\" src=\"https:\/\/www.youtube.com\/embed\/5Ni5zE4q5kk?feature=oembed\" frameborder=\"0\" allow=\"accelerometer; autoplay; clipboard-write; encrypted-media; gyroscope; picture-in-picture; web-share\" referrerpolicy=\"strict-origin-when-cross-origin\" allowfullscreen><\/iframe>\n<\/div><\/figure>\n\n\n\n<figure class=\"wp-block-embed is-type-video is-provider-youtube wp-block-embed-youtube embed-responsive wp-embed-aspect-16-9 wp-has-aspect-ratio\"><div class=\"wp-block-embed__wrapper\">\n<iframe loading=\"lazy\" title=\"Sweet Home 3D Tutorial - How to create new furniture\" width=\"500\" height=\"281\" src=\"https:\/\/www.youtube.com\/embed\/4zEG8dqNy6w?feature=oembed\" frameborder=\"0\" allow=\"accelerometer; autoplay; clipboard-write; encrypted-media; gyroscope; picture-in-picture; web-share\" referrerpolicy=\"strict-origin-when-cross-origin\" allowfullscreen><\/iframe>\n<\/div><\/figure>\n\n\n\n<figure class=\"wp-block-embed is-type-video is-provider-youtube wp-block-embed-youtube embed-responsive wp-embed-aspect-16-9 wp-has-aspect-ratio\"><div class=\"wp-block-embed__wrapper\">\n<iframe loading=\"lazy\" title=\"Sweet Home 3D Tutorial - How to combine models together\" width=\"500\" height=\"281\" src=\"https:\/\/www.youtube.com\/embed\/sljp8C4WwGA?feature=oembed\" frameborder=\"0\" allow=\"accelerometer; autoplay; clipboard-write; encrypted-media; gyroscope; picture-in-picture; web-share\" referrerpolicy=\"strict-origin-when-cross-origin\" allowfullscreen><\/iframe>\n<\/div><\/figure>\n\n\n\n<figure class=\"wp-block-embed is-type-video is-provider-youtube wp-block-embed-youtube embed-responsive wp-embed-aspect-16-9 wp-has-aspect-ratio\"><div class=\"wp-block-embed__wrapper\">\n<iframe loading=\"lazy\" title=\"Sweet Home 3D Tutorial - 1 Minute to create a mirror effect\" width=\"500\" height=\"281\" src=\"https:\/\/www.youtube.com\/embed\/_Lilr9r9JvU?feature=oembed\" frameborder=\"0\" allow=\"accelerometer; autoplay; clipboard-write; encrypted-media; gyroscope; picture-in-picture; web-share\" referrerpolicy=\"strict-origin-when-cross-origin\" allowfullscreen><\/iframe>\n<\/div><\/figure>\n<\/div>\n<h3 class=\"wp-block-heading\" id=\"foto-och-videorendering\">Foto- och videorendering<\/h3>\n<div class=\"wp-block-group is-layout-grid wp-container-core-group-is-layout-da7a6a80 wp-block-group-is-layout-grid\">\n<figure class=\"wp-block-embed is-type-video is-provider-youtube wp-block-embed-youtube embed-responsive wp-embed-aspect-16-9 wp-has-aspect-ratio\"><div class=\"wp-block-embed__wrapper\">\n<iframe loading=\"lazy\" title=\"Sweet Home 3D Tutorial - How to create a video rendering\" width=\"500\" height=\"281\" src=\"https:\/\/www.youtube.com\/embed\/W_ExaiIvSHU?feature=oembed\" frameborder=\"0\" allow=\"accelerometer; autoplay; clipboard-write; encrypted-media; gyroscope; picture-in-picture; web-share\" referrerpolicy=\"strict-origin-when-cross-origin\" allowfullscreen><\/iframe>\n<\/div><\/figure>\n\n\n\n<figure class=\"wp-block-embed is-type-video is-provider-youtube wp-block-embed-youtube embed-responsive wp-embed-aspect-16-9 wp-has-aspect-ratio\"><div class=\"wp-block-embed__wrapper\">\n<iframe loading=\"lazy\" title=\"Sweet Home 3D - House with terrace video tour\" width=\"500\" height=\"281\" src=\"https:\/\/www.youtube.com\/embed\/wTnmSzyTvIs?feature=oembed\" frameborder=\"0\" allow=\"accelerometer; autoplay; clipboard-write; encrypted-media; gyroscope; picture-in-picture; web-share\" referrerpolicy=\"strict-origin-when-cross-origin\" allowfullscreen><\/iframe>\n<\/div><\/figure>\n<\/div>\n<h3 class=\"wp-block-heading\" id=\"3dvy\">3D-vy<\/h3>\n<div class=\"wp-block-group is-layout-grid wp-container-core-group-is-layout-da7a6a80 wp-block-group-is-layout-grid\">\n<figure class=\"wp-block-embed is-type-video is-provider-youtube wp-block-embed-youtube embed-responsive wp-embed-aspect-16-9 wp-has-aspect-ratio\"><div class=\"wp-block-embed__wrapper\">\n<iframe loading=\"lazy\" title=\"Sweet Home 3D Tutorial - 1 Minute to create a side view with dimensions\" width=\"500\" height=\"281\" src=\"https:\/\/www.youtube.com\/embed\/72Lz6qGNtr0?feature=oembed\" frameborder=\"0\" allow=\"accelerometer; autoplay; clipboard-write; encrypted-media; gyroscope; picture-in-picture; web-share\" referrerpolicy=\"strict-origin-when-cross-origin\" allowfullscreen><\/iframe>\n<\/div><\/figure>\n<\/div>\n<h3 class=\"wp-block-heading\" id=\"sweet-home-3d-mobil\">Sweet Home 3D Mobil<\/h3>\n<div class=\"wp-block-group is-layout-grid wp-container-core-group-is-layout-da7a6a80 wp-block-group-is-layout-grid\">\n<figure class=\"wp-block-embed is-type-video is-provider-youtube wp-block-embed-youtube embed-responsive wp-embed-aspect-16-9 wp-has-aspect-ratio\"><div class=\"wp-block-embed__wrapper\">\n<iframe loading=\"lazy\" title=\"Sweet Home 3D Tutorial for mobile version\" width=\"500\" height=\"281\" src=\"https:\/\/www.youtube.com\/embed\/kXd1S2xpaQk?feature=oembed\" frameborder=\"0\" allow=\"accelerometer; autoplay; clipboard-write; encrypted-media; gyroscope; picture-in-picture; web-share\" referrerpolicy=\"strict-origin-when-cross-origin\" allowfullscreen><\/iframe>\n<\/div><\/figure>\n<\/div>\n\n<p>Bes\u00f6k ocks\u00e5 <a href=\"https:\/\/www.youtube.com\/SweetHome3D\" target=\"_blank\" rel=\"noopener\">Sweet Home 3D:s YouTube-kanal<\/a> f\u00f6r fler handledningar och l\u00e4s artikeln i bloggen om de <a href=\"\/blog\/2016\/11\/29\/best_video_tutorials_about_sweet_home_3d.html\">b\u00e4sta videohandledningarna<\/a>.<\/p>\n<h2 class=\"wp-block-heading\" id=\"utvecklarguider\">Utvecklarguider<\/h2>\n<p>Om du vill programmera en <a href=\"https:\/\/wp-test-1.sweethome3d.eu\/sv\/tillagg-och-verktyg\/\" data-type=\"page\" data-id=\"437\">insticksmodul<\/a> f\u00f6r <a href=\"https:\/\/wp-test-1.sweethome3d.eu\/sv\/ladda-ner\/\" data-type=\"page\" data-id=\"396\">Sweet Home 3D<\/a>, l\u00e4s f\u00f6rst <a href=\"https:\/\/wp-test-1.sweethome3d.eu\/sv\/guide-for-insticksmodulsutvecklare\/\" data-type=\"page\" data-id=\"4964\">utvecklarguiden f\u00f6r insticksmoduler<\/a>.<\/p>\n\n<p>Om du letar efter information om arkitekturen i <a href=\"https:\/\/wp-test-1.sweethome3d.eu\/sv\/ladda-ner\/\" data-type=\"page\" data-id=\"396\">Sweet Home 3D<\/a>, kan du l\u00e4sa:<\/p>\n\n<ul class=\"wp-block-list\">\n<li>dess API genererat med javadoc, tillg\u00e4ngligt <a href=\"\/javadoc\/index.html\">online<\/a> eller <a href=\"https:\/\/sourceforge.net\/projects\/sweethome3d\/files\/SweetHome3D-source\/SweetHome3D-7.5-src\/SweetHome3D-7.5-javadoc.zip\/download\" target=\"_blank\" rel=\"noopener\">f\u00f6r nedladdning<\/a>,<\/li>\n\n\n\n<li><a href=\"https:\/\/wp-test-1.sweethome3d.eu\/sv\/guide-for-insticksmodulsutvecklare\/\" data-type=\"page\" data-id=\"4964\">den sista delen av utvecklarguiden f\u00f6r insticksmoduler<\/a> som ger n\u00e5gra detaljer om klasserna i Sweet Home 3D:s <a href=\"\/javadoc\/com\/eteks\/sweethome3d\/model\/package-summary.html\">modell<\/a>,<\/li>\n\n\n\n<li>den franska boken <a href=\"https:\/\/www.eteks.com\/services\/cahierswing.html\" target=\"_blank\" rel=\"noopener\">Les cahiers du programmeur Swing<\/a>, skriven av Emmanuel Puybaret och publicerad av Editions Eyrolles i december 2006, d\u00e4r <a href=\"\/v0.10\/SweetHome3D.jnlp\">Sweet Home 3D version 0.10<\/a> \u00e4r fallstudien.<\/li>\n<\/ul>\n\n<p>Om du vill \u00f6vers\u00e4tta <a href=\"https:\/\/wp-test-1.sweethome3d.eu\/sv\/ladda-ner\/\" data-type=\"page\" data-id=\"396\">Sweet Home 3D<\/a> till ditt spr\u00e5k, l\u00e4s <a href=\"https:\/\/wp-test-1.sweethome3d.eu\/sv\/oversattningsguide\/\" data-type=\"page\" data-id=\"5142\">\u00f6vers\u00e4ttningsguiden<\/a>.<\/p>\n<h2 class=\"wp-block-heading\" id=\"recensioner-och-utmarkelser\">Recensioner och utm\u00e4rkelser<\/h2>\n<p>N\u00e5gra recensioner p\u00e5 webben:<\/p>\n\n<ul class=\"wp-block-list\">\n<li><a href=\"https:\/\/www.softpedia.com\/reviews\/windows\/Sweet-Home-3D--Review-77686.shtml\" class=\"broken_link\" target=\"_blank\" rel=\"noopener\">Du kan enkelt bli en inredningsarkitekt!<\/a> och <a href=\"https:\/\/mac.softpedia.com\/get\/Graphics\/Sweet-Home-3D.shtml\" class=\"broken_link\" target=\"_blank\" rel=\"noopener\">Sweet Home 3D f\u00f6r Mac-recension<\/a> p\u00e5 <a href=\"https:\/\/www.softpedia.com\/\" target=\"_blank\" rel=\"noopener\">Softpedia<\/a><\/li>\n\n\n\n<li><a href=\"https:\/\/www.linux.com\/news\/sweet-home-3d-simple-interior-design\/\" target=\"_blank\" rel=\"noopener\">Sweet Home 3D: enkel inredningsdesign<\/a> p\u00e5 <a href=\"https:\/\/www.linux.com\/\" target=\"_blank\" rel=\"noopener\">linux.com<\/a><\/li>\n\n\n\n<li><a href=\"https:\/\/www.brighthub.com\/computing\/mac-platform\/reviews\/33256.aspx\" target=\"_blank\" rel=\"noopener\">Sweet Home 3D-recension<\/a> p\u00e5 <a href=\"https:\/\/www.brighthub.com\/\" target=\"_blank\" rel=\"noopener\">Bright hub<\/a><\/li>\n\n\n\n<li><a href=\"https:\/\/linuxlock.blogspot.com\/2011\/01\/of-software-and-soffits.html\" target=\"_blank\" rel=\"noopener\">Om mjukvara och takfot<\/a> p\u00e5 <a href=\"https:\/\/linuxlock.blogspot.com\/\" target=\"_blank\" rel=\"noopener\">helios blogg<\/a><\/li>\n\n\n\n<li><a href=\"https:\/\/www.becoming-home.com\/2008\/04\/03\/its-better-than-moving-furniture\/\" target=\"_blank\" rel=\"noopener\">Det \u00e4r b\u00e4ttre \u00e4n att flytta m\u00f6bler<\/a> p\u00e5 <a href=\"https:\/\/www.becoming-home.com\/\" target=\"_blank\" rel=\"noopener\">becoming home<\/a><\/li>\n\n\n\n<li><a href=\"https:\/\/www.g2.com\/\" class=\"broken_link\" target=\"_blank\" rel=\"noopener\">En amat\u00f6rarkitekts uppg\u00e5ng<\/a> p\u00e5 <a href=\"https:\/\/ragnvald.medium.com\/\" class=\"broken_link\" target=\"_blank\" rel=\"noopener\">Ragnvald Larsens blogg<\/a><\/li>\n\n\n\n<li><a href=\"https:\/\/svedic.org\/personal\/free-interior-design-with-sweet-home-3d-and-sketchup\" target=\"_blank\" rel=\"noopener\">Gratis inredningsdesign med Sweet Home 3D och SketchUp<\/a> p\u00e5 <a href=\"https:\/\/svedic.org\/\" target=\"_blank\" rel=\"noopener\">Svedics blogg<\/a><\/li>\n\n\n\n<li><a href=\"https:\/\/3djunkfair.blogspot.co.at\/\" target=\"_blank\" rel=\"noopener\">Min 3D-skrotmarknad<\/a> en blogg d\u00e4r Leonhard Grugl delar sina uppt\u00e4ckter om Sweet Home 3D<\/li>\n\n\n\n<li><a href=\"https:\/\/listoffreeware.com\/best-free-3d-floor-plan-software-windows\/\" target=\"_blank\" rel=\"noopener\">5 b\u00e4sta gratis 3D-planl\u00f6sningsprogram f\u00f6r Windows<\/a> p\u00e5 <a href=\"https:\/\/listoffreeware.com\/\" target=\"_blank\" rel=\"noopener\">List of freeware<\/a><\/li>\n\n\n\n<li><a href=\"https:\/\/sourceforge.net\/projects\/sweethome3d\/reviews\/\" target=\"_blank\" rel=\"noopener\">Anv\u00e4ndarrecensioner<\/a> p\u00e5 <a href=\"https:\/\/sourceforge.net\/\" class=\"broken_link\" target=\"_blank\" rel=\"noopener\">SourceForge.net<\/a><\/li>\n<\/ul>\n\n<p>Recensioner i pressen:<\/p>\n\n<ul class=\"wp-block-list\">\n<li><a href=\"https:\/\/www.linuxpromagazine.com\/issues\/2008\/95\/projects_on_the_move\" target=\"_blank\" rel=\"noopener\">Projekt p\u00e5 g\u00e5ng<\/a>, i nummer <a href=\"https:\/\/www.linuxpromagazine.com\/issues\/2008\/95\" target=\"_blank\" rel=\"noopener\">#95 av Linux Pro Magazine<\/a> (oktober 2008)<\/li>\n<\/ul>\n\n<p>Se \u00e4ven recensioner p\u00e5 <a href=\"https:\/\/wp-test-1.sweethome3d.eu\/sv\/dokumentation\/\" data-type=\"page\" data-id=\"418\">franska<\/a>, <a href=\"https:\/\/wp-test-1.sweethome3d.eu\/sv\/dokumentation\/\" data-type=\"page\" data-id=\"418\">tyska<\/a>, <a href=\"https:\/\/wp-test-1.sweethome3d.eu\/sv\/dokumentation\/\" data-type=\"page\" data-id=\"418\">spanska<\/a> och <a href=\"https:\/\/wp-test-1.sweethome3d.eu\/sv\/dokumentation\/\" data-type=\"page\" data-id=\"418\">ryska<\/a>.<\/p>\n\n<hr class=\"wp-block-separator has-text-color has-white-color has-alpha-channel-opacity has-white-background-color has-background is-style-default\" \/>\n\n<div class=\"wp-block-group is-content-justification-center is-nowrap is-layout-flex wp-container-core-group-is-layout-94bc23d7 wp-block-group-is-layout-flex\">\n<figure class=\"wp-block-image size-full\"><a href=\"https:\/\/www.softpedia.com\/reviews\/mac\/Sweet-Home-3D--Review-77686.shtml\" class=\"broken_link\" target=\"_blank\" rel=\"noopener\"><img loading=\"lazy\" decoding=\"async\" width=\"157\" height=\"100\" src=\"https:\/\/wp-test-1.sweethome3d.eu\/wp-content\/uploads\/2025\/10\/softpediaAward.png\" alt=\"\" class=\"wp-image-4814\" \/><\/a><\/figure>\n\n\n\n<figure class=\"wp-block-image size-full\"><a href=\"https:\/\/sweet-home-3d.en.softonic.com\/\" target=\"_blank\" rel=\"noopener\"><img loading=\"lazy\" decoding=\"async\" width=\"167\" height=\"99\" src=\"https:\/\/wp-test-1.sweethome3d.eu\/wp-content\/uploads\/2025\/10\/softonicEditorChoice.png\" alt=\"\" class=\"wp-image-4815\" \/><\/a><\/figure>\n\n\n\n<figure class=\"wp-block-image size-full\"><a href=\"https:\/\/sweet-home-3d.software.informer.com\/\" target=\"_blank\" rel=\"noopener\"><img loading=\"lazy\" decoding=\"async\" width=\"170\" height=\"170\" src=\"https:\/\/wp-test-1.sweethome3d.eu\/wp-content\/uploads\/2025\/10\/si-award-epick5.png\" alt=\"\" class=\"wp-image-4816\" srcset=\"https:\/\/wp-test-1.sweethome3d.eu\/wp-content\/uploads\/2025\/10\/si-award-epick5.png 170w, https:\/\/wp-test-1.sweethome3d.eu\/wp-content\/uploads\/2025\/10\/si-award-epick5-130x130.png 130w\" sizes=\"auto, (max-width: 170px) 100vw, 170px\" \/><\/a><\/figure>\n\n\n\n<figure class=\"wp-block-image size-full\"><a href=\"https:\/\/maddownload.com\/education-hobby\/sweet-home-3d\/\" target=\"_blank\" rel=\"noopener\"><img loading=\"lazy\" decoding=\"async\" width=\"150\" height=\"150\" src=\"https:\/\/wp-test-1.sweethome3d.eu\/wp-content\/uploads\/2025\/10\/maddownload_editors_choice_transparent-150x150-1-150x150-1.png\" alt=\"\" class=\"wp-image-4817\" srcset=\"https:\/\/wp-test-1.sweethome3d.eu\/wp-content\/uploads\/2025\/10\/maddownload_editors_choice_transparent-150x150-1-150x150-1.png 150w, https:\/\/wp-test-1.sweethome3d.eu\/wp-content\/uploads\/2025\/10\/maddownload_editors_choice_transparent-150x150-1-150x150-1-130x130.png 130w\" sizes=\"auto, (max-width: 150px) 100vw, 150px\" \/><\/a><\/figure>\n\n\n\n<figure class=\"wp-block-image size-full\"><a href=\"https:\/\/sweet-home-3d.findmysoft.com\/\" class=\"broken_link\" target=\"_blank\" rel=\"noopener\"><img loading=\"lazy\" decoding=\"async\" width=\"158\" height=\"57\" src=\"https:\/\/wp-test-1.sweethome3d.eu\/wp-content\/uploads\/2025\/10\/review2_5_Sweet-Home-3D_award.png\" alt=\"\" class=\"wp-image-4818\" \/><\/a><\/figure>\n<\/div>\n","protected":false},"excerpt":{"rendered":"<p>Den h\u00e4r sidan beskriver dokumentation som f\u00f6r n\u00e4rvarande finns tillg\u00e4nglig f\u00f6r Sweet Home 3D. Anv\u00e4ndarguider Sweet Home 3D:s anv\u00e4ndarguide finns tillg\u00e4nglig p\u00e5 den h\u00e4r sidan, och listan \u00f6ver dess genv\u00e4gar i det h\u00e4r dokumentet (PDF). Sweet Home 3D tillhandah\u00e5ller ocks\u00e5 en regelbundet uppdaterad FAQ och en fullst\u00e4ndig hj\u00e4lp som \u00e4r tillg\u00e4nglig fr\u00e5n menyalternativet Hj\u00e4lp &gt; [&hellip;]<\/p>\n","protected":false},"author":2,"featured_media":6164,"parent":0,"menu_order":0,"comment_status":"closed","ping_status":"closed","template":"","meta":{"inline_featured_image":false,"footnotes":""},"class_list":["post-6170","page","type-page","status-publish","has-post-thumbnail","hentry"],"_links":{"self":[{"href":"https:\/\/wp-test-1.sweethome3d.eu\/sv\/wp-json\/wp\/v2\/pages\/6170","targetHints":{"allow":["GET"]}}],"collection":[{"href":"https:\/\/wp-test-1.sweethome3d.eu\/sv\/wp-json\/wp\/v2\/pages"}],"about":[{"href":"https:\/\/wp-test-1.sweethome3d.eu\/sv\/wp-json\/wp\/v2\/types\/page"}],"author":[{"embeddable":true,"href":"https:\/\/wp-test-1.sweethome3d.eu\/sv\/wp-json\/wp\/v2\/users\/2"}],"replies":[{"embeddable":true,"href":"https:\/\/wp-test-1.sweethome3d.eu\/sv\/wp-json\/wp\/v2\/comments?post=6170"}],"version-history":[{"count":8,"href":"https:\/\/wp-test-1.sweethome3d.eu\/sv\/wp-json\/wp\/v2\/pages\/6170\/revisions"}],"predecessor-version":[{"id":11799,"href":"https:\/\/wp-test-1.sweethome3d.eu\/sv\/wp-json\/wp\/v2\/pages\/6170\/revisions\/11799"}],"wp:featuredmedia":[{"embeddable":true,"href":"https:\/\/wp-test-1.sweethome3d.eu\/sv\/wp-json\/wp\/v2\/media\/6164"}],"wp:attachment":[{"href":"https:\/\/wp-test-1.sweethome3d.eu\/sv\/wp-json\/wp\/v2\/media?parent=6170"}],"curies":[{"name":"wp","href":"https:\/\/api.w.org\/{rel}","templated":true}]}}