{"id":6214,"date":"2025-09-19T09:07:08","date_gmt":"2025-09-19T09:07:08","guid":{"rendered":"https:\/\/wp-test-1.sweethome3d.eu\/donationer\/"},"modified":"2025-11-11T14:40:08","modified_gmt":"2025-11-11T14:40:08","slug":"donationer","status":"publish","type":"page","link":"https:\/\/wp-test-1.sweethome3d.eu\/sv\/donationer\/","title":{"rendered":"Donationer"},"content":{"rendered":"\n<p class=\"has-text-align-center\">Har <a href=\"\/\" data-action=\"wce_test\">Sweet Home 3D<\/a> hj\u00e4lpt dig framg\u00e5ngsrikt i ditt projekt?<br\/>Gillar du supporten som erbjuds av denna webbplats?<br\/>Uppskattar du att det inte finns annonser p\u00e5 denna sida?<\/p>\n\n<p class=\"has-text-align-center\">D\u00e5&#8230; tveka inte l\u00e4ngre! Hj\u00e4lp <a href=\"https:\/\/wp-test-1.sweethome3d.eu\/sv\/ladda-ner\/\" data-type=\"page\" data-id=\"396\" data-action=\"wce_test\">Sweet Home 3D<\/a> och donera till detta projekt.<br\/>Det kommer att uppskattas djupt. <\/p>\n\n<p class=\"has-text-align-center\">Du beh\u00f6ver bara ange beloppet f\u00f6r din donation nedan<br\/>och klicka p\u00e5 <em>Donera<\/em>-knappen f\u00f6r Paypal.<\/p>\n\n\n\t<div id=\"donate-button-container\" style=\"text-align:center; margin:2rem 0;\">\n\t\t<div id=\"donate-button\"><\/div>\n\t\t<script src=\"https:\/\/www.paypalobjects.com\/donate\/sdk\/donate-sdk.js\" charset=\"UTF-8\"><\/script>\n\t\t<script>\n\t\t\tPayPal.Donation.Button({\n\t\t\t\tenv: 'production',\n\t\t\t\thosted_button_id: 'Q2F4V9B6WMY7N',\n\t\t\t\timage: {\n\t\t\t\t\tsrc: 'https:\/\/wp-test-1.sweethome3d.eu\/wp-content\/themes\/sh3d\/assets\/img\/paypal\/btn_donateCC_LG_en_US.gif',\n\t\t\t\t\talt: 'Donate with PayPal button',\n\t\t\t\t\ttitle: 'PayPal - The safer, easier way to pay online!'\n\t\t\t\t}\n\t\t\t}).render('#donate-button');\n\t\t<\/script>\n\t<\/div>\n\n\t\n","protected":false},"excerpt":{"rendered":"<p>Har Sweet Home 3D hj\u00e4lpt dig framg\u00e5ngsrikt i ditt projekt?Gillar du supporten som erbjuds av denna webbplats?Uppskattar du att det inte finns annonser p\u00e5 denna sida? D\u00e5&#8230; tveka inte l\u00e4ngre! Hj\u00e4lp Sweet Home 3D och donera till detta projekt.Det kommer att uppskattas djupt. Du beh\u00f6ver bara ange beloppet f\u00f6r din donation nedanoch klicka p\u00e5 Donera-knappen [&hellip;]<\/p>\n","protected":false},"author":2,"featured_media":0,"parent":0,"menu_order":0,"comment_status":"closed","ping_status":"closed","template":"","meta":{"inline_featured_image":false,"footnotes":""},"class_list":["post-6214","page","type-page","status-publish","hentry"],"_links":{"self":[{"href":"https:\/\/wp-test-1.sweethome3d.eu\/sv\/wp-json\/wp\/v2\/pages\/6214","targetHints":{"allow":["GET"]}}],"collection":[{"href":"https:\/\/wp-test-1.sweethome3d.eu\/sv\/wp-json\/wp\/v2\/pages"}],"about":[{"href":"https:\/\/wp-test-1.sweethome3d.eu\/sv\/wp-json\/wp\/v2\/types\/page"}],"author":[{"embeddable":true,"href":"https:\/\/wp-test-1.sweethome3d.eu\/sv\/wp-json\/wp\/v2\/users\/2"}],"replies":[{"embeddable":true,"href":"https:\/\/wp-test-1.sweethome3d.eu\/sv\/wp-json\/wp\/v2\/comments?post=6214"}],"version-history":[{"count":2,"href":"https:\/\/wp-test-1.sweethome3d.eu\/sv\/wp-json\/wp\/v2\/pages\/6214\/revisions"}],"predecessor-version":[{"id":6323,"href":"https:\/\/wp-test-1.sweethome3d.eu\/sv\/wp-json\/wp\/v2\/pages\/6214\/revisions\/6323"}],"wp:attachment":[{"href":"https:\/\/wp-test-1.sweethome3d.eu\/sv\/wp-json\/wp\/v2\/media?parent=6214"}],"curies":[{"name":"wp","href":"https:\/\/api.w.org\/{rel}","templated":true}]}}