{"id":6451,"date":"2025-09-18T11:00:31","date_gmt":"2025-09-18T11:00:31","guid":{"rendered":"https:\/\/wp-test-1.sweethome3d.eu\/sweet-home-3d-online-manager\/"},"modified":"2025-11-07T13:09:16","modified_gmt":"2025-11-07T13:09:16","slug":"sweet-home-3d-online-manager","status":"publish","type":"page","link":"https:\/\/wp-test-1.sweethome3d.eu\/sv\/sweet-home-3d-online-manager\/","title":{"rendered":"Sweet Home 3D Online Manager"},"content":{"rendered":"<h2 class=\"wp-block-heading has-text-align-center\" id=\"designa-ditt-hem-direkt-i-webblasaren\">Designa ditt hem direkt i webbl\u00e4saren<\/h2><h3 class=\"wp-block-heading has-text-align-center\" id=\"testa-sweet-home-3d-js-online-som-en-demoversion\">Testa Sweet Home 3D JS online som en demoversion<\/h3><div class=\"wp-block-image\">\n<figure class=\"aligncenter size-full\"><img loading=\"lazy\" decoding=\"async\" width=\"128\" height=\"74\" src=\"https:\/\/wp-test-1.sweethome3d.eu\/wp-content\/uploads\/2025\/09\/smartphoneTabletComputer.png\" alt=\"\" class=\"wp-image-496\"\/><\/figure>\n<\/div>\n<p class=\"has-text-align-center\"><strong>Sweet Home 3D Online Manager<\/strong> \u00e4r en kraftfull <strong>inredningsdesigntj\u00e4nst<\/strong> som l\u00e5ter dig designa din <strong>husplan<\/strong> online direkt fr\u00e5n din webbl\u00e4sare, utan installation. Onlineversionen erbjuder m\u00f6jligheten att testa Sweet Home 3D innan du laddar ner det. <\/p>\n\n<p class=\"has-text-align-center\"><a href=\"https:\/\/www.sweethome3d.com\/SweetHome3DJSOnline.jsp\" data-type=\"link\" data-id=\"https:\/\/www.sweethome3d.com\/SweetHome3DJSOnline.jsp\" data-action=\"wce_online_testonline_hyperlink\" target=\"_blank\" rel=\"noopener\">Testa Sweet Home 3D JS Online som en demoversion<\/a><\/p>\n\n<p class=\"has-text-align-center\">Om du anv\u00e4nder versionen av Sweet Home 3D som finns tillg\u00e4nglig f\u00f6r <a href=\"https:\/\/wp-test-1.sweethome3d.eu\/sv\/ladda-ner\/\" data-type=\"page\" data-id=\"396\">nedladdning<\/a>, kan du ocks\u00e5 <a href=\"https:\/\/wp-test-1.sweethome3d.eu\/sv\/sweet-home-3d-anvandarguide\/#importing-home-blueprint\" data-type=\"link\" data-id=\"https:\/\/wp-test-1.sweethome3d.eu\/users-guide\/#importing-home-blueprint\">importera<\/a> hemfilen du designat, <a href=\"https:\/\/wp-test-1.sweethome3d.eu\/sv\/sweet-home-3d-anvandarguide\/#editing-3d-view\" data-type=\"link\" data-id=\"https:\/\/wp-test-1.sweethome3d.eu\/users-guide\/#editing-3d-view\">visa den i 2D\/3D<\/a>, \u00e4ndra den och <a href=\"https:\/\/wp-test-1.sweethome3d.eu\/sv\/sweet-home-3d-anvandarguide\/#export-to-obj-format\" data-type=\"link\" data-id=\"https:\/\/wp-test-1.sweethome3d.eu\/users-guide\/#export-to-obj-format\">exportera<\/a> den med det h\u00e4r verktyget \u2014 vilket g\u00f6r det till en praktisk <strong>planl\u00f6sningsgenerator<\/strong> och <strong>inredningsmjukvara<\/strong>.<\/p>\n\n<p class=\"has-text-align-center\"><a href=\"#download\" data-type=\"internal\" data-id=\"#download\">Ladda ner fullversionen<\/a> f\u00f6r att f\u00e5 tillg\u00e5ng till \u00f6ver 10 000 <a href=\"https:\/\/wp-test-1.sweethome3d.eu\/sv\/importera-modeller-i-sweet-home-3d-lagg-till-anpassade-3d-mobler-och-objekt\/\" data-type=\"page\" data-id=\"432\">3D-modeller<\/a>, 400 <a href=\"https:\/\/wp-test-1.sweethome3d.eu\/sv\/importera-texturer\/\" data-type=\"page\" data-id=\"4928\">texturer<\/a> och m\u00f6jligheten att l\u00e4gga till unika funktioner f\u00f6r en verkligt anpassad <a href=\"https:\/\/wp-test-1.sweethome3d.eu\/sv\/sweet-home-3d-anvandarguide\/#starting-a-new-home\" data-type=\"link\" data-id=\"https:\/\/wp-test-1.sweethome3d.eu\/users-guide\/#starting-a-new-home\">designupplevelse.<\/a><\/p>\n\n<div class=\"wp-block-buttons is-content-justification-center is-layout-flex wp-container-core-buttons-is-layout-16018d1d wp-block-buttons-is-layout-flex\">\n<div class=\"wp-block-button\" data-page=\"online\" data-append-os=\"true\"><a class=\"wp-block-button__link wp-element-button\" href=\"#download\"><img loading=\"lazy\" decoding=\"async\" width=\"21\" height=\"21\" class=\"wp-image-390\" style=\"width: 21px;\" src=\"http:\/\/wp-test-1.sweethome3d.eu\/wp-content\/uploads\/2025\/09\/download-bottom.svg\" alt=\"\"\/> Ladda ner Sweet Home 3D<\/a><\/div>\n<\/div>\n<h3 class=\"wp-block-heading has-text-align-center\" id=\"hur-man-anvander-sweet-home-3d-js-online\">Hur man anv\u00e4nder Sweet Home 3D JS Online<\/h3>\n<p class=\"has-text-align-center\"><strong>Sweet Home 3D Online Manager<\/strong> \u00e4r en tj\u00e4nst som l\u00e5ter dig designa dina <strong>huslayouter<\/strong> online med vilken webbl\u00e4sare som helst som \u00e4r kompatibel med <a href=\"https:\/\/caniuse.com\/webgl\" target=\"_blank\" rel=\"noopener\">WebGL<\/a>.<\/p>\n\n<p class=\"has-text-align-center\">Du kan testa den h\u00e4r tj\u00e4nsten genom att klicka p\u00e5 l\u00e4nken nedan, men om du vill kunna <strong>spara<\/strong> din design, <a href=\"https:\/\/www.sweethome3d.com\/support\/forum\/registermember\" target=\"_blank\" rel=\"noopener\">registrera<\/a> dig f\u00f6rst gratis och <a href=\"https:\/\/www.sweethome3d.com\/support\/forum\/login?url=https%3A%2F%2Fwww.sweethome3d.com%2FSweetHome3DOnlineManager.jsp&amp;forumLogin=false&amp;lang=en\" target=\"_blank\" rel=\"noopener\">logga in<\/a>.<\/p>\n<div class=\"wp-block-image\">\n<figure class=\"aligncenter size-large is-resized\" data-action=\"wce_online_picture\"><img loading=\"lazy\" decoding=\"async\" width=\"1024\" height=\"768\" src=\"https:\/\/wp-test-1.sweethome3d.eu\/wp-content\/uploads\/2025\/09\/SweetHome3DJSOnlineWindows-1024x768.jpg\" alt=\"Sweet Home 3D onlinehanterare\" class=\"wp-image-498\" style=\"width:600px\" srcset=\"https:\/\/wp-test-1.sweethome3d.eu\/wp-content\/uploads\/2025\/09\/SweetHome3DJSOnlineWindows-1024x768.jpg 1024w, https:\/\/wp-test-1.sweethome3d.eu\/wp-content\/uploads\/2025\/09\/SweetHome3DJSOnlineWindows-173x130.jpg 173w, https:\/\/wp-test-1.sweethome3d.eu\/wp-content\/uploads\/2025\/09\/SweetHome3DJSOnlineWindows-360x270.jpg 360w, https:\/\/wp-test-1.sweethome3d.eu\/wp-content\/uploads\/2025\/09\/SweetHome3DJSOnlineWindows-768x576.jpg 768w, https:\/\/wp-test-1.sweethome3d.eu\/wp-content\/uploads\/2025\/09\/SweetHome3DJSOnlineWindows-400x300.jpg 400w, https:\/\/wp-test-1.sweethome3d.eu\/wp-content\/uploads\/2025\/09\/SweetHome3DJSOnlineWindows-120x90.jpg 120w, https:\/\/wp-test-1.sweethome3d.eu\/wp-content\/uploads\/2025\/09\/SweetHome3DJSOnlineWindows.jpg 1200w\" sizes=\"auto, (max-width: 1024px) 100vw, 1024px\" \/><\/figure>\n<\/div>","protected":false},"excerpt":{"rendered":"<p>Designa ditt hem direkt i webbl\u00e4saren Testa Sweet Home 3D JS online som en demoversion Sweet Home 3D Online Manager \u00e4r en kraftfull inredningsdesigntj\u00e4nst som l\u00e5ter dig designa din husplan online direkt fr\u00e5n din webbl\u00e4sare, utan installation. Onlineversionen erbjuder m\u00f6jligheten att testa Sweet Home 3D innan du laddar ner det. Testa Sweet Home 3D JS [&hellip;]<\/p>\n","protected":false},"author":2,"featured_media":6450,"parent":0,"menu_order":0,"comment_status":"closed","ping_status":"closed","template":"","meta":{"inline_featured_image":false,"footnotes":""},"class_list":["post-6451","page","type-page","status-publish","has-post-thumbnail","hentry"],"_links":{"self":[{"href":"https:\/\/wp-test-1.sweethome3d.eu\/sv\/wp-json\/wp\/v2\/pages\/6451","targetHints":{"allow":["GET"]}}],"collection":[{"href":"https:\/\/wp-test-1.sweethome3d.eu\/sv\/wp-json\/wp\/v2\/pages"}],"about":[{"href":"https:\/\/wp-test-1.sweethome3d.eu\/sv\/wp-json\/wp\/v2\/types\/page"}],"author":[{"embeddable":true,"href":"https:\/\/wp-test-1.sweethome3d.eu\/sv\/wp-json\/wp\/v2\/users\/2"}],"replies":[{"embeddable":true,"href":"https:\/\/wp-test-1.sweethome3d.eu\/sv\/wp-json\/wp\/v2\/comments?post=6451"}],"version-history":[{"count":7,"href":"https:\/\/wp-test-1.sweethome3d.eu\/sv\/wp-json\/wp\/v2\/pages\/6451\/revisions"}],"predecessor-version":[{"id":12665,"href":"https:\/\/wp-test-1.sweethome3d.eu\/sv\/wp-json\/wp\/v2\/pages\/6451\/revisions\/12665"}],"wp:featuredmedia":[{"embeddable":true,"href":"https:\/\/wp-test-1.sweethome3d.eu\/sv\/wp-json\/wp\/v2\/media\/6450"}],"wp:attachment":[{"href":"https:\/\/wp-test-1.sweethome3d.eu\/sv\/wp-json\/wp\/v2\/media?parent=6451"}],"curies":[{"name":"wp","href":"https:\/\/api.w.org\/{rel}","templated":true}]}}