{"id":9844,"date":"2025-10-01T15:08:20","date_gmt":"2025-10-01T15:08:20","guid":{"rendered":"https:\/\/wp-test-1.sweethome3d.eu\/hanterare-for-exporterade-hem\/"},"modified":"2025-10-30T17:49:47","modified_gmt":"2025-10-30T17:49:47","slug":"hanterare-for-exporterade-hem","status":"publish","type":"page","link":"https:\/\/wp-test-1.sweethome3d.eu\/sv\/hanterare-for-exporterade-hem\/","title":{"rendered":"Hanterare f\u00f6r exporterade hem"},"content":{"rendered":"\n<p class=\"has-text-align-center\">Baserat p\u00e5 <a href=\"https:\/\/www.sweethome3d.com\/support\/forum\/viewthread_thread,6708\" target=\"_blank\" rel=\"noopener\">Export till HTML5-till\u00e4gget<\/a> l\u00e5ter den h\u00e4r tj\u00e4nsten registrerade anv\u00e4ndare ladda upp sina Sweet Home 3D-filer p\u00e5 den h\u00e4r webbservern f\u00f6r att visa dem i 3D med vilken webbl\u00e4sare som helst som \u00e4r kompatibel med WebGL, som i <a href=\"https:\/\/www.sweethome3d.com\/viewHome.jsp?id=1\" target=\"_blank\" rel=\"noopener\">det h\u00e4r exemplet<\/a> som visas i sk\u00e4rmdumpen nedan som visar filen <em>SweetHome3DExample3.sh3d<\/em> som finns tillg\u00e4nglig i <a href=\"https:\/\/wp-test-1.sweethome3d.eu\/sv\/galleri\/\" data-type=\"page\" data-id=\"400\">galleriet<\/a>.<br\/>Om du vill anv\u00e4nda hanteraren f\u00f6r exporterade hem, <a href=\"https:\/\/www.sweethome3d.com\/support\/forum\/registermember\" target=\"_blank\" rel=\"noopener\"><strong>registrera dig<\/strong><\/a> f\u00f6rst f\u00f6r Sweet Home 3D-tj\u00e4nsterna gratis och <a href=\"https:\/\/www.sweethome3d.com\/support\/forum\/login?url=https%3A%2F%2Fwww.sweethome3d.com%2FexportHomes.jsp&amp;forumLogin=false&amp;lang=en\" target=\"_blank\" rel=\"noopener\"><strong>logga in<\/strong><\/a>.<br\/><\/p>\n<div class=\"wp-block-image\">\n<figure class=\"aligncenter size-full\"><img loading=\"lazy\" decoding=\"async\" width=\"600\" height=\"406\" src=\"https:\/\/wp-test-1.sweethome3d.eu\/wp-content\/uploads\/2025\/10\/viewSweetHome3DExample3.jpg\" alt=\"Hanterare f&#xF6;r exporterade hem\" class=\"wp-image-4978\" srcset=\"https:\/\/wp-test-1.sweethome3d.eu\/wp-content\/uploads\/2025\/10\/viewSweetHome3DExample3.jpg 600w, https:\/\/wp-test-1.sweethome3d.eu\/wp-content\/uploads\/2025\/10\/viewSweetHome3DExample3-360x244.jpg 360w, https:\/\/wp-test-1.sweethome3d.eu\/wp-content\/uploads\/2025\/10\/viewSweetHome3DExample3-192x130.jpg 192w, https:\/\/wp-test-1.sweethome3d.eu\/wp-content\/uploads\/2025\/10\/viewSweetHome3DExample3-400x271.jpg 400w\" sizes=\"auto, (max-width: 600px) 100vw, 600px\" \/><\/figure>\n<\/div>","protected":false},"excerpt":{"rendered":"<p>Baserat p\u00e5 Export till HTML5-till\u00e4gget l\u00e5ter den h\u00e4r tj\u00e4nsten registrerade anv\u00e4ndare ladda upp sina Sweet Home 3D-filer p\u00e5 den h\u00e4r webbservern f\u00f6r att visa dem i 3D med vilken webbl\u00e4sare som helst som \u00e4r kompatibel med WebGL, som i det h\u00e4r exemplet som visas i sk\u00e4rmdumpen nedan som visar filen SweetHome3DExample3.sh3d som finns tillg\u00e4nglig i [&hellip;]<\/p>\n","protected":false},"author":3,"featured_media":9843,"parent":0,"menu_order":0,"comment_status":"closed","ping_status":"closed","template":"","meta":{"inline_featured_image":false,"footnotes":""},"class_list":["post-9844","page","type-page","status-publish","has-post-thumbnail","hentry"],"_links":{"self":[{"href":"https:\/\/wp-test-1.sweethome3d.eu\/sv\/wp-json\/wp\/v2\/pages\/9844","targetHints":{"allow":["GET"]}}],"collection":[{"href":"https:\/\/wp-test-1.sweethome3d.eu\/sv\/wp-json\/wp\/v2\/pages"}],"about":[{"href":"https:\/\/wp-test-1.sweethome3d.eu\/sv\/wp-json\/wp\/v2\/types\/page"}],"author":[{"embeddable":true,"href":"https:\/\/wp-test-1.sweethome3d.eu\/sv\/wp-json\/wp\/v2\/users\/3"}],"replies":[{"embeddable":true,"href":"https:\/\/wp-test-1.sweethome3d.eu\/sv\/wp-json\/wp\/v2\/comments?post=9844"}],"version-history":[{"count":1,"href":"https:\/\/wp-test-1.sweethome3d.eu\/sv\/wp-json\/wp\/v2\/pages\/9844\/revisions"}],"predecessor-version":[{"id":9845,"href":"https:\/\/wp-test-1.sweethome3d.eu\/sv\/wp-json\/wp\/v2\/pages\/9844\/revisions\/9845"}],"wp:featuredmedia":[{"embeddable":true,"href":"https:\/\/wp-test-1.sweethome3d.eu\/sv\/wp-json\/wp\/v2\/media\/9843"}],"wp:attachment":[{"href":"https:\/\/wp-test-1.sweethome3d.eu\/sv\/wp-json\/wp\/v2\/media?parent=9844"}],"curies":[{"name":"wp","href":"https:\/\/api.w.org\/{rel}","templated":true}]}}