{"id":10308,"date":"2025-09-18T11:54:48","date_gmt":"2025-09-18T11:54:48","guid":{"rendered":"https:\/\/wp-test-1.sweethome3d.eu\/nhap-mo-hinh-vao-sweet-home-3d-them-do-noi-that-va-doi-tuong-3d-tuy-chinh\/"},"modified":"2025-11-03T17:20:48","modified_gmt":"2025-11-03T17:20:48","slug":"nhap-mo-hinh-vao-sweet-home-3d-them-do-noi-that-va-doi-tuong-3d-tuy-chinh","status":"publish","type":"page","link":"https:\/\/wp-test-1.sweethome3d.eu\/vi\/nhap-mo-hinh-vao-sweet-home-3d-them-do-noi-that-va-doi-tuong-3d-tuy-chinh\/","title":{"rendered":"Nh\u1eadp m\u00f4 h\u00ecnh v\u00e0o Sweet Home 3D \u2013 Th\u00eam \u0111\u1ed3 n\u1ed9i th\u1ea5t v\u00e0 \u0111\u1ed1i t\u01b0\u1ee3ng 3D t\u00f9y ch\u1ec9nh"},"content":{"rendered":"\n<p class=\"has-text-align-center\">\u0110\u1ec3 <strong>nh\u1eadp m\u00f4 h\u00ecnh<\/strong>, trang n\u00e0y li\u1ec7t k\u00ea m\u1ed9t s\u1ed1 ngu\u1ed3n <strong>m\u00f4 h\u00ecnh 3D mi\u1ec5n ph\u00ed<\/strong> m\u00e0 b\u1ea1n c\u00f3 th\u1ec3 nh\u1eadp v\u00e0o <a href=\"\/\">Sweet Home 3D<\/a>, t\u1eebng <a href=\"https:\/\/wp-test-1.sweethome3d.eu\/vi\/nhap-mo-hinh-vao-sweet-home-3d-them-do-noi-that-va-doi-tuong-3d-tuy-chinh\/\" data-type=\"page\" data-id=\"432\">m\u00f4 h\u00ecnh m\u1ed9t<\/a> ho\u1eb7c theo <a href=\"https:\/\/wp-test-1.sweethome3d.eu\/vi\/nhap-mo-hinh-vao-sweet-home-3d-them-do-noi-that-va-doi-tuong-3d-tuy-chinh\/#ModelsLibraries\" data-type=\"link\" data-id=\"https:\/\/wp-test-1.sweethome3d.eu\/import-models\/#ModelsLibraries\">nh\u00f3m m\u00f4 h\u00ecnh<\/a>, v\u00e0 <a href=\"https:\/\/wp-test-1.sweethome3d.eu\/vi\/nhap-mo-hinh-vao-sweet-home-3d-them-do-noi-that-va-doi-tuong-3d-tuy-chinh\/#WebSitesWithModels\">c\u00e1c trang web<\/a> cung c\u1ea5p m\u00f4 h\u00ecnh 3D.<\/p>\n<h2 class=\"wp-block-heading\" id=\"nguon-mo-hinh-3d-co-san\">Ngu\u1ed3n m\u00f4 h\u00ecnh 3D c\u00f3 s\u1eb5n<\/h2><h3 class=\"wp-block-heading\" id=\"mo-hinh-3d-mien-phi-do-cong-tac-vien-tao-ra\"><img loading=\"lazy\" decoding=\"async\" width=\"16\" height=\"12\" src=\"https:\/\/www.sweethome3d.com\/images\/bullet.gif\">M\u00f4 h\u00ecnh 3D mi\u1ec5n ph\u00ed do c\u1ed9ng t\u00e1c vi\u00ean t\u1ea1o ra<\/h3>\n<p>Trang <a href=\"https:\/\/wp-test-1.sweethome3d.eu\/vi\/mo-hinh-3d-mien-phi\/\" data-type=\"page\" data-id=\"4869\">m\u00f4 h\u00ecnh 3D mi\u1ec5n ph\u00ed<\/a> \u0111\u1ec1 xu\u1ea5t h\u01a1n 1.600 m\u00f4 h\u00ecnh 3D b\u1ed5 sung do c\u1ed9ng t\u00e1c vi\u00ean t\u1ea1o ra v\u00e0 \u0111\u01b0\u1ee3c h\u1ed7 tr\u1ee3 trong <a href=\"https:\/\/wp-test-1.sweethome3d.eu\/vi\/huong-dan-su-dung-sweet-home-3d\/#importing3DModels\" data-type=\"page\" data-id=\"424\">tr\u00ecnh h\u01b0\u1edbng d\u1eabn nh\u1eadp \u0111\u1ed3 n\u1ed9i th\u1ea5t<\/a> c\u1ee7a Sweet Home 3D.<\/p>\n\n<div class=\"wp-block-group models-row is-content-justification-center is-nowrap is-layout-flex wp-container-core-group-is-layout-94bc23d7 wp-block-group-is-layout-flex\">\n<figure class=\"wp-block-image size-full is-resized\"><a href=\"https:\/\/wp-test-1.sweethome3d.eu\/vi\/mo-hinh-3d-mien-phi\/\"><img loading=\"lazy\" decoding=\"async\" width=\"128\" height=\"128\" src=\"https:\/\/wp-test-1.sweethome3d.eu\/wp-content\/uploads\/2025\/10\/bedWithTexture.png\" alt=\"\" class=\"wp-image-4856\" style=\"width:64px\" \/><\/a><\/figure>\n\n\n\n<figure class=\"wp-block-image size-full is-resized\"><a href=\"https:\/\/wp-test-1.sweethome3d.eu\/vi\/mo-hinh-3d-mien-phi\/\"><img loading=\"lazy\" decoding=\"async\" width=\"128\" height=\"128\" src=\"https:\/\/wp-test-1.sweethome3d.eu\/wp-content\/uploads\/2025\/10\/burlap_sofa.png\" alt=\"\" class=\"wp-image-4857\" style=\"width:64px\" \/><\/a><\/figure>\n\n\n\n<figure class=\"wp-block-image size-full is-resized\"><a href=\"https:\/\/wp-test-1.sweethome3d.eu\/vi\/mo-hinh-3d-mien-phi\/\"><img loading=\"lazy\" decoding=\"async\" width=\"128\" height=\"128\" src=\"https:\/\/wp-test-1.sweethome3d.eu\/wp-content\/uploads\/2025\/10\/wooden_table_office.png\" alt=\"\" class=\"wp-image-4858\" style=\"width:64px\" \/><\/a><\/figure>\n\n\n\n<figure class=\"wp-block-image size-full is-resized\"><a href=\"https:\/\/wp-test-1.sweethome3d.eu\/vi\/mo-hinh-3d-mien-phi\/\"><img loading=\"lazy\" decoding=\"async\" width=\"128\" height=\"128\" src=\"https:\/\/wp-test-1.sweethome3d.eu\/wp-content\/uploads\/2025\/10\/meubleSalleDeBain.png\" alt=\"\" class=\"wp-image-4859\" style=\"width:64px\" \/><\/a><\/figure>\n\n\n\n<figure class=\"wp-block-image size-full is-resized\"><a href=\"https:\/\/wp-test-1.sweethome3d.eu\/vi\/mo-hinh-3d-mien-phi\/\"><img loading=\"lazy\" decoding=\"async\" width=\"128\" height=\"128\" src=\"https:\/\/wp-test-1.sweethome3d.eu\/wp-content\/uploads\/2025\/10\/kitchenSink.png\" alt=\"\" class=\"wp-image-4860\" style=\"width:64px\" \/><\/a><\/figure>\n\n\n\n<figure class=\"wp-block-image size-full is-resized\"><a href=\"https:\/\/wp-test-1.sweethome3d.eu\/vi\/mo-hinh-3d-mien-phi\/\"><img loading=\"lazy\" decoding=\"async\" width=\"128\" height=\"128\" src=\"https:\/\/wp-test-1.sweethome3d.eu\/wp-content\/uploads\/2025\/10\/office_chair.png\" alt=\"\" class=\"wp-image-4861\" style=\"width:64px\" \/><\/a><\/figure>\n\n\n\n<figure class=\"wp-block-image size-full is-resized\"><a href=\"https:\/\/wp-test-1.sweethome3d.eu\/vi\/mo-hinh-3d-mien-phi\/\"><img loading=\"lazy\" decoding=\"async\" width=\"128\" height=\"128\" src=\"https:\/\/wp-test-1.sweethome3d.eu\/wp-content\/uploads\/2025\/10\/bureau3.png\" alt=\"\" class=\"wp-image-4862\" style=\"width:64px\" \/><\/a><\/figure>\n\n\n\n<figure class=\"wp-block-image size-full is-resized\"><a href=\"https:\/\/wp-test-1.sweethome3d.eu\/vi\/mo-hinh-3d-mien-phi\/\"><img loading=\"lazy\" decoding=\"async\" width=\"128\" height=\"128\" src=\"https:\/\/wp-test-1.sweethome3d.eu\/wp-content\/uploads\/2025\/10\/apple-ibook-2001.png\" alt=\"\" class=\"wp-image-4863\" style=\"width:64px\" \/><\/a><\/figure>\n\n\n\n<figure class=\"wp-block-image size-full is-resized\"><a href=\"https:\/\/wp-test-1.sweethome3d.eu\/vi\/mo-hinh-3d-mien-phi\/\"><img loading=\"lazy\" decoding=\"async\" width=\"128\" height=\"128\" src=\"https:\/\/wp-test-1.sweethome3d.eu\/wp-content\/uploads\/2025\/10\/pianoAQueue.png\" alt=\"\" class=\"wp-image-4864\" style=\"width:64px\" \/><\/a><\/figure>\n\n\n\n<figure class=\"wp-block-image size-full is-resized\"><a href=\"https:\/\/wp-test-1.sweethome3d.eu\/vi\/mo-hinh-3d-mien-phi\/\"><img loading=\"lazy\" decoding=\"async\" width=\"128\" height=\"128\" src=\"https:\/\/wp-test-1.sweethome3d.eu\/wp-content\/uploads\/2025\/10\/male03.png\" alt=\"\" class=\"wp-image-4865\" style=\"width:64px\" \/><\/a><\/figure>\n\n\n\n<figure class=\"wp-block-image size-full is-resized\"><a href=\"https:\/\/wp-test-1.sweethome3d.eu\/vi\/mo-hinh-3d-mien-phi\/\"><img loading=\"lazy\" decoding=\"async\" width=\"128\" height=\"128\" src=\"https:\/\/wp-test-1.sweethome3d.eu\/wp-content\/uploads\/2025\/10\/concept-sedan-02-sport.png\" alt=\"\" class=\"wp-image-4866\" style=\"width:64px\" \/><\/a><\/figure>\n\n\n\n<figure class=\"wp-block-image size-full is-resized\"><a href=\"https:\/\/wp-test-1.sweethome3d.eu\/vi\/mo-hinh-3d-mien-phi\/\"><img loading=\"lazy\" decoding=\"async\" width=\"128\" height=\"128\" src=\"https:\/\/wp-test-1.sweethome3d.eu\/wp-content\/uploads\/2025\/10\/blackTupelo.png\" alt=\"\" class=\"wp-image-4867\" style=\"width:64px\" \/><\/a><\/figure>\n<\/div>\n\n<p>B\u1ea1n c\u0169ng c\u00f3 th\u1ec3 <a href=\"#download\">t\u1ea3i xu\u1ed1ng phi\u00ean b\u1ea3n \u0111\u1ea7y \u0111\u1ee7<\/a> v\u1edbi h\u01a1n 10.000 m\u00f4 h\u00ecnh 3D, 400 <a href=\"https:\/\/wp-test-1.sweethome3d.eu\/vi\/nhap-texture\/\" data-type=\"page\" data-id=\"435\">k\u1ebft c\u1ea5u<\/a> \u0111\u00e3 bao g\u1ed3m<\/p>\n\n<div class=\"wp-block-buttons is-layout-flex wp-block-buttons-is-layout-flex\">\n<div class=\"wp-block-button btn-download btn-small\" data-wce-label=\"wce_3Dmodels_download_direct\"><a class=\"wp-block-button__link wp-element-button\" href=\"#download\" style=\"text-decoration:underline\"><img loading=\"lazy\" decoding=\"async\" width=\"43\" height=\"42\" class=\"wp-image-390\" style=\"width: 20px\" src=\"http:\/\/wp-test-1.sweethome3d.eu\/wp-content\/uploads\/2025\/09\/download-bottom.svg\" alt=\"\" \/> T\u1ea3i xu\u1ed1ng Sweet Home 3D<\/a><\/div>\n<\/div>\n<h3 class=\"wp-block-heading\" id=\"thu-vien-mo-hinh-3d\"><img loading=\"lazy\" decoding=\"async\" width=\"16\" height=\"12\" src=\"https:\/\/www.sweethome3d.com\/images\/bullet.gif\">Th\u01b0 vi\u1ec7n m\u00f4 h\u00ecnh 3D<br><a href=\"https:\/\/apps.apple.com\/app\/sweet-home-3d\/id669289700\" data-wce-label=\"wce_3Dmodels_download_hyperlink\" target=\"_blank\" rel=\"noopener\"><\/a><\/h3>\n<p><a href=\"https:\/\/www.sweethome3d.com\/download.jsp\" target=\"_blank\" rel=\"noopener\">Sweet Home 3D<\/a> c\u0169ng cho ph\u00e9p b\u1ea1n nh\u1eadp m\u00f4 h\u00ecnh (th\u01b0 vi\u1ec7n m\u00f4 h\u00ecnh 3D) \u0111\u01b0\u1ee3c l\u01b0u tr\u1eef trong c\u00e1c t\u1ec7p SH3F. M\u1ed9t t\u1ec7p SH3F nh\u00f3m m\u1ed9t s\u1ed1 m\u00f4 h\u00ecnh v\u1edbi m\u00f4 t\u1ea3 c\u1ee7a ch\u00fang v\u00e0 c\u00f3 th\u1ec3 d\u1ec5 d\u00e0ng c\u00e0i \u0111\u1eb7t b\u1eb1ng c\u00e1ch nh\u1ea5p \u0111\u00fap v\u00e0o n\u00f3 ho\u1eb7c ch\u1ecdn m\u1ee5c menu \u0110\u1ed3 n\u1ed9i th\u1ea5t  Nh\u1eadp th\u01b0 vi\u1ec7n \u0111\u1ed3 n\u1ed9i th\u1ea5t trong Sweet Home 3D.<br \/>C\u00e1c t\u1ec7p ZIP sau \u0111\u00e2y ch\u1ee9a m\u1ed9t t\u1ec7p SH3F m\u00e0 b\u1ea1n c\u00f3 th\u1ec3 nh\u1eadp v\u00e0o Sweet Home 3D. C\u00e1c th\u01b0 vi\u1ec7n n\u00e0y ch\u1ee9a c\u00e1c m\u00f4 h\u00ecnh 3D c\u00f3 s\u1eb5n t\u1ea1i <a href=\"https:\/\/www.sweethome3d.com\/freeModels.jsp\" target=\"_blank\" rel=\"noopener\">trang m\u00f4 h\u00ecnh mi\u1ec5n ph\u00ed<\/a>.  <\/p>\n\n<div class=\"wp-block-group is-layout-grid wp-container-core-group-is-layout-9649a0d9 wp-block-group-is-layout-grid\">\n<figure class=\"wp-block-image size-full is-resized mx-auto\"><img loading=\"lazy\" decoding=\"async\" width=\"178\" height=\"89\" src=\"http:\/\/wp-test-1.sweethome3d.eu\/wp-content\/uploads\/2025\/10\/sweethome3d64x64.png\" alt=\"\" class=\"wp-image-4886\" style=\"width:135px\" \/><\/figure>\n\n\n\n<p class=\"wp-container-content-5f80b302\"><a href=\"https:\/\/sourceforge.net\/projects\/sweethome3d\/files\/SweetHome3D-models\/3DModels-1.9.3\/3DModels-Contributions-1.9.3.zip\/download\" target=\"_blank\" rel=\"noopener\">3DModels-Contributions-1.9.3.zip<\/a> (29 MB &#8211; 511 m\u00f4 h\u00ecnh &#8211; Gi\u1ea5y ph\u00e9p Ngh\u1ec7 thu\u1eadt T\u1ef1 do)<br \/><a href=\"https:\/\/sourceforge.net\/projects\/sweethome3d\/files\/SweetHome3D-models\/3DModels-1.9.3\/3DModels-LucaPresidente-1.9.3.zip\/download\" target=\"_blank\" rel=\"noopener\">3DModels-LucaPresidente-1.9.3.zip<\/a> (3.7 MB &#8211; 64 m\u00f4 h\u00ecnh &#8211; Gi\u1ea5y ph\u00e9p Ngh\u1ec7 thu\u1eadt T\u1ef1 do)<br \/><a href=\"https:\/\/sourceforge.net\/projects\/sweethome3d\/files\/SweetHome3D-models\/3DModels-1.9.3\/3DModels-Trees-1.9.3.zip\/download\" target=\"_blank\" rel=\"noopener\">3DModels-Trees-1.9.3.zip<\/a> (6.7 MB &#8211; 10 m\u00f4 h\u00ecnh c\u00e2y &#8211; Gi\u1ea5y ph\u00e9p Ngh\u1ec7 thu\u1eadt T\u1ef1 do)<\/p>\n<\/div>\n\n<div class=\"wp-block-group is-layout-grid wp-container-core-group-is-layout-9649a0d9 wp-block-group-is-layout-grid\">\n<figure class=\"wp-block-image size-full is-resized mx-auto\"><img loading=\"lazy\" decoding=\"async\" width=\"222\" height=\"56\" src=\"http:\/\/wp-test-1.sweethome3d.eu\/wp-content\/uploads\/2025\/10\/scopia.png\" alt=\"\" class=\"wp-image-4885\" style=\"width:111px\" \/><\/figure>\n\n\n\n<p class=\"wp-container-content-5f80b302\"><a href=\"https:\/\/sourceforge.net\/projects\/sweethome3d\/files\/SweetHome3D-models\/3DModels-1.9.3\/3DModels-Scopia-1.9.3.zip\/download\" target=\"_blank\" rel=\"noopener\">3DModels-Scopia-1.9.3.zip<\/a> (69.5 MB &#8211; 500 m\u00f4 h\u00ecnh &#8211; Gi\u1ea5y ph\u00e9p CC-BY)<\/p>\n<\/div>\n\n<div class=\"wp-block-group is-layout-grid wp-container-core-group-is-layout-9649a0d9 wp-block-group-is-layout-grid\">\n<figure class=\"wp-block-image size-full is-resized mx-auto\"><img loading=\"lazy\" decoding=\"async\" width=\"330\" height=\"60\" src=\"http:\/\/wp-test-1.sweethome3d.eu\/wp-content\/uploads\/2025\/10\/katorlegaz.png\" alt=\"\" class=\"wp-image-4899\" style=\"width:150px\" \/><\/figure>\n\n\n\n<p class=\"wp-container-content-5f80b302\"><a href=\"https:\/\/sourceforge.net\/projects\/sweethome3d\/files\/SweetHome3D-models\/3DModels-1.9.3\/3DModels-KatorLegaz-1.9.3.zip\/download\" target=\"_blank\" rel=\"noopener\">3DModels-KatorLegaz-1.9.3.zip<\/a> (8.9 MB &#8211; 90 m\u00f4 h\u00ecnh &#8211; Gi\u1ea5y ph\u00e9p CC-BY)<\/p>\n<\/div>\n\n<div class=\"wp-block-group is-layout-grid wp-container-core-group-is-layout-9649a0d9 wp-block-group-is-layout-grid\">\n<figure class=\"wp-block-image size-full is-resized mx-auto\"><img loading=\"lazy\" decoding=\"async\" width=\"136\" height=\"41\" src=\"http:\/\/wp-test-1.sweethome3d.eu\/wp-content\/uploads\/2025\/10\/blendswap.png\" alt=\"\" class=\"wp-image-4902\" style=\"width:136px\" \/><\/figure>\n\n\n\n<p class=\"wp-container-content-5f80b302\"><a href=\"https:\/\/sourceforge.net\/projects\/sweethome3d\/files\/SweetHome3D-models\/3DModels-1.9.3\/3DModels-BlendSwap-CC-0-1.9.3.zip\/download\" target=\"_blank\" rel=\"noopener\">3DModels-BlendSwap-CC-0-1.9.3.zip<\/a> (23.8 MB &#8211; 175 m\u00f4 h\u00ecnh &#8211; Ph\u1ea1m vi c\u00f4ng c\u1ed9ng)<br \/><a href=\"https:\/\/sourceforge.net\/projects\/sweethome3d\/files\/SweetHome3D-models\/3DModels-1.9.3\/3DModels-BlendSwap-CC-BY-1.9.3.zip\/download\" target=\"_blank\" rel=\"noopener\">3DModels-BlendSwap-CC-BY-1.9.3.zip<\/a> (23.9 MB &#8211; 135 m\u00f4 h\u00ecnh &#8211; Gi\u1ea5y ph\u00e9p CC-BY)<\/p>\n<\/div>\n\n<div class=\"wp-block-group is-layout-grid wp-container-core-group-is-layout-9649a0d9 wp-block-group-is-layout-grid\">\n<figure class=\"wp-block-image size-full is-resized mx-auto\"><img loading=\"lazy\" decoding=\"async\" width=\"140\" height=\"60\" src=\"https:\/\/wp-test-1.sweethome3d.eu\/wp-content\/uploads\/2025\/10\/reallusion.png\" alt=\"\" class=\"wp-image-4904\" style=\"width:110px\" \/><\/figure>\n\n\n\n<p class=\"wp-container-content-5f80b302\"><a href=\"https:\/\/sourceforge.net\/projects\/sweethome3d\/files\/SweetHome3D-models\/3DModels-1.9.3\/3DModels-Reallusion-1.9.3.zip\/download\" target=\"_blank\" rel=\"noopener\">3DModels-Reallusion-1.9.3.zip<\/a> (10.7 MB &#8211; 25 m\u00f4 h\u00ecnh ng\u01b0\u1eddi &#8211; Gi\u1ea5y ph\u00e9p CC-BY)<\/p>\n<\/div>\n\n<p>B\u1ea1n c\u0169ng c\u00f3 th\u1ec3 quan t\u00e2m \u0111\u1ebfn b\u00e0i vi\u1ebft <a href=\"https:\/\/wp-test-1.sweethome3d.eu\/blog\/\" data-type=\"page\" data-id=\"280\">blog<\/a> <a href=\"https:\/\/www.sweethome3d.com\/blog\/2017\/12\/08\/additional_contributors_libraries.html\" target=\"_blank\" rel=\"noopener\">Th\u01b0 vi\u1ec7n c\u1ed9ng t\u00e1c vi\u00ean b\u1ed5 sung<\/a> li\u1ec7t k\u00ea c\u00e1c th\u01b0 vi\u1ec7n m\u00f4 h\u00ecnh \u0111\u1eb7c bi\u1ec7t kh\u00e1c \u0111\u01b0\u1ee3c thi\u1ebft k\u1ebf b\u1edfi m\u1ed9t s\u1ed1 c\u1ed9ng t\u00e1c vi\u00ean c\u1ee7a Sweet Home 3D (bi\u1ec3u t\u01b0\u1ee3ng 2D, h\u1ec7 th\u1ed1ng \u1ed1ng n\u01b0\u1edbc, ph\u1ea7n m\u00e1i, \u2026).<\/p>\n<h3 class=\"wp-block-heading\" id=\"tao-mo-hinh-3d-cua-ban\"><img loading=\"lazy\" decoding=\"async\" width=\"16\" height=\"12\" src=\"https:\/\/www.sweethome3d.com\/images\/bullet.gif\">T\u1ea1o m\u00f4 h\u00ecnh 3D c\u1ee7a b\u1ea1n<\/h3>\n<p>\u0110\u1ec3 t\u1ea1o m\u00f4 h\u00ecnh c\u1ee7a ri\u00eang b\u1ea1n, b\u1ea1n c\u00f3 th\u1ec3 s\u1eed d\u1ee5ng b\u1ea5t k\u1ef3 ph\u1ea7n m\u1ec1m n\u00e0o c\u00f3 kh\u1ea3 n\u0103ng t\u1ea1o t\u1ec7p \u1edf \u0111\u1ecbnh d\u1ea1ng OBJ, DAE \/ Collada, KMZ ho\u1eb7c 3DS, nh\u01b0 ph\u1ea7n m\u1ec1m mi\u1ec5n ph\u00ed <a href=\"https:\/\/www.blender.org\/\" target=\"_blank\" rel=\"noopener\">Blender<\/a>. N\u1ebfu c\u1ea7n, b\u1ea1n c\u0169ng c\u00f3 th\u1ec3 t\u1ea1o t\u1ec7p SH3F c\u1ee7a ri\u00eang m\u00ecnh v\u1edbi <a href=\"https:\/\/sourceforge.net\/projects\/sweethome3d\/files\/FurnitureLibraryEditor\/FurnitureLibraryEditor-2.2.jar\/download\" target=\"_blank\" rel=\"noopener\">Tr\u00ecnh ch\u1ec9nh s\u1eeda Th\u01b0 vi\u1ec7n \u0110\u1ed3 n\u1ed9i th\u1ea5t<\/a> c\u00f3 th\u1ec3 t\u1ea3i xu\u1ed1ng.<br \/>N\u1ebfu b\u1ea1n mu\u1ed1n chia s\u1ebb m\u00f4 h\u00ecnh c\u1ee7a m\u00ecnh ho\u1eb7c \u0111\u1ec1 xu\u1ea5t ch\u00fang trong <a href=\"https:\/\/wp-test-1.sweethome3d.eu\/vi\/mo-hinh-3d-mien-phi\/\" data-type=\"page\" data-id=\"4869\">trang m\u00f4 h\u00ecnh 3D mi\u1ec5n ph\u00ed<\/a>, vui l\u00f2ng \u0111\u0103ng ch\u00fang trong H\u1ec7 th\u1ed1ng Theo d\u00f5i <a href=\"https:\/\/sourceforge.net\/p\/sweethome3d\/d-models\/\" target=\"_blank\" rel=\"noopener\">\u0110\u00f3ng g\u00f3p M\u00f4 h\u00ecnh 3D<\/a>. <\/p>\n<h3 class=\"wp-block-heading\" id=\"cac-trang-web-khac-voi-mo-hinh-3d\"><img loading=\"lazy\" decoding=\"async\" width=\"16\" height=\"12\" src=\"https:\/\/www.sweethome3d.com\/images\/bullet.gif\">C\u00e1c trang web kh\u00e1c v\u1edbi m\u00f4 h\u00ecnh 3D<\/h3>\n<p>C\u00e1c trang web sau \u0111\u00e2y c\u0169ng cung c\u1ea5p m\u1ed9t s\u1ed1 m\u00f4 h\u00ecnh 3D mi\u1ec5n ph\u00ed \u1edf \u0111\u1ecbnh d\u1ea1ng OBJ, DAE, KMZ ho\u1eb7c 3DS \u0111\u01b0\u1ee3c h\u1ed7 tr\u1ee3 b\u1edfi tr\u00ecnh h\u01b0\u1edbng d\u1eabn nh\u1eadp \u0111\u1ed3 n\u1ed9i th\u1ea5t c\u1ee7a <a href=\"\/\">Sweet Home 3D<\/a>:<\/p>\n\n<figure class=\"wp-block-flexible-table-block-table is-content-justification-left td-border-0 stars-table\"><table class=\"has-fixed-layout\" style=\"border-width:0\"><tbody><tr><td><img loading=\"lazy\" decoding=\"async\" width=\"12\" height=\"12\" src=\"https:\/\/www.sweethome3d.com\/images\/star.gif\" alt=\"Sao\"><img loading=\"lazy\" decoding=\"async\" width=\"12\" height=\"12\" src=\"https:\/\/www.sweethome3d.com\/images\/star.gif\" alt=\"Sao\"><img loading=\"lazy\" decoding=\"async\" width=\"12\" height=\"12\" src=\"https:\/\/www.sweethome3d.com\/images\/star.gif\" alt=\"Sao\"><\/td><td><a href=\"https:\/\/3dwarehouse.sketchup.com\/\" target=\"_blank\" rel=\"noopener\">Trimble 3D Warehouse<\/a> (m\u1ed9t l\u1ef1a ch\u1ecdn l\u1edbn c\u00e1c m\u00f4 h\u00ecnh \u1edf \u0111\u1ecbnh d\u1ea1ng KMZ v\u00e0 Collada) *<\/td><\/tr><tr><td><img loading=\"lazy\" decoding=\"async\" width=\"12\" height=\"12\" src=\"https:\/\/www.sweethome3d.com\/images\/star.gif\" alt=\"Sao\"><img loading=\"lazy\" decoding=\"async\" width=\"12\" height=\"12\" src=\"https:\/\/www.sweethome3d.com\/images\/star.gif\" alt=\"Sao\"><img loading=\"lazy\" decoding=\"async\" width=\"12\" height=\"12\" src=\"https:\/\/www.sweethome3d.com\/images\/star.gif\" alt=\"Sao\"><\/td><td><a href=\"https:\/\/resources.blogscopia.com\/category\/models\/\" target=\"_blank\" rel=\"noopener\">Resources.blogscopia<\/a> (m\u00f4 h\u00ecnh \u0111\u01b0\u1ee3c thi\u1ebft k\u1ebf \u0111\u1eb9p mi\u1ec5n ph\u00ed c\u0169ng \u0111\u01b0\u1ee3c hi\u1ec3n th\u1ecb <a href=\"https:\/\/www.sweethome3d.com\/freeModels.jsp#ScopiaModels\" target=\"_blank\" rel=\"noopener\">\u1edf \u0111\u00e2y<\/a>)<\/td><\/tr><tr><td><img loading=\"lazy\" decoding=\"async\" width=\"12\" height=\"12\" src=\"https:\/\/www.sweethome3d.com\/images\/star.gif\" alt=\"Sao\"><img loading=\"lazy\" decoding=\"async\" width=\"12\" height=\"12\" src=\"https:\/\/www.sweethome3d.com\/images\/star.gif\" alt=\"Sao\"><img loading=\"lazy\" decoding=\"async\" width=\"12\" height=\"12\" src=\"https:\/\/www.sweethome3d.com\/images\/star.gif\" alt=\"Sao\"><\/td><td><a href=\"https:\/\/www.dodecagon.nl\/\" target=\"_blank\" rel=\"noopener\">Dodecagon<\/a> (c\u00e1c th\u01b0 vi\u1ec7n \u0111\u1ed3 n\u1ed9i th\u1ea5t kh\u00e1c nhau \u0111\u01b0\u1ee3c ph\u00e1t h\u00e0nh trong Ph\u1ea1m vi c\u00f4ng c\u1ed9ng)<\/td><\/tr><tr><td><img loading=\"lazy\" decoding=\"async\" width=\"12\" height=\"12\" src=\"https:\/\/www.sweethome3d.com\/images\/star.gif\" alt=\"Sao\"><img loading=\"lazy\" decoding=\"async\" width=\"12\" height=\"12\" src=\"https:\/\/www.sweethome3d.com\/images\/star.gif\" alt=\"Sao\"><img loading=\"lazy\" decoding=\"async\" width=\"12\" height=\"12\" src=\"https:\/\/www.sweethome3d.com\/images\/star.gif\" alt=\"Sao\"><\/td><td><a href=\"https:\/\/www.2d3dmodels.com\/3dmodels.htm\" target=\"_blank\" rel=\"noopener\">ArchiBit Generation<\/a> (c\u00e1c m\u00f4 h\u00ecnh \u0111\u01b0\u1ee3c thi\u1ebft k\u1ebf \u0111\u1eb9p kh\u00e1c nhau)<\/td><\/tr><tr><td><img loading=\"lazy\" decoding=\"async\" width=\"12\" height=\"12\" src=\"https:\/\/www.sweethome3d.com\/images\/star.gif\" alt=\"Sao\"><img loading=\"lazy\" decoding=\"async\" width=\"12\" height=\"12\" src=\"https:\/\/www.sweethome3d.com\/images\/star.gif\" alt=\"Sao\"><\/td><td><a href=\"https:\/\/telias.gr\/models_wavefront_menu.html\" target=\"_blank\" rel=\"noopener\">Free the models<\/a> (\u0111\u1ed3 n\u1ed9i th\u1ea5t \u0111\u00e3 \u0111\u01b0\u1ee3c ki\u1ec3m tra trong Sweet Home 3D)<\/td><\/tr><tr><td><img loading=\"lazy\" decoding=\"async\" width=\"12\" height=\"12\" src=\"https:\/\/www.sweethome3d.com\/images\/star.gif\" alt=\"Sao\"><img loading=\"lazy\" decoding=\"async\" width=\"12\" height=\"12\" src=\"https:\/\/www.sweethome3d.com\/images\/star.gif\" alt=\"Sao\"><\/td><td><a href=\"https:\/\/archive3d.net\/\" class=\"broken_link\" target=\"_blank\" rel=\"noopener\">Archive3D<\/a> (nhi\u1ec1u m\u00f4 h\u00ecnh nh\u01b0ng m\u1ed9t s\u1ed1 kh\u00f4ng th\u1ec3 nh\u1eadp v\u00e0o Sweet Home 3D)<\/td><\/tr><tr><td><img loading=\"lazy\" decoding=\"async\" width=\"12\" height=\"12\" src=\"https:\/\/www.sweethome3d.com\/images\/star.gif\" alt=\"Sao\"><img loading=\"lazy\" decoding=\"async\" width=\"12\" height=\"12\" src=\"https:\/\/www.sweethome3d.com\/images\/star.gif\" alt=\"Sao\"><\/td><td><a href=\"https:\/\/www.kolo-international.com\/\" target=\"_blank\" rel=\"noopener\">Kolo<\/a> (\u0111\u1ed3 n\u1ed9i th\u1ea5t ph\u00f2ng t\u1eafm)<\/td><\/tr><tr><td><img loading=\"lazy\" decoding=\"async\" width=\"12\" height=\"12\" src=\"https:\/\/www.sweethome3d.com\/images\/star.gif\" alt=\"Sao\"><img loading=\"lazy\" decoding=\"async\" width=\"12\" height=\"12\" src=\"https:\/\/www.sweethome3d.com\/images\/star.gif\" alt=\"Sao\"><\/td><td><a href=\"https:\/\/www.klicker.de\/interior.html\" target=\"_blank\" rel=\"noopener\">Klicker<\/a> (m\u1ed9t v\u00e0i gh\u1ebf v\u00e0 c\u00e2y)<\/td><\/tr><\/tbody><\/table><\/figure>\n\n<p>* L\u01b0u \u00fd r\u1eb1ng vi\u1ec7c t\u1ea3i xu\u1ed1ng m\u00f4 h\u00ecnh t\u1eeb <a href=\"https:\/\/3dwarehouse.sketchup.com\/\" target=\"_blank\" rel=\"noopener\">Trimble 3D Warehouse<\/a> y\u00eau c\u1ea7u \u0111\u0103ng nh\u1eadp b\u1eb1ng ID Trimble k\u1ec3 t\u1eeb cu\u1ed1i n\u0103m 2019. C\u0169ng ch\u00fa \u00fd t\u1ea3i xu\u1ed1ng m\u00f4 h\u00ecnh 3D \u1edf \u0111\u1ecbnh d\u1ea1ng Collada ho\u1eb7c KMZ, c\u00f3 s\u1eb5n trong danh s\u00e1ch \u0111\u1ecbnh d\u1ea1ng hi\u1ec3n th\u1ecb sau khi nh\u1ea5p v\u00e0o n\u00fat T\u1ea3i xu\u1ed1ng tr\u00ean trang hi\u1ec3n th\u1ecb m\u00f4 h\u00ecnh 3D. C\u00e1c m\u00f4 h\u00ecnh c\u00f3 s\u1eb5n \u1edf \u0111\u1ecbnh d\u1ea1ng SKP\/SketchUp c\u00f3 th\u1ec3 \u0111\u01b0\u1ee3c ch\u1ec9nh s\u1eeda v\u00e0 chuy\u1ec3n \u0111\u1ed5i sang \u0111\u1ecbnh d\u1ea1ng DAE\/Collada v\u1edbi <a href=\"https:\/\/www.sketchup.com\/download\" target=\"_blank\" rel=\"noopener\">SketchUp<\/a>.  <\/p>\n\n<p>N\u1ebfu <a href=\"https:\/\/www.sweethome3d.com\/download.jsp\" target=\"_blank\" rel=\"noopener\">Sweet Home 3D<\/a> t\u1eeb ch\u1ed1i nh\u1eadp m\u1ed9t s\u1ed1 t\u1ec7p ZIP \u0111\u01b0\u1ee3c \u0111\u1ec1 xu\u1ea5t tr\u00ean c\u00e1c trang web n\u00e0y, vui l\u00f2ng gi\u1ea3i n\u00e9n ch\u00fang tr\u01b0\u1edbc.<\/p>\n\n<p>Vui l\u00f2ng t\u00f4n tr\u1ecdng gi\u1ea5y ph\u00e9p c\u1ee7a c\u00e1c m\u00f4 h\u00ecnh m\u00e0 b\u1ea1n c\u00f3 th\u1ec3 t\u1ea3i xu\u1ed1ng t\u1eeb c\u00e1c trang web n\u00e0y.<\/p>\n\n<hr class=\"wp-block-separator has-text-color has-white-color has-alpha-channel-opacity has-white-background-color has-background\" \/>\n<div class=\"wp-block-image\">\n<figure class=\"aligncenter size-full\"><img loading=\"lazy\" decoding=\"async\" width=\"128\" height=\"128\" src=\"https:\/\/wp-test-1.sweethome3d.eu\/wp-content\/uploads\/2025\/10\/bedWithTexture.png\" alt=\"V&#xED; d&#x1EE5; v&#x1EC1; Nh&#x1EAD;p M&#xF4; h&#xEC;nh\" class=\"wp-image-4856\" \/><\/figure>\n<\/div>\n<hr class=\"wp-block-separator has-text-color has-white-color has-alpha-channel-opacity has-white-background-color has-background\" \/>\n\n<p class=\"has-text-align-center\"><a href=\"mailto:info@sweethome3d.com\">\u0110\u1ec1 xu\u1ea5t c\u00e1c trang web kh\u00e1c ho\u1eb7c b\u00e1o c\u00e1o li\u00ean k\u1ebft ch\u1ebft<\/a><\/p>\n\n<p class=\"has-text-align-center\"><em>C\u1eadp nh\u1eadt l\u1ea7n cu\u1ed1i: 07\/12\/2024<\/em><\/p>\n","protected":false},"excerpt":{"rendered":"<p>\u0110\u1ec3 nh\u1eadp m\u00f4 h\u00ecnh, trang n\u00e0y li\u1ec7t k\u00ea m\u1ed9t s\u1ed1 ngu\u1ed3n m\u00f4 h\u00ecnh 3D mi\u1ec5n ph\u00ed m\u00e0 b\u1ea1n c\u00f3 th\u1ec3 nh\u1eadp v\u00e0o Sweet Home 3D, t\u1eebng m\u00f4 h\u00ecnh m\u1ed9t ho\u1eb7c theo nh\u00f3m m\u00f4 h\u00ecnh, v\u00e0 c\u00e1c trang web cung c\u1ea5p m\u00f4 h\u00ecnh 3D. Ngu\u1ed3n m\u00f4 h\u00ecnh 3D c\u00f3 s\u1eb5n M\u00f4 h\u00ecnh 3D mi\u1ec5n ph\u00ed do [&hellip;]<\/p>\n","protected":false},"author":2,"featured_media":10289,"parent":0,"menu_order":0,"comment_status":"closed","ping_status":"closed","template":"","meta":{"inline_featured_image":false,"footnotes":""},"class_list":["post-10308","page","type-page","status-publish","has-post-thumbnail","hentry"],"_links":{"self":[{"href":"https:\/\/wp-test-1.sweethome3d.eu\/vi\/wp-json\/wp\/v2\/pages\/10308","targetHints":{"allow":["GET"]}}],"collection":[{"href":"https:\/\/wp-test-1.sweethome3d.eu\/vi\/wp-json\/wp\/v2\/pages"}],"about":[{"href":"https:\/\/wp-test-1.sweethome3d.eu\/vi\/wp-json\/wp\/v2\/types\/page"}],"author":[{"embeddable":true,"href":"https:\/\/wp-test-1.sweethome3d.eu\/vi\/wp-json\/wp\/v2\/users\/2"}],"replies":[{"embeddable":true,"href":"https:\/\/wp-test-1.sweethome3d.eu\/vi\/wp-json\/wp\/v2\/comments?post=10308"}],"version-history":[{"count":2,"href":"https:\/\/wp-test-1.sweethome3d.eu\/vi\/wp-json\/wp\/v2\/pages\/10308\/revisions"}],"predecessor-version":[{"id":11742,"href":"https:\/\/wp-test-1.sweethome3d.eu\/vi\/wp-json\/wp\/v2\/pages\/10308\/revisions\/11742"}],"wp:featuredmedia":[{"embeddable":true,"href":"https:\/\/wp-test-1.sweethome3d.eu\/vi\/wp-json\/wp\/v2\/media\/10289"}],"wp:attachment":[{"href":"https:\/\/wp-test-1.sweethome3d.eu\/vi\/wp-json\/wp\/v2\/media?parent=10308"}],"curies":[{"name":"wp","href":"https:\/\/api.w.org\/{rel}","templated":true}]}}