{"id":11734,"date":"2025-10-01T14:26:57","date_gmt":"2025-10-01T14:26:57","guid":{"rendered":"https:\/\/wp-test-1.sweethome3d.eu\/nhap-texture\/"},"modified":"2025-11-03T17:20:44","modified_gmt":"2025-11-03T17:20:44","slug":"nhap-texture","status":"publish","type":"page","link":"https:\/\/wp-test-1.sweethome3d.eu\/vi\/nhap-texture\/","title":{"rendered":"Nh\u1eadp texture"},"content":{"rendered":"\n<p class=\"has-text-align-center\">Trang n\u00e0y li\u1ec7t k\u00ea m\u1ed9t s\u1ed1 ngu\u1ed3n h\u00ecnh \u1ea3nh texture mi\u1ec5n ph\u00ed m\u00e0 b\u1ea1n c\u00f3 th\u1ec3 nh\u1eadp v\u00e0o <a href=\"\/\">Sweet Home 3D<\/a>.<\/p>\n<h2 class=\"wp-block-heading\" id=\"cac-nguon-texture-co-san\">C\u00e1c ngu\u1ed3n texture c\u00f3 s\u1eb5n<\/h2><h3 class=\"wp-block-heading\" id=\"thu-vien-texture\"><img loading=\"lazy\" decoding=\"async\" width=\"16\" height=\"12\" src=\"https:\/\/www.sweethome3d.com\/images\/bullet.gif\">Th\u01b0 vi\u1ec7n texture<\/h3>\n<p><a href=\"https:\/\/www.sweethome3d.com\/download.jsp\" target=\"_blank\" rel=\"noopener\">Sweet Home 3D<\/a> cho ph\u00e9p b\u1ea1n nh\u1eadp h\u00ecnh \u1ea3nh texture t\u1eebng c\u00e1i m\u1ed9t, ho\u1eb7c theo nh\u00f3m texture \u0111\u01b0\u1ee3c l\u01b0u tr\u1eef trong c\u00e1c file SH3T. File SH3T l\u00e0 m\u1ed9t th\u01b0 vi\u1ec7n texture v\u1edbi m\u00f4 t\u1ea3 c\u1ee7a ch\u00fang, v\u00e0 c\u00f3 th\u1ec3 \u0111\u01b0\u1ee3c c\u00e0i \u0111\u1eb7t d\u1ec5 d\u00e0ng b\u1eb1ng c\u00e1ch nh\u1ea5p \u0111\u00fap v\u00e0o n\u00f3 ho\u1eb7c ch\u1ecdn m\u1ee5c menu <em>N\u1ed9i th\u1ea5t &gt; Nh\u1eadp th\u01b0 vi\u1ec7n texture<\/em> trong <a href=\"https:\/\/wp-test-1.sweethome3d.eu\/vi\/tai-xuong\/\" data-type=\"page\" data-id=\"396\">Sweet Home 3D<\/a>.<br \/>C\u00e1c file ZIP sau \u0111\u00e2y ch\u1ee9a file SH3T m\u00e0 b\u1ea1n c\u00f3 th\u1ec3 nh\u1eadp v\u00e0o <a href=\"https:\/\/wp-test-1.sweethome3d.eu\/vi\/tai-xuong\/\" data-type=\"page\" data-id=\"396\">Sweet Home 3D<\/a>. <\/p>\n\n<ul class=\"wp-block-list\">\n<li><a href=\"https:\/\/sourceforge.net\/projects\/sweethome3d\/files\/SweetHome3D-textures\/Textures-1.3.1\/Textures-Contributions-1.3.1.zip\/download\" target=\"_blank\" rel=\"noopener\">Textures-Contributions-1.3.1.zip<\/a> (1.1 MB &#8211; 57 texture &#8211; Gi\u1ea5y ph\u00e9p CC-BY)<\/li>\n\n\n\n<li><a href=\"https:\/\/sourceforge.net\/projects\/sweethome3d\/files\/SweetHome3D-textures\/Textures-1.3.1\/Textures-eTeksScopia-1.3.1.zip\/download\" target=\"_blank\" rel=\"noopener\">Textures-eTeksScopia-1.3.1.zip<\/a> (18.8 MB &#8211; 340 texture &#8211; Gi\u1ea5y ph\u00e9p CC-BY)<\/li>\n<\/ul>\n\n<p>B\u1ea1n c\u0169ng c\u00f3 th\u1ec3 <a href=\"#download\">t\u1ea3i xu\u1ed1ng phi\u00ean b\u1ea3n \u0111\u1ea7y \u0111\u1ee7<\/a> v\u1edbi h\u01a1n 10.000 <a href=\"https:\/\/wp-test-1.sweethome3d.eu\/vi\/nhap-mo-hinh-vao-sweet-home-3d-them-do-noi-that-va-doi-tuong-3d-tuy-chinh\/\" data-type=\"page\" data-id=\"432\">m\u00f4 h\u00ecnh 3D<\/a>, 400 texture \u0111\u00e3 \u0111\u01b0\u1ee3c bao g\u1ed3m<a href=\"https:\/\/apps.apple.com\/app\/sweet-home-3d\/id669289700\" target=\"_blank\" rel=\"noopener\"><\/a><\/p>\n\n<hr class=\"wp-block-separator has-text-color has-white-color has-alpha-channel-opacity has-white-background-color has-background is-style-wide\" \/>\n\n<div class=\"wp-block-buttons is-layout-flex wp-block-buttons-is-layout-flex\">\n<div class=\"wp-block-button btn-download btn-small\" data-wce-label=\"wce_textures_download_direct\"><a class=\"wp-block-button__link wp-element-button\" href=\"#download\" style=\"text-decoration:underline\"><img loading=\"lazy\" decoding=\"async\" width=\"43\" height=\"42\" class=\"wp-image-390\" style=\"width: 20px\" src=\"http:\/\/wp-test-1.sweethome3d.eu\/wp-content\/uploads\/2025\/09\/download-bottom.svg\" alt=\"\" \/> T\u1ea3i xu\u1ed1ng Sweet Home 3D<\/a><\/div>\n<\/div>\n\n<hr class=\"wp-block-separator has-text-color has-white-color has-alpha-channel-opacity has-white-background-color has-background is-style-wide\" \/>\n<div class=\"wp-block-image\">\n<figure class=\"aligncenter size-full\"><img loading=\"lazy\" decoding=\"async\" width=\"600\" height=\"140\" src=\"https:\/\/wp-test-1.sweethome3d.eu\/wp-content\/uploads\/2025\/10\/texturesLibraries.jpg\" alt=\"\" class=\"wp-image-4930\" srcset=\"https:\/\/wp-test-1.sweethome3d.eu\/wp-content\/uploads\/2025\/10\/texturesLibraries.jpg 600w, https:\/\/wp-test-1.sweethome3d.eu\/wp-content\/uploads\/2025\/10\/texturesLibraries-360x84.jpg 360w, https:\/\/wp-test-1.sweethome3d.eu\/wp-content\/uploads\/2025\/10\/texturesLibraries-557x130.jpg 557w, https:\/\/wp-test-1.sweethome3d.eu\/wp-content\/uploads\/2025\/10\/texturesLibraries-400x93.jpg 400w\" sizes=\"auto, (max-width: 600px) 100vw, 600px\" \/><\/figure>\n<\/div>\n<p>L\u01b0u \u00fd r\u1eb1ng file SH3T ch\u1ec9 l\u00e0 m\u1ed9t lo\u1ea1i file ZIP, t\u1eeb \u0111\u00f3 b\u1ea1n c\u00f3 th\u1ec3 tr\u00edch xu\u1ea5t c\u00e1c h\u00ecnh \u1ea3nh texture ri\u00eang l\u1ebb b\u1eb1ng b\u1ea5t k\u1ef3 c\u00f4ng c\u1ee5 ZIP n\u00e0o. N\u1ebfu c\u1ea7n, b\u1ea1n c\u0169ng c\u00f3 th\u1ec3 t\u1ea1o file SH3T c\u1ee7a ri\u00eang m\u00ecnh v\u1edbi <a href=\"https:\/\/sourceforge.net\/projects\/sweethome3d\/files\/TexturesLibraryEditor\/TexturesLibraryEditor-2.1.jar\/download\" target=\"_blank\" rel=\"noopener\">Tr\u00ecnh ch\u1ec9nh s\u1eeda th\u01b0 vi\u1ec7n texture<\/a> c\u00f3 th\u1ec3 t\u1ea3i xu\u1ed1ng. <\/p>\n<h3 class=\"wp-block-heading\" id=\"trang-web-voi-texture\"><img loading=\"lazy\" decoding=\"async\" width=\"16\" height=\"12\" src=\"https:\/\/www.sweethome3d.com\/images\/bullet.gif\">Trang web v\u1edbi texture<br><a href=\"https:\/\/apps.apple.com\/app\/sweet-home-3d\/id669289700\" data-wce-label=\"wce_textures_download_hyperlink\" target=\"_blank\" rel=\"noopener\"><\/a><\/h3>\n<p>C\u00e1c trang web sau \u0111\u00e2y cung c\u1ea5p m\u1ed9t s\u1ed1 h\u00ecnh \u1ea3nh texture mi\u1ec5n ph\u00ed \u0111\u01b0\u1ee3c h\u1ed7 tr\u1ee3 b\u1edfi tr\u00ecnh h\u01b0\u1edbng d\u1eabn nh\u1eadp texture c\u1ee7a <a href=\"\/\">Sweet Home 3D<\/a>:<\/p>\n\n<figure class=\"wp-block-flexible-table-block-table is-content-justification-left td-border-0 stars-table\"><table class=\"has-fixed-layout\" style=\"border-width:0\"><tbody><tr><td><img loading=\"lazy\" decoding=\"async\" width=\"12\" height=\"12\" src=\"https:\/\/www.sweethome3d.com\/images\/star.gif\" alt=\"Sao\"><img loading=\"lazy\" decoding=\"async\" width=\"12\" height=\"12\" src=\"https:\/\/www.sweethome3d.com\/images\/star.gif\" alt=\"Sao\"><img loading=\"lazy\" decoding=\"async\" width=\"12\" height=\"12\" src=\"https:\/\/www.sweethome3d.com\/images\/star.gif\" alt=\"Sao\"><\/td><td><a href=\"https:\/\/ambientcg.com\/\" target=\"_blank\" rel=\"noopener\">ambientCG<\/a> (nhi\u1ec1u texture li\u1ec1n m\u1ea1ch \u0111\u01b0\u1ee3c xu\u1ea5t b\u1ea3n trong mi\u1ec1n c\u00f4ng c\u1ed9ng, c\u0169ng c\u00f3 s\u1eb5n d\u01b0\u1edbi d\u1ea1ng th\u01b0 vi\u1ec7n SH3T <a href=\"https:\/\/github.com\/fabien-michel\/sweethome3d-textures-ambientcg\" target=\"_blank\" rel=\"noopener\">t\u1ea1i \u0111\u00e2y<\/a>)<\/td><\/tr><tr><td><img loading=\"lazy\" decoding=\"async\" width=\"12\" height=\"12\" src=\"https:\/\/www.sweethome3d.com\/images\/star.gif\" alt=\"Sao\"><img loading=\"lazy\" decoding=\"async\" width=\"12\" height=\"12\" src=\"https:\/\/www.sweethome3d.com\/images\/star.gif\" alt=\"Sao\"><\/td><td><a href=\"https:\/\/archivetextures.net\/\" class=\"broken_link\" target=\"_blank\" rel=\"noopener\">Archive textures<\/a> (l\u1ef1a ch\u1ecdn r\u1ea5t l\u1edbn)<\/td><\/tr><tr><td><img loading=\"lazy\" decoding=\"async\" width=\"12\" height=\"12\" src=\"https:\/\/www.sweethome3d.com\/images\/star.gif\" alt=\"Sao\"><img loading=\"lazy\" decoding=\"async\" width=\"12\" height=\"12\" src=\"https:\/\/www.sweethome3d.com\/images\/star.gif\" alt=\"Sao\"><\/td><td><a href=\"https:\/\/www.sharetextures.com\/\" target=\"_blank\" rel=\"noopener\">Sharetextures<\/a> (texture li\u1ec1n m\u1ea1ch \u0111\u1eb9p \u0111\u01b0\u1ee3c xu\u1ea5t b\u1ea3n trong mi\u1ec1n c\u00f4ng c\u1ed9ng)<\/td><\/tr><tr><td><img loading=\"lazy\" decoding=\"async\" width=\"12\" height=\"12\" src=\"https:\/\/www.sweethome3d.com\/images\/star.gif\" alt=\"Sao\"><img loading=\"lazy\" decoding=\"async\" width=\"12\" height=\"12\" src=\"https:\/\/www.sweethome3d.com\/images\/star.gif\" alt=\"Sao\"><\/td><td><a href=\"https:\/\/3dtextures.me\/\" target=\"_blank\" rel=\"noopener\">3D textures<\/a> (m\u1ed9t trang web kh\u00e1c v\u1edbi texture li\u1ec1n m\u1ea1ch \u0111\u01b0\u1ee3c xu\u1ea5t b\u1ea3n trong mi\u1ec1n c\u00f4ng c\u1ed9ng)<\/td><\/tr><tr><td><img loading=\"lazy\" decoding=\"async\" width=\"12\" height=\"12\" src=\"https:\/\/www.sweethome3d.com\/images\/star.gif\" alt=\"Sao\"><img loading=\"lazy\" decoding=\"async\" width=\"12\" height=\"12\" src=\"https:\/\/www.sweethome3d.com\/images\/star.gif\" alt=\"Sao\"><\/td><td><a href=\"https:\/\/tiled-bg.blogspot.com\/p\/about.html\" target=\"_blank\" rel=\"noopener\">Free Web Gallery of Tile-able Website Backgrounds<\/a> (texture li\u1ec1n m\u1ea1ch c\u00f3 th\u1ec3 t\u00f9y ch\u1ec9nh c\u00f3 s\u1eb5n d\u01b0\u1edbi gi\u1ea5y ph\u00e9p CC-BY)<\/td><\/tr><tr><td><img loading=\"lazy\" decoding=\"async\" width=\"12\" height=\"12\" src=\"https:\/\/www.sweethome3d.com\/images\/star.gif\" alt=\"Sao\"><img loading=\"lazy\" decoding=\"async\" width=\"12\" height=\"12\" src=\"https:\/\/www.sweethome3d.com\/images\/star.gif\" alt=\"Sao\"><\/td><td><a href=\"https:\/\/www.plaintextures.com\/\" target=\"_blank\" rel=\"noopener\">Plain textures<\/a> (l\u1ef1a ch\u1ecdn l\u1edbn v\u1ec1 texture nh\u01b0ng kh\u00f4ng ph\u1ea3i t\u1ea5t c\u1ea3 \u0111\u1ec1u li\u1ec1n m\u1ea1ch)<\/td><\/tr><tr><td><img loading=\"lazy\" decoding=\"async\" width=\"12\" height=\"12\" src=\"https:\/\/www.sweethome3d.com\/images\/star.gif\" alt=\"Sao\"><img loading=\"lazy\" decoding=\"async\" width=\"12\" height=\"12\" src=\"https:\/\/www.sweethome3d.com\/images\/star.gif\" alt=\"Sao\"><\/td><td><a href=\"https:\/\/www.cgtextures.com\/\" target=\"_blank\" rel=\"noopener\">CG Textures<\/a> (l\u1ef1a ch\u1ecdn l\u1edbn v\u1ec1 texture nh\u01b0ng kh\u00f4ng ph\u1ea3i t\u1ea5t c\u1ea3 \u0111\u1ec1u li\u1ec1n m\u1ea1ch)<\/td><\/tr><tr><td><img loading=\"lazy\" decoding=\"async\" width=\"12\" height=\"12\" src=\"https:\/\/www.sweethome3d.com\/images\/star.gif\" alt=\"Sao\"><img loading=\"lazy\" decoding=\"async\" width=\"12\" height=\"12\" src=\"https:\/\/www.sweethome3d.com\/images\/star.gif\" alt=\"Sao\"><\/td><td><a href=\"https:\/\/blender-archi.tuxfamily.org\/Textures\" target=\"_blank\" rel=\"noopener\">Blender for Architecture<\/a> (th\u00fa v\u1ecb cho <a href=\"https:\/\/blender-archi.tuxfamily.org\/Textures#Horizontal_maps\" target=\"_blank\" rel=\"noopener\">texture b\u1ea7u tr\u1eddi<\/a>)<\/td><\/tr><tr><td><img loading=\"lazy\" decoding=\"async\" width=\"12\" height=\"12\" src=\"https:\/\/www.sweethome3d.com\/images\/star.gif\" alt=\"Sao\"><img loading=\"lazy\" decoding=\"async\" width=\"12\" height=\"12\" src=\"https:\/\/www.sweethome3d.com\/images\/star.gif\" alt=\"Sao\"><\/td><td><a href=\"https:\/\/telias.gr\/textures_menu.html\" target=\"_blank\" rel=\"noopener\">Free the models<\/a> (texture \u0111\u1eb9p \u0111\u01b0\u1ee3c t\u1ea1o b\u1edfi ng\u01b0\u1eddi \u0111\u00f3ng g\u00f3p Sweet Home 3D)<\/td><\/tr><tr><td><img loading=\"lazy\" decoding=\"async\" width=\"12\" height=\"12\" src=\"https:\/\/www.sweethome3d.com\/images\/star.gif\" alt=\"Sao\"><img loading=\"lazy\" decoding=\"async\" width=\"12\" height=\"12\" src=\"https:\/\/www.sweethome3d.com\/images\/star.gif\" alt=\"Sao\"><\/td><td><a href=\"https:\/\/www.museumtextures.com\/\" target=\"_blank\" rel=\"noopener\">Museum Textures<\/a> (l\u1ef1a ch\u1ecdn texture \u0111\u1eb9p v\u1edbi m\u1ed9t v\u00e0i texture li\u1ec1n m\u1ea1ch)<\/td><\/tr><tr><td><img loading=\"lazy\" decoding=\"async\" width=\"12\" height=\"12\" src=\"https:\/\/www.sweethome3d.com\/images\/star.gif\" alt=\"Sao\"><\/td><td><a href=\"https:\/\/www.alterlinks.com\/textures\/\" class=\"broken_link\" target=\"_blank\" rel=\"noopener\">Alterlinks<\/a> (m\u1ed9t v\u00e0i texture \u0111\u01a1n gi\u1ea3n)<\/td><\/tr><tr><td><img loading=\"lazy\" decoding=\"async\" width=\"12\" height=\"12\" src=\"https:\/\/www.sweethome3d.com\/images\/star.gif\" alt=\"Sao\"><\/td><td><a href=\"https:\/\/www.hongkiat.com\/blog\/28-high-resolution-wood-textures-for-designers\/\" target=\"_blank\" rel=\"noopener\">Hongkiat.com<\/a> (texture g\u1ed7, h\u1ea7u h\u1ebft kh\u00f4ng li\u1ec1n m\u1ea1ch)<\/td><\/tr><tr><td><img loading=\"lazy\" decoding=\"async\" width=\"12\" height=\"12\" src=\"https:\/\/www.sweethome3d.com\/images\/star.gif\" alt=\"Sao\"><\/td><td><a href=\"https:\/\/webdesignledger.com\/freebies\/40-beautiful-patterns-and-textures-for-ornate-backgrounds\" target=\"_blank\" rel=\"noopener\">WDL<\/a> (texture h\u1ecda ti\u1ebft t\u01b0\u1eddng)<\/td><\/tr><\/tbody><\/table><\/figure>\n\n<p>\u0110\u1ec3 ph\u1ee7 m\u1ed9t b\u1ec1 m\u1eb7t v\u1edbi texture l\u1eb7p l\u1ea1i nh\u01b0 h\u1ecda ti\u1ebft t\u01b0\u1eddng, n\u00ean ch\u1ecdn texture li\u1ec1n m\u1ea1ch.<\/p>\n\n<p>\u0110\u1ec3 tr\u00e1nh l\u00e0m gi\u1ea3m hi\u1ec7u su\u1ea5t Sweet Home 3D, \u0111\u1eebng nh\u1eadp h\u00ecnh \u1ea3nh c\u00f3 \u0111\u1ed9 ph\u00e2n gi\u1ea3i l\u1edbn (th\u01b0\u1eddng th\u00ec h\u00ecnh \u1ea3nh 256&#215;256 pixel \u0111\u00e3 cho k\u1ebft qu\u1ea3 t\u1ed1t). N\u1ebfu b\u1ea1n ph\u1ea3i gi\u1ea3m \u0111\u1ed9 ph\u00e2n gi\u1ea3i c\u1ee7a h\u00ecnh \u1ea3nh, b\u1ea1n n\u00ean \u01b0u ti\u00ean ch\u1ea5t l\u01b0\u1ee3ng JPEG t\u1ed1t h\u01a1n thay v\u00ec \u0111\u1ed9 ph\u00e2n gi\u1ea3i l\u1edbn h\u01a1n. <\/p>\n\n<p>Vui l\u00f2ng t\u00f4n tr\u1ecdng gi\u1ea5y ph\u00e9p c\u1ee7a c\u00e1c texture m\u00e0 b\u1ea1n c\u00f3 th\u1ec3 t\u1ea3i xu\u1ed1ng tr\u00ean c\u00e1c trang web n\u00e0y.<\/p>\n\n<figure class=\"wp-block-image size-large\"><img loading=\"lazy\" decoding=\"async\" width=\"1024\" height=\"276\" src=\"https:\/\/wp-test-1.sweethome3d.eu\/wp-content\/uploads\/2025\/06\/Textures-1024x276.jpg\" alt=\"Nh&#x1EAD;p texture\" class=\"wp-image-4507\" srcset=\"https:\/\/wp-test-1.sweethome3d.eu\/wp-content\/uploads\/2025\/06\/Textures-1024x276.jpg 1024w, https:\/\/wp-test-1.sweethome3d.eu\/wp-content\/uploads\/2025\/06\/Textures-360x97.jpg 360w, https:\/\/wp-test-1.sweethome3d.eu\/wp-content\/uploads\/2025\/06\/Textures-481x130.jpg 481w, https:\/\/wp-test-1.sweethome3d.eu\/wp-content\/uploads\/2025\/06\/Textures-768x207.jpg 768w, https:\/\/wp-test-1.sweethome3d.eu\/wp-content\/uploads\/2025\/06\/Textures-400x108.jpg 400w, https:\/\/wp-test-1.sweethome3d.eu\/wp-content\/uploads\/2025\/06\/Textures.jpg 1200w\" sizes=\"auto, (max-width: 1024px) 100vw, 1024px\" \/><\/figure>\n\n<hr class=\"wp-block-separator has-text-color has-white-color has-alpha-channel-opacity has-white-background-color has-background\" \/>\n\n<hr class=\"wp-block-separator has-text-color has-white-color has-alpha-channel-opacity has-white-background-color has-background\" \/>\n\n<p class=\"has-text-align-center\">C\u1ea3m \u01a1n Hans Dirkse v\u00ec s\u1ef1 gi\u00fap \u0111\u1ee1 c\u1ee7a anh \u1ea5y<\/p>\n\n<p class=\"has-text-align-center\"><a href=\"mailto:info@sweethome3d.com\">\u0110\u1ec1 xu\u1ea5t c\u00e1c trang web kh\u00e1c ho\u1eb7c b\u00e1o c\u00e1o li\u00ean k\u1ebft ch\u1ebft<\/a><\/p>\n\n<p class=\"has-text-align-center\"><em><em>C\u1eadp nh\u1eadt l\u1ea7n cu\u1ed1i: 23\/01\/2023<\/em><\/em><\/p>\n","protected":false},"excerpt":{"rendered":"<p>Trang n\u00e0y li\u1ec7t k\u00ea m\u1ed9t s\u1ed1 ngu\u1ed3n h\u00ecnh \u1ea3nh texture mi\u1ec5n ph\u00ed m\u00e0 b\u1ea1n c\u00f3 th\u1ec3 nh\u1eadp v\u00e0o Sweet Home 3D. C\u00e1c ngu\u1ed3n texture c\u00f3 s\u1eb5n Th\u01b0 vi\u1ec7n texture Sweet Home 3D cho ph\u00e9p b\u1ea1n nh\u1eadp h\u00ecnh \u1ea3nh texture t\u1eebng c\u00e1i m\u1ed9t, ho\u1eb7c theo nh\u00f3m texture \u0111\u01b0\u1ee3c l\u01b0u tr\u1eef trong c\u00e1c file SH3T. File SH3T [&hellip;]<\/p>\n","protected":false},"author":3,"featured_media":11727,"parent":0,"menu_order":0,"comment_status":"closed","ping_status":"closed","template":"","meta":{"inline_featured_image":false,"footnotes":""},"class_list":["post-11734","page","type-page","status-publish","has-post-thumbnail","hentry"],"_links":{"self":[{"href":"https:\/\/wp-test-1.sweethome3d.eu\/vi\/wp-json\/wp\/v2\/pages\/11734","targetHints":{"allow":["GET"]}}],"collection":[{"href":"https:\/\/wp-test-1.sweethome3d.eu\/vi\/wp-json\/wp\/v2\/pages"}],"about":[{"href":"https:\/\/wp-test-1.sweethome3d.eu\/vi\/wp-json\/wp\/v2\/types\/page"}],"author":[{"embeddable":true,"href":"https:\/\/wp-test-1.sweethome3d.eu\/vi\/wp-json\/wp\/v2\/users\/3"}],"replies":[{"embeddable":true,"href":"https:\/\/wp-test-1.sweethome3d.eu\/vi\/wp-json\/wp\/v2\/comments?post=11734"}],"version-history":[{"count":2,"href":"https:\/\/wp-test-1.sweethome3d.eu\/vi\/wp-json\/wp\/v2\/pages\/11734\/revisions"}],"predecessor-version":[{"id":11736,"href":"https:\/\/wp-test-1.sweethome3d.eu\/vi\/wp-json\/wp\/v2\/pages\/11734\/revisions\/11736"}],"wp:featuredmedia":[{"embeddable":true,"href":"https:\/\/wp-test-1.sweethome3d.eu\/vi\/wp-json\/wp\/v2\/media\/11727"}],"wp:attachment":[{"href":"https:\/\/wp-test-1.sweethome3d.eu\/vi\/wp-json\/wp\/v2\/media?parent=11734"}],"curies":[{"name":"wp","href":"https:\/\/api.w.org\/{rel}","templated":true}]}}