{"id":11777,"date":"2025-09-19T09:07:08","date_gmt":"2025-09-19T09:07:08","guid":{"rendered":"https:\/\/wp-test-1.sweethome3d.eu\/thong-bao-phap-ly\/"},"modified":"2025-11-03T17:55:24","modified_gmt":"2025-11-03T17:55:24","slug":"thong-bao-phap-ly","status":"publish","type":"page","link":"https:\/\/wp-test-1.sweethome3d.eu\/vi\/thong-bao-phap-ly\/","title":{"rendered":"Th\u00f4ng b\u00e1o ph\u00e1p l\u00fd"},"content":{"rendered":"\n<p>Ph\u1ea7n m\u1ec1m Sweet Home 3D v\u00e0 trang web <a href=\"\/\">https:\/\/www.sweethome3d.com<\/a> \u0111\u01b0\u1ee3c xu\u1ea5t b\u1ea3n b\u1edfi:<br\/><\/p>\n\n<p><a href=\"https:\/\/www.spacemushrooms.it\/\" target=\"_blank\" rel=\"noopener\">Space Mushrooms srl<\/a><br\/>Via Melzi d&#8217;Eril 29<br\/>20154, Milan<br\/>Italy<br\/>Email: <a href=\"mailto:info@sweethome3d.com\">info@sweethome3d.com<\/a><\/p>\n\n<p><br\/><a href=\"https:\/\/www.spacemushrooms.it\/\" target=\"_blank\" rel=\"noopener\">Space Mushrooms srl<\/a> l\u00e0 m\u1ed9t c\u00f4ng ty \u0111\u1ed9c l\u1eadp \u0111\u01b0\u1ee3c th\u00e0nh l\u1eadp v\u00e0o n\u0103m 2021.<\/p>\n\n<p><br\/>Sweet Home 3D<sup>\u00ae<\/sup> l\u00e0 m\u1ed9t th\u01b0\u01a1ng hi\u1ec7u \u0111\u00e3 \u0111\u0103ng k\u00fd.<br\/>C\u00e1c t\u00ean th\u01b0\u01a1ng m\u1ea1i kh\u00e1c \u0111\u01b0\u1ee3c \u0111\u1ec1 c\u1eadp tr\u00ean trang web n\u00e0y l\u00e0 th\u01b0\u01a1ng hi\u1ec7u ho\u1eb7c th\u01b0\u01a1ng hi\u1ec7u \u0111\u00e3 \u0111\u0103ng k\u00fd, thu\u1ed9c s\u1edf h\u1eefu c\u1ee7a c\u00e1c ch\u1ee7 s\u1edf h\u1eefu t\u01b0\u01a1ng \u1ee9ng.<\/p>\n\n<p><br\/><a href=\"https:\/\/www.sweethome3d.com\/\" target=\"_blank\" rel=\"noopener\">sweethome3d.com<\/a>, <a href=\"https:\/\/www.sweethome3d.eu\/\">sweethome3d.eu<\/a>, <a href=\"https:\/\/www.sweethome3d.online\/\" target=\"_blank\" rel=\"noopener\">sweethome3d.online<\/a> v\u00e0 <a href=\"https:\/\/www.sweethome2d.com\/\" target=\"_blank\" rel=\"noopener\">sweethome2d.com<\/a> \u0111\u01b0\u1ee3c l\u01b0u tr\u1eef b\u1edfi:<\/p>\n\n<p>OVH<br\/>140, quai du Sartel<br\/>59100 Roubaix<br\/>France<br\/>Tel : +33 8 203 203 63<\/p>\n","protected":false},"excerpt":{"rendered":"<p>Ph\u1ea7n m\u1ec1m Sweet Home 3D v\u00e0 trang web https:\/\/www.sweethome3d.com \u0111\u01b0\u1ee3c xu\u1ea5t b\u1ea3n b\u1edfi: Space Mushrooms srlVia Melzi d&#8217;Eril 2920154, MilanItalyEmail: info@sweethome3d.com Space Mushrooms srl l\u00e0 m\u1ed9t c\u00f4ng ty \u0111\u1ed9c l\u1eadp \u0111\u01b0\u1ee3c th\u00e0nh l\u1eadp v\u00e0o n\u0103m 2021. Sweet Home 3D\u00ae l\u00e0 m\u1ed9t th\u01b0\u01a1ng hi\u1ec7u \u0111\u00e3 \u0111\u0103ng k\u00fd.C\u00e1c t\u00ean th\u01b0\u01a1ng m\u1ea1i kh\u00e1c \u0111\u01b0\u1ee3c \u0111\u1ec1 c\u1eadp tr\u00ean trang [&hellip;]<\/p>\n","protected":false},"author":2,"featured_media":0,"parent":0,"menu_order":0,"comment_status":"closed","ping_status":"closed","template":"","meta":{"inline_featured_image":false,"footnotes":""},"class_list":["post-11777","page","type-page","status-publish","hentry"],"_links":{"self":[{"href":"https:\/\/wp-test-1.sweethome3d.eu\/vi\/wp-json\/wp\/v2\/pages\/11777","targetHints":{"allow":["GET"]}}],"collection":[{"href":"https:\/\/wp-test-1.sweethome3d.eu\/vi\/wp-json\/wp\/v2\/pages"}],"about":[{"href":"https:\/\/wp-test-1.sweethome3d.eu\/vi\/wp-json\/wp\/v2\/types\/page"}],"author":[{"embeddable":true,"href":"https:\/\/wp-test-1.sweethome3d.eu\/vi\/wp-json\/wp\/v2\/users\/2"}],"replies":[{"embeddable":true,"href":"https:\/\/wp-test-1.sweethome3d.eu\/vi\/wp-json\/wp\/v2\/comments?post=11777"}],"version-history":[{"count":1,"href":"https:\/\/wp-test-1.sweethome3d.eu\/vi\/wp-json\/wp\/v2\/pages\/11777\/revisions"}],"predecessor-version":[{"id":11778,"href":"https:\/\/wp-test-1.sweethome3d.eu\/vi\/wp-json\/wp\/v2\/pages\/11777\/revisions\/11778"}],"wp:attachment":[{"href":"https:\/\/wp-test-1.sweethome3d.eu\/vi\/wp-json\/wp\/v2\/media?parent=11777"}],"curies":[{"name":"wp","href":"https:\/\/api.w.org\/{rel}","templated":true}]}}