{"id":11852,"date":"2025-09-18T11:59:08","date_gmt":"2025-09-18T11:59:08","guid":{"rendered":"https:\/\/wp-test-1.sweethome3d.eu\/giay-phep\/"},"modified":"2025-11-04T10:00:52","modified_gmt":"2025-11-04T10:00:52","slug":"giay-phep","status":"publish","type":"page","link":"https:\/\/wp-test-1.sweethome3d.eu\/vi\/giay-phep\/","title":{"rendered":"Gi\u1ea5y ph\u00e9p"},"content":{"rendered":"\n<p>Sweet Home 3D, B\u1ea3n quy\u1ec1n (c) 2024 Space Mushrooms &lt;<a href=\"mailto:info@sweethome3d.com\">info@sweethome3d.com<\/a>&gt;<\/p>\n\n<p>Phi\u00ean b\u1ea3n mi\u1ec5n ph\u00ed c\u1ee7a \u1ee9ng d\u1ee5ng <a href=\"\/\">Sweet Home 3D<\/a>, c\u00e1c \u1ee9ng d\u1ee5ng <a href=\"https:\/\/www.sweethome3d.com\/support\/forum\/viewthread_thread,1550\" target=\"_blank\" rel=\"noopener\">Furniture Library Editor<\/a> v\u00e0 <a href=\"https:\/\/www.sweethome3d.com\/support\/forum\/viewthread_thread,3502\" target=\"_blank\" rel=\"noopener\">Textures Library Editor<\/a>, c\u0169ng nh\u01b0 <a href=\"https:\/\/sourceforge.net\/p\/sweethome3d\/code\/HEAD\/tree\/trunk\/SweetHome3DJS\/\" target=\"_blank\" rel=\"noopener\">Sweet Home 3D JS<\/a> \u0111\u01b0\u1ee3c ph\u00e2n ph\u1ed1i theo <a href=\"https:\/\/www.gnu.org\/licenses\/gpl-2.0.txt\" target=\"_blank\" rel=\"noopener\">Gi\u1ea5y ph\u00e9p C\u00f4ng c\u1ed9ng GNU<\/a>; b\u1ea1n c\u00f3 th\u1ec3 s\u1eed d\u1ee5ng, sao ch\u00e9p, ph\u00e2n ph\u1ed1i l\u1ea1i v\u00e0\/ho\u1eb7c ch\u1ec9nh s\u1eeda ch\u00fang theo c\u00e1c \u0111i\u1ec1u kho\u1ea3n c\u1ee7a gi\u1ea5y ph\u00e9p \u0111\u00f3 nh\u01b0 \u0111\u01b0\u1ee3c xu\u1ea5t b\u1ea3n b\u1edfi Free Software Foundation; phi\u00ean b\u1ea3n 2 c\u1ee7a Gi\u1ea5y ph\u00e9p, ho\u1eb7c (t\u00f9y ch\u1ecdn c\u1ee7a b\u1ea1n) b\u1ea5t k\u1ef3 phi\u00ean b\u1ea3n n\u00e0o sau \u0111\u00f3. \u0110\u1ec3 bi\u1ebft th\u00eam chi ti\u1ebft, vui l\u00f2ng \u0111\u1ecdc c\u00e1c \u0111i\u1ec1u kho\u1ea3n c\u1ee7a <a href=\"https:\/\/www.gnu.org\/licenses\/gpl-2.0.txt\" target=\"_blank\" rel=\"noopener\">Gi\u1ea5y ph\u00e9p C\u00f4ng c\u1ed9ng GNU<\/a> v\u00e0 <a href=\"https:\/\/www.gnu.org\/licenses\/gpl-faq.html\" target=\"_blank\" rel=\"noopener\">FAQ<\/a> c\u1ee7a n\u00f3. <\/p>\n\n<p>C\u00e1c ch\u01b0\u01a1ng tr\u00ecnh n\u00e0y \u0111\u01b0\u1ee3c ph\u00e2n ph\u1ed1i v\u1edbi hy v\u1ecdng r\u1eb1ng ch\u00fang s\u1ebd h\u1eefu \u00edch, nh\u01b0ng KH\u00d4NG C\u00d3 B\u1ea2O H\u00c0NH G\u00cc; th\u1eadm ch\u00ed kh\u00f4ng c\u00f3 b\u1ea3o h\u00e0nh ng\u1ee5 \u00fd v\u1ec1 KH\u1ea2 N\u0102NG B\u00c1N \u0110\u01af\u1ee2C ho\u1eb7c PH\u00d9 H\u1ee2P CHO M\u1ee4C \u0110\u00cdCH C\u1ee4 TH\u1ec2.<\/p>\n\n<p>Gi\u1ea5y ph\u00e9p C\u00f4ng c\u1ed9ng GNU v\u00e0 c\u00e1c gi\u1ea5y ph\u00e9p kh\u00e1c m\u00e0 Sweet Home 3D, Sweet Home 3D Mobile, Furniture Library Editor, Textures Library Editor v\u00e0 Sweet Home 3D JS c\u00f3 s\u1eb5n, cho ph\u00e9p b\u1ea1n xu\u1ea5t b\u1ea3n c\u00e1c t\u00e0i li\u1ec7u \u0111\u01b0\u1ee3c t\u1ea1o b\u1eb1ng c\u00e1c \u1ee9ng d\u1ee5ng n\u00e0y, d\u00f9 cho m\u1ee5c \u0111\u00edch c\u00e1 nh\u00e2n hay th\u01b0\u01a1ng m\u1ea1i, trong gi\u1edbi h\u1ea1n c\u1ee7a c\u00e1c quy\u1ec1n \u0111\u01b0\u1ee3c c\u1ea5p b\u1edfi gi\u1ea5y ph\u00e9p c\u1ee7a c\u00e1c m\u00f4 h\u00ecnh 3D v\u00e0 texture m\u00e0 b\u1ea1n \u0111\u00e3 nh\u1eadp v\u00e0o c\u00e1c t\u00e0i li\u1ec7u \u0111\u01b0\u1ee3c t\u1ea1o b\u1eb1ng c\u00e1c \u1ee9ng d\u1ee5ng n\u00e0y.<br\/>B\u1ea1n c\u00f3 th\u1ec3 s\u1eed d\u1ee5ng v\u00e0 ph\u00e2n ph\u1ed1i l\u1ea1i c\u00e1c m\u00f4 h\u00ecnh 3D v\u00e0 texture c\u00f3 s\u1eb5n trong catalog m\u1eb7c \u0111\u1ecbnh c\u1ee7a t\u1ea5t c\u1ea3 phi\u00ean b\u1ea3n Sweet Home 3D cho m\u1ee5c \u0111\u00edch c\u00e1 nh\u00e2n ho\u1eb7c th\u01b0\u01a1ng m\u1ea1i, c\u0169ng nh\u01b0 c\u00e1c <g id=\"gid_0\">m\u00f4 h\u00ecnh 3D mi\u1ec5n ph\u00ed<\/g> \u0111\u01b0\u1ee3c l\u01b0u tr\u1eef tr\u00ean <g id=\"gid_1\">sweethome3d.com<\/g>, v\u00e0 c\u00e1c <g id=\"gid_2\">th\u01b0 vi\u1ec7n n\u1ed9i th\u1ea5t<\/g> ho\u1eb7c <g id=\"gid_3\">th\u01b0 vi\u1ec7n texture<\/g> c\u00f3 s\u1eb5n trong s\u1ed1 c\u00e1c <g id=\"gid_4\">t\u1ec7p Sweet Home 3D tr\u00ean SourceForge.net<\/g>. N\u1ebfu b\u1ea1n bao g\u1ed3m m\u1ed9t s\u1ed1 m\u00f4 h\u00ecnh 3D v\u00e0 texture n\u00e0y trong t\u00e0i li\u1ec7u c\u1ee7a m\u00ecnh, b\u1ea1n n\u00ean ghi c\u00f4ng t\u00e1c gi\u1ea3 c\u1ee7a nh\u1eefng m\u00f4 h\u00ecnh \u0111\u01b0\u1ee3c ph\u00e2n ph\u1ed1i theo <a href=\"https:\/\/artlibre.org\/licence\/lal\/en\/\" target=\"_blank\" rel=\"noopener\">Gi\u1ea5y ph\u00e9p Ngh\u1ec7 thu\u1eadt T\u1ef1 do<\/a> ho\u1eb7c <a href=\"https:\/\/creativecommons.org\/licenses\/by\/3.0\/\" target=\"_blank\" rel=\"noopener\">Gi\u1ea5y ph\u00e9p CC-BY<\/a>, c\u00f3 th\u1ec3 s\u1eed d\u1ee5ng th\u00f4ng b\u00e1o t\u01b0\u01a1ng t\u1ef1 nh\u01b0 sau (bao g\u1ed3m c\u00e1c li\u00ean k\u1ebft \u0111\u1ec3 ng\u01b0\u1eddi d\u00f9ng t\u00ecm th\u1ea5y t\u00e1c gi\u1ea3 c\u1ee7a c\u00e1c t\u00e1c ph\u1ea9m ngh\u1ec7 thu\u1eadt b\u1ea1n \u0111\u00e3 s\u1eed d\u1ee5ng):  <\/p>\n\n<div class=\"wp-block-group is-nowrap is-layout-flex wp-container-core-group-is-layout-ad2f72ca wp-block-group-is-layout-flex\">\n<div style=\"height:10px;width:0px\" aria-hidden=\"true\" class=\"wp-block-spacer wp-container-content-728072c3\"><\/div>\n\n\n\n<p><em>D\u1ef1 \u00e1n \u0111\u01b0\u1ee3c thi\u1ebft k\u1ebf b\u1eb1ng <a href=\"\/\">Sweet Home 3D<\/a>. Bao g\u1ed3m <a href=\"https:\/\/wp-test-1.sweethome3d.eu\/vi\/mo-hinh-3d-mien-phi\/\" data-type=\"page\" data-id=\"4869\">m\u00f4 h\u00ecnh 3D<\/a> v\u00e0 <a href=\"https:\/\/wp-test-1.sweethome3d.eu\/vi\/nhap-texture\/\" data-type=\"page\" data-id=\"4928\">texture<\/a> \u0111\u01b0\u1ee3c ph\u00e2n ph\u1ed1i theo gi\u1ea5y ph\u00e9p mi\u1ec5n ph\u00ed. <\/em><\/p>\n<\/div>\n\n<p>Vi\u1ec7c s\u1eed d\u1ee5ng v\u00e0 ph\u00e2n ph\u1ed1i l\u1ea1i c\u00e1c m\u00f4 h\u00ecnh 3D ho\u1eb7c texture \u0111\u01b0\u1ee3c t\u00ecm th\u1ea5y tr\u00ean <strong>c\u00e1c trang web kh\u00e1c<\/strong> c\u00f3 th\u1ec3 b\u1ecb h\u1ea1n ch\u1ebf b\u1edfi gi\u1ea5y ph\u00e9p m\u00e0 ch\u00fang \u0111\u01b0\u1ee3c ph\u00e2n ph\u1ed1i, v\u00e0 b\u1ea1n c\u00f3 tr\u00e1ch nhi\u1ec7m ki\u1ec3m tra gi\u1ea5y ph\u00e9p c\u1ee7a ch\u00fang. V\u00ed d\u1ee5, c\u00e1c m\u00f4 h\u00ecnh 3D c\u00f3 s\u1eb5n t\u1ea1i <a href=\"https:\/\/www.2d3dmodels.com\/3dmodels.htm\" target=\"_blank\" rel=\"noopener\">Archibit<\/a> \u0111\u01b0\u1ee3c ph\u00e2n ph\u1ed1i theo gi\u1ea5y ph\u00e9p <a href=\"https:\/\/creativecommons.org\/licenses\/by-nc-sa\/2.5\/it\/\" target=\"_blank\" rel=\"noopener\">Creative Commons BY-NC-SA<\/a> c\u1ea5m s\u1eed d\u1ee5ng t\u00e1c ph\u1ea9m cho m\u1ee5c \u0111\u00edch th\u01b0\u01a1ng m\u1ea1i, trong khi c\u00e1c ph\u1ea7n 1.B v\u00e0 2.vi c\u1ee7a <a href=\"https:\/\/3dwarehouse.sketchup.com\/tos#license\" target=\"_blank\" rel=\"noopener\">Gi\u1ea5y ph\u00e9p M\u00f4 h\u00ecnh Chung<\/a> cho c\u00e1c m\u00f4 h\u00ecnh c\u00f3 s\u1eb5n t\u1ea1i <a href=\"https:\/\/3dwarehouse.sketchup.com\/\" target=\"_blank\" rel=\"noopener\">Trimble 3D Warehouse<\/a> cho ph\u00e9p b\u1ea1n s\u1eed d\u1ee5ng ch\u00fang cho <em>m\u1ee5c \u0111\u00edch kinh doanh (bao g\u1ed3m m\u1ee5c \u0111\u00edch th\u01b0\u01a1ng m\u1ea1i)<\/em>, nh\u01b0ng c\u1ea5m <em>t\u1ed5ng h\u1ee3p b\u1ea5t k\u1ef3 n\u1ed9i dung n\u00e0o thu \u0111\u01b0\u1ee3c t\u1eeb Trang web \u0111\u1ec3 ph\u00e2n ph\u1ed1i l\u1ea1i<\/em>, m\u1ed9t \u0111i\u1ec1u ki\u1ec7n ng\u0103n c\u1ea3n vi\u1ec7c ph\u00e2n ph\u1ed1i l\u1ea1i c\u00e1c th\u01b0 vi\u1ec7n n\u1ed9i th\u1ea5t ch\u1ee9a m\u00f4 h\u00ecnh 3D Warehouse. <\/p>\n\n<p>Gi\u1ea5y ph\u00e9p C\u00f4ng c\u1ed9ng GNU c\u0169ng cho ph\u00e9p b\u1ea1n t\u1ef1 do ph\u00e2n ph\u1ed1i l\u1ea1i theo c\u00f9ng gi\u1ea5y ph\u00e9p phi\u00ean b\u1ea3n mi\u1ec5n ph\u00ed c\u1ee7a \u1ee9ng d\u1ee5ng Sweet Home 3D, c\u00e1c \u1ee9ng d\u1ee5ng Furniture Library Editor v\u00e0 Textures Library Editor, c\u0169ng nh\u01b0 Sweet Home 3D JS, n\u1ebfu b\u1ea1n cung c\u1ea5p c\u00e1c \u0111i\u1ec1u kho\u1ea3n c\u1ee7a <a href=\"https:\/\/www.gnu.org\/licenses\/gpl-2.0.txt\" target=\"_blank\" rel=\"noopener\">Gi\u1ea5y ph\u00e9p C\u00f4ng c\u1ed9ng GNU<\/a> c\u00f9ng v\u1edbi ch\u00fang v\u00e0 th\u00eam th\u00f4ng b\u00e1o b\u1ea3n quy\u1ec1n sau v\u00e0o v\u1ecb tr\u00ed th\u00edch h\u1ee3p (v\u1edbi li\u00ean k\u1ebft \u0111\u1ebfn trang web <a href=\"\/\">https:\/\/www.sweethome3d.com<\/a> khi c\u00f3 th\u1ec3):<\/p>\n\n<div class=\"wp-block-group is-nowrap is-layout-flex wp-container-core-group-is-layout-ad2f72ca wp-block-group-is-layout-flex\">\n<div style=\"height:10px;width:0px\" aria-hidden=\"true\" class=\"wp-block-spacer wp-container-content-728072c3\"><\/div>\n\n\n\n<p><em><em>Sweet Home 3D, B\u1ea3n quy\u1ec1n (c) 2024 Space Mushrooms &lt;info@sweehome3d.com&gt;<\/em><\/em><\/p>\n<\/div>\n\n<p>Quy t\u1eafc n\u00e0y c\u0169ng \u00e1p d\u1ee5ng cho vi\u1ec7c s\u1eed d\u1ee5ng <a href=\"https:\/\/sourceforge.net\/projects\/sweethome3d\/files\/SweetHome3D-viewer\/SweetHome3DJSViewer-7.5.2.zip\/download\" target=\"_blank\" rel=\"noopener\">Sweet Home 3D JS Viewer<\/a> ho\u1eb7c <a href=\"https:\/\/wp-test-1.sweethome3d.eu\/vi\/sweet-home-3d-online-manager\/\" data-type=\"page\" data-id=\"398\">Phi\u00ean b\u1ea3n tr\u1ef1c tuy\u1ebfn<\/a> tr\u00ean trang web c\u1ee7a b\u1ea1n, \u0111\u00e2y l\u00e0 m\u1ed9t d\u1ea1ng ph\u00e2n ph\u1ed1i l\u1ea1i.<\/p>\n\n<p><em>L\u01b0u \u00fd r\u1eb1ng Gi\u1ea5y ph\u00e9p C\u00f4ng c\u1ed9ng GNU c\u1ea5m c\u00e1c nh\u00e0 ph\u00e1t tri\u1ec3n kh\u00f4ng s\u1edf h\u1eefu b\u1ea3n quy\u1ec1n c\u1ee7a Sweet Home 3D t\u1ea1o ra c\u00e1c ch\u01b0\u01a1ng tr\u00ecnh \u0111\u1ed9c quy\u1ec1n \u0111\u01b0\u1ee3c ph\u00e1t tri\u1ec3n t\u1eeb ph\u1ea7n m\u1ec1m n\u00e0y ho\u1eb7c k\u1ebft h\u1ee3p n\u00f3 v\u00e0o c\u00e1c ch\u01b0\u01a1ng tr\u00ecnh \u0111\u1ed9c quy\u1ec1n.<\/em><\/p>\n\n<p><em>N\u1ebfu b\u1ea1n quan t\u00e2m \u0111\u1ebfn Sweet Home 3D cho m\u1ee5c \u0111\u00edch s\u1eed d\u1ee5ng nh\u01b0 v\u1eady, vui l\u00f2ng vi\u1ebft th\u01b0 \u0111\u1ebfn <a href=\"mailto:info@sweethome3d.com\">info@sweethome3d.com<\/a> \u0111\u1ec3 nh\u1eadn th\u00f4ng tin v\u1ec1 c\u00e1c gi\u1ea5y ph\u00e9p kh\u00e1c c\u00f3 s\u1eb5n c\u00f3 th\u1ec3 \u0111\u00e1p \u1ee9ng nhu c\u1ea7u c\u1ee7a b\u1ea1n.<\/em><\/p>\n\n<p>Sweet Home 3D c\u0169ng bao g\u1ed3m c\u00e1c th\u01b0 vi\u1ec7n sau \u0111\u01b0\u1ee3c ph\u00e2n ph\u1ed1i theo gi\u1ea5y ph\u00e9p \u00edt h\u1ea1n ch\u1ebf h\u01a1n GNU GPL:<\/p>\n\n<ul class=\"wp-block-list\">\n<li>Th\u01b0 vi\u1ec7n Java 3D \u0111\u01b0\u1ee3c ph\u00e2n ph\u1ed1i theo <a href=\"https:\/\/www.opensource.org\/licenses\/bsd-license.php\" target=\"_blank\" rel=\"noopener\">gi\u1ea5y ph\u00e9p BSD<\/a> v\u00e0 <a href=\"https:\/\/openjdk.java.net\/legal\/gplv2+ce.html\" target=\"_blank\" rel=\"noopener\">Gi\u1ea5y ph\u00e9p C\u00f4ng c\u1ed9ng GNU v\u1edbi Ngo\u1ea1i l\u1ec7 Classpath<\/a>,<\/li>\n\n\n\n<li>Th\u01b0 vi\u1ec7n <a href=\"https:\/\/java.sun.com\/javase\/technologies\/desktop\/media\/jmf\/\" target=\"_blank\" rel=\"noopener\">Java Media Framework<\/a> \u0111\u01b0\u1ee3c ph\u00e2n ph\u1ed1i theo <a href=\"https:\/\/java.sun.com\/javase\/technologies\/desktop\/media\/jmf\/2.1.1\/license.html\" target=\"_blank\" rel=\"noopener\">Gi\u1ea5y ph\u00e9p M\u00e3 nh\u1ecb ph\u00e2n JMF 2.1.1<\/a>,<\/li>\n\n\n\n<li>Th\u01b0 vi\u1ec7n in PDF <a href=\"https:\/\/www.lowagie.com\/iText\/\" target=\"_blank\" rel=\"noopener\">iText<\/a> phi\u00ean b\u1ea3n 2.1.7 \u0111\u01b0\u1ee3c ph\u00e2n ph\u1ed1i theo <a href=\"https:\/\/www.gnu.org\/licenses\/old-licenses\/lgpl-2.1.txt\" target=\"_blank\" rel=\"noopener\">Gi\u1ea5y ph\u00e9p C\u00f4ng c\u1ed9ng GNU \u00cdt h\u1ea1n ch\u1ebf h\u01a1n<\/a>,<\/li>\n\n\n\n<li>Th\u01b0 vi\u1ec7n xu\u1ea5t SVG <a href=\"https:\/\/java.freehep.org\/\" target=\"_blank\" rel=\"noopener\">FreeHep<\/a> \u0111\u01b0\u1ee3c ph\u00e2n ph\u1ed1i theo <a href=\"https:\/\/www.gnu.org\/licenses\/old-licenses\/lgpl-2.1.txt\" target=\"_blank\" rel=\"noopener\">Gi\u1ea5y ph\u00e9p C\u00f4ng c\u1ed9ng GNU \u00cdt h\u1ea1n ch\u1ebf h\u01a1n<\/a>,<\/li>\n\n\n\n<li>Th\u01b0 vi\u1ec7n bi\u00ean d\u1ecbch \u0111\u01b0\u1eddng d\u1eabn SVG <a href=\"https:\/\/xmlgraphics.apache.org\/batik\/\" target=\"_blank\" rel=\"noopener\">Batik<\/a> <a href=\"https:\/\/xmlgraphics.apache.org\/batik\/\" target=\"_blank\" rel=\"noopener\"><\/a>\u0111\u01b0\u1ee3c ph\u00e2n ph\u1ed1i theo <a href=\"https:\/\/xmlgraphics.apache.org\/batik\/license.html\" target=\"_blank\" rel=\"noopener\">Gi\u1ea5y ph\u00e9p Apache<\/a>,<\/li>\n\n\n\n<li>Th\u01b0 vi\u1ec7n <a href=\"https:\/\/www.eteks.com\/jeks\/\" target=\"_blank\" rel=\"noopener\">Jeks Parser calculator<\/a> \u0111\u1ec3 h\u1ed7 tr\u1ee3 bi\u1ec3u th\u1ee9c to\u00e1n h\u1ecdc \u0111\u01b0\u1ee3c ph\u00e2n ph\u1ed1i theo <a href=\"https:\/\/www.gnu.org\/licenses\/old-licenses\/lgpl-2.1.txt\" target=\"_blank\" rel=\"noopener\">Gi\u1ea5y ph\u00e9p C\u00f4ng c\u1ed9ng GNU \u00cdt h\u1ea1n ch\u1ebf h\u01a1n<\/a>,<\/li>\n\n\n\n<li>Th\u01b0 vi\u1ec7n k\u1ebft xu\u1ea5t chi\u1ebfu s\u00e1ng to\u00e0n c\u1ee5c <a href=\"https:\/\/sunflow.sourceforge.net\/\" target=\"_blank\" rel=\"noopener\">SunFlow<\/a> \u0111\u01b0\u1ee3c ph\u00e2n ph\u1ed1i theo <a href=\"https:\/\/www.opensource.org\/licenses\/mit-license.php\" target=\"_blank\" rel=\"noopener\">gi\u1ea5y ph\u00e9p MIT<\/a>,<\/li>\n\n\n\n<li>Th\u01b0 vi\u1ec7n k\u1ebft xu\u1ea5t <a href=\"https:\/\/github.com\/YafaRay\" target=\"_blank\" rel=\"noopener\">YafaRay<\/a> \u0111\u01b0\u1ee3c ph\u00e2n ph\u1ed1i theo <a href=\"https:\/\/www.gnu.org\/licenses\/old-licenses\/lgpl-2.1.txt\" target=\"_blank\" rel=\"noopener\">Gi\u1ea5y ph\u00e9p C\u00f4ng c\u1ed9ng GNU \u00cdt h\u1ea1n ch\u1ebf h\u01a1n<\/a><a href=\"https:\/\/www.opensource.org\/licenses\/mit-license.php\" target=\"_blank\" rel=\"noopener\"><\/a>,<\/li>\n\n\n\n<li><a href=\"https:\/\/wp-test-1.sweethome3d.eu\/vi\/mo-hinh-3d-mien-phi\/\" data-type=\"page\" data-id=\"4869\">M\u00f4 h\u00ecnh 3D<\/a> v\u00e0 texture c\u00f3 s\u1eb5n trong catalog c\u1ee7a phi\u00ean b\u1ea3n mi\u1ec5n ph\u00ed \u0111\u01b0\u1ee3c ph\u00e2n ph\u1ed1i theo GNU GPL ho\u1eb7c <a>Gi\u1ea5y ph\u00e9p CC-BY<\/a>,<\/li>\n\n\n\n<li>c\u00e1c <a href=\"https:\/\/wp-test-1.sweethome3d.eu\/vi\/mo-hinh-3d-mien-phi\/\" data-type=\"page\" data-id=\"4869\">m\u00f4 h\u00ecnh 3D<\/a> v\u00e0 <a href=\"https:\/\/wp-test-1.sweethome3d.eu\/vi\/nhap-texture\/\" data-type=\"page\" data-id=\"4928\">texture<\/a> b\u1ed5 sung c\u00f3 s\u1eb5n trong catalog c\u1ee7a c\u00e1c phi\u00ean b\u1ea3n <a href=\"https:\/\/apps.apple.com\/app\/sweet-home-3d\/id669289700\" target=\"_blank\" rel=\"noopener\">Mac App Store<\/a>, <a href=\"https:\/\/apps.microsoft.com\/detail\/9nblggh2smtq\" target=\"_blank\" rel=\"noopener\">Microsoft Store<\/a> v\u00e0 <a href=\"https:\/\/www.amazon.com\/gp\/product\/B00NLVKPDM\" target=\"_blank\" rel=\"noopener\">Amazon Store<\/a> \u0111\u01b0\u1ee3c ph\u00e2n ph\u1ed1i theo <a href=\"https:\/\/artlibre.org\/licence\/lal\/en\" target=\"_blank\" rel=\"noopener\">Gi\u1ea5y ph\u00e9p Ngh\u1ec7 thu\u1eadt T\u1ef1 do<\/a>, <a href=\"https:\/\/creativecommons.org\/licenses\/by\/3.0\/\" target=\"_blank\" rel=\"noopener\">Gi\u1ea5y ph\u00e9p CC-BY<\/a> ho\u1eb7c c\u00f3 s\u1eb5n trong ph\u1ea1m vi c\u00f4ng c\u1ed9ng t\u00f9y thu\u1ed9c v\u00e0o m\u00f4 h\u00ecnh.<\/li>\n<\/ul>\n\n<p>Sweet Home 3D JS c\u0169ng ph\u1ee5 thu\u1ed9c v\u00e0o c\u00e1c th\u01b0 vi\u1ec7n sau:<\/p>\n\n<ul class=\"wp-block-list\">\n<li>Th\u01b0 vi\u1ec7n <a href=\"https:\/\/stuk.github.io\/jszip\/\" target=\"_blank\" rel=\"noopener\">JSZip<\/a> \u0111\u01b0\u1ee3c ph\u00e2n ph\u1ed1i theo <a href=\"https:\/\/github.com\/Stuk\/jszip\/blob\/master\/LICENSE.markdown\" target=\"_blank\" rel=\"noopener\">gi\u1ea5y ph\u00e9p MIT<\/a>,<\/li>\n\n\n\n<li>Th\u01b0 vi\u1ec7n <a href=\"https:\/\/glmatrix.net\/\" target=\"_blank\" rel=\"noopener\">glMatrix<\/a> \u0111\u01b0\u1ee3c ph\u00e2n ph\u1ed1i theo <a href=\"https:\/\/github.com\/toji\/gl-matrix\/blob\/master\/LICENSE.md\" target=\"_blank\" rel=\"noopener\">gi\u1ea5y ph\u00e9p MIT<\/a>,<\/li>\n\n\n\n<li>Th\u01b0 vi\u1ec7n <a href=\"https:\/\/github.com\/MikeMcl\/big.js\/\" target=\"_blank\" rel=\"noopener\">big.js<\/a> \u0111\u01b0\u1ee3c ph\u00e2n ph\u1ed1i theo <a href=\"https:\/\/github.com\/MikeMcl\/big.js\/blob\/main\/LICENCE.md\" target=\"_blank\" rel=\"noopener\">gi\u1ea5y ph\u00e9p MIT<\/a>,<\/li>\n\n\n\n<li>Th\u01b0 vi\u1ec7n <a href=\"https:\/\/github.com\/ndebeiss\/jsXmlSaxParser\" target=\"_blank\" rel=\"noopener\">jsXmlSaxParser<\/a> \u0111\u01b0\u1ee3c ph\u00e2n ph\u1ed1i theo <a href=\"https:\/\/raw.githubusercontent.com\/ndebeiss\/jsXmlSaxParser\/master\/LICENSE\" target=\"_blank\" rel=\"noopener\">gi\u1ea5y ph\u00e9p Apache<\/a>,<\/li>\n\n\n\n<li>B\u1ea3n d\u1ecbch JavaScript c\u1ee7a l\u1edbp <code>Triangulator<\/code> trong th\u01b0 vi\u1ec7n <a href=\"https:\/\/github.com\/hharrison\/java3d-utils\" target=\"_blank\" rel=\"noopener\">Java 3D utils<\/a> \u0111\u01b0\u1ee3c ph\u00e2n ph\u1ed1i theo <a href=\"https:\/\/github.com\/hharrison\/java3d-utils\/blob\/master\/LICENSE.txt\" target=\"_blank\" rel=\"noopener\">gi\u1ea5y ph\u00e9p BSD<\/a>,<\/li>\n\n\n\n<li>B\u1ea3n d\u1ecbch JavaScript c\u1ee7a th\u01b0 vi\u1ec7n bi\u00ean d\u1ecbch \u0111\u01b0\u1eddng d\u1eabn SVG <a href=\"https:\/\/xmlgraphics.apache.org\/batik\/\" target=\"_blank\" rel=\"noopener\">Batik<\/a> \u0111\u01b0\u1ee3c ph\u00e2n ph\u1ed1i theo <a href=\"https:\/\/xmlgraphics.apache.org\/batik\/license.html\" target=\"_blank\" rel=\"noopener\">Gi\u1ea5y ph\u00e9p Apache<\/a>,<\/li>\n\n\n\n<li>Th\u01b0 vi\u1ec7n <a href=\"https:\/\/github.com\/stleary\/JSON-java\" target=\"_blank\" rel=\"noopener\">JSON.org<\/a> \u0111\u01b0\u1ee3c ph\u00e2n ph\u1ed1i theo <a href=\"https:\/\/github.com\/stleary\/JSON-java\/blob\/master\/LICENSE\" target=\"_blank\" rel=\"noopener\">gi\u1ea5y ph\u00e9p mi\u1ec5n ph\u00ed JSON<\/a>,<\/li>\n\n\n\n<li>B\u1ea3n d\u1ecbch JavaScript c\u1ee7a c\u00e1c g\u00f3i <code>java.awt.geom<\/code> v\u00e0 <code>javax.swing.undo<\/code> trong th\u01b0 vi\u1ec7n <a href=\"https:\/\/openjdk.java.net\/\" target=\"_blank\" rel=\"noopener\">OpenJDK<\/a> \u0111\u01b0\u1ee3c ph\u00e2n ph\u1ed1i theo <a href=\"https:\/\/openjdk.java.net\/legal\/gplv2+ce.html\" target=\"_blank\" rel=\"noopener\">Gi\u1ea5y ph\u00e9p C\u00f4ng c\u1ed9ng GNU v\u1edbi Ngo\u1ea1i l\u1ec7 Classpath<\/a>.<\/li>\n<\/ul>\n","protected":false},"excerpt":{"rendered":"<p>Sweet Home 3D, B\u1ea3n quy\u1ec1n (c) 2024 Space Mushrooms &lt;info@sweethome3d.com&gt; Phi\u00ean b\u1ea3n mi\u1ec5n ph\u00ed c\u1ee7a \u1ee9ng d\u1ee5ng Sweet Home 3D, c\u00e1c \u1ee9ng d\u1ee5ng Furniture Library Editor v\u00e0 Textures Library Editor, c\u0169ng nh\u01b0 Sweet Home 3D JS \u0111\u01b0\u1ee3c ph\u00e2n ph\u1ed1i theo Gi\u1ea5y ph\u00e9p C\u00f4ng c\u1ed9ng GNU; b\u1ea1n c\u00f3 th\u1ec3 s\u1eed d\u1ee5ng, sao ch\u00e9p, ph\u00e2n ph\u1ed1i l\u1ea1i [&hellip;]<\/p>\n","protected":false},"author":2,"featured_media":0,"parent":0,"menu_order":0,"comment_status":"closed","ping_status":"closed","template":"","meta":{"inline_featured_image":false,"footnotes":""},"class_list":["post-11852","page","type-page","status-publish","hentry"],"_links":{"self":[{"href":"https:\/\/wp-test-1.sweethome3d.eu\/vi\/wp-json\/wp\/v2\/pages\/11852","targetHints":{"allow":["GET"]}}],"collection":[{"href":"https:\/\/wp-test-1.sweethome3d.eu\/vi\/wp-json\/wp\/v2\/pages"}],"about":[{"href":"https:\/\/wp-test-1.sweethome3d.eu\/vi\/wp-json\/wp\/v2\/types\/page"}],"author":[{"embeddable":true,"href":"https:\/\/wp-test-1.sweethome3d.eu\/vi\/wp-json\/wp\/v2\/users\/2"}],"replies":[{"embeddable":true,"href":"https:\/\/wp-test-1.sweethome3d.eu\/vi\/wp-json\/wp\/v2\/comments?post=11852"}],"version-history":[{"count":1,"href":"https:\/\/wp-test-1.sweethome3d.eu\/vi\/wp-json\/wp\/v2\/pages\/11852\/revisions"}],"predecessor-version":[{"id":11853,"href":"https:\/\/wp-test-1.sweethome3d.eu\/vi\/wp-json\/wp\/v2\/pages\/11852\/revisions\/11853"}],"wp:attachment":[{"href":"https:\/\/wp-test-1.sweethome3d.eu\/vi\/wp-json\/wp\/v2\/media?parent=11852"}],"curies":[{"name":"wp","href":"https:\/\/api.w.org\/{rel}","templated":true}]}}