{"id":11888,"date":"2025-09-11T08:47:20","date_gmt":"2025-09-11T08:47:20","guid":{"rendered":"https:\/\/wp-test-1.sweethome3d.eu\/chinh-sach-bao-mat\/"},"modified":"2025-11-04T13:25:49","modified_gmt":"2025-11-04T13:25:49","slug":"chinh-sach-bao-mat","status":"publish","type":"page","link":"https:\/\/wp-test-1.sweethome3d.eu\/vi\/chinh-sach-bao-mat\/","title":{"rendered":"Ch\u00ednh s\u00e1ch b\u1ea3o m\u1eadt"},"content":{"rendered":"\n<p>Space Mushrooms, ch\u1ee7 s\u1edf h\u1eefu ph\u1ea7n m\u1ec1m v\u00e0 b\u1ea3n quy\u1ec1n Sweet Home 3D c\u0169ng nh\u01b0 trang web <code>sweethome3d.com<\/code>, kh\u00f4ng thu th\u1eadp d\u1eef li\u1ec7u c\u00e1 nh\u00e2n tr\u00ean trang web <code>sweethome3d.com<\/code>, ngo\u1ea1i tr\u1eeb \u0111\u1ed1i v\u1edbi ng\u01b0\u1eddi d\u00f9ng <a href=\"https:\/\/www.sweethome3d.com\/support\/forum\/registermember\" target=\"_blank\" rel=\"noopener\">\u0111\u00e3 \u0111\u0103ng k\u00fd<\/a> trong <a href=\"https:\/\/www.sweethome3d.com\/support\/forum\/?lang=en\" target=\"_blank\" rel=\"noopener\">di\u1ec5n \u0111\u00e0n<\/a>. Nh\u1eadt k\u00fd l\u01b0u l\u01b0\u1ee3ng truy c\u1eadp \u0111\u01b0\u1ee3c l\u01b0u tr\u1eef tr\u00ean m\u00e1y ch\u1ee7 kh\u00f4ng \u0111\u01b0\u1ee3c c\u00f4ng khai v\u00e0 <code>sweethome3d.com<\/code> kh\u00f4ng hi\u1ec3n th\u1ecb b\u1ea5t k\u1ef3 qu\u1ea3ng c\u00e1o n\u00e0o.<br\/>Tuy nhi\u00ean, h\u1ea7u h\u1ebft c\u00e1c trang \u0111\u01b0\u1ee3c \u0111\u0103ng tr\u00ean trang web <code>sweethome3d.com<\/code> \u0111\u1ec1u hi\u1ec3n th\u1ecb logo Sourceforge, m\u1ed9t s\u1ed1 trang hi\u1ec3n th\u1ecb m\u1ed9t s\u1ed1 video \u0111\u01b0\u1ee3c l\u01b0u tr\u1eef \u1edf n\u01a1i kh\u00e1c, v\u00e0 di\u1ec5n \u0111\u00e0n cho ph\u00e9p ng\u01b0\u1eddi d\u00f9ng chia s\u1ebb h\u00ecnh \u1ea3nh \u0111\u01b0\u1ee3c l\u01b0u tr\u1eef tr\u00ean c\u00e1c trang web kh\u00e1c. Nh\u1eefng h\u00ecnh \u1ea3nh v\u00e0 video n\u00e0y \u0111\u1ebfn t\u1eeb <code>sourceforge.net<\/code>, <code>youtube.com<\/code>, <code>dailymotion.com<\/code> v\u00e0 c\u00e1c m\u00e1y ch\u1ee7 web kh\u00e1c, c\u00f3 th\u1ec3 cho ph\u00e9p ch\u1ee7 s\u1edf h\u1eefu c\u1ee7a c\u00e1c trang web n\u00e0y theo d\u00f5i l\u01b0\u1ee3t truy c\u1eadp c\u1ee7a ng\u01b0\u1eddi d\u00f9ng tr\u00ean trang web <code>sweethome3d.com<\/code> theo \u00fd mu\u1ed1n c\u1ee7a h\u1ecd.  <\/p>\n\n<p>\u0110\u1ed1i v\u1edbi ng\u01b0\u1eddi d\u00f9ng \u0111\u00e3 \u0111\u0103ng k\u00fd, d\u1eef li\u1ec7u \u0111\u01b0\u1ee3c l\u01b0u tr\u1eef tr\u00ean <code>sweethome3d.com<\/code> bao g\u1ed3m:<\/p>\n\n<ul class=\"wp-block-list\">\n<li>th\u00f4ng tin \u0111\u01b0\u1ee3c cung c\u1ea5p t\u1ea1i th\u1eddi \u0111i\u1ec3m \u0111\u0103ng k\u00fd (\u00edt nh\u1ea5t l\u00e0 t\u00ean \u0111\u0103ng nh\u1eadp, m\u1eadt kh\u1ea9u \u0111\u00e3 m\u00e3 h\u00f3a v\u00e0 email)<\/li>\n\n\n\n<li>c\u00e1c tin nh\u1eafn c\u1ee7a h\u1ecd \u0111\u01b0\u1ee3c \u0111\u0103ng trong <a href=\"https:\/\/www.sweethome3d.com\/support\/forum\/?lang=en\" target=\"_blank\" rel=\"noopener\">di\u1ec5n \u0111\u00e0n<\/a><\/li>\n\n\n\n<li>c\u00e1c ng\u00f4i nh\u00e0 tr\u1ef1c tuy\u1ebfn m\u00e0 h\u1ecd \u0111\u00e3 t\u1ea1o trong <a href=\"https:\/\/wp-test-1.sweethome3d.eu\/vi\/sweet-home-3d-online-manager\/\" data-type=\"page\" data-id=\"398\">Sweet Home 3D Online<\/a> ho\u1eb7c xu\u1ea5t ra trong <a href=\"https:\/\/wp-test-1.sweethome3d.eu\/vi\/trinh-quan-ly-nha-da-xuat\/\" data-type=\"page\" data-id=\"4976\">Tr\u00ecnh qu\u1ea3n l\u00fd nh\u00e0 \u0111\u00e3 xu\u1ea5t<\/a>.<\/li>\n<\/ul>\n\n<p>D\u1eef li\u1ec7u v\u1ec1 nh\u00e0 l\u00e0 ri\u00eang t\u01b0 tr\u1eeb khi ng\u01b0\u1eddi d\u00f9ng \u0111\u1ed3ng \u00fd r\u00f5 r\u00e0ng chia s\u1ebb c\u00f4ng khai. M\u1ed7i ng\u01b0\u1eddi d\u00f9ng c\u00f3 th\u1ec3 t\u1ef1 truy xu\u1ea5t d\u1eef li\u1ec7u c\u1ee7a m\u00ecnh ho\u1eb7c y\u00eau c\u1ea7u x\u00f3a n\u1ebfu c\u1ea7n thi\u1ebft b\u1eb1ng c\u00e1ch vi\u1ebft th\u01b0 \u0111\u1ebfn <g id=\"gid_0\">info@sweethome3d.com<\/g>. Space Mushrooms \u0111\u1ea3m b\u1ea3o r\u1eb1ng t\u1ea5t c\u1ea3 c\u00e1c bi\u1ec7n ph\u00e1p c\u1ea7n thi\u1ebft \u0111\u01b0\u1ee3c th\u1ef1c hi\u1ec7n \u0111\u1ec3 \u0111\u1ea3m b\u1ea3o r\u1eb1ng d\u1eef li\u1ec7u nh\u00e0 c\u1ee7a ng\u01b0\u1eddi d\u00f9ng \u0111\u01b0\u1ee3c qu\u1ea3n l\u00fd d\u01b0\u1edbi quy\u1ec1n s\u1edf h\u1eefu trang web tr\u01b0\u1edbc \u0111\u00e2y c\u1ee7a eTeks s\u1ebd kh\u00f4ng bao gi\u1edd \u0111\u01b0\u1ee3c s\u1eed d\u1ee5ng cho b\u1ea5t k\u1ef3 m\u1ee5c \u0111\u00edch n\u00e0o m\u00e0 kh\u00f4ng th\u00f4ng b\u00e1o cho ng\u01b0\u1eddi d\u00f9ng.  <\/p>\n\n<p><strong>\u1ee8ng d\u1ee5ng Ph\u00e2n ph\u1ed1i Th\u00f4ng qua C\u1eeda h\u00e0ng B\u00ean th\u1ee9 ba<\/strong><br\/>Th\u00f4ng tin v\u1ec1 ng\u01b0\u1eddi d\u00f9ng t\u1ea3i xu\u1ed1ng v\u00e0 c\u00e0i \u0111\u1eb7t Sweet Home 3D ho\u1eb7c Sweet Home 3D Mobile t\u1eeb Mac App Store, App Store, Microsoft Store, Google Play, ho\u1eb7c Amazon ch\u1ee7 y\u1ebfu \u0111\u01b0\u1ee3c qu\u1ea3n l\u00fd b\u1edfi c\u00e1c c\u00f4ng ty n\u00e0y. Space Mushrooms kh\u00f4ng nh\u1eadn \u0111\u01b0\u1ee3c d\u1eef li\u1ec7u c\u00e1 nh\u00e2n c\u00f3 th\u1ec3 nh\u1eadn d\u1ea1ng v\u1ec1 ng\u01b0\u1eddi d\u00f9ng t\u1eeb c\u00e1c n\u1ec1n t\u1ea3ng n\u00e0y. <\/p>\n\n<p><strong>Ph\u00e2n t\u00edch v\u00e0 Theo d\u00f5i trong \u1ee8ng d\u1ee5ng<\/strong><br\/>Phi\u00ean b\u1ea3n iOS v\u00e0 macOS c\u1ee7a Sweet Home 3D c\u1ee7a ch\u00fang t\u00f4i bao g\u1ed3m Firebase Analytics cho m\u1ee5c \u0111\u00edch c\u1ea3i thi\u1ec7n \u1ee9ng d\u1ee5ng. Firebase Analytics thu th\u1eadp d\u1eef li\u1ec7u nh\u01b0 th\u1ed1ng k\u00ea s\u1eed d\u1ee5ng \u1ee9ng d\u1ee5ng \u1ea9n danh v\u00e0 b\u00e1o c\u00e1o s\u1ef1 c\u1ed1. D\u1eef li\u1ec7u n\u00e0y kh\u00f4ng \u0111\u01b0\u1ee3c li\u00ean k\u1ebft v\u1edbi danh t\u00ednh c\u1ee7a b\u1ea1n v\u00e0 ch\u1ec9 \u0111\u01b0\u1ee3c s\u1eed d\u1ee5ng \u0111\u1ec3 n\u00e2ng cao ch\u1ee9c n\u0103ng v\u00e0 tr\u1ea3i nghi\u1ec7m ng\u01b0\u1eddi d\u00f9ng c\u1ee7a \u1ee9ng d\u1ee5ng. Ch\u00fang t\u00f4i kh\u00f4ng thu th\u1eadp b\u1ea5t k\u1ef3 d\u1eef li\u1ec7u c\u00e1 nh\u00e2n n\u00e0o, nh\u01b0 t\u00ean ho\u1eb7c email, th\u00f4ng qua Firebase.   <\/p>\n\n<p>Xem th\u00eam <a href=\"https:\/\/wp-test-1.sweethome3d.eu\/vi\/chinh-sach-bao-mat\/\" data-type=\"page\" data-id=\"3\">th\u00f4ng b\u00e1o ph\u00e1p l\u00fd<\/a> \u0111\u1ec3 bi\u1ebft th\u00eam th\u00f4ng tin v\u1ec1 Space Mushrooms v\u00e0 Sweet Home 3D.<\/p>\n","protected":false},"excerpt":{"rendered":"<p>Space Mushrooms, ch\u1ee7 s\u1edf h\u1eefu ph\u1ea7n m\u1ec1m v\u00e0 b\u1ea3n quy\u1ec1n Sweet Home 3D c\u0169ng nh\u01b0 trang web sweethome3d.com, kh\u00f4ng thu th\u1eadp d\u1eef li\u1ec7u c\u00e1 nh\u00e2n tr\u00ean trang web sweethome3d.com, ngo\u1ea1i tr\u1eeb \u0111\u1ed1i v\u1edbi ng\u01b0\u1eddi d\u00f9ng \u0111\u00e3 \u0111\u0103ng k\u00fd trong di\u1ec5n \u0111\u00e0n. Nh\u1eadt k\u00fd l\u01b0u l\u01b0\u1ee3ng truy c\u1eadp \u0111\u01b0\u1ee3c l\u01b0u tr\u1eef tr\u00ean m\u00e1y ch\u1ee7 kh\u00f4ng \u0111\u01b0\u1ee3c [&hellip;]<\/p>\n","protected":false},"author":1,"featured_media":0,"parent":0,"menu_order":0,"comment_status":"closed","ping_status":"open","template":"","meta":{"inline_featured_image":false,"footnotes":""},"class_list":["post-11888","page","type-page","status-publish","hentry"],"_links":{"self":[{"href":"https:\/\/wp-test-1.sweethome3d.eu\/vi\/wp-json\/wp\/v2\/pages\/11888","targetHints":{"allow":["GET"]}}],"collection":[{"href":"https:\/\/wp-test-1.sweethome3d.eu\/vi\/wp-json\/wp\/v2\/pages"}],"about":[{"href":"https:\/\/wp-test-1.sweethome3d.eu\/vi\/wp-json\/wp\/v2\/types\/page"}],"author":[{"embeddable":true,"href":"https:\/\/wp-test-1.sweethome3d.eu\/vi\/wp-json\/wp\/v2\/users\/1"}],"replies":[{"embeddable":true,"href":"https:\/\/wp-test-1.sweethome3d.eu\/vi\/wp-json\/wp\/v2\/comments?post=11888"}],"version-history":[{"count":1,"href":"https:\/\/wp-test-1.sweethome3d.eu\/vi\/wp-json\/wp\/v2\/pages\/11888\/revisions"}],"predecessor-version":[{"id":11889,"href":"https:\/\/wp-test-1.sweethome3d.eu\/vi\/wp-json\/wp\/v2\/pages\/11888\/revisions\/11889"}],"wp:attachment":[{"href":"https:\/\/wp-test-1.sweethome3d.eu\/vi\/wp-json\/wp\/v2\/media?parent=11888"}],"curies":[{"name":"wp","href":"https:\/\/api.w.org\/{rel}","templated":true}]}}