{"id":6095,"date":"2025-09-16T09:45:30","date_gmt":"2025-09-16T09:45:30","guid":{"rendered":"https:\/\/wp-test-1.sweethome3d.eu\/sweet-home-3d\/"},"modified":"2025-11-07T13:44:25","modified_gmt":"2025-11-07T13:44:25","slug":"sweet-home-3d","status":"publish","type":"page","link":"https:\/\/wp-test-1.sweethome3d.eu\/vi\/","title":{"rendered":"Sweet Home 3D"},"content":{"rendered":"\n<p class=\"has-text-align-center\"><strong>Sweet Home 3D<\/strong> l\u00e0 m\u1ed9t \u1ee9ng d\u1ee5ng thi\u1ebft k\u1ebf n\u1ed9i th\u1ea5t mi\u1ec5n ph\u00ed<br \/>gi\u00fap b\u1ea1n v\u1ebd s\u01a1 \u0111\u1ed3 ng\u00f4i nh\u00e0 c\u1ee7a m\u00ecnh, s\u1eafp x\u1ebfp \u0111\u1ed3 n\u1ed9i th\u1ea5t tr\u00ean \u0111\u00f3 v\u00e0 xem k\u1ebft qu\u1ea3 trong 3D.<\/p>\n\n<p class=\"has-text-align-center\">Download full version with over 10,000 3D models, 400 textures already included<\/p>\n\n<div class=\"wp-block-group is-vertical is-content-justification-center is-layout-flex wp-container-core-group-is-layout-4b2eccd6 wp-block-group-is-layout-flex\">\n<div class=\"wp-block-buttons is-content-justification-center is-layout-flex wp-container-core-buttons-is-layout-16018d1d wp-block-buttons-is-layout-flex\">\n<div class=\"wp-block-button\" data-action=\"wce_home_download_direct\"><a class=\"wp-block-button__link wp-element-button\" href=\"#download\"><img loading=\"lazy\" decoding=\"async\" width=\"43\" height=\"42\" class=\"wp-image-390\" style=\"width: 28px\" src=\"http:\/\/wp-test-1.sweethome3d.eu\/wp-content\/uploads\/2025\/09\/download-bottom.svg\" alt=\"\" \/> T\u1ea3i xu\u1ed1ng Sweet Home 3D<\/a><\/div>\n<\/div>\n\n\n\n<p class=\"has-text-align-center has-small-font-size\" data-text-content=\"download-info\">(Windows &#8211; phi\u00ean b\u1ea3n 7.5.17 &#8211; 266 MB)<\/p>\n<\/div>\n\n<div style=\"height:8px\" aria-hidden=\"true\" class=\"wp-block-spacer\"><\/div>\n\n<div class=\"wp-block-group is-content-justification-center is-nowrap is-layout-flex wp-container-core-group-is-layout-94bc23d7 wp-block-group-is-layout-flex\">\n<figure class=\"wp-block-image size-full is-resized\"><img loading=\"lazy\" decoding=\"async\" width=\"400\" height=\"400\" src=\"https:\/\/wp-test-1.sweethome3d.eu\/wp-content\/uploads\/2025\/09\/alert1.png\" alt=\"\" class=\"wp-image-298\" style=\"width:40px\" srcset=\"https:\/\/wp-test-1.sweethome3d.eu\/wp-content\/uploads\/2025\/09\/alert1.png 400w, https:\/\/wp-test-1.sweethome3d.eu\/wp-content\/uploads\/2025\/09\/alert1-130x130.png 130w, https:\/\/wp-test-1.sweethome3d.eu\/wp-content\/uploads\/2025\/09\/alert1-360x360.png 360w, https:\/\/wp-test-1.sweethome3d.eu\/wp-content\/uploads\/2025\/09\/alert1-90x90.png 90w\" sizes=\"auto, (max-width: 400px) 100vw, 400px\" \/><\/figure>\n\n\n\n<div class=\"wp-block-group\"><div class=\"wp-block-group__inner-container is-layout-constrained wp-block-group-is-layout-constrained\">\n<p>11\/12\/2024 &#8211; Gi\u00fap ch\u00fang t\u00f4i c\u1ea3i thi\u1ec7n! Tham gia <a href=\"https:\/\/forms.gle\/W5rdFBypjYH2hp8F8\" data-type=\"link\" data-id=\"https:\/\/forms.gle\/W5rdFBypjYH2hp8F8\" data-action=\"wce_home_click_survey\" target=\"_blank\" rel=\"noopener\">Kh\u1ea3o s\u00e1t Ng\u01b0\u1eddi d\u00f9ng Sweet Home<\/a> <br \/><a href=\"\/blog\/2023\/09\/06\/sweet_home_3d_mobile_app.html\" data-action=\"wce_blog_article\">09\/06\/2023<\/a> &#8211; Sweet Home 3D Mobile c\u00f3 s\u1eb5n cho <a href=\"https:\/\/apps.apple.com\/app\/sweet-home-3d-mobile\/1178963471\" data-type=\"link\" data-id=\"https:\/\/apps.apple.com\/app\/sweet-home-3d-mobile\/1178963471\" data-action=\"wce_ios\" target=\"_blank\" rel=\"noopener\">iOS<\/a> v\u00e0 <a href=\"https:\/\/play.google.com\/store\/apps\/details?id=com.eteks.sweethome3d.mobile\" data-type=\"link\" data-id=\"https:\/\/play.google.com\/store\/apps\/details?id=com.eteks.sweethome3d.mobile\" data-action=\"wce_android\" target=\"_blank\" rel=\"noopener\">Android<\/a>!<\/p>\n<\/div><\/div>\n<\/div>\n\n<div style=\"height:12px\" aria-hidden=\"true\" class=\"wp-block-spacer\"><\/div>\n\n<div class=\"wp-block-cb-carousel-v2 cb-carousel-block cb-single-slide\" data-cb-slides-per-view=\"1\" data-cb-slides-per-group=\"1\" data-cb-space-between=\"15\" data-cb-speed=\"300\" data-cb-pagination=\"true\" data-cb-breakpoints=\"{&quot;768&quot;:{&quot;slidesPerView&quot;:1,&quot;slidesPerGroup&quot;:1}}\"><div class=\"swiper\"><div class=\"cb-wrapper swiper-wrapper\">\n<div class=\"wp-block-cb-slide-v2 cb-slide swiper-slide\">\n<figure class=\"wp-block-video aligncenter\" style=\"width: 500px\"><video height=\"1080\" style=\"aspect-ratio: 1920 \/ 1080;\" width=\"1920\" autoplay=\"\" muted=\"\" src=\"http:\/\/wp-test-1.sweethome3d.eu\/wp-content\/uploads\/2025\/09\/SweetHome3D-720p-music.mp4\" playsinline=\"\"><\/video><\/figure>\n<\/div>\n\n\n\n<div class=\"wp-block-cb-slide-v2 cb-slide swiper-slide\">\n<figure class=\"wp-block-image size-medium\"><a href=\"http:\/\/wp-test-1.sweethome3d.eu\/wp-content\/uploads\/2025\/09\/SweetHome3DWindows.png\"><img loading=\"lazy\" decoding=\"async\" width=\"360\" height=\"244\" src=\"https:\/\/wp-test-1.sweethome3d.eu\/wp-content\/uploads\/2025\/09\/SweetHome3DWindows-360x244.png\" alt=\"\" class=\"wp-image-373\" srcset=\"https:\/\/wp-test-1.sweethome3d.eu\/wp-content\/uploads\/2025\/09\/SweetHome3DWindows-360x244.png 360w, https:\/\/wp-test-1.sweethome3d.eu\/wp-content\/uploads\/2025\/09\/SweetHome3DWindows-192x130.png 192w, https:\/\/wp-test-1.sweethome3d.eu\/wp-content\/uploads\/2025\/09\/SweetHome3DWindows-768x520.png 768w, https:\/\/wp-test-1.sweethome3d.eu\/wp-content\/uploads\/2025\/09\/SweetHome3DWindows-400x271.png 400w, https:\/\/wp-test-1.sweethome3d.eu\/wp-content\/uploads\/2025\/09\/SweetHome3DWindows-133x90.png 133w, https:\/\/wp-test-1.sweethome3d.eu\/wp-content\/uploads\/2025\/09\/SweetHome3DWindows.png 812w\" sizes=\"auto, (max-width: 360px) 100vw, 360px\" \/><\/a><\/figure>\n\n\n\n<p class=\"has-text-align-center has-small-font-size\"><em>(nh\u1ea5p v\u00e0o h\u00ecnh \u1ea3nh \u0111\u1ec3 ph\u00f3ng to)<\/em><\/p>\n<\/div>\n\n\n\n<div class=\"wp-block-cb-slide-v2 cb-slide swiper-slide\">\n<figure class=\"wp-block-image size-medium\"><a href=\"http:\/\/wp-test-1.sweethome3d.eu\/wp-content\/uploads\/2025\/09\/SweetHome3DAerialView.jpg\"><img loading=\"lazy\" decoding=\"async\" width=\"360\" height=\"240\" src=\"https:\/\/wp-test-1.sweethome3d.eu\/wp-content\/uploads\/2025\/09\/SweetHome3DAerialView-360x240.jpg\" alt=\"\" class=\"wp-image-375\" srcset=\"https:\/\/wp-test-1.sweethome3d.eu\/wp-content\/uploads\/2025\/09\/SweetHome3DAerialView-360x240.jpg 360w, https:\/\/wp-test-1.sweethome3d.eu\/wp-content\/uploads\/2025\/09\/SweetHome3DAerialView-195x130.jpg 195w, https:\/\/wp-test-1.sweethome3d.eu\/wp-content\/uploads\/2025\/09\/SweetHome3DAerialView-768x512.jpg 768w, https:\/\/wp-test-1.sweethome3d.eu\/wp-content\/uploads\/2025\/09\/SweetHome3DAerialView-400x267.jpg 400w, https:\/\/wp-test-1.sweethome3d.eu\/wp-content\/uploads\/2025\/09\/SweetHome3DAerialView-135x90.jpg 135w, https:\/\/wp-test-1.sweethome3d.eu\/wp-content\/uploads\/2025\/09\/SweetHome3DAerialView.jpg 800w\" sizes=\"auto, (max-width: 360px) 100vw, 360px\" \/><\/a><\/figure>\n\n\n\n<p class=\"has-text-align-center has-small-font-size\"><em>(nh\u1ea5p v\u00e0o h\u00ecnh \u1ea3nh \u0111\u1ec3 ph\u00f3ng to)<\/em><\/p>\n<\/div>\n\n\n\n<div class=\"wp-block-cb-slide-v2 cb-slide swiper-slide\">\n<figure class=\"wp-block-image size-medium\"><a href=\"http:\/\/wp-test-1.sweethome3d.eu\/wp-content\/uploads\/2025\/09\/SweetHome3DPlan.jpg\"><img loading=\"lazy\" decoding=\"async\" width=\"360\" height=\"240\" src=\"https:\/\/wp-test-1.sweethome3d.eu\/wp-content\/uploads\/2025\/09\/SweetHome3DPlan-360x240.jpg\" alt=\"\" class=\"wp-image-376\" srcset=\"https:\/\/wp-test-1.sweethome3d.eu\/wp-content\/uploads\/2025\/09\/SweetHome3DPlan-360x240.jpg 360w, https:\/\/wp-test-1.sweethome3d.eu\/wp-content\/uploads\/2025\/09\/SweetHome3DPlan-195x130.jpg 195w, https:\/\/wp-test-1.sweethome3d.eu\/wp-content\/uploads\/2025\/09\/SweetHome3DPlan-768x512.jpg 768w, https:\/\/wp-test-1.sweethome3d.eu\/wp-content\/uploads\/2025\/09\/SweetHome3DPlan-400x267.jpg 400w, https:\/\/wp-test-1.sweethome3d.eu\/wp-content\/uploads\/2025\/09\/SweetHome3DPlan-135x90.jpg 135w, https:\/\/wp-test-1.sweethome3d.eu\/wp-content\/uploads\/2025\/09\/SweetHome3DPlan.jpg 800w\" sizes=\"auto, (max-width: 360px) 100vw, 360px\" \/><\/a><\/figure>\n\n\n\n<p class=\"has-text-align-center has-small-font-size\"><em>(nh\u1ea5p v\u00e0o h\u00ecnh \u1ea3nh \u0111\u1ec3 ph\u00f3ng to)<\/em><\/p>\n<\/div>\n\n\n\n<div class=\"wp-block-cb-slide-v2 cb-slide swiper-slide\">\n<figure class=\"wp-block-image size-medium\"><a href=\"http:\/\/wp-test-1.sweethome3d.eu\/wp-content\/uploads\/2025\/09\/SweetHome3DVirtualVisit.jpg\"><img loading=\"lazy\" decoding=\"async\" width=\"360\" height=\"240\" src=\"https:\/\/wp-test-1.sweethome3d.eu\/wp-content\/uploads\/2025\/09\/SweetHome3DVirtualVisit-360x240.jpg\" alt=\"\" class=\"wp-image-377\" srcset=\"https:\/\/wp-test-1.sweethome3d.eu\/wp-content\/uploads\/2025\/09\/SweetHome3DVirtualVisit-360x240.jpg 360w, https:\/\/wp-test-1.sweethome3d.eu\/wp-content\/uploads\/2025\/09\/SweetHome3DVirtualVisit-195x130.jpg 195w, https:\/\/wp-test-1.sweethome3d.eu\/wp-content\/uploads\/2025\/09\/SweetHome3DVirtualVisit-768x512.jpg 768w, https:\/\/wp-test-1.sweethome3d.eu\/wp-content\/uploads\/2025\/09\/SweetHome3DVirtualVisit-400x267.jpg 400w, https:\/\/wp-test-1.sweethome3d.eu\/wp-content\/uploads\/2025\/09\/SweetHome3DVirtualVisit-135x90.jpg 135w, https:\/\/wp-test-1.sweethome3d.eu\/wp-content\/uploads\/2025\/09\/SweetHome3DVirtualVisit.jpg 800w\" sizes=\"auto, (max-width: 360px) 100vw, 360px\" \/><\/a><\/figure>\n\n\n\n<p class=\"has-text-align-center has-small-font-size\"><em>(nh\u1ea5p v\u00e0o h\u00ecnh \u1ea3nh \u0111\u1ec3 ph\u00f3ng to)<\/em><\/p>\n<\/div>\n<\/div><\/div><div class=\"cb-pagination swiper-pagination\"><\/div><\/div>\n\n<div class=\"wp-block-group is-content-justification-center is-nowrap is-layout-flex wp-container-core-group-is-layout-94bc23d7 wp-block-group-is-layout-flex\">\n<figure class=\"wp-block-image size-thumbnail\"><a href=\"http:\/\/wp-test-1.sweethome3d.eu\/wp-content\/uploads\/2025\/09\/MaxHan.jpg\"><img loading=\"lazy\" decoding=\"async\" width=\"160\" height=\"90\" src=\"http:\/\/wp-test-1.sweethome3d.eu\/wp-content\/uploads\/2025\/09\/MaxHan-160x90.jpg\" alt=\"Sweet Home 3D\" class=\"wp-image-329\" srcset=\"https:\/\/wp-test-1.sweethome3d.eu\/wp-content\/uploads\/2025\/09\/MaxHan-160x90.jpg 160w, https:\/\/wp-test-1.sweethome3d.eu\/wp-content\/uploads\/2025\/09\/MaxHan-231x130.jpg 231w, https:\/\/wp-test-1.sweethome3d.eu\/wp-content\/uploads\/2025\/09\/MaxHan-360x203.jpg 360w, https:\/\/wp-test-1.sweethome3d.eu\/wp-content\/uploads\/2025\/09\/MaxHan-768x432.jpg 768w, https:\/\/wp-test-1.sweethome3d.eu\/wp-content\/uploads\/2025\/09\/MaxHan-400x225.jpg 400w, https:\/\/wp-test-1.sweethome3d.eu\/wp-content\/uploads\/2025\/09\/MaxHan.jpg 800w\" sizes=\"auto, (max-width: 160px) 100vw, 160px\" \/><\/a><\/figure>\n\n\n\n<figure class=\"wp-block-image size-thumbnail\"><a href=\"http:\/\/wp-test-1.sweethome3d.eu\/wp-content\/uploads\/2025\/09\/GurkanIlgin.jpg\"><img loading=\"lazy\" decoding=\"async\" width=\"120\" height=\"90\" src=\"https:\/\/wp-test-1.sweethome3d.eu\/wp-content\/uploads\/2025\/09\/GurkanIlgin-120x90.jpg\" alt=\"ph&#x1EA7;n m&#x1EC1;m thi&#x1EBF;t k&#x1EBF; nh&#xE0; 3D\" class=\"wp-image-330\" srcset=\"https:\/\/wp-test-1.sweethome3d.eu\/wp-content\/uploads\/2025\/09\/GurkanIlgin-120x90.jpg 120w, https:\/\/wp-test-1.sweethome3d.eu\/wp-content\/uploads\/2025\/09\/GurkanIlgin-173x130.jpg 173w, https:\/\/wp-test-1.sweethome3d.eu\/wp-content\/uploads\/2025\/09\/GurkanIlgin-360x270.jpg 360w, https:\/\/wp-test-1.sweethome3d.eu\/wp-content\/uploads\/2025\/09\/GurkanIlgin-400x300.jpg 400w, https:\/\/wp-test-1.sweethome3d.eu\/wp-content\/uploads\/2025\/09\/GurkanIlgin.jpg 600w\" sizes=\"auto, (max-width: 120px) 100vw, 120px\" \/><\/a><\/figure>\n\n\n\n<figure class=\"wp-block-image size-thumbnail\"><a href=\"http:\/\/wp-test-1.sweethome3d.eu\/wp-content\/uploads\/2025\/09\/SylvainThomazo.jpg\"><img loading=\"lazy\" decoding=\"async\" width=\"162\" height=\"90\" src=\"http:\/\/wp-test-1.sweethome3d.eu\/wp-content\/uploads\/2025\/09\/SylvainThomazo-162x90.jpg\" alt=\"&#x1EE9;ng d&#x1EE5;ng thi&#x1EBF;t k&#x1EBF; nh&#xE0;\" class=\"wp-image-331\" srcset=\"https:\/\/wp-test-1.sweethome3d.eu\/wp-content\/uploads\/2025\/09\/SylvainThomazo-162x90.jpg 162w, https:\/\/wp-test-1.sweethome3d.eu\/wp-content\/uploads\/2025\/09\/SylvainThomazo-235x130.jpg 235w, https:\/\/wp-test-1.sweethome3d.eu\/wp-content\/uploads\/2025\/09\/SylvainThomazo-360x200.jpg 360w, https:\/\/wp-test-1.sweethome3d.eu\/wp-content\/uploads\/2025\/09\/SylvainThomazo-768x426.jpg 768w, https:\/\/wp-test-1.sweethome3d.eu\/wp-content\/uploads\/2025\/09\/SylvainThomazo-400x222.jpg 400w, https:\/\/wp-test-1.sweethome3d.eu\/wp-content\/uploads\/2025\/09\/SylvainThomazo.jpg 812w\" sizes=\"auto, (max-width: 162px) 100vw, 162px\" \/><\/a><\/figure>\n\n\n\n<figure class=\"wp-block-image size-thumbnail\"><a href=\"http:\/\/wp-test-1.sweethome3d.eu\/wp-content\/uploads\/2025\/09\/FloTardy.jpg\"><img loading=\"lazy\" decoding=\"async\" width=\"90\" height=\"90\" src=\"https:\/\/wp-test-1.sweethome3d.eu\/wp-content\/uploads\/2025\/09\/FloTardy-90x90.jpg\" alt=\"ph&#x1EA7;n m&#x1EC1;m thi&#x1EBF;t k&#x1EBF; n&#x1ED9;i th&#x1EA5;t\" class=\"wp-image-332\" srcset=\"https:\/\/wp-test-1.sweethome3d.eu\/wp-content\/uploads\/2025\/09\/FloTardy-90x90.jpg 90w, https:\/\/wp-test-1.sweethome3d.eu\/wp-content\/uploads\/2025\/09\/FloTardy-130x130.jpg 130w, https:\/\/wp-test-1.sweethome3d.eu\/wp-content\/uploads\/2025\/09\/FloTardy-360x360.jpg 360w, https:\/\/wp-test-1.sweethome3d.eu\/wp-content\/uploads\/2025\/09\/FloTardy-400x400.jpg 400w, https:\/\/wp-test-1.sweethome3d.eu\/wp-content\/uploads\/2025\/09\/FloTardy.jpg 450w\" sizes=\"auto, (max-width: 90px) 100vw, 90px\" \/><\/a><\/figure>\n\n\n\n<figure class=\"wp-block-image size-thumbnail\"><a href=\"http:\/\/wp-test-1.sweethome3d.eu\/wp-content\/uploads\/2025\/09\/EnkoNyito.jpg\"><img loading=\"lazy\" decoding=\"async\" width=\"160\" height=\"90\" src=\"http:\/\/wp-test-1.sweethome3d.eu\/wp-content\/uploads\/2025\/09\/EnkoNyito-160x90.jpg\" alt=\"ph&#x1EA7;n m&#x1EC1;m l&#x1EAD;p k&#x1EBF; ho&#x1EA1;ch nh&#xE0;\" class=\"wp-image-333\" srcset=\"https:\/\/wp-test-1.sweethome3d.eu\/wp-content\/uploads\/2025\/09\/EnkoNyito-160x90.jpg 160w, https:\/\/wp-test-1.sweethome3d.eu\/wp-content\/uploads\/2025\/09\/EnkoNyito-231x130.jpg 231w, https:\/\/wp-test-1.sweethome3d.eu\/wp-content\/uploads\/2025\/09\/EnkoNyito-360x203.jpg 360w, https:\/\/wp-test-1.sweethome3d.eu\/wp-content\/uploads\/2025\/09\/EnkoNyito-768x432.jpg 768w, https:\/\/wp-test-1.sweethome3d.eu\/wp-content\/uploads\/2025\/09\/EnkoNyito-400x225.jpg 400w, https:\/\/wp-test-1.sweethome3d.eu\/wp-content\/uploads\/2025\/09\/EnkoNyito.jpg 800w\" sizes=\"auto, (max-width: 160px) 100vw, 160px\" \/><\/a><\/figure>\n<\/div>\n\n<p class=\"has-text-align-center\">B\u1ea1n c\u00f3 th\u1ec3 t\u1ea3i Sweet Home 3D \u0111\u1ec3 c\u00e0i \u0111\u1eb7t tr\u00ean m\u00e1y t\u00ednh,<br \/>\u0111i\u1ec7n tho\u1ea1i th\u00f4ng minh ho\u1eb7c m\u00e1y t\u00ednh b\u1ea3ng c\u1ee7a m\u00ecnh v\u00e0\/ho\u1eb7c s\u1eed d\u1ee5ng tr\u1ef1c tuy\u1ebfn trong tr\u00ecnh duy\u1ec7t c\u1ee7a b\u1ea1n:<\/p>\n\n<div class=\"wp-block-group is-content-justification-center is-nowrap is-layout-flex wp-container-core-group-is-layout-94bc23d7 wp-block-group-is-layout-flex\">\n<div class=\"wp-block-group is-nowrap is-layout-flex wp-container-core-group-is-layout-ad2f72ca wp-block-group-is-layout-flex\">\n<figure class=\"wp-block-image size-full is-resized\"><img loading=\"lazy\" decoding=\"async\" width=\"56\" height=\"64\" src=\"https:\/\/wp-test-1.sweethome3d.eu\/wp-content\/uploads\/2025\/09\/SweetHome3DDownloadLogo-1.png\" alt=\"\" class=\"wp-image-288\" style=\"width:32px\" \/><\/figure>\n\n\n\n<div class=\"wp-block-group is-style-default gap-0 is-vertical is-content-justification-center is-layout-flex wp-container-core-group-is-layout-4b2eccd6 wp-block-group-is-layout-flex\">\n<p class=\"has-text-align-center has-large-font-size\"><strong><a href=\"https:\/\/wp-test-1.sweethome3d.eu\/vi\/tai-xuong\/\" data-type=\"page\" data-id=\"396\">T\u1ea3i xu\u1ed1ng Sweet Home 3D<\/a><\/strong><\/p>\n\n\n\n<p class=\"has-text-align-center\">cho Windows\/MacOS\/Linux\/iOS\/Android<\/p>\n<\/div>\n<\/div>\n\n\n\n<div style=\"height:100px;width:0px\" aria-hidden=\"true\" class=\"wp-block-spacer wp-container-content-af3d81f1\"><\/div>\n\n\n\n<div class=\"wp-block-group is-nowrap is-layout-flex wp-container-core-group-is-layout-ad2f72ca wp-block-group-is-layout-flex\">\n<figure class=\"wp-block-image size-full is-resized\"><img loading=\"lazy\" decoding=\"async\" width=\"56\" height=\"64\" src=\"https:\/\/wp-test-1.sweethome3d.eu\/wp-content\/uploads\/2025\/09\/SweetHome3DOnlineLogo.png\" alt=\"\" class=\"wp-image-289\" style=\"width:32px\" \/><\/figure>\n\n\n\n<div class=\"wp-block-group is-vertical is-content-justification-center is-layout-flex wp-container-core-group-is-layout-4b2eccd6 wp-block-group-is-layout-flex\">\n<p class=\"has-text-align-center has-large-font-size\"><strong><a href=\"https:\/\/wp-test-1.sweethome3d.eu\/vi\/sweet-home-3d-online-manager\/\" data-type=\"page\" data-id=\"398\">S\u1eed d\u1ee5ng Sweet Home 3D Online<\/a><\/strong><\/p>\n\n\n\n<p class=\"has-text-align-center\">v\u1edbi b\u1ea5t k\u1ef3 tr\u00ecnh duy\u1ec7t WebGL n\u00e0o<\/p>\n<\/div>\n<\/div>\n<\/div>\n\n<p class=\"has-text-align-center\">Sweet Home 3D c\u00f3 s\u1eb5n b\u1eb1ng ti\u1ebfng Vi\u1ec7t v\u00e0 <a href=\"https:\/\/wp-test-1.sweethome3d.eu\/vi\/ban-dich\/\" type=\"page\" id=\"439\" class=\"broken_link\">28 ng\u00f4n ng\u1eef kh\u00e1c<\/a>.<br \/>\u0110\u00e2y l\u00e0 m\u1ed9t d\u1ef1 \u00e1n m\u00e3 ngu\u1ed3n m\u1edf tr\u00ean <a href=\"https:\/\/sourceforge.net\/projects\/sweethome3d\/\" data-type=\"link\" data-id=\"https:\/\/sourceforge.net\/projects\/sweethome3d\/\" data-action=\"wce_souce_forge_hyper\" target=\"_blank\" rel=\"noopener\">SourceForge.net<\/a> \u0111\u01b0\u1ee3c ph\u00e2n ph\u1ed1i theo <a href=\"https:\/\/www.gnu.org\/licenses\/gpl-2.0.txt\" target=\"_blank\" rel=\"noopener\">Gi\u1ea5y ph\u00e9p C\u00f4ng c\u1ed9ng GNU<\/a>.<\/p>\n\n<p class=\"has-text-align-center\">Vui l\u00f2ng b\u00e1o c\u00e1o <a href=\"https:\/\/sourceforge.net\/p\/sweethome3d\/bugs\/\" data-type=\"link\" data-id=\"https:\/\/sourceforge.net\/p\/sweethome3d\/bugs\/\" data-action=\"wce_bug_hyper\" target=\"_blank\" rel=\"noopener\">l\u1ed7i<\/a> v\u00e0 <a href=\"https:\/\/sourceforge.net\/p\/sweethome3d\/feature-requests\/\" data-type=\"link\" data-id=\"https:\/\/sourceforge.net\/p\/sweethome3d\/feature-requests\/\" data-action=\"wce_requests_hyper\" target=\"_blank\" rel=\"noopener\">y\u00eau c\u1ea7u c\u1ea3i ti\u1ebfn<\/a> trong c\u00e1c v\u00e9 Sweet Home 3D<br \/>v\u00e0 s\u1eed d\u1ee5ng <a href=\"\/support\/forum\/?lang=en\" class=\"broken_link\">di\u1ec5n \u0111\u00e0n Sweet Home 3D<\/a> cho c\u00e1c y\u00eau c\u1ea7u h\u1ed7 tr\u1ee3.<\/p>\n\n<p class=\"has-text-align-center\"><em>Sweet Home 3D<sup>\u00ae<\/sup> phi\u00ean b\u1ea3n 7.5<br \/>C\u1eadp nh\u1eadt l\u1ea7n cu\u1ed1i: ng\u00e0y 5 th\u00e1ng 5 n\u0103m 2025<\/em><\/p>\n","protected":false},"excerpt":{"rendered":"<p>Sweet Home 3D l\u00e0 m\u1ed9t \u1ee9ng d\u1ee5ng thi\u1ebft k\u1ebf n\u1ed9i th\u1ea5t mi\u1ec5n ph\u00edgi\u00fap b\u1ea1n v\u1ebd s\u01a1 \u0111\u1ed3 ng\u00f4i nh\u00e0 c\u1ee7a m\u00ecnh, s\u1eafp x\u1ebfp \u0111\u1ed3 n\u1ed9i th\u1ea5t tr\u00ean \u0111\u00f3 v\u00e0 xem k\u1ebft qu\u1ea3 trong 3D. Download full version with over 10,000 3D models, 400 textures already included (Windows &#8211; phi\u00ean b\u1ea3n 7.5.17 &#8211; 266 MB) 11\/12\/2024 [&hellip;]<\/p>\n","protected":false},"author":2,"featured_media":6085,"parent":0,"menu_order":0,"comment_status":"closed","ping_status":"closed","template":"","meta":{"inline_featured_image":false,"footnotes":""},"class_list":["post-6095","page","type-page","status-publish","has-post-thumbnail","hentry"],"_links":{"self":[{"href":"https:\/\/wp-test-1.sweethome3d.eu\/vi\/wp-json\/wp\/v2\/pages\/6095","targetHints":{"allow":["GET"]}}],"collection":[{"href":"https:\/\/wp-test-1.sweethome3d.eu\/vi\/wp-json\/wp\/v2\/pages"}],"about":[{"href":"https:\/\/wp-test-1.sweethome3d.eu\/vi\/wp-json\/wp\/v2\/types\/page"}],"author":[{"embeddable":true,"href":"https:\/\/wp-test-1.sweethome3d.eu\/vi\/wp-json\/wp\/v2\/users\/2"}],"replies":[{"embeddable":true,"href":"https:\/\/wp-test-1.sweethome3d.eu\/vi\/wp-json\/wp\/v2\/comments?post=6095"}],"version-history":[{"count":5,"href":"https:\/\/wp-test-1.sweethome3d.eu\/vi\/wp-json\/wp\/v2\/pages\/6095\/revisions"}],"predecessor-version":[{"id":12681,"href":"https:\/\/wp-test-1.sweethome3d.eu\/vi\/wp-json\/wp\/v2\/pages\/6095\/revisions\/12681"}],"wp:featuredmedia":[{"embeddable":true,"href":"https:\/\/wp-test-1.sweethome3d.eu\/vi\/wp-json\/wp\/v2\/media\/6085"}],"wp:attachment":[{"href":"https:\/\/wp-test-1.sweethome3d.eu\/vi\/wp-json\/wp\/v2\/media?parent=6095"}],"curies":[{"name":"wp","href":"https:\/\/api.w.org\/{rel}","templated":true}]}}