{"id":6186,"date":"2025-09-18T11:52:32","date_gmt":"2025-09-18T11:52:32","guid":{"rendered":"https:\/\/wp-test-1.sweethome3d.eu\/tai-lieu\/"},"modified":"2025-11-03T18:09:08","modified_gmt":"2025-11-03T18:09:08","slug":"tai-lieu","status":"publish","type":"page","link":"https:\/\/wp-test-1.sweethome3d.eu\/vi\/tai-lieu\/","title":{"rendered":"T\u00e0i li\u1ec7u"},"content":{"rendered":"<ul class=\"simpletoc-list\">\n<li><a href=\"#huong-dan-nguoi-dung\">H\u01b0\u1edbng d\u1eabn ng\u01b0\u1eddi d\u00f9ng<\/a>\n\n<\/li>\n<li><a href=\"#video-huong-dan\">Video h\u01b0\u1edbng d\u1eabn<\/a>\n\n\n<\/li>\n\n<\/li>\n\n<\/li>\n\n<\/li>\n\n<li><a href=\"#huong-dan-danh-cho-nha-phat-trien\">H\u01b0\u1edbng d\u1eabn d\u00e0nh cho nh\u00e0 ph\u00e1t tri\u1ec3n<\/a>\n\n<\/li>\n<li><a href=\"#danh-gia-va-giai-thuong\">\u0110\u00e1nh gi\u00e1 v\u00e0 gi\u1ea3i th\u01b0\u1edfng<\/a>\n<\/li><\/ul>\n<p class=\"has-text-align-center\">Trang n\u00e0y m\u00f4 t\u1ea3 c\u00e1c t\u00e0i li\u1ec7u hi\u1ec7n c\u00f3 cho <a href=\"\/\">Sweet Home 3D<\/a>.<\/p>\n<h2 class=\"wp-block-heading\" id=\"huong-dan-nguoi-dung\"><img loading=\"lazy\" decoding=\"async\" width=\"16\" height=\"12\" src=\"https:\/\/www.sweethome3d.com\/images\/bullet.gif\">H\u01b0\u1edbng d\u1eabn ng\u01b0\u1eddi d\u00f9ng<\/h2>\n<p>H\u01b0\u1edbng d\u1eabn ng\u01b0\u1eddi d\u00f9ng <a href=\"https:\/\/wp-test-1.sweethome3d.eu\/vi\/tai-xuong\/\" data-type=\"page\" data-id=\"396\">Sweet Home 3D<\/a> c\u00f3 s\u1eb5n t\u1ea1i <a href=\"https:\/\/wp-test-1.sweethome3d.eu\/vi\/huong-dan-su-dung-sweet-home-3d\/\" data-type=\"page\" data-id=\"424\">trang n\u00e0y<\/a>, v\u00e0 danh s\u00e1ch c\u00e1c ph\u00edm t\u1eaft trong <a href=\"\/storage\/SweetHome3DShortcuts.pdf\">t\u00e0i li\u1ec7u n\u00e0y<\/a> (PDF).<\/p>\n\n<p><a href=\"https:\/\/wp-test-1.sweethome3d.eu\/vi\/tai-xuong\/\" data-type=\"page\" data-id=\"396\">Sweet Home 3D<\/a> c\u0169ng cung c\u1ea5p <a href=\"https:\/\/wp-test-1.sweethome3d.eu\/vi\/cau-hoi-thuong-gap\/\" data-type=\"page\" data-id=\"422\">FAQ<\/a> \u0111\u01b0\u1ee3c c\u1eadp nh\u1eadt th\u01b0\u1eddng xuy\u00ean v\u00e0 tr\u1ee3 gi\u00fap \u0111\u1ea7y \u0111\u1ee7 c\u00f3 th\u1ec3 truy c\u1eadp t\u1eeb m\u1ee5c menu <em>Help &gt; Sweet Home 3D Help<\/em>.<\/p>\n\n<div class=\"wp-block-group is-nowrap is-layout-flex wp-container-core-group-is-layout-ad2f72ca wp-block-group-is-layout-flex\">\n<figure class=\"wp-block-image size-full\"><img loading=\"lazy\" decoding=\"async\" width=\"381\" height=\"284\" src=\"https:\/\/wp-test-1.sweethome3d.eu\/wp-content\/uploads\/2025\/10\/SweetHome3DHelp.png\" alt=\"Tr&#x1EE3; gi&#xFA;p t&#xE0;i li&#x1EC7;u Sweet Home 3D \" class=\"wp-image-4791\" srcset=\"https:\/\/wp-test-1.sweethome3d.eu\/wp-content\/uploads\/2025\/10\/SweetHome3DHelp.png 381w, https:\/\/wp-test-1.sweethome3d.eu\/wp-content\/uploads\/2025\/10\/SweetHome3DHelp-360x268.png 360w, https:\/\/wp-test-1.sweethome3d.eu\/wp-content\/uploads\/2025\/10\/SweetHome3DHelp-174x130.png 174w\" sizes=\"auto, (max-width: 381px) 100vw, 381px\" \/><\/figure>\n<\/div>\n\n<p>B\u1ea1n c\u0169ng c\u00f3 th\u1ec3 \u0111\u1ecdc c\u00e1c h\u01b0\u1edbng d\u1eabn sau \u0111\u01b0\u1ee3c vi\u1ebft b\u1edfi c\u00e1c c\u1ed9ng t\u00e1c vi\u00ean:<\/p>\n\n<ul class=\"wp-block-list\">\n<li><a href=\"https:\/\/wp-test-1.sweethome3d.eu\/wp-content\/uploads\/2025\/10\/personalizedTexturesGuide.pdf\" data-type=\"attachment\" data-id=\"4801\">C\u00e1ch t\u1ea1o texture c\u00e1 nh\u00e2n cho Sweet Home 3D<\/a> (PDF) b\u1edfi Ouais, \u0111\u01b0\u1ee3c d\u1ecbch b\u1edfi Hans Dirkse<\/li>\n\n\n\n<li><a href=\"https:\/\/wp-test-1.sweethome3d.eu\/wp-content\/uploads\/2025\/10\/multiLevelHouseGuide.pdf\" data-type=\"attachment\" data-id=\"4800\">C\u00e1ch t\u1ea1o ng\u00f4i nh\u00e0 nhi\u1ec1u t\u1ea7ng v\u1edbi Sweet Home 3D 3.3 ho\u1eb7c c\u00e1c phi\u00ean b\u1ea3n tr\u01b0\u1edbc<\/a> (PDF) b\u1edfi Hans Dirkse<\/li>\n\n\n\n<li><a href=\"https:\/\/wp-test-1.sweethome3d.eu\/wp-content\/uploads\/2025\/10\/pluginsUserGuide.pdf\" data-type=\"attachment\" data-id=\"4799\">H\u01b0\u1edbng d\u1eabn cho Plug-ins v\u00e0 Extensions<\/a> (PDF) b\u1edfi Hans Dirkse<\/li>\n\n\n\n<li><a href=\"https:\/\/wp-test-1.sweethome3d.eu\/wp-content\/uploads\/2025\/10\/slopingCeilingGuide.pdf\" data-type=\"attachment\" data-id=\"4798\">H\u01b0\u1edbng d\u1eabn cho tr\u1ea7n nghi\u00eang, m\u00e1i nh\u00e0, c\u1eeda s\u1ed5 m\u00e1i v\u00e0 nhi\u1ec1u h\u01a1n n\u1eefa<\/a> (PDF) b\u1edfi Hans Dirkse<\/li>\n\n\n\n<li><a href=\"https:\/\/wp-test-1.sweethome3d.eu\/wp-content\/uploads\/2025\/10\/SVGPathMiniManualForSweetHome3D.pdf\" data-type=\"attachment\" data-id=\"4797\">H\u01b0\u1edbng d\u1eabn cho SVG Path cut-outs v\u00e0 c\u00e1c thu\u1ed9c t\u00ednh n\u1ed9i th\u1ea5t kh\u00e1c<\/a> (PDF) b\u1edfi OKH<\/li>\n\n\n\n<li><a href=\"https:\/\/wp-test-1.sweethome3d.eu\/vi\/meo-va-thu-thuat\/\" data-type=\"page\" data-id=\"426\">M\u1ed9t s\u1ed1 m\u1eb9o trong blog Sweet Home 3D<\/a><\/li>\n<\/ul>\n<h2 class=\"wp-block-heading\" id=\"video-huong-dan\"><img loading=\"lazy\" decoding=\"async\" width=\"16\" height=\"12\" src=\"https:\/\/www.sweethome3d.com\/images\/bullet.gif\">Video h\u01b0\u1edbng d\u1eabn<\/h2>\n<p>Xem c\u00e1c video h\u01b0\u1edbng d\u1eabn sau \u0111\u1ec3 h\u1ecdc c\u00e1ch s\u1eed d\u1ee5ng c\u00e1c t\u00ednh n\u0103ng c\u01a1 b\u1ea3n c\u1ee7a Sweet Home 3D tr\u00ean m\u00e1y t\u00ednh v\u00e0 di \u0111\u1ed9ng.<\/p>\n<h3 class=\"wp-block-heading\" id=\"ve-cay-coi-va-cac-tang\">V\u1ebd c\u00e2y c\u1ed1i v\u00e0 c\u00e1c t\u1ea7ng<\/h3>\n<div class=\"wp-block-group is-layout-grid wp-container-core-group-is-layout-da7a6a80 wp-block-group-is-layout-grid\">\n<figure class=\"wp-block-embed is-type-video is-provider-youtube wp-block-embed-youtube wp-embed-aspect-16-9 wp-has-aspect-ratio embed-responsive\"><div class=\"wp-block-embed__wrapper\">\n<iframe loading=\"lazy\" title=\"Sweet Home 3D Tutorial: Layer Control Walkthrough\" width=\"500\" height=\"281\" src=\"https:\/\/www.youtube.com\/embed\/7c5OMgbHFUs?feature=oembed\" frameborder=\"0\" allow=\"accelerometer; autoplay; clipboard-write; encrypted-media; gyroscope; picture-in-picture; web-share\" referrerpolicy=\"strict-origin-when-cross-origin\" allowfullscreen><\/iframe>\n<\/div><\/figure>\n\n\n\n<figure class=\"wp-block-embed is-type-video is-provider-youtube wp-block-embed-youtube wp-embed-aspect-16-9 wp-has-aspect-ratio embed-responsive\"><div class=\"wp-block-embed__wrapper\">\n<iframe loading=\"lazy\" title=\"Sweet Home 3D Tutorial - 1 Minute to create a balcony\" width=\"500\" height=\"281\" src=\"https:\/\/www.youtube.com\/embed\/dByMK7ezL7U?feature=oembed\" frameborder=\"0\" allow=\"accelerometer; autoplay; clipboard-write; encrypted-media; gyroscope; picture-in-picture; web-share\" referrerpolicy=\"strict-origin-when-cross-origin\" allowfullscreen><\/iframe>\n<\/div><\/figure>\n<\/div>\n<h3 class=\"wp-block-heading\" id=\"chen-va-tuy-chinh-noi-that\">Ch\u00e8n v\u00e0 t\u00f9y ch\u1ec9nh n\u1ed9i th\u1ea5t<\/h3>\n<div class=\"wp-block-group is-layout-grid wp-container-core-group-is-layout-da7a6a80 wp-block-group-is-layout-grid\">\n<figure class=\"wp-block-embed is-type-video is-provider-youtube wp-block-embed-youtube embed-responsive wp-embed-aspect-16-9 wp-has-aspect-ratio\"><div class=\"wp-block-embed__wrapper\">\n<iframe loading=\"lazy\" title=\"Sweet Home 3D Tutorial - How to customize furniture\" width=\"500\" height=\"281\" src=\"https:\/\/www.youtube.com\/embed\/5Ni5zE4q5kk?feature=oembed\" frameborder=\"0\" allow=\"accelerometer; autoplay; clipboard-write; encrypted-media; gyroscope; picture-in-picture; web-share\" referrerpolicy=\"strict-origin-when-cross-origin\" allowfullscreen><\/iframe>\n<\/div><\/figure>\n\n\n\n<figure class=\"wp-block-embed is-type-video is-provider-youtube wp-block-embed-youtube embed-responsive wp-embed-aspect-16-9 wp-has-aspect-ratio\"><div class=\"wp-block-embed__wrapper\">\n<iframe loading=\"lazy\" title=\"Sweet Home 3D Tutorial - How to create new furniture\" width=\"500\" height=\"281\" src=\"https:\/\/www.youtube.com\/embed\/4zEG8dqNy6w?feature=oembed\" frameborder=\"0\" allow=\"accelerometer; autoplay; clipboard-write; encrypted-media; gyroscope; picture-in-picture; web-share\" referrerpolicy=\"strict-origin-when-cross-origin\" allowfullscreen><\/iframe>\n<\/div><\/figure>\n\n\n\n<figure class=\"wp-block-embed is-type-video is-provider-youtube wp-block-embed-youtube embed-responsive wp-embed-aspect-16-9 wp-has-aspect-ratio\"><div class=\"wp-block-embed__wrapper\">\n<iframe loading=\"lazy\" title=\"Sweet Home 3D Tutorial - How to combine models together\" width=\"500\" height=\"281\" src=\"https:\/\/www.youtube.com\/embed\/sljp8C4WwGA?feature=oembed\" frameborder=\"0\" allow=\"accelerometer; autoplay; clipboard-write; encrypted-media; gyroscope; picture-in-picture; web-share\" referrerpolicy=\"strict-origin-when-cross-origin\" allowfullscreen><\/iframe>\n<\/div><\/figure>\n\n\n\n<figure class=\"wp-block-embed is-type-video is-provider-youtube wp-block-embed-youtube embed-responsive wp-embed-aspect-16-9 wp-has-aspect-ratio\"><div class=\"wp-block-embed__wrapper\">\n<iframe loading=\"lazy\" title=\"Sweet Home 3D Tutorial - 1 Minute to create a mirror effect\" width=\"500\" height=\"281\" src=\"https:\/\/www.youtube.com\/embed\/_Lilr9r9JvU?feature=oembed\" frameborder=\"0\" allow=\"accelerometer; autoplay; clipboard-write; encrypted-media; gyroscope; picture-in-picture; web-share\" referrerpolicy=\"strict-origin-when-cross-origin\" allowfullscreen><\/iframe>\n<\/div><\/figure>\n<\/div>\n<h3 class=\"wp-block-heading\" id=\"render-anh-va-video\">Render \u1ea3nh v\u00e0 video<\/h3>\n<div class=\"wp-block-group is-layout-grid wp-container-core-group-is-layout-da7a6a80 wp-block-group-is-layout-grid\">\n<figure class=\"wp-block-embed is-type-video is-provider-youtube wp-block-embed-youtube embed-responsive wp-embed-aspect-16-9 wp-has-aspect-ratio\"><div class=\"wp-block-embed__wrapper\">\n<iframe loading=\"lazy\" title=\"Sweet Home 3D Tutorial - How to create a video rendering\" width=\"500\" height=\"281\" src=\"https:\/\/www.youtube.com\/embed\/W_ExaiIvSHU?feature=oembed\" frameborder=\"0\" allow=\"accelerometer; autoplay; clipboard-write; encrypted-media; gyroscope; picture-in-picture; web-share\" referrerpolicy=\"strict-origin-when-cross-origin\" allowfullscreen><\/iframe>\n<\/div><\/figure>\n\n\n\n<figure class=\"wp-block-embed is-type-video is-provider-youtube wp-block-embed-youtube embed-responsive wp-embed-aspect-16-9 wp-has-aspect-ratio\"><div class=\"wp-block-embed__wrapper\">\n<iframe loading=\"lazy\" title=\"Sweet Home 3D - House with terrace video tour\" width=\"500\" height=\"281\" src=\"https:\/\/www.youtube.com\/embed\/wTnmSzyTvIs?feature=oembed\" frameborder=\"0\" allow=\"accelerometer; autoplay; clipboard-write; encrypted-media; gyroscope; picture-in-picture; web-share\" referrerpolicy=\"strict-origin-when-cross-origin\" allowfullscreen><\/iframe>\n<\/div><\/figure>\n<\/div>\n<h3 class=\"wp-block-heading\" id=\"che-do-xem-3d\">Ch\u1ebf \u0111\u1ed9 xem 3D<\/h3>\n<div class=\"wp-block-group is-layout-grid wp-container-core-group-is-layout-da7a6a80 wp-block-group-is-layout-grid\">\n<figure class=\"wp-block-embed is-type-video is-provider-youtube wp-block-embed-youtube embed-responsive wp-embed-aspect-16-9 wp-has-aspect-ratio\"><div class=\"wp-block-embed__wrapper\">\n<iframe loading=\"lazy\" title=\"Sweet Home 3D Tutorial - 1 Minute to create a side view with dimensions\" width=\"500\" height=\"281\" src=\"https:\/\/www.youtube.com\/embed\/72Lz6qGNtr0?feature=oembed\" frameborder=\"0\" allow=\"accelerometer; autoplay; clipboard-write; encrypted-media; gyroscope; picture-in-picture; web-share\" referrerpolicy=\"strict-origin-when-cross-origin\" allowfullscreen><\/iframe>\n<\/div><\/figure>\n<\/div>\n<h3 class=\"wp-block-heading\" id=\"sweet-home-3d-mobile\">Sweet home 3D Mobile<\/h3>\n<div class=\"wp-block-group is-layout-grid wp-container-core-group-is-layout-da7a6a80 wp-block-group-is-layout-grid\">\n<figure class=\"wp-block-embed is-type-video is-provider-youtube wp-block-embed-youtube embed-responsive wp-embed-aspect-16-9 wp-has-aspect-ratio\"><div class=\"wp-block-embed__wrapper\">\n<iframe loading=\"lazy\" title=\"Sweet Home 3D Tutorial for mobile version\" width=\"500\" height=\"281\" src=\"https:\/\/www.youtube.com\/embed\/kXd1S2xpaQk?feature=oembed\" frameborder=\"0\" allow=\"accelerometer; autoplay; clipboard-write; encrypted-media; gyroscope; picture-in-picture; web-share\" referrerpolicy=\"strict-origin-when-cross-origin\" allowfullscreen><\/iframe>\n<\/div><\/figure>\n<\/div>\n\n<p>C\u0169ng h\u00e3y gh\u00e9 th\u0103m <a href=\"https:\/\/www.youtube.com\/SweetHome3D\" target=\"_blank\" rel=\"noopener\">k\u00eanh YouTube Sweet Home 3D<\/a> \u0111\u1ec3 xem th\u00eam h\u01b0\u1edbng d\u1eabn v\u00e0 \u0111\u1ecdc b\u00e0i vi\u1ebft trong blog v\u1ec1 <a href=\"\/blog\/2016\/11\/29\/best_video_tutorials_about_sweet_home_3d.html\">c\u00e1c video h\u01b0\u1edbng d\u1eabn hay nh\u1ea5t<\/a>.<\/p>\n<h2 class=\"wp-block-heading\" id=\"huong-dan-danh-cho-nha-phat-trien\">H\u01b0\u1edbng d\u1eabn d\u00e0nh cho nh\u00e0 ph\u00e1t tri\u1ec3n<\/h2>\n<p>N\u1ebfu b\u1ea1n mu\u1ed1n l\u1eadp tr\u00ecnh m\u1ed9t <a href=\"https:\/\/wp-test-1.sweethome3d.eu\/vi\/plugin-va-cong-cu\/\" data-type=\"page\" data-id=\"437\">plug-in<\/a> cho <a href=\"https:\/\/wp-test-1.sweethome3d.eu\/vi\/tai-xuong\/\" data-type=\"page\" data-id=\"396\">Sweet Home 3D<\/a>, h\u00e3y \u0111\u1ecdc tr\u01b0\u1edbc <a href=\"https:\/\/wp-test-1.sweethome3d.eu\/vi\/huong-dan-phat-trien-plug-in\/\" data-type=\"page\" data-id=\"4964\">h\u01b0\u1edbng d\u1eabn nh\u00e0 ph\u00e1t tri\u1ec3n plug-in<\/a>.<\/p>\n\n<p>N\u1ebfu b\u1ea1n t\u00ecm ki\u1ebfm th\u00f4ng tin v\u1ec1 ki\u1ebfn tr\u00fac c\u1ee7a <a href=\"https:\/\/wp-test-1.sweethome3d.eu\/vi\/tai-xuong\/\" data-type=\"page\" data-id=\"396\">Sweet Home 3D<\/a>, b\u1ea1n c\u00f3 th\u1ec3 \u0111\u1ecdc:<\/p>\n\n<ul class=\"wp-block-list\">\n<li>API \u0111\u01b0\u1ee3c t\u1ea1o b\u1eb1ng javadoc, c\u00f3 s\u1eb5n <a href=\"\/javadoc\/index.html\">tr\u1ef1c tuy\u1ebfn<\/a> ho\u1eb7c <a href=\"https:\/\/sourceforge.net\/projects\/sweethome3d\/files\/SweetHome3D-source\/SweetHome3D-7.5-src\/SweetHome3D-7.5-javadoc.zip\/download\" target=\"_blank\" rel=\"noopener\">\u0111\u1ec3 t\u1ea3i v\u1ec1<\/a>,<\/li>\n\n\n\n<li><a href=\"https:\/\/wp-test-1.sweethome3d.eu\/vi\/huong-dan-phat-trien-plug-in\/\" data-type=\"page\" data-id=\"4964\">ph\u1ea7n cu\u1ed1i c\u1ee7a h\u01b0\u1edbng d\u1eabn nh\u00e0 ph\u00e1t tri\u1ec3n plug-in<\/a> cung c\u1ea5p m\u1ed9t s\u1ed1 chi ti\u1ebft v\u1ec1 c\u00e1c l\u1edbp c\u1ee7a <a href=\"\/javadoc\/com\/eteks\/sweethome3d\/model\/package-summary.html\">model<\/a> Sweet Home 3D,<\/li>\n\n\n\n<li>cu\u1ed1n s\u00e1ch ti\u1ebfng Ph\u00e1p <a href=\"https:\/\/www.eteks.com\/services\/cahierswing.html\" target=\"_blank\" rel=\"noopener\">Les cahiers du programmeur Swing<\/a>, \u0111\u01b0\u1ee3c vi\u1ebft b\u1edfi Emmanuel Puybaret v\u00e0 xu\u1ea5t b\u1ea3n b\u1edfi Editions Eyrolles v\u00e0o th\u00e1ng 12 n\u0103m 2006, <a href=\"\/v0.10\/SweetHome3D.jnlp\">Sweet Home 3D phi\u00ean b\u1ea3n 0.10<\/a> l\u00e0 tr\u01b0\u1eddng h\u1ee3p nghi\u00ean c\u1ee9u c\u1ee7a cu\u1ed1n s\u00e1ch.<\/li>\n<\/ul>\n\n<p>N\u1ebfu b\u1ea1n mu\u1ed1n d\u1ecbch <a href=\"https:\/\/wp-test-1.sweethome3d.eu\/vi\/tai-xuong\/\" data-type=\"page\" data-id=\"396\">Sweet Home 3D<\/a> sang ng\u00f4n ng\u1eef c\u1ee7a m\u00ecnh, h\u00e3y \u0111\u1ecdc <a href=\"https:\/\/wp-test-1.sweethome3d.eu\/vi\/huong-dan-dich-thuat\/\" data-type=\"page\" data-id=\"5142\">h\u01b0\u1edbng d\u1eabn d\u1ecbch thu\u1eadt<\/a>.<\/p>\n<h2 class=\"wp-block-heading\" id=\"danh-gia-va-giai-thuong\">\u0110\u00e1nh gi\u00e1 v\u00e0 gi\u1ea3i th\u01b0\u1edfng<\/h2>\n<p>M\u1ed9t s\u1ed1 \u0111\u00e1nh gi\u00e1 tr\u00ean web:<\/p>\n\n<ul class=\"wp-block-list\">\n<li><a href=\"https:\/\/www.softpedia.com\/reviews\/windows\/Sweet-Home-3D--Review-77686.shtml\" class=\"broken_link\" target=\"_blank\" rel=\"noopener\">You Can Easily Become an Interior Designer!<\/a> v\u00e0 <a href=\"https:\/\/mac.softpedia.com\/get\/Graphics\/Sweet-Home-3D.shtml\" class=\"broken_link\" target=\"_blank\" rel=\"noopener\">Sweet Home 3D for Mac Review<\/a> tr\u00ean <a href=\"https:\/\/www.softpedia.com\/\" target=\"_blank\" rel=\"noopener\">Softpedia<\/a><\/li>\n\n\n\n<li><a href=\"https:\/\/www.linux.com\/news\/sweet-home-3d-simple-interior-design\/\" target=\"_blank\" rel=\"noopener\">Sweet Home 3D: simple interior design<\/a> tr\u00ean <a href=\"https:\/\/www.linux.com\/\" target=\"_blank\" rel=\"noopener\">linux.com<\/a><\/li>\n\n\n\n<li><a href=\"https:\/\/www.brighthub.com\/computing\/mac-platform\/reviews\/33256.aspx\" target=\"_blank\" rel=\"noopener\">Sweet Home 3D Review<\/a> tr\u00ean <a href=\"https:\/\/www.brighthub.com\/\" target=\"_blank\" rel=\"noopener\">Bright hub<\/a><\/li>\n\n\n\n<li><a href=\"https:\/\/linuxlock.blogspot.com\/2011\/01\/of-software-and-soffits.html\" target=\"_blank\" rel=\"noopener\">Of software and soffits<\/a> tr\u00ean <a href=\"https:\/\/linuxlock.blogspot.com\/\" target=\"_blank\" rel=\"noopener\">blog c\u1ee7a helios<\/a><\/li>\n\n\n\n<li><a href=\"https:\/\/www.becoming-home.com\/2008\/04\/03\/its-better-than-moving-furniture\/\" target=\"_blank\" rel=\"noopener\">It&#8217;s better than moving furniture<\/a> tr\u00ean <a href=\"https:\/\/www.becoming-home.com\/\" target=\"_blank\" rel=\"noopener\">becoming home<\/a><\/li>\n\n\n\n<li><a href=\"https:\/\/www.g2.com\/\" class=\"broken_link\" target=\"_blank\" rel=\"noopener\">The rise of an amateur architect<\/a> tr\u00ean <a href=\"https:\/\/ragnvald.medium.com\/\" class=\"broken_link\" target=\"_blank\" rel=\"noopener\">blog Ragnvald Larsen<\/a><\/li>\n\n\n\n<li><a href=\"https:\/\/svedic.org\/personal\/free-interior-design-with-sweet-home-3d-and-sketchup\" target=\"_blank\" rel=\"noopener\">Free Interior Design With Sweet Home 3D and SketchUp<\/a> tr\u00ean <a href=\"https:\/\/svedic.org\/\" target=\"_blank\" rel=\"noopener\">blog Svedic<\/a><\/li>\n\n\n\n<li><a href=\"https:\/\/3djunkfair.blogspot.co.at\/\" target=\"_blank\" rel=\"noopener\">My 3D Junk Fair<\/a> m\u1ed9t blog n\u01a1i Leonhard Grugl chia s\u1ebb nh\u1eefng kh\u00e1m ph\u00e1 c\u1ee7a m\u00ecnh v\u1ec1 Sweet Home 3D<\/li>\n\n\n\n<li><a href=\"https:\/\/listoffreeware.com\/best-free-3d-floor-plan-software-windows\/\" target=\"_blank\" rel=\"noopener\">5 Best Free 3D Floor Plan Software For Windows<\/a> tr\u00ean <a href=\"https:\/\/listoffreeware.com\/\" target=\"_blank\" rel=\"noopener\">List of freeware<\/a><\/li>\n\n\n\n<li><a href=\"https:\/\/sourceforge.net\/projects\/sweethome3d\/reviews\/\" target=\"_blank\" rel=\"noopener\">\u0110\u00e1nh gi\u00e1 c\u1ee7a ng\u01b0\u1eddi d\u00f9ng<\/a> tr\u00ean <a href=\"https:\/\/sourceforge.net\/\" class=\"broken_link\" target=\"_blank\" rel=\"noopener\">SourceForge.net<\/a><\/li>\n<\/ul>\n\n<p>\u0110\u00e1nh gi\u00e1 tr\u00ean b\u00e1o ch\u00ed:<\/p>\n\n<ul class=\"wp-block-list\">\n<li><a href=\"https:\/\/www.linuxpromagazine.com\/issues\/2008\/95\/projects_on_the_move\" target=\"_blank\" rel=\"noopener\">Projects on the move<\/a>, trong s\u1ed1 <a href=\"https:\/\/www.linuxpromagazine.com\/issues\/2008\/95\" target=\"_blank\" rel=\"noopener\">#95 c\u1ee7a Linux Pro Magazine<\/a> (th\u00e1ng 10 n\u0103m 2008)<\/li>\n<\/ul>\n\n<p>Xem th\u00eam c\u00e1c \u0111\u00e1nh gi\u00e1 b\u1eb1ng <a href=\"https:\/\/wp-test-1.sweethome3d.eu\/vi\/tai-lieu\/\" data-type=\"page\" data-id=\"418\">ti\u1ebfng Ph\u00e1p<\/a>, <a href=\"https:\/\/wp-test-1.sweethome3d.eu\/vi\/tai-lieu\/\" data-type=\"page\" data-id=\"418\">ti\u1ebfng \u0110\u1ee9c<\/a>, <a href=\"https:\/\/wp-test-1.sweethome3d.eu\/vi\/tai-lieu\/\" data-type=\"page\" data-id=\"418\">ti\u1ebfng T\u00e2y Ban Nha<\/a> v\u00e0 <a href=\"https:\/\/wp-test-1.sweethome3d.eu\/vi\/tai-lieu\/\" data-type=\"page\" data-id=\"418\">ti\u1ebfng Nga<\/a>.<\/p>\n\n<hr class=\"wp-block-separator has-text-color has-white-color has-alpha-channel-opacity has-white-background-color has-background is-style-default\" \/>\n\n<div class=\"wp-block-group is-content-justification-center is-nowrap is-layout-flex wp-container-core-group-is-layout-94bc23d7 wp-block-group-is-layout-flex\">\n<figure class=\"wp-block-image size-full\"><a href=\"https:\/\/www.softpedia.com\/reviews\/mac\/Sweet-Home-3D--Review-77686.shtml\" class=\"broken_link\" target=\"_blank\" rel=\"noopener\"><img loading=\"lazy\" decoding=\"async\" width=\"157\" height=\"100\" src=\"https:\/\/wp-test-1.sweethome3d.eu\/wp-content\/uploads\/2025\/10\/softpediaAward.png\" alt=\"\" class=\"wp-image-4814\" \/><\/a><\/figure>\n\n\n\n<figure class=\"wp-block-image size-full\"><a href=\"https:\/\/sweet-home-3d.en.softonic.com\/\" target=\"_blank\" rel=\"noopener\"><img loading=\"lazy\" decoding=\"async\" width=\"167\" height=\"99\" src=\"https:\/\/wp-test-1.sweethome3d.eu\/wp-content\/uploads\/2025\/10\/softonicEditorChoice.png\" alt=\"\" class=\"wp-image-4815\" \/><\/a><\/figure>\n\n\n\n<figure class=\"wp-block-image size-full\"><a href=\"https:\/\/sweet-home-3d.software.informer.com\/\" target=\"_blank\" rel=\"noopener\"><img loading=\"lazy\" decoding=\"async\" width=\"170\" height=\"170\" src=\"https:\/\/wp-test-1.sweethome3d.eu\/wp-content\/uploads\/2025\/10\/si-award-epick5.png\" alt=\"\" class=\"wp-image-4816\" srcset=\"https:\/\/wp-test-1.sweethome3d.eu\/wp-content\/uploads\/2025\/10\/si-award-epick5.png 170w, https:\/\/wp-test-1.sweethome3d.eu\/wp-content\/uploads\/2025\/10\/si-award-epick5-130x130.png 130w\" sizes=\"auto, (max-width: 170px) 100vw, 170px\" \/><\/a><\/figure>\n\n\n\n<figure class=\"wp-block-image size-full\"><a href=\"https:\/\/maddownload.com\/education-hobby\/sweet-home-3d\/\" target=\"_blank\" rel=\"noopener\"><img loading=\"lazy\" decoding=\"async\" width=\"150\" height=\"150\" src=\"https:\/\/wp-test-1.sweethome3d.eu\/wp-content\/uploads\/2025\/10\/maddownload_editors_choice_transparent-150x150-1-150x150-1.png\" alt=\"\" class=\"wp-image-4817\" srcset=\"https:\/\/wp-test-1.sweethome3d.eu\/wp-content\/uploads\/2025\/10\/maddownload_editors_choice_transparent-150x150-1-150x150-1.png 150w, https:\/\/wp-test-1.sweethome3d.eu\/wp-content\/uploads\/2025\/10\/maddownload_editors_choice_transparent-150x150-1-150x150-1-130x130.png 130w\" sizes=\"auto, (max-width: 150px) 100vw, 150px\" \/><\/a><\/figure>\n\n\n\n<figure class=\"wp-block-image size-full\"><a href=\"https:\/\/sweet-home-3d.findmysoft.com\/\" class=\"broken_link\" target=\"_blank\" rel=\"noopener\"><img loading=\"lazy\" decoding=\"async\" width=\"158\" height=\"57\" src=\"https:\/\/wp-test-1.sweethome3d.eu\/wp-content\/uploads\/2025\/10\/review2_5_Sweet-Home-3D_award.png\" alt=\"\" class=\"wp-image-4818\" \/><\/a><\/figure>\n<\/div>\n","protected":false},"excerpt":{"rendered":"<p>Trang n\u00e0y m\u00f4 t\u1ea3 c\u00e1c t\u00e0i li\u1ec7u hi\u1ec7n c\u00f3 cho Sweet Home 3D. H\u01b0\u1edbng d\u1eabn ng\u01b0\u1eddi d\u00f9ng H\u01b0\u1edbng d\u1eabn ng\u01b0\u1eddi d\u00f9ng Sweet Home 3D c\u00f3 s\u1eb5n t\u1ea1i trang n\u00e0y, v\u00e0 danh s\u00e1ch c\u00e1c ph\u00edm t\u1eaft trong t\u00e0i li\u1ec7u n\u00e0y (PDF). Sweet Home 3D c\u0169ng cung c\u1ea5p FAQ \u0111\u01b0\u1ee3c c\u1eadp nh\u1eadt th\u01b0\u1eddng xuy\u00ean v\u00e0 tr\u1ee3 gi\u00fap [&hellip;]<\/p>\n","protected":false},"author":2,"featured_media":6180,"parent":0,"menu_order":0,"comment_status":"closed","ping_status":"closed","template":"","meta":{"inline_featured_image":false,"footnotes":""},"class_list":["post-6186","page","type-page","status-publish","has-post-thumbnail","hentry"],"_links":{"self":[{"href":"https:\/\/wp-test-1.sweethome3d.eu\/vi\/wp-json\/wp\/v2\/pages\/6186","targetHints":{"allow":["GET"]}}],"collection":[{"href":"https:\/\/wp-test-1.sweethome3d.eu\/vi\/wp-json\/wp\/v2\/pages"}],"about":[{"href":"https:\/\/wp-test-1.sweethome3d.eu\/vi\/wp-json\/wp\/v2\/types\/page"}],"author":[{"embeddable":true,"href":"https:\/\/wp-test-1.sweethome3d.eu\/vi\/wp-json\/wp\/v2\/users\/2"}],"replies":[{"embeddable":true,"href":"https:\/\/wp-test-1.sweethome3d.eu\/vi\/wp-json\/wp\/v2\/comments?post=6186"}],"version-history":[{"count":8,"href":"https:\/\/wp-test-1.sweethome3d.eu\/vi\/wp-json\/wp\/v2\/pages\/6186\/revisions"}],"predecessor-version":[{"id":11814,"href":"https:\/\/wp-test-1.sweethome3d.eu\/vi\/wp-json\/wp\/v2\/pages\/6186\/revisions\/11814"}],"wp:featuredmedia":[{"embeddable":true,"href":"https:\/\/wp-test-1.sweethome3d.eu\/vi\/wp-json\/wp\/v2\/media\/6180"}],"wp:attachment":[{"href":"https:\/\/wp-test-1.sweethome3d.eu\/vi\/wp-json\/wp\/v2\/media?parent=6186"}],"curies":[{"name":"wp","href":"https:\/\/api.w.org\/{rel}","templated":true}]}}