{"id":6218,"date":"2025-09-19T09:07:08","date_gmt":"2025-09-19T09:07:08","guid":{"rendered":"https:\/\/wp-test-1.sweethome3d.eu\/quyen-gop\/"},"modified":"2025-11-11T14:40:08","modified_gmt":"2025-11-11T14:40:08","slug":"quyen-gop","status":"publish","type":"page","link":"https:\/\/wp-test-1.sweethome3d.eu\/vi\/quyen-gop\/","title":{"rendered":"Quy\u00ean g\u00f3p"},"content":{"rendered":"\n<p class=\"has-text-align-center\"><a href=\"\/\" data-action=\"wce_test\">Sweet Home 3D<\/a> \u0111\u00e3 gi\u00fap b\u1ea1n th\u00e0nh c\u00f4ng trong d\u1ef1 \u00e1n c\u1ee7a m\u00ecnh?<br\/>B\u1ea1n th\u00edch s\u1ef1 h\u1ed7 tr\u1ee3 \u0111\u01b0\u1ee3c cung c\u1ea5p b\u1edfi trang web n\u00e0y?<br\/>B\u1ea1n \u0111\u00e1nh gi\u00e1 cao vi\u1ec7c kh\u00f4ng c\u00f3 qu\u1ea3ng c\u00e1o tr\u00ean trang n\u00e0y?<\/p>\n\n<p class=\"has-text-align-center\">V\u1eady th\u00ec&#8230; \u0111\u1eebng do d\u1ef1 n\u1eefa! H\u00e3y gi\u00fap <a href=\"https:\/\/wp-test-1.sweethome3d.eu\/vi\/tai-xuong\/\" data-type=\"page\" data-id=\"396\" data-action=\"wce_test\">Sweet Home 3D<\/a> v\u00e0 quy\u00ean g\u00f3p cho d\u1ef1 \u00e1n n\u00e0y.<br\/>\u0110i\u1ec1u \u0111\u00f3 s\u1ebd \u0111\u01b0\u1ee3c \u0111\u00e1nh gi\u00e1 r\u1ea5t cao. <\/p>\n\n<p class=\"has-text-align-center\">B\u1ea1n ch\u1ec9 c\u1ea7n nh\u1eadp s\u1ed1 ti\u1ec1n quy\u00ean g\u00f3p c\u1ee7a m\u00ecnh b\u00ean d\u01b0\u1edbi<br\/>v\u00e0 b\u1ea5m v\u00e0o n\u00fat Paypal <em>Quy\u00ean g\u00f3p<\/em>.<\/p>\n\n\n\t<div id=\"donate-button-container\" style=\"text-align:center; margin:2rem 0;\">\n\t\t<div id=\"donate-button\"><\/div>\n\t\t<script src=\"https:\/\/www.paypalobjects.com\/donate\/sdk\/donate-sdk.js\" charset=\"UTF-8\"><\/script>\n\t\t<script>\n\t\t\tPayPal.Donation.Button({\n\t\t\t\tenv: 'production',\n\t\t\t\thosted_button_id: 'Q2F4V9B6WMY7N',\n\t\t\t\timage: {\n\t\t\t\t\tsrc: 'https:\/\/wp-test-1.sweethome3d.eu\/wp-content\/themes\/sh3d\/assets\/img\/paypal\/btn_donateCC_LG_en_US.gif',\n\t\t\t\t\talt: 'Donate with PayPal button',\n\t\t\t\t\ttitle: 'PayPal - The safer, easier way to pay online!'\n\t\t\t\t}\n\t\t\t}).render('#donate-button');\n\t\t<\/script>\n\t<\/div>\n\n\t\n","protected":false},"excerpt":{"rendered":"<p>Sweet Home 3D \u0111\u00e3 gi\u00fap b\u1ea1n th\u00e0nh c\u00f4ng trong d\u1ef1 \u00e1n c\u1ee7a m\u00ecnh?B\u1ea1n th\u00edch s\u1ef1 h\u1ed7 tr\u1ee3 \u0111\u01b0\u1ee3c cung c\u1ea5p b\u1edfi trang web n\u00e0y?B\u1ea1n \u0111\u00e1nh gi\u00e1 cao vi\u1ec7c kh\u00f4ng c\u00f3 qu\u1ea3ng c\u00e1o tr\u00ean trang n\u00e0y? V\u1eady th\u00ec&#8230; \u0111\u1eebng do d\u1ef1 n\u1eefa! H\u00e3y gi\u00fap Sweet Home 3D v\u00e0 quy\u00ean g\u00f3p cho d\u1ef1 \u00e1n n\u00e0y.\u0110i\u1ec1u \u0111\u00f3 s\u1ebd [&hellip;]<\/p>\n","protected":false},"author":2,"featured_media":0,"parent":0,"menu_order":0,"comment_status":"closed","ping_status":"closed","template":"","meta":{"inline_featured_image":false,"footnotes":""},"class_list":["post-6218","page","type-page","status-publish","hentry"],"_links":{"self":[{"href":"https:\/\/wp-test-1.sweethome3d.eu\/vi\/wp-json\/wp\/v2\/pages\/6218","targetHints":{"allow":["GET"]}}],"collection":[{"href":"https:\/\/wp-test-1.sweethome3d.eu\/vi\/wp-json\/wp\/v2\/pages"}],"about":[{"href":"https:\/\/wp-test-1.sweethome3d.eu\/vi\/wp-json\/wp\/v2\/types\/page"}],"author":[{"embeddable":true,"href":"https:\/\/wp-test-1.sweethome3d.eu\/vi\/wp-json\/wp\/v2\/users\/2"}],"replies":[{"embeddable":true,"href":"https:\/\/wp-test-1.sweethome3d.eu\/vi\/wp-json\/wp\/v2\/comments?post=6218"}],"version-history":[{"count":2,"href":"https:\/\/wp-test-1.sweethome3d.eu\/vi\/wp-json\/wp\/v2\/pages\/6218\/revisions"}],"predecessor-version":[{"id":6364,"href":"https:\/\/wp-test-1.sweethome3d.eu\/vi\/wp-json\/wp\/v2\/pages\/6218\/revisions\/6364"}],"wp:attachment":[{"href":"https:\/\/wp-test-1.sweethome3d.eu\/vi\/wp-json\/wp\/v2\/media?parent=6218"}],"curies":[{"name":"wp","href":"https:\/\/api.w.org\/{rel}","templated":true}]}}