{"id":6596,"date":"2025-09-18T11:00:31","date_gmt":"2025-09-18T11:00:31","guid":{"rendered":"https:\/\/wp-test-1.sweethome3d.eu\/sweet-home-3d-online-manager\/"},"modified":"2025-11-07T13:09:16","modified_gmt":"2025-11-07T13:09:16","slug":"sweet-home-3d-online-manager","status":"publish","type":"page","link":"https:\/\/wp-test-1.sweethome3d.eu\/vi\/sweet-home-3d-online-manager\/","title":{"rendered":"Sweet Home 3D Online Manager"},"content":{"rendered":"<h2 class=\"wp-block-heading has-text-align-center\" id=\"thiet-ke-ngoi-nha-cua-ban-truc-tiep-tren-trinh-duyet\">Thi\u1ebft k\u1ebf ng\u00f4i nh\u00e0 c\u1ee7a b\u1ea1n tr\u1ef1c ti\u1ebfp tr\u00ean tr\u00ecnh duy\u1ec7t<\/h2><h3 class=\"wp-block-heading has-text-align-center\" id=\"dung-thu-sweet-home-3d-js-online-duoi-dang-ban-demo\">D\u00f9ng th\u1eed Sweet Home 3D JS Online d\u01b0\u1edbi d\u1ea1ng b\u1ea3n demo<\/h3><div class=\"wp-block-image\">\n<figure class=\"aligncenter size-full\"><img loading=\"lazy\" decoding=\"async\" width=\"128\" height=\"74\" src=\"https:\/\/wp-test-1.sweethome3d.eu\/wp-content\/uploads\/2025\/09\/smartphoneTabletComputer.png\" alt=\"\" class=\"wp-image-496\"\/><\/figure>\n<\/div>\n<p class=\"has-text-align-center\"><strong>Tr\u00ecnh qu\u1ea3n l\u00fd Sweet Home 3D tr\u1ef1c tuy\u1ebfn<\/strong> l\u00e0 m\u1ed9t <strong>d\u1ecbch v\u1ee5 thi\u1ebft k\u1ebf n\u1ed9i th\u1ea5t<\/strong> m\u1ea1nh m\u1ebd cho ph\u00e9p b\u1ea1n thi\u1ebft k\u1ebf <strong>b\u1ea3n v\u1ebd nh\u00e0<\/strong> tr\u1ef1c tuy\u1ebfn ngay t\u1eeb tr\u00ecnh duy\u1ec7t, kh\u00f4ng c\u1ea7n c\u00e0i \u0111\u1eb7t. Phi\u00ean b\u1ea3n tr\u1ef1c tuy\u1ebfn cung c\u1ea5p kh\u1ea3 n\u0103ng d\u00f9ng th\u1eed Sweet Home 3D tr\u01b0\u1edbc khi t\u1ea3i xu\u1ed1ng. <\/p>\n\n<p class=\"has-text-align-center\"><a href=\"https:\/\/www.sweethome3d.com\/SweetHome3DJSOnline.jsp\" data-type=\"link\" data-id=\"https:\/\/www.sweethome3d.com\/SweetHome3DJSOnline.jsp\" data-action=\"wce_online_testonline_hyperlink\" target=\"_blank\" rel=\"noopener\">D\u00f9ng th\u1eed Sweet Home 3D JS tr\u1ef1c tuy\u1ebfn nh\u01b0 phi\u00ean b\u1ea3n demo<\/a><\/p>\n\n<p class=\"has-text-align-center\">N\u1ebfu b\u1ea1n s\u1eed d\u1ee5ng phi\u00ean b\u1ea3n Sweet Home 3D c\u00f3 s\u1eb5n \u0111\u1ec3 <a href=\"https:\/\/wp-test-1.sweethome3d.eu\/vi\/tai-xuong\/\" data-type=\"page\" data-id=\"396\">t\u1ea3i xu\u1ed1ng<\/a>, b\u1ea1n c\u0169ng c\u00f3 th\u1ec3 <a href=\"https:\/\/wp-test-1.sweethome3d.eu\/vi\/huong-dan-su-dung-sweet-home-3d\/#importing-home-blueprint\" data-type=\"link\" data-id=\"https:\/\/wp-test-1.sweethome3d.eu\/users-guide\/#importing-home-blueprint\">nh\u1eadp<\/a> t\u1ec7p nh\u00e0 m\u00e0 b\u1ea1n \u0111\u00e3 thi\u1ebft k\u1ebf, <a href=\"https:\/\/wp-test-1.sweethome3d.eu\/vi\/huong-dan-su-dung-sweet-home-3d\/#editing-3d-view\" data-type=\"link\" data-id=\"https:\/\/wp-test-1.sweethome3d.eu\/users-guide\/#editing-3d-view\">xem n\u00f3 \u1edf ch\u1ebf \u0111\u1ed9 2D \/ 3D<\/a>, ch\u1ec9nh s\u1eeda v\u00e0 <a href=\"https:\/\/wp-test-1.sweethome3d.eu\/vi\/huong-dan-su-dung-sweet-home-3d\/#export-to-obj-format\" data-type=\"link\" data-id=\"https:\/\/wp-test-1.sweethome3d.eu\/users-guide\/#export-to-obj-format\">xu\u1ea5t<\/a> b\u1eb1ng c\u00f4ng c\u1ee5 n\u00e0y \u2014 bi\u1ebfn n\u00f3 th\u00e0nh m\u1ed9t <strong>tr\u00ecnh t\u1ea1o m\u1eb7t b\u1eb1ng<\/strong> v\u00e0 <strong>ph\u1ea7n m\u1ec1m v\u1ebd n\u1ed9i th\u1ea5t<\/strong> ti\u1ec7n l\u1ee3i.<\/p>\n\n<p class=\"has-text-align-center\"><a href=\"#download\" data-type=\"internal\" data-id=\"#download\">T\u1ea3i xu\u1ed1ng phi\u00ean b\u1ea3n \u0111\u1ea7y \u0111\u1ee7<\/a> \u0111\u1ec3 truy c\u1eadp h\u01a1n 10.000 <a href=\"https:\/\/wp-test-1.sweethome3d.eu\/vi\/nhap-mo-hinh-vao-sweet-home-3d-them-do-noi-that-va-doi-tuong-3d-tuy-chinh\/\" data-type=\"page\" data-id=\"432\">m\u00f4 h\u00ecnh 3D<\/a>, 400 <a href=\"https:\/\/wp-test-1.sweethome3d.eu\/vi\/nhap-texture\/\" data-type=\"page\" data-id=\"4928\">k\u1ebft c\u1ea5u<\/a>, v\u00e0 kh\u1ea3 n\u0103ng th\u00eam c\u00e1c t\u00ednh n\u0103ng \u0111\u1ed9c \u0111\u00e1o cho <a href=\"https:\/\/wp-test-1.sweethome3d.eu\/vi\/huong-dan-su-dung-sweet-home-3d\/#starting-a-new-home\" data-type=\"link\" data-id=\"https:\/\/wp-test-1.sweethome3d.eu\/users-guide\/#starting-a-new-home\">tr\u1ea3i nghi\u1ec7m thi\u1ebft k\u1ebf<\/a> th\u1ef1c s\u1ef1 \u0111\u01b0\u1ee3c t\u00f9y ch\u1ec9nh.<\/p>\n\n<div class=\"wp-block-buttons is-content-justification-center is-layout-flex wp-container-core-buttons-is-layout-16018d1d wp-block-buttons-is-layout-flex\">\n<div class=\"wp-block-button\" data-page=\"online\" data-append-os=\"true\"><a class=\"wp-block-button__link wp-element-button\" href=\"#download\"><img loading=\"lazy\" decoding=\"async\" width=\"21\" height=\"21\" class=\"wp-image-390\" style=\"width: 21px;\" src=\"http:\/\/wp-test-1.sweethome3d.eu\/wp-content\/uploads\/2025\/09\/download-bottom.svg\" alt=\"\"\/> T\u1ea3i xu\u1ed1ng Sweet Home 3D<\/a><\/div>\n<\/div>\n<h3 class=\"wp-block-heading has-text-align-center\" id=\"cach-su-dung-sweet-home-3d-js-truc-tuyen\">C\u00e1ch s\u1eed d\u1ee5ng Sweet Home 3D JS tr\u1ef1c tuy\u1ebfn<\/h3>\n<p class=\"has-text-align-center\"><strong>Tr\u00ecnh qu\u1ea3n l\u00fd Sweet Home 3D tr\u1ef1c tuy\u1ebfn<\/strong> l\u00e0 m\u1ed9t d\u1ecbch v\u1ee5 cho ph\u00e9p b\u1ea1n thi\u1ebft k\u1ebf <strong>b\u1ed1 c\u1ee5c nh\u00e0<\/strong> tr\u1ef1c tuy\u1ebfn v\u1edbi b\u1ea5t k\u1ef3 tr\u00ecnh duy\u1ec7t n\u00e0o t\u01b0\u01a1ng th\u00edch v\u1edbi <a href=\"https:\/\/caniuse.com\/webgl\" target=\"_blank\" rel=\"noopener\">WebGL<\/a>.<\/p>\n\n<p class=\"has-text-align-center\">B\u1ea1n c\u00f3 th\u1ec3 d\u00f9ng th\u1eed d\u1ecbch v\u1ee5 n\u00e0y b\u1eb1ng c\u00e1ch nh\u1ea5p v\u00e0o li\u00ean k\u1ebft b\u00ean d\u01b0\u1edbi, nh\u01b0ng n\u1ebfu mu\u1ed1n c\u00f3 th\u1ec3 <strong>l\u01b0u<\/strong> thi\u1ebft k\u1ebf c\u1ee7a m\u00ecnh, h\u00e3y <a href=\"https:\/\/www.sweethome3d.com\/support\/forum\/registermember\" target=\"_blank\" rel=\"noopener\">\u0111\u0103ng k\u00fd<\/a> mi\u1ec5n ph\u00ed tr\u01b0\u1edbc, sau \u0111\u00f3 <a href=\"https:\/\/www.sweethome3d.com\/support\/forum\/login?url=https%3A%2F%2Fwww.sweethome3d.com%2FSweetHome3DOnlineManager.jsp&amp;forumLogin=false&amp;lang=en\" target=\"_blank\" rel=\"noopener\">\u0111\u0103ng nh\u1eadp<\/a>.<\/p>\n<div class=\"wp-block-image\">\n<figure class=\"aligncenter size-large is-resized\" data-action=\"wce_online_picture\"><img loading=\"lazy\" decoding=\"async\" width=\"1024\" height=\"768\" src=\"https:\/\/wp-test-1.sweethome3d.eu\/wp-content\/uploads\/2025\/09\/SweetHome3DJSOnlineWindows-1024x768.jpg\" alt=\"Tr&#xEC;nh qu&#x1EA3;n l&#xFD; Sweet Home 3D tr&#x1EF1;c tuy&#x1EBF;n\" class=\"wp-image-498\" style=\"width:600px\" srcset=\"https:\/\/wp-test-1.sweethome3d.eu\/wp-content\/uploads\/2025\/09\/SweetHome3DJSOnlineWindows-1024x768.jpg 1024w, https:\/\/wp-test-1.sweethome3d.eu\/wp-content\/uploads\/2025\/09\/SweetHome3DJSOnlineWindows-173x130.jpg 173w, https:\/\/wp-test-1.sweethome3d.eu\/wp-content\/uploads\/2025\/09\/SweetHome3DJSOnlineWindows-360x270.jpg 360w, https:\/\/wp-test-1.sweethome3d.eu\/wp-content\/uploads\/2025\/09\/SweetHome3DJSOnlineWindows-768x576.jpg 768w, https:\/\/wp-test-1.sweethome3d.eu\/wp-content\/uploads\/2025\/09\/SweetHome3DJSOnlineWindows-400x300.jpg 400w, https:\/\/wp-test-1.sweethome3d.eu\/wp-content\/uploads\/2025\/09\/SweetHome3DJSOnlineWindows-120x90.jpg 120w, https:\/\/wp-test-1.sweethome3d.eu\/wp-content\/uploads\/2025\/09\/SweetHome3DJSOnlineWindows.jpg 1200w\" sizes=\"auto, (max-width: 1024px) 100vw, 1024px\" \/><\/figure>\n<\/div>","protected":false},"excerpt":{"rendered":"<p>Thi\u1ebft k\u1ebf ng\u00f4i nh\u00e0 c\u1ee7a b\u1ea1n tr\u1ef1c ti\u1ebfp tr\u00ean tr\u00ecnh duy\u1ec7t D\u00f9ng th\u1eed Sweet Home 3D JS Online d\u01b0\u1edbi d\u1ea1ng b\u1ea3n demo Tr\u00ecnh qu\u1ea3n l\u00fd Sweet Home 3D tr\u1ef1c tuy\u1ebfn l\u00e0 m\u1ed9t d\u1ecbch v\u1ee5 thi\u1ebft k\u1ebf n\u1ed9i th\u1ea5t m\u1ea1nh m\u1ebd cho ph\u00e9p b\u1ea1n thi\u1ebft k\u1ebf b\u1ea3n v\u1ebd nh\u00e0 tr\u1ef1c tuy\u1ebfn ngay t\u1eeb tr\u00ecnh duy\u1ec7t, kh\u00f4ng [&hellip;]<\/p>\n","protected":false},"author":2,"featured_media":6595,"parent":0,"menu_order":0,"comment_status":"closed","ping_status":"closed","template":"","meta":{"inline_featured_image":false,"footnotes":""},"class_list":["post-6596","page","type-page","status-publish","has-post-thumbnail","hentry"],"_links":{"self":[{"href":"https:\/\/wp-test-1.sweethome3d.eu\/vi\/wp-json\/wp\/v2\/pages\/6596","targetHints":{"allow":["GET"]}}],"collection":[{"href":"https:\/\/wp-test-1.sweethome3d.eu\/vi\/wp-json\/wp\/v2\/pages"}],"about":[{"href":"https:\/\/wp-test-1.sweethome3d.eu\/vi\/wp-json\/wp\/v2\/types\/page"}],"author":[{"embeddable":true,"href":"https:\/\/wp-test-1.sweethome3d.eu\/vi\/wp-json\/wp\/v2\/users\/2"}],"replies":[{"embeddable":true,"href":"https:\/\/wp-test-1.sweethome3d.eu\/vi\/wp-json\/wp\/v2\/comments?post=6596"}],"version-history":[{"count":7,"href":"https:\/\/wp-test-1.sweethome3d.eu\/vi\/wp-json\/wp\/v2\/pages\/6596\/revisions"}],"predecessor-version":[{"id":12666,"href":"https:\/\/wp-test-1.sweethome3d.eu\/vi\/wp-json\/wp\/v2\/pages\/6596\/revisions\/12666"}],"wp:featuredmedia":[{"embeddable":true,"href":"https:\/\/wp-test-1.sweethome3d.eu\/vi\/wp-json\/wp\/v2\/media\/6595"}],"wp:attachment":[{"href":"https:\/\/wp-test-1.sweethome3d.eu\/vi\/wp-json\/wp\/v2\/media?parent=6596"}],"curies":[{"name":"wp","href":"https:\/\/api.w.org\/{rel}","templated":true}]}}