{"id":8872,"date":"2025-09-18T11:52:42","date_gmt":"2025-09-18T11:52:42","guid":{"rendered":"https:\/\/wp-test-1.sweethome3d.eu\/tinh-nang-cua-sweet-home-3d\/"},"modified":"2025-11-03T17:20:46","modified_gmt":"2025-11-03T17:20:46","slug":"tinh-nang-cua-sweet-home-3d","status":"publish","type":"page","link":"https:\/\/wp-test-1.sweethome3d.eu\/vi\/tinh-nang-cua-sweet-home-3d\/","title":{"rendered":"T\u00ednh n\u0103ng c\u1ee7a Sweet Home 3D"},"content":{"rendered":"<h2 class=\"wp-block-heading has-text-align-center\" id=\"kham-pha-cac-tinh-nang-chinh-cua-sweet-home-3d\">Kh\u00e1m ph\u00e1 c\u00e1c t\u00ednh n\u0103ng ch\u00ednh c\u1ee7a Sweet Home 3D<\/h2>\n<p class=\"has-text-align-center\">Kh\u00e1m ph\u00e1 c\u00e1c t\u00ednh n\u0103ng ch\u00ednh c\u1ee7a <strong><a href=\"https:\/\/wp-test-1.sweethome3d.eu\/vi\/tai-xuong\/\" data-type=\"page\" data-id=\"396\">Sweet Home 3D<\/a><\/strong>,<br \/>m\u1ed9t \u1ee9ng d\u1ee5ng thi\u1ebft k\u1ebf n\u1ed9i th\u1ea5t mi\u1ec5n ph\u00ed c\u00f3 s\u1eb5n t\u1ea1i <a href=\"https:\/\/www.sweethome3d.com\/\" target=\"_blank\" rel=\"noopener\">https:\/\/www.sweethome3d.com<\/a>.<\/p>\n\n<p class=\"has-text-align-center\">Sweet Home 3D l\u00e0 ph\u1ea7n m\u1ec1m thi\u1ebft k\u1ebf n\u1ed9i th\u1ea5t m\u1ea1nh m\u1ebd v\u00e0 th\u00e2n thi\u1ec7n v\u1edbi ng\u01b0\u1eddi d\u00f9ng, gi\u00fap b\u1ea1n d\u1ec5 d\u00e0ng t\u1ea1o ra c\u00e1c b\u1ea3n v\u1ebd m\u1eb7t b\u1eb1ng nh\u00e0 chi ti\u1ebft v\u00e0 c\u00e1c \u00fd t\u01b0\u1edfng n\u1ed9i th\u1ea5t nh\u00e0 \u0111\u1eb9p. Cho d\u00f9 b\u1ea1n l\u00e0 nh\u00e0 thi\u1ebft k\u1ebf n\u1ed9i th\u1ea5t chuy\u00ean nghi\u1ec7p hay ch\u1ec9 \u0111\u01a1n gi\u1ea3n mu\u1ed1n th\u1eed nghi\u1ec7m c\u00e1c \u00fd t\u01b0\u1edfng ph\u00f2ng, c\u00f4ng c\u1ee5 n\u00e0y c\u00f3 t\u1ea5t c\u1ea3 c\u00e1c t\u00ednh n\u0103ng \u0111\u1ec3 gi\u00fap b\u1ea1n thi\u1ebft k\u1ebf b\u1ed1 c\u1ee5c nh\u00e0 m\u1ed9t c\u00e1ch hi\u1ec7u qu\u1ea3. <\/p>\n<div class=\"wp-block-image\">\n<figure class=\"aligncenter size-full\"><img loading=\"lazy\" decoding=\"async\" width=\"393\" height=\"266\" src=\"https:\/\/wp-test-1.sweethome3d.eu\/wp-content\/uploads\/2025\/09\/SweetHome3DSmall.jpg\" alt=\"T&#xED;nh n&#x103;ng c&#x1EE7;a Sweet Home 3D\" class=\"wp-image-501\" srcset=\"https:\/\/wp-test-1.sweethome3d.eu\/wp-content\/uploads\/2025\/09\/SweetHome3DSmall.jpg 393w, https:\/\/wp-test-1.sweethome3d.eu\/wp-content\/uploads\/2025\/09\/SweetHome3DSmall-192x130.jpg 192w, https:\/\/wp-test-1.sweethome3d.eu\/wp-content\/uploads\/2025\/09\/SweetHome3DSmall-360x244.jpg 360w, https:\/\/wp-test-1.sweethome3d.eu\/wp-content\/uploads\/2025\/09\/SweetHome3DSmall-133x90.jpg 133w\" sizes=\"auto, (max-width: 393px) 100vw, 393px\" \/><\/figure>\n<\/div>\n<div style=\"height:50px\" aria-hidden=\"true\" class=\"wp-block-spacer\"><\/div>\n<h3 class=\"wp-block-heading has-text-align-center\" id=\"ve-tuong-va-tao-ban-ve-mat-bang-chinh-xac\">V\u1ebd t\u01b0\u1eddng v\u00e0 t\u1ea1o b\u1ea3n v\u1ebd m\u1eb7t b\u1eb1ng ch\u00ednh x\u00e1c<\/h3>\n<hr class=\"wp-block-separator has-alpha-channel-opacity is-style-default\" \/>\n\n<div class=\"wp-block-group is-nowrap is-layout-flex wp-container-core-group-is-layout-ad2f72ca wp-block-group-is-layout-flex\">\n<div class=\"wp-block-group is-nowrap is-layout-flex wp-container-core-group-is-layout-ad2f72ca wp-block-group-is-layout-flex\">\n<p><strong>V\u1ebd <\/strong><strong><a href=\"https:\/\/wp-test-1.sweethome3d.eu\/vi\/huong-dan-su-dung-sweet-home-3d\/#drawing-walls\" data-type=\"link\" data-id=\"https:\/\/wp-test-1.sweethome3d.eu\/users-guide\/#drawing-walls\">t\u01b0\u1eddng<\/a><\/strong> th\u1eb3ng, tr\u00f2n ho\u1eb7c nghi\u00eang v\u1edbi k\u00edch th\u01b0\u1edbc ch\u00ednh x\u00e1c b\u1eb1ng chu\u1ed9t ho\u1eb7c b\u00e0n ph\u00edm.<\/p>\n<\/div>\n\n\n\n<figure class=\"wp-block-image size-full is-resized\"><img loading=\"lazy\" decoding=\"async\" width=\"275\" height=\"100\" src=\"https:\/\/wp-test-1.sweethome3d.eu\/wp-content\/uploads\/2025\/09\/drawWalls.png\" alt=\"\" class=\"wp-image-504\" style=\"width:275px\" srcset=\"https:\/\/wp-test-1.sweethome3d.eu\/wp-content\/uploads\/2025\/09\/drawWalls.png 275w, https:\/\/wp-test-1.sweethome3d.eu\/wp-content\/uploads\/2025\/09\/drawWalls-248x90.png 248w\" sizes=\"auto, (max-width: 275px) 100vw, 275px\" \/><\/figure>\n<\/div>\n\n<hr class=\"wp-block-separator has-alpha-channel-opacity\" \/>\n\n<div class=\"wp-block-group is-nowrap is-layout-flex wp-container-core-group-is-layout-ad2f72ca wp-block-group-is-layout-flex\">\n<figure class=\"wp-block-image size-full is-resized\"><img loading=\"lazy\" decoding=\"async\" width=\"275\" height=\"100\" src=\"https:\/\/wp-test-1.sweethome3d.eu\/wp-content\/uploads\/2025\/09\/annotate.png\" alt=\"\" class=\"wp-image-505\" style=\"width:275px\" srcset=\"https:\/\/wp-test-1.sweethome3d.eu\/wp-content\/uploads\/2025\/09\/annotate.png 275w, https:\/\/wp-test-1.sweethome3d.eu\/wp-content\/uploads\/2025\/09\/annotate-248x90.png 248w\" sizes=\"auto, (max-width: 275px) 100vw, 275px\" \/><\/figure>\n\n\n\n<p><strong>Ch\u00fa th\u00edch b\u1ea3n v\u1ebd <\/strong>v\u1edbi <a href=\"https:\/\/wp-test-1.sweethome3d.eu\/vi\/huong-dan-su-dung-sweet-home-3d\/#drawing-rooms\" data-type=\"link\" data-id=\"https:\/\/wp-test-1.sweethome3d.eu\/users-guide\/#drawing-rooms\">di\u1ec7n t\u00edch ph\u00f2ng<\/a>, <a href=\"https:\/\/wp-test-1.sweethome3d.eu\/vi\/huong-dan-su-dung-sweet-home-3d\/#drawing-dimensions\">\u0111\u01b0\u1eddng k\u00edch th\u01b0\u1edbc<\/a>, <a href=\"https:\/\/wp-test-1.sweethome3d.eu\/vi\/huong-dan-su-dung-sweet-home-3d\/#adding-texts\" data-type=\"link\" data-id=\"https:\/\/wp-test-1.sweethome3d.eu\/users-guide\/#adding-texts\">v\u0103n b\u1ea3n<\/a>, m\u0169i t\u00ean v\u00e0 hi\u1ec3n th\u1ecb h\u01b0\u1edbng B\u1eafc b\u1eb1ng hoa h\u1ed3ng la b\u00e0n.<\/p>\n<\/div>\n<h3 class=\"wp-block-heading has-text-align-center\" id=\"chen-cua-cua-so-noi-that-va-tuy-chinh-tung-phong\">Ch\u00e8n c\u1eeda, c\u1eeda s\u1ed5, n\u1ed9i th\u1ea5t v\u00e0 t\u00f9y ch\u1ec9nh t\u1eebng ph\u00f2ng<\/h3>\n<hr class=\"wp-block-separator has-alpha-channel-opacity\" \/>\n\n<div class=\"wp-block-group is-nowrap is-layout-flex wp-container-core-group-is-layout-ad2f72ca wp-block-group-is-layout-flex\">\n<p><strong>Ch\u00e8n <a href=\"https:\/\/wp-test-1.sweethome3d.eu\/vi\/huong-dan-su-dung-sweet-home-3d\/#adding-doors-windows-and-furniture\">c\u1eeda v\u00e0 c\u1eeda s\u1ed5<\/a><\/strong> v\u00e0o t\u01b0\u1eddng b\u1eb1ng c\u00e1ch k\u00e9o ch\u00fang v\u00e0o b\u1ea3n v\u1ebd, v\u00e0 \u0111\u1ec3 <a href=\"https:\/\/wp-test-1.sweethome3d.eu\/vi\/tai-xuong\/\" data-type=\"page\" data-id=\"396\">Sweet Home 3D<\/a> t\u1ef1 \u0111\u1ed9ng t\u00ednh to\u00e1n c\u00e1c l\u1ed7 tr\u00ean t\u01b0\u1eddng<\/p>\n\n\n\n<figure class=\"wp-block-image size-full is-resized\"><img loading=\"lazy\" decoding=\"async\" width=\"275\" height=\"100\" src=\"https:\/\/wp-test-1.sweethome3d.eu\/wp-content\/uploads\/2025\/09\/insertDoors.png\" alt=\"\" class=\"wp-image-506\" style=\"width:275px\" srcset=\"https:\/\/wp-test-1.sweethome3d.eu\/wp-content\/uploads\/2025\/09\/insertDoors.png 275w, https:\/\/wp-test-1.sweethome3d.eu\/wp-content\/uploads\/2025\/09\/insertDoors-248x90.png 248w\" sizes=\"auto, (max-width: 275px) 100vw, 275px\" \/><\/figure>\n<\/div>\n\n<hr class=\"wp-block-separator has-alpha-channel-opacity\" \/>\n\n<div class=\"wp-block-group is-nowrap is-layout-flex wp-container-core-group-is-layout-ad2f72ca wp-block-group-is-layout-flex\">\n<figure class=\"wp-block-image size-full is-resized\"><img loading=\"lazy\" decoding=\"async\" width=\"275\" height=\"100\" src=\"https:\/\/wp-test-1.sweethome3d.eu\/wp-content\/uploads\/2025\/09\/addFurniture.png\" alt=\"\" class=\"wp-image-507\" style=\"width:275px\" srcset=\"https:\/\/wp-test-1.sweethome3d.eu\/wp-content\/uploads\/2025\/09\/addFurniture.png 275w, https:\/\/wp-test-1.sweethome3d.eu\/wp-content\/uploads\/2025\/09\/addFurniture-248x90.png 248w\" sizes=\"auto, (max-width: 275px) 100vw, 275px\" \/><\/figure>\n\n\n\n<p><strong><a href=\"https:\/\/wp-test-1.sweethome3d.eu\/vi\/huong-dan-su-dung-sweet-home-3d\/#adding-doors-windows-and-furniture\">Th\u00eam n\u1ed9i th\u1ea5t<\/a><\/strong> v\u00e0o b\u1ea3n v\u1ebd t\u1eeb m\u1ed9t danh m\u1ee5c c\u00f3 th\u1ec3 t\u00ecm ki\u1ebfm v\u00e0 m\u1edf r\u1ed9ng \u0111\u01b0\u1ee3c, \u0111\u01b0\u1ee3c s\u1eafp x\u1ebfp theo c\u00e1c danh m\u1ee5c nh\u01b0 nh\u00e0 b\u1ebfp, ph\u00f2ng kh\u00e1ch, ph\u00f2ng ng\u1ee7, ph\u00f2ng t\u1eafm&#8230;<\/p>\n<\/div>\n\n<hr class=\"wp-block-separator has-alpha-channel-opacity\" \/>\n\n<div class=\"wp-block-group is-nowrap is-layout-flex wp-container-core-group-is-layout-ad2f72ca wp-block-group-is-layout-flex\">\n<p><strong><a href=\"https:\/\/wp-test-1.sweethome3d.eu\/vi\/huong-dan-su-dung-sweet-home-3d\/#adding-doors-windows-and-furniture\">Thay \u0111\u1ed5i m\u00e0u s\u1eafc<\/a>, k\u1ebft c\u1ea5u<\/strong>, k\u00edch th\u01b0\u1edbc, \u0111\u1ed9 d\u00e0y, v\u1ecb tr\u00ed v\u00e0 h\u01b0\u1edbng c\u1ee7a n\u1ed9i th\u1ea5t, t\u01b0\u1eddng, s\u00e0n v\u00e0 tr\u1ea7n nh\u00e0.<\/p>\n\n\n\n<figure class=\"wp-block-image size-full is-resized\"><img loading=\"lazy\" decoding=\"async\" width=\"275\" height=\"100\" src=\"https:\/\/wp-test-1.sweethome3d.eu\/wp-content\/uploads\/2025\/09\/changeTexture.png\" alt=\"\" class=\"wp-image-508\" style=\"width:275px\" srcset=\"https:\/\/wp-test-1.sweethome3d.eu\/wp-content\/uploads\/2025\/09\/changeTexture.png 275w, https:\/\/wp-test-1.sweethome3d.eu\/wp-content\/uploads\/2025\/09\/changeTexture-248x90.png 248w\" sizes=\"auto, (max-width: 275px) 100vw, 275px\" \/><\/figure>\n<\/div>\n<h3 class=\"wp-block-heading has-text-align-center\" id=\"xem-thiet-ke-o-che-do-2d-va-3d\">Xem thi\u1ebft k\u1ebf \u1edf ch\u1ebf \u0111\u1ed9 2D v\u00e0 3D<\/h3>\n<hr class=\"wp-block-separator has-alpha-channel-opacity\" \/>\n\n<div class=\"wp-block-group is-nowrap is-layout-flex wp-container-core-group-is-layout-ad2f72ca wp-block-group-is-layout-flex\">\n<figure class=\"wp-block-image size-full is-resized\"><img loading=\"lazy\" decoding=\"async\" width=\"275\" height=\"100\" src=\"https:\/\/wp-test-1.sweethome3d.eu\/wp-content\/uploads\/2025\/09\/view3D.png\" alt=\"\" class=\"wp-image-509\" style=\"width:275px\" srcset=\"https:\/\/wp-test-1.sweethome3d.eu\/wp-content\/uploads\/2025\/09\/view3D.png 275w, https:\/\/wp-test-1.sweethome3d.eu\/wp-content\/uploads\/2025\/09\/view3D-248x90.png 248w\" sizes=\"auto, (max-width: 275px) 100vw, 275px\" \/><\/figure>\n\n\n\n<p>Trong khi thi\u1ebft k\u1ebf ng\u00f4i nh\u00e0 \u1edf ch\u1ebf \u0111\u1ed9 2D, b\u1ea1n c\u00f3 th\u1ec3 <strong>\u0111\u1ed3ng th\u1eddi<\/strong> <strong><a href=\"https:\/\/wp-test-1.sweethome3d.eu\/vi\/huong-dan-su-dung-sweet-home-3d\/#editing-3d-view\">xem n\u00f3 \u1edf ch\u1ebf \u0111\u1ed9 3D<\/a><\/strong> t\u1eeb g\u00f3c nh\u00ecn tr\u00ean cao, ho\u1eb7c di chuy\u1ec3n trong \u0111\u00f3 t\u1eeb g\u00f3c nh\u00ecn c\u1ee7a ng\u01b0\u1eddi tham quan \u1ea3o.<\/p>\n<\/div>\n\n<hr class=\"wp-block-separator has-alpha-channel-opacity\" \/>\n\n<div class=\"wp-block-group is-nowrap is-layout-flex wp-container-core-group-is-layout-ad2f72ca wp-block-group-is-layout-flex\">\n<p><strong>T\u1ea1o <a href=\"https:\/\/wp-test-1.sweethome3d.eu\/vi\/huong-dan-su-dung-sweet-home-3d\/#creating-photos-of-the-3d-view\">h\u00ecnh \u1ea3nh<\/a><\/strong> <strong>v\u00e0 <a href=\"https:\/\/wp-test-1.sweethome3d.eu\/vi\/huong-dan-su-dung-sweet-home-3d\/#creating-3d-videos\">video<\/a><\/strong> ch\u00e2n th\u1ef1c v\u1edbi kh\u1ea3 n\u0103ng t\u00f9y ch\u1ec9nh \u00e1nh s\u00e1ng v\u00e0 \u0111i\u1ec1u ch\u1ec9nh hi\u1ec7u \u1ee9ng \u00e1nh s\u00e1ng m\u1eb7t tr\u1eddi theo th\u1eddi gian trong ng\u00e0y v\u00e0 v\u1ecb tr\u00ed \u0111\u1ecba l\u00fd.<\/p>\n\n\n\n<figure class=\"wp-block-image size-full is-resized\"><img loading=\"lazy\" decoding=\"async\" width=\"275\" height=\"100\" src=\"https:\/\/wp-test-1.sweethome3d.eu\/wp-content\/uploads\/2025\/09\/createPhoto.jpg\" alt=\"\" class=\"wp-image-510\" style=\"width:275px\" srcset=\"https:\/\/wp-test-1.sweethome3d.eu\/wp-content\/uploads\/2025\/09\/createPhoto.jpg 275w, https:\/\/wp-test-1.sweethome3d.eu\/wp-content\/uploads\/2025\/09\/createPhoto-248x90.jpg 248w\" sizes=\"auto, (max-width: 275px) 100vw, 275px\" \/><\/figure>\n<\/div>\n<h3 class=\"wp-block-heading has-text-align-center\" id=\"nhap-amp-xuat\">Nh\u1eadp &amp; xu\u1ea5t<\/h3>\n<hr class=\"wp-block-separator has-alpha-channel-opacity\" \/>\n\n<div class=\"wp-block-group is-nowrap is-layout-flex wp-container-core-group-is-layout-ad2f72ca wp-block-group-is-layout-flex\">\n<figure class=\"wp-block-image size-full is-resized\"><img loading=\"lazy\" decoding=\"async\" width=\"275\" height=\"100\" src=\"https:\/\/wp-test-1.sweethome3d.eu\/wp-content\/uploads\/2025\/09\/importFurniture.png\" alt=\"\" class=\"wp-image-511\" style=\"width:275px\" srcset=\"https:\/\/wp-test-1.sweethome3d.eu\/wp-content\/uploads\/2025\/09\/importFurniture.png 275w, https:\/\/wp-test-1.sweethome3d.eu\/wp-content\/uploads\/2025\/09\/importFurniture-248x90.png 248w\" sizes=\"auto, (max-width: 275px) 100vw, 275px\" \/><\/figure>\n\n\n\n<p><a href=\"https:\/\/wp-test-1.sweethome3d.eu\/vi\/huong-dan-su-dung-sweet-home-3d\/#importing-home-blueprint\"><strong>Nh\u1eadp<\/strong> b\u1ea3n thi\u1ebft k\u1ebf nh\u00e0<\/a> \u0111\u1ec3 <a href=\"https:\/\/wp-test-1.sweethome3d.eu\/vi\/huong-dan-su-dung-sweet-home-3d\/#drawing-walls\" data-type=\"link\" data-id=\"https:\/\/wp-test-1.sweethome3d.eu\/users-guide\/#drawing-walls\">v\u1ebd t\u01b0\u1eddng<\/a> tr\u00ean \u0111\u00f3, <a href=\"https:\/\/wp-test-1.sweethome3d.eu\/vi\/nhap-mo-hinh-vao-sweet-home-3d-them-do-noi-that-va-doi-tuong-3d-tuy-chinh\/\" data-type=\"page\" data-id=\"432\">m\u00f4 h\u00ecnh 3D<\/a> \u0111\u1ec3 b\u1ed5 sung cho danh m\u1ee5c m\u1eb7c \u0111\u1ecbnh, v\u00e0 <a href=\"https:\/\/wp-test-1.sweethome3d.eu\/vi\/nhap-texture\/\" data-type=\"page\" data-id=\"4928\">k\u1ebft c\u1ea5u<\/a> \u0111\u1ec3 t\u00f9y ch\u1ec9nh b\u1ec1 m\u1eb7t.<\/p>\n<\/div>\n\n<hr class=\"wp-block-separator has-alpha-channel-opacity\" \/>\n\n<div class=\"wp-block-group is-nowrap is-layout-flex wp-container-core-group-is-layout-ad2f72ca wp-block-group-is-layout-flex\">\n<p><strong>In v\u00e0 xu\u1ea5t<\/strong> PDF, h\u00ecnh \u1ea3nh bitmap ho\u1eb7c \u0111\u1ed3 h\u1ecda vector, video v\u00e0 t\u1ec7p 3D \u1edf c\u00e1c \u0111\u1ecbnh d\u1ea1ng t\u1ec7p ti\u00eau chu\u1ea9n.<\/p>\n\n\n\n<figure class=\"wp-block-image size-full is-resized\"><img loading=\"lazy\" decoding=\"async\" width=\"275\" height=\"71\" src=\"https:\/\/wp-test-1.sweethome3d.eu\/wp-content\/uploads\/2025\/09\/export.png\" alt=\"\" class=\"wp-image-512\" style=\"width:275px\" \/><\/figure>\n<\/div>\n<h3 class=\"wp-block-heading has-text-align-center\" id=\"thong-tin-khac\">Th\u00f4ng tin kh\u00e1c<\/h3>\n<hr class=\"wp-block-separator has-alpha-channel-opacity\" \/>\n\n<div class=\"wp-block-group is-nowrap is-layout-flex wp-container-core-group-is-layout-ad2f72ca wp-block-group-is-layout-flex\">\n<figure class=\"wp-block-image size-full is-resized\"><img loading=\"lazy\" decoding=\"async\" width=\"275\" height=\"100\" src=\"https:\/\/wp-test-1.sweethome3d.eu\/wp-content\/uploads\/2025\/09\/extend.png\" alt=\"\" class=\"wp-image-513\" style=\"width:275px\" srcset=\"https:\/\/wp-test-1.sweethome3d.eu\/wp-content\/uploads\/2025\/09\/extend.png 275w, https:\/\/wp-test-1.sweethome3d.eu\/wp-content\/uploads\/2025\/09\/extend-248x90.png 248w\" sizes=\"auto, (max-width: 275px) 100vw, 275px\" \/><\/figure>\n\n\n\n<p><strong>M\u1edf r\u1ed9ng t\u00ednh n\u0103ng<\/strong> c\u1ee7a Sweet Home 3D v\u1edbi c\u00e1c <a href=\"https:\/\/wp-test-1.sweethome3d.eu\/vi\/huong-dan-phat-trien-plug-in\/\" data-type=\"page\" data-id=\"4964\">plug-in<\/a> \u0111\u01b0\u1ee3c l\u1eadp tr\u00ecnh b\u1eb1ng Java, ho\u1eb7c b\u1eb1ng c\u00e1ch <a href=\"https:\/\/wp-test-1.sweethome3d.eu\/vi\/tai-lieu\/#developers-guides\" data-type=\"link\" data-id=\"https:\/\/wp-test-1.sweethome3d.eu\/documentation\/#developers-guides\">ph\u00e1t tri\u1ec3n<\/a> m\u1ed9t phi\u00ean b\u1ea3n ph\u00e1i sinh d\u1ef1a tr\u00ean ki\u1ebfn tr\u00fac Model View Controller c\u1ee7a n\u00f3.<\/p>\n<\/div>\n\n<hr class=\"wp-block-separator has-alpha-channel-opacity\" \/>\n\n<div class=\"wp-block-group is-nowrap is-layout-flex wp-container-core-group-is-layout-ad2f72ca wp-block-group-is-layout-flex\">\n<p><strong>Ch\u1ecdn ng\u00f4n ng\u1eef<\/strong> hi\u1ec3n th\u1ecb trong giao di\u1ec7n ng\u01b0\u1eddi d\u00f9ng c\u1ee7a Sweet Home 3D v\u00e0 tr\u1ee3 gi\u00fap phong ph\u00fa c\u1ee7a n\u00f3 t\u1eeb <a href=\"https:\/\/wp-test-1.sweethome3d.eu\/vi\/ban-dich\/\" type=\"page\" id=\"439\" class=\"broken_link\">29 ng\u00f4n ng\u1eef<\/a>.<\/p>\n\n\n\n<figure class=\"wp-block-image size-full is-resized\"><img loading=\"lazy\" decoding=\"async\" width=\"275\" height=\"38\" src=\"https:\/\/wp-test-1.sweethome3d.eu\/wp-content\/uploads\/2025\/09\/chooseLanguage.png\" alt=\"\" class=\"wp-image-514\" style=\"width:275px\" \/><\/figure>\n<\/div>\n\n<hr class=\"wp-block-separator has-alpha-channel-opacity\" \/>\n\n<div class=\"wp-block-group is-nowrap is-layout-flex wp-container-core-group-is-layout-ad2f72ca wp-block-group-is-layout-flex\">\n<figure class=\"wp-block-image size-full is-resized\"><img loading=\"lazy\" decoding=\"async\" width=\"275\" height=\"100\" src=\"https:\/\/wp-test-1.sweethome3d.eu\/wp-content\/uploads\/2025\/09\/run.png\" alt=\"\" class=\"wp-image-515\" style=\"width:275px\" srcset=\"https:\/\/wp-test-1.sweethome3d.eu\/wp-content\/uploads\/2025\/09\/run.png 275w, https:\/\/wp-test-1.sweethome3d.eu\/wp-content\/uploads\/2025\/09\/run-248x90.png 248w\" sizes=\"auto, (max-width: 275px) 100vw, 275px\" \/><\/figure>\n\n\n\n<p><strong><a href=\"https:\/\/wp-test-1.sweethome3d.eu\/vi\/tai-xuong\/\" data-type=\"page\" data-id=\"396\">T\u1ea3i xu\u1ed1ng<\/a><\/strong> Sweet Home 3D \u0111\u1ec3<strong> ch\u1ea1y<\/strong> n\u00f3 ngo\u1ea1i tuy\u1ebfn tr\u00ean Windows, macOS, Linux, iOS v\u00e0 Android, ho\u1eb7c s\u1eed d\u1ee5ng phi\u00ean b\u1ea3n <strong><a href=\"https:\/\/wp-test-1.sweethome3d.eu\/vi\/sweet-home-3d-online-manager\/\" data-type=\"page\" data-id=\"398\">Tr\u1ef1c tuy\u1ebfn<\/a><\/strong> t\u1eeb b\u1ea5t k\u1ef3 tr\u00ecnh duy\u1ec7t n\u00e0o h\u1ed7 tr\u1ee3 WebGL.<\/p>\n<\/div>\n\n<hr class=\"wp-block-separator has-alpha-channel-opacity\" \/>\n\n<div class=\"wp-block-group is-nowrap is-layout-flex wp-container-core-group-is-layout-ad2f72ca wp-block-group-is-layout-flex\">\n<p><strong>Thi\u1ebft k\u1ebf <\/strong>b\u1ea3n v\u1ebd nh\u00e0 <strong>mi\u1ec5n ph\u00ed<\/strong> v\u1edbi Sweet Home 3D \u0111\u01b0\u1ee3c ph\u00e2n ph\u1ed1i theo <a href=\"https:\/\/www.gnu.org\/licenses\/gpl-2.0.txt\" data-type=\"link\" data-id=\"https:\/\/www.gnu.org\/licenses\/gpl-2.0.txt\" target=\"_blank\" rel=\"noopener\">Gi\u1ea5y ph\u00e9p C\u00f4ng c\u1ed9ng GNU<\/a>, ngay c\u1ea3 cho m\u1ee5c \u0111\u00edch th\u01b0\u01a1ng m\u1ea1i.<\/p>\n\n\n\n<figure class=\"wp-block-image size-full\"><img loading=\"lazy\" decoding=\"async\" width=\"134\" height=\"55\" src=\"https:\/\/wp-test-1.sweethome3d.eu\/wp-content\/uploads\/2025\/09\/gpl.png\" alt=\"\" class=\"wp-image-516\" style=\"object-fit:cover\" \/><\/figure>\n<\/div>\n","protected":false},"excerpt":{"rendered":"<p>Kh\u00e1m ph\u00e1 c\u00e1c t\u00ednh n\u0103ng ch\u00ednh c\u1ee7a Sweet Home 3D Kh\u00e1m ph\u00e1 c\u00e1c t\u00ednh n\u0103ng ch\u00ednh c\u1ee7a Sweet Home 3D,m\u1ed9t \u1ee9ng d\u1ee5ng thi\u1ebft k\u1ebf n\u1ed9i th\u1ea5t mi\u1ec5n ph\u00ed c\u00f3 s\u1eb5n t\u1ea1i https:\/\/www.sweethome3d.com. Sweet Home 3D l\u00e0 ph\u1ea7n m\u1ec1m thi\u1ebft k\u1ebf n\u1ed9i th\u1ea5t m\u1ea1nh m\u1ebd v\u00e0 th\u00e2n thi\u1ec7n v\u1edbi ng\u01b0\u1eddi d\u00f9ng, gi\u00fap b\u1ea1n d\u1ec5 d\u00e0ng t\u1ea1o [&hellip;]<\/p>\n","protected":false},"author":2,"featured_media":8858,"parent":0,"menu_order":0,"comment_status":"closed","ping_status":"closed","template":"","meta":{"inline_featured_image":false,"footnotes":""},"class_list":["post-8872","page","type-page","status-publish","has-post-thumbnail","hentry"],"_links":{"self":[{"href":"https:\/\/wp-test-1.sweethome3d.eu\/vi\/wp-json\/wp\/v2\/pages\/8872","targetHints":{"allow":["GET"]}}],"collection":[{"href":"https:\/\/wp-test-1.sweethome3d.eu\/vi\/wp-json\/wp\/v2\/pages"}],"about":[{"href":"https:\/\/wp-test-1.sweethome3d.eu\/vi\/wp-json\/wp\/v2\/types\/page"}],"author":[{"embeddable":true,"href":"https:\/\/wp-test-1.sweethome3d.eu\/vi\/wp-json\/wp\/v2\/users\/2"}],"replies":[{"embeddable":true,"href":"https:\/\/wp-test-1.sweethome3d.eu\/vi\/wp-json\/wp\/v2\/comments?post=8872"}],"version-history":[{"count":6,"href":"https:\/\/wp-test-1.sweethome3d.eu\/vi\/wp-json\/wp\/v2\/pages\/8872\/revisions"}],"predecessor-version":[{"id":11739,"href":"https:\/\/wp-test-1.sweethome3d.eu\/vi\/wp-json\/wp\/v2\/pages\/8872\/revisions\/11739"}],"wp:featuredmedia":[{"embeddable":true,"href":"https:\/\/wp-test-1.sweethome3d.eu\/vi\/wp-json\/wp\/v2\/media\/8858"}],"wp:attachment":[{"href":"https:\/\/wp-test-1.sweethome3d.eu\/vi\/wp-json\/wp\/v2\/media?parent=8872"}],"curies":[{"name":"wp","href":"https:\/\/api.w.org\/{rel}","templated":true}]}}