{"id":9850,"date":"2025-10-01T15:08:20","date_gmt":"2025-10-01T15:08:20","guid":{"rendered":"https:\/\/wp-test-1.sweethome3d.eu\/trinh-quan-ly-nha-da-xuat\/"},"modified":"2025-10-30T17:50:32","modified_gmt":"2025-10-30T17:50:32","slug":"trinh-quan-ly-nha-da-xuat","status":"publish","type":"page","link":"https:\/\/wp-test-1.sweethome3d.eu\/vi\/trinh-quan-ly-nha-da-xuat\/","title":{"rendered":"Tr\u00ecnh qu\u1ea3n l\u00fd nh\u00e0 \u0111\u00e3 xu\u1ea5t"},"content":{"rendered":"\n<p class=\"has-text-align-center\">D\u1ef1a tr\u00ean <a href=\"https:\/\/www.sweethome3d.com\/support\/forum\/viewthread_thread,6708\" target=\"_blank\" rel=\"noopener\">plug-in Xu\u1ea5t sang HTML5<\/a>, d\u1ecbch v\u1ee5 n\u00e0y cho ph\u00e9p ng\u01b0\u1eddi d\u00f9ng \u0111\u00e3 \u0111\u0103ng k\u00fd t\u1ea3i l\u00ean c\u00e1c t\u1ec7p Sweet Home 3D c\u1ee7a h\u1ecd l\u00ean m\u00e1y ch\u1ee7 web n\u00e0y, \u0111\u1ec3 xem ch\u00fang \u1edf ch\u1ebf \u0111\u1ed9 3D v\u1edbi b\u1ea5t k\u1ef3 tr\u00ecnh duy\u1ec7t n\u00e0o t\u01b0\u01a1ng th\u00edch v\u1edbi WebGL, nh\u01b0 trong <a href=\"https:\/\/www.sweethome3d.com\/viewHome.jsp?id=1\" target=\"_blank\" rel=\"noopener\">v\u00ed d\u1ee5 n\u00e0y<\/a> \u0111\u01b0\u1ee3c hi\u1ec3n th\u1ecb trong \u1ea3nh ch\u1ee5p m\u00e0n h\u00ecnh b\u00ean d\u01b0\u1edbi hi\u1ec3n th\u1ecb t\u1ec7p <em>SweetHome3DExample3.sh3d<\/em> c\u00f3 s\u1eb5n trong <a href=\"https:\/\/wp-test-1.sweethome3d.eu\/vi\/thu-vien\/\" data-type=\"page\" data-id=\"400\">th\u01b0 vi\u1ec7n<\/a>.<br\/>N\u1ebfu b\u1ea1n mu\u1ed1n s\u1eed d\u1ee5ng tr\u00ecnh qu\u1ea3n l\u00fd nh\u00e0 \u0111\u00e3 xu\u1ea5t, h\u00e3y <a href=\"https:\/\/www.sweethome3d.com\/support\/forum\/registermember\" target=\"_blank\" rel=\"noopener\"><strong>\u0111\u0103ng k\u00fd<\/strong><\/a> tr\u01b0\u1edbc \u0111\u1ec3 s\u1eed d\u1ee5ng c\u00e1c d\u1ecbch v\u1ee5 c\u1ee7a Sweet Home 3D mi\u1ec5n ph\u00ed v\u00e0 <a href=\"https:\/\/www.sweethome3d.com\/support\/forum\/login?url=https%3A%2F%2Fwww.sweethome3d.com%2FexportHomes.jsp&amp;forumLogin=false&amp;lang=en\" target=\"_blank\" rel=\"noopener\"><strong>\u0111\u0103ng nh\u1eadp<\/strong><\/a>.<br\/><\/p>\n<div class=\"wp-block-image\">\n<figure class=\"aligncenter size-full\"><img loading=\"lazy\" decoding=\"async\" width=\"600\" height=\"406\" src=\"https:\/\/wp-test-1.sweethome3d.eu\/wp-content\/uploads\/2025\/10\/viewSweetHome3DExample3.jpg\" alt=\"Tr&#xEC;nh qu&#x1EA3;n l&#xFD; nh&#xE0; &#x111;&#xE3; xu&#x1EA5;t\" class=\"wp-image-4978\" srcset=\"https:\/\/wp-test-1.sweethome3d.eu\/wp-content\/uploads\/2025\/10\/viewSweetHome3DExample3.jpg 600w, https:\/\/wp-test-1.sweethome3d.eu\/wp-content\/uploads\/2025\/10\/viewSweetHome3DExample3-360x244.jpg 360w, https:\/\/wp-test-1.sweethome3d.eu\/wp-content\/uploads\/2025\/10\/viewSweetHome3DExample3-192x130.jpg 192w, https:\/\/wp-test-1.sweethome3d.eu\/wp-content\/uploads\/2025\/10\/viewSweetHome3DExample3-400x271.jpg 400w\" sizes=\"auto, (max-width: 600px) 100vw, 600px\" \/><\/figure>\n<\/div>","protected":false},"excerpt":{"rendered":"<p>D\u1ef1a tr\u00ean plug-in Xu\u1ea5t sang HTML5, d\u1ecbch v\u1ee5 n\u00e0y cho ph\u00e9p ng\u01b0\u1eddi d\u00f9ng \u0111\u00e3 \u0111\u0103ng k\u00fd t\u1ea3i l\u00ean c\u00e1c t\u1ec7p Sweet Home 3D c\u1ee7a h\u1ecd l\u00ean m\u00e1y ch\u1ee7 web n\u00e0y, \u0111\u1ec3 xem ch\u00fang \u1edf ch\u1ebf \u0111\u1ed9 3D v\u1edbi b\u1ea5t k\u1ef3 tr\u00ecnh duy\u1ec7t n\u00e0o t\u01b0\u01a1ng th\u00edch v\u1edbi WebGL, nh\u01b0 trong v\u00ed d\u1ee5 n\u00e0y \u0111\u01b0\u1ee3c hi\u1ec3n th\u1ecb [&hellip;]<\/p>\n","protected":false},"author":3,"featured_media":9849,"parent":0,"menu_order":0,"comment_status":"closed","ping_status":"closed","template":"","meta":{"inline_featured_image":false,"footnotes":""},"class_list":["post-9850","page","type-page","status-publish","has-post-thumbnail","hentry"],"_links":{"self":[{"href":"https:\/\/wp-test-1.sweethome3d.eu\/vi\/wp-json\/wp\/v2\/pages\/9850","targetHints":{"allow":["GET"]}}],"collection":[{"href":"https:\/\/wp-test-1.sweethome3d.eu\/vi\/wp-json\/wp\/v2\/pages"}],"about":[{"href":"https:\/\/wp-test-1.sweethome3d.eu\/vi\/wp-json\/wp\/v2\/types\/page"}],"author":[{"embeddable":true,"href":"https:\/\/wp-test-1.sweethome3d.eu\/vi\/wp-json\/wp\/v2\/users\/3"}],"replies":[{"embeddable":true,"href":"https:\/\/wp-test-1.sweethome3d.eu\/vi\/wp-json\/wp\/v2\/comments?post=9850"}],"version-history":[{"count":1,"href":"https:\/\/wp-test-1.sweethome3d.eu\/vi\/wp-json\/wp\/v2\/pages\/9850\/revisions"}],"predecessor-version":[{"id":9851,"href":"https:\/\/wp-test-1.sweethome3d.eu\/vi\/wp-json\/wp\/v2\/pages\/9850\/revisions\/9851"}],"wp:featuredmedia":[{"embeddable":true,"href":"https:\/\/wp-test-1.sweethome3d.eu\/vi\/wp-json\/wp\/v2\/media\/9849"}],"wp:attachment":[{"href":"https:\/\/wp-test-1.sweethome3d.eu\/vi\/wp-json\/wp\/v2\/media?parent=9850"}],"curies":[{"name":"wp","href":"https:\/\/api.w.org\/{rel}","templated":true}]}}